{"id":3925,"date":"2024-08-30T05:33:10","date_gmt":"2024-08-30T05:33:10","guid":{"rendered":"https:\/\/agricultural-gear-boxes.com\/product\/v-belt-pulleys-for-taper-bushes\/"},"modified":"2024-08-30T05:33:11","modified_gmt":"2024-08-30T05:33:11","slug":"v-belt-pulleys-for-taper-bushes","status":"publish","type":"product","link":"https:\/\/agricultural-gear-boxes.com\/es\/product\/v-belt-pulleys-for-taper-bushes\/","title":{"rendered":"Poleas de correa trapezoidal para casquillos c\u00f3nicos"},"content":{"rendered":"<h2>Poleas de correa trapezoidal para casquillos c\u00f3nicos<\/h2>\n<p>Una polea, tambi\u00e9n conocida como roldana, es un dispositivo mec\u00e1nico que consiste en una rueda o eje con una ranura entre dos bridas alrededor de su circunferencia. Cuando una correa o cadena corre sobre la rueda y dentro de la ranura, si est\u00e1 presente, las poleas se utilizan para cambiar la direcci\u00f3n de una fuerza aplicada, transmitir un movimiento rotatorio o lograr una ventaja mec\u00e1nica en sistemas de movimiento lineales o rotatorios. Son una de las seis m\u00e1quinas simples. La combinaci\u00f3n de dos o m\u00e1s poleas crea un polipasto.<\/p>\n<h3>Escenarios de uso com\u00fan<\/h3>\n<ul>\n<li>Maquinaria y equipo industrial<\/li>\n<li>Motores y sistemas de transmisi\u00f3n de autom\u00f3viles<\/li>\n<li>Maquinaria agr\u00edcola<\/li>\n<li>Equipos de construcci\u00f3n<\/li>\n<\/ul>\n<h3>Historial del producto<\/h3>\n<p>Las poleas para correas trapezoidales con casquillos c\u00f3nicos tienen una larga historia que se remonta a los primeros d\u00edas de la industrializaci\u00f3n. Se desarrollaron inicialmente para abordar la necesidad de una transmisi\u00f3n de potencia eficiente en maquinaria y equipos. Con el tiempo, los avances en los materiales y los procesos de fabricaci\u00f3n han dado lugar a mejoras en su rendimiento y durabilidad.<\/p>\n<h3>Clasificaci\u00f3n de productos<\/h3>\n<ul>\n<li>Poleas de correa trapezoidal con casquillo c\u00f3nico<\/li>\n<li>Poleas para correas trapezoidales de di\u00e1metro interior fijo<\/li>\n<li>Poleas de correa trapezoidal ajustables<\/li>\n<\/ul>\n<h3>Ventajas<\/h3>\n<ul>\n<li>Alta eficiencia en la transmisi\u00f3n de potencia<\/li>\n<li>Dise\u00f1o compacto y ligero.<\/li>\n<li>F\u00e1cil instalaci\u00f3n y mantenimiento<\/li>\n<li>Amplia gama de tama\u00f1os y configuraciones disponibles.<\/li>\n<li>Larga vida \u00fatil<\/li>\n<\/ul>\n<h3>Materiales<\/h3>\n<p>Las poleas de correa trapezoidal para bujes c\u00f3nicos suelen estar hechas de materiales duraderos, como hierro fundido, acero o aluminio. La elecci\u00f3n del material depende de los requisitos espec\u00edficos de la aplicaci\u00f3n, incluidos factores como la capacidad de carga, las condiciones ambientales y las consideraciones de costo.<\/p>\n<h3>Instalaci\u00f3n, mantenimiento y reparaci\u00f3n<\/h3>\n<p>La instalaci\u00f3n correcta de las poleas para correas trapezoidales para bujes c\u00f3nicos es fundamental para un rendimiento y una longevidad \u00f3ptimos. Es esencial garantizar la alineaci\u00f3n, la tensi\u00f3n y la lubricaci\u00f3n correctas de las correas. El mantenimiento regular, que incluye la inspecci\u00f3n y la limpieza peri\u00f3dicas, puede ayudar a prevenir posibles problemas y prolongar la vida \u00fatil de las poleas. En caso de da\u00f1os o desgaste, se recomienda la reparaci\u00f3n o el reemplazo oportunos para evitar fallas del sistema.<\/p>\n<h3>Otros productos de la empresa<\/h3>\n<p>Nuestra empresa se especializa en el suministro de una amplia gama de engranajes pl\u00e1sticos industriales, incluidas cajas de engranajes agr\u00edcolas, ejes de salida de potencia, ruedas dentadas, acoplamientos de fluidos, reductores de engranajes helicoidales, engranajes y cremalleras, cadenas desmontables, poleas y poleas, cajas de engranajes planetarios, poleas de distribuci\u00f3n, bujes y m\u00e1s. Nos enorgullecemos de ofrecer productos de alta calidad a precios competitivos, respaldados por un servicio al cliente excepcional. Tambi\u00e9n se encuentran disponibles servicios de personalizaci\u00f3n basados en los dibujos o muestras del cliente.<\/p>\n<h2>Preguntas y respuestas<\/h2>\n<ol>\n<li>\u00bfCu\u00e1l es la funci\u00f3n principal de las poleas de correa trapezoidal para bujes c\u00f3nicos?<\/li>\n<li>\u00bfCu\u00e1les son los escenarios de uso comunes para estas poleas?<\/li>\n<li>\u00bfDe qu\u00e9 materiales se fabrican normalmente las poleas de correa trapezoidal para bujes c\u00f3nicos?<\/li>\n<li>\u00bfC\u00f3mo se deben instalar y mantener las poleas de correa trapezoidal para bujes c\u00f3nicos?<\/li>\n<li>\u00bfQu\u00e9 otros productos suministra la empresa adem\u00e1s de poleas para correas trapezoidales?<\/li>\n<\/ol>","protected":false},"excerpt":{"rendered":"<p>Poleas para correas trapezoidales para casquillos c\u00f3nicos Una polea, tambi\u00e9n conocida como roldana, es un dispositivo mec\u00e1nico que consiste en una rueda o eje con una ranura entre dos bridas alrededor de su circunferencia. Cuando una correa o cadena pasa sobre la rueda y dentro de la ranura, si est\u00e1 presente, se utilizan poleas para cambiar la direcci\u00f3n de una [\u2026]<\/p>","protected":false},"featured_media":3924,"template":"","meta":{"_et_pb_use_builder":"","_et_pb_old_content":"","_et_gb_content_width":""},"product_brand":[],"product_cat":[11310],"product_tag":[],"class_list":{"0":"post-3925","1":"product","2":"type-product","3":"status-publish","4":"has-post-thumbnail","6":"product_cat-v-pulley","8":"first","9":"instock","10":"shipping-taxable","11":"product-type-simple"},"_links":{"self":[{"href":"https:\/\/agricultural-gear-boxes.com\/es\/wp-json\/wp\/v2\/product\/3925","targetHints":{"allow":["GET"]}}],"collection":[{"href":"https:\/\/agricultural-gear-boxes.com\/es\/wp-json\/wp\/v2\/product"}],"about":[{"href":"https:\/\/agricultural-gear-boxes.com\/es\/wp-json\/wp\/v2\/types\/product"}],"wp:featuredmedia":[{"embeddable":true,"href":"https:\/\/agricultural-gear-boxes.com\/es\/wp-json\/wp\/v2\/media\/3924"}],"wp:attachment":[{"href":"https:\/\/agricultural-gear-boxes.com\/es\/wp-json\/wp\/v2\/media?parent=3925"}],"wp:term":[{"taxonomy":"product_brand","embeddable":true,"href":"https:\/\/agricultural-gear-boxes.com\/es\/wp-json\/wp\/v2\/product_brand?post=3925"},{"taxonomy":"product_cat","embeddable":true,"href":"https:\/\/agricultural-gear-boxes.com\/es\/wp-json\/wp\/v2\/product_cat?post=3925"},{"taxonomy":"product_tag","embeddable":true,"href":"https:\/\/agricultural-gear-boxes.com\/es\/wp-json\/wp\/v2\/product_tag?post=3925"}],"curies":[{"name":"wp","href":"https:\/\/api.w.org\/{rel}","templated":true}]}}