{"id":3942,"date":"2024-08-30T05:44:55","date_gmt":"2024-08-30T05:44:55","guid":{"rendered":"https:\/\/agricultural-gear-boxes.com\/product\/accessory-drive-tensioners\/"},"modified":"2024-08-30T05:44:56","modified_gmt":"2024-08-30T05:44:56","slug":"accessory-drive-tensioners","status":"publish","type":"product","link":"https:\/\/agricultural-gear-boxes.com\/es\/product\/accessory-drive-tensioners\/","title":{"rendered":"Tensores de transmisi\u00f3n de accesorios"},"content":{"rendered":"<h2>Upgrade Your Engine&#8217;s Performance with Accessory Drive Tensioners<\/h2>\n<p>If you want to upgrade your engine&#8217;s performance and keep it running smoothly, you need to make sure that all the components in your accessory drive system are working together in perfect harmony. This is where accessory drive tensioners come in. These small but mighty devices are responsible for keeping your belts tight, reducing vibration and friction losses, and optimizing overall efficiency. <\/p>\n<h3>Historia y clasificaci\u00f3n de los tensores de transmisi\u00f3n auxiliar<\/h3>\n<p>Los primeros tensores de transmisi\u00f3n auxiliar se introdujeron a principios de la d\u00e9cada de 1980 como parte de una nueva ola de tecnolog\u00edas de motores destinadas a mejorar la eficiencia del combustible y reducir las emisiones. Con el paso de los a\u00f1os, han evolucionado hasta convertirse en una amplia gama de dise\u00f1os y configuraciones para satisfacer las necesidades espec\u00edficas de diferentes motores y aplicaciones. Los tipos m\u00e1s comunes de tensores incluyen tensores de resorte de alambre plano, tensores de resorte redondo y tensores hidr\u00e1ulicos.<\/p>\n<h3>Las ventajas de los tensores de transmisi\u00f3n de accesorios EP<\/h3>\n<p>En EP, nos especializamos en proporcionar tensores de transmisi\u00f3n de accesorios de alta calidad, duraderos y eficientes que est\u00e1n dise\u00f1ados para funcionar a la perfecci\u00f3n con nuestras correas, amortiguadores, desacopladores y otros componentes. Nuestros tensores cuentan con un dise\u00f1o de resorte de alambre plano \u00fanico que proporciona un rango de funcionamiento m\u00e1s amplio y una menor variaci\u00f3n de tensi\u00f3n que los dise\u00f1os de resorte tradicionales. Esto reduce el riesgo de falla prematura de los cojinetes de los accesorios debido a la alta tensi\u00f3n y disminuye el riesgo de ruido de la correa, deslizamiento y bajo rendimiento causado por la baja tensi\u00f3n a medida que la correa se estira y se desgasta con el tiempo. <\/p>\n<h3>Instalaci\u00f3n, mantenimiento y reparaci\u00f3n<\/h3>\n<p>Installing an accessory drive tensioner is a relatively straightforward process that can usually be completed in just a few minutes. Simply follow the manufacturer&#8217;s instructions to remove the old tensioner and install the new one. As with any engine component, it&#8217;s important to perform regular maintenance to keep your tensioner in top condition. Check the tension and condition of your belts, pulleys, and tensioners at least once a year or as recommended by your vehicle manufacturer. If you notice any signs of wear or damage, make sure to replace the component as soon as possible to prevent more serious problems down the road. <\/p>\n<h3>Reemplazo del tensor de transmisi\u00f3n de accesorios<\/h3>\n<p>If you need to replace your accessory drive tensioner, it&#8217;s important to choose a high-quality replacement part that is designed to meet or exceed your vehicle manufacturer&#8217;s specifications. EP offers a full range of tensioners for a wide variety of engine types and applications. Our tensioners are rigorously tested and inspected to ensure that they meet our high standards for quality and performance. <\/p>\n<h2>EP&#8217;s Other Quality Products<\/h2>\n<p>Adem\u00e1s de nuestros tensores de transmisi\u00f3n de accesorios de alta calidad, EP tambi\u00e9n ofrece una amplia gama de otros productos de calidad para aplicaciones industriales. Nuestros productos incluyen engranajes de pl\u00e1stico, cajas de engranajes agr\u00edcolas, ejes de salida de potencia, ruedas dentadas, acoplamientos de fluido, reductores de engranajes sinf\u00edn, engranajes y cremalleras, cadenas desmontables, poleas y poleas, cajas de engranajes planetarios, poleas de distribuci\u00f3n, bujes y m\u00e1s. <\/p>\n<h2>Preguntas y respuestas<\/h2>\n<h3>1. \u00bfC\u00f3mo reducen los tensores de transmisi\u00f3n de accesorios las p\u00e9rdidas por vibraci\u00f3n y fricci\u00f3n?<\/h3>\n<p>Los tensores de transmisi\u00f3n auxiliar mantienen las correas tensas, lo que reduce la cantidad de fricci\u00f3n y vibraci\u00f3n que se produce cuando el motor est\u00e1 en funcionamiento. Esto ayuda a optimizar la eficiencia y el rendimiento generales.<\/p>\n<h3>2. \u00bfCu\u00e1les son algunos tipos comunes de tensores de transmisi\u00f3n de accesorios?<\/h3>\n<p>Los tipos m\u00e1s comunes de tensores de transmisi\u00f3n de accesorios incluyen tensores de resorte de alambre plano, tensores de resorte redondos y tensores hidr\u00e1ulicos. Cada tipo est\u00e1 dise\u00f1ado para satisfacer las necesidades espec\u00edficas de diferentes motores y aplicaciones.<\/p>\n<h3>3. \u00bfCon qu\u00e9 frecuencia debo realizar el mantenimiento del tensor de transmisi\u00f3n de accesorios?<\/h3>\n<p>It&#8217;s important to perform regular maintenance on your accessory drive tensioner to keep it in top condition. Check the tension and condition of your belts, pulleys, and tensioners at least once a year or as recommended by your vehicle manufacturer.<\/p>\n<h3>4. \u00bfC\u00f3mo reemplazo el tensor de la transmisi\u00f3n de accesorios?<\/h3>\n<p>Replacing your accessory drive tensioner is a relatively straightforward process that can usually be completed in just a few minutes. Simply follow the manufacturer&#8217;s instructions to remove the old tensioner and install the new one.<\/p>\n<h3>5. \u00bfQu\u00e9 otros productos de calidad ofrece EP?<\/h3>\n<p>Adem\u00e1s de tensores de transmisi\u00f3n para accesorios, EP tambi\u00e9n ofrece una amplia gama de otros productos de calidad para aplicaciones industriales. Estos incluyen engranajes de pl\u00e1stico, cajas de engranajes agr\u00edcolas, ejes de salida de potencia, ruedas dentadas, acoplamientos de fluido, reductores de engranajes sinf\u00edn, engranajes y cremalleras, cadenas desmontables, poleas y poleas, cajas de engranajes planetarios, poleas de distribuci\u00f3n, bujes y m\u00e1s.<\/p>","protected":false},"excerpt":{"rendered":"<p>Upgrade Your Engine&#8217;s Performance with Accessory Drive Tensioners If you want to upgrade your engine&#8217;s performance and keep it running smoothly, you need to make sure that all the components in your accessory drive system are working together in perfect harmony. This is where accessory drive tensioners come in. These small but mighty devices are [&hellip;]<\/p>","protected":false},"featured_media":3941,"template":"","meta":{"_et_pb_use_builder":"","_et_pb_old_content":"","_et_gb_content_width":""},"product_brand":[],"product_cat":[11312],"product_tag":[],"class_list":{"0":"post-3942","1":"product","2":"type-product","3":"status-publish","4":"has-post-thumbnail","6":"product_cat-auto-vehicle-pulley","8":"first","9":"instock","10":"shipping-taxable","11":"product-type-simple"},"_links":{"self":[{"href":"https:\/\/agricultural-gear-boxes.com\/es\/wp-json\/wp\/v2\/product\/3942","targetHints":{"allow":["GET"]}}],"collection":[{"href":"https:\/\/agricultural-gear-boxes.com\/es\/wp-json\/wp\/v2\/product"}],"about":[{"href":"https:\/\/agricultural-gear-boxes.com\/es\/wp-json\/wp\/v2\/types\/product"}],"wp:featuredmedia":[{"embeddable":true,"href":"https:\/\/agricultural-gear-boxes.com\/es\/wp-json\/wp\/v2\/media\/3941"}],"wp:attachment":[{"href":"https:\/\/agricultural-gear-boxes.com\/es\/wp-json\/wp\/v2\/media?parent=3942"}],"wp:term":[{"taxonomy":"product_brand","embeddable":true,"href":"https:\/\/agricultural-gear-boxes.com\/es\/wp-json\/wp\/v2\/product_brand?post=3942"},{"taxonomy":"product_cat","embeddable":true,"href":"https:\/\/agricultural-gear-boxes.com\/es\/wp-json\/wp\/v2\/product_cat?post=3942"},{"taxonomy":"product_tag","embeddable":true,"href":"https:\/\/agricultural-gear-boxes.com\/es\/wp-json\/wp\/v2\/product_tag?post=3942"}],"curies":[{"name":"wp","href":"https:\/\/api.w.org\/{rel}","templated":true}]}}