{"id":3948,"date":"2024-08-30T05:44:59","date_gmt":"2024-08-30T05:44:59","guid":{"rendered":"https:\/\/agricultural-gear-boxes.com\/product\/decouplers\/"},"modified":"2024-08-30T05:45:00","modified_gmt":"2024-08-30T05:45:00","slug":"decouplers","status":"publish","type":"product","link":"https:\/\/agricultural-gear-boxes.com\/es\/product\/decouplers\/","title":{"rendered":"Desacopladores"},"content":{"rendered":"<h2>\u00bfQu\u00e9 son los desacopladores y c\u00f3mo funcionan?<\/h2>\n<p>Los desacopladores son un componente esencial de los motores modernos que est\u00e1n dise\u00f1ados para eliminar la vibraci\u00f3n del motor y reducir el ruido. Ahora se est\u00e1n integrando en el dise\u00f1o de muchos motores nuevos de mayor rendimiento. Un desacoplador est\u00e1 dise\u00f1ado para reducir la vibraci\u00f3n del motor controlando la vibraci\u00f3n torsional que se produce en el cig\u00fce\u00f1al del motor. Para ello, utiliza una combinaci\u00f3n de sistemas de amortiguaci\u00f3n, desacoplamiento y sobremarcha. <\/p>\n<p>El amortiguador tradicional reduce la torsi\u00f3n del cig\u00fce\u00f1al a causa de los pulsos de encendido del motor, mientras que el sistema de amortiguaci\u00f3n, desacoplamiento y sobremarcha (DDOS) cuenta con un aislador de resorte para la transmisi\u00f3n de accesorios para una transmisi\u00f3n de potencia suave. El embrague de sobremarcha en el desacoplador permite un deslizamiento limitado del embrague durante transitorios torsionales severos, como desaceleraci\u00f3n o fallas de encendido. Todas estas caracter\u00edsticas trabajan juntas en un solo producto para maximizar la estabilidad del sistema, eliminar el ruido molesto, minimizar la variaci\u00f3n de la tensi\u00f3n de la correa, mejorar la vida \u00fatil del sistema y de los componentes y mejorar el ahorro de combustible.<\/p>\n<h3>Historia de los desacopladores<\/h3>\n<p>Los desacopladores se introdujeron por primera vez en la industria automotriz en la d\u00e9cada de 1930, pero su uso se ha generalizado en las \u00faltimas d\u00e9cadas con la llegada de nuevas tecnolog\u00edas y avances en la ciencia de los materiales. Hoy en d\u00eda, los desacopladores son un componente esencial de los motores modernos y su uso se ha vuelto fundamental para lograr el m\u00e1ximo rendimiento, una mejor eficiencia de combustible y niveles de ruido reducidos.<\/p>\n<h3>Ventajas de los desacopladores<\/h3>\n<p>The primary advantage of decouplers is their ability to reduce engine vibration and noise. This results in a smoother, quieter ride for the driver and passengers. Additionally, decouplers help improve fuel economy by reducing the load on the engine and minimizing tension variation in the belts. By reducing wear and tear on the engine&#8217;s components, decouplers can increase the lifespan of the engine, improving overall reliability and reducing maintenance costs. <\/p>\n<h3>Instalaci\u00f3n, mantenimiento y reparaci\u00f3n de desacopladores<\/h3>\n<p>Decouplers should be installed by a professional technician who is familiar with the engine&#8217;s specifications and requirements. Maintenance of decouplers generally involves periodic inspections to ensure that they are functioning correctly and that all bolts and fasteners are tight. In the event of damage or failure, decouplers can be repaired or replaced easily, and there are many qualified technicians who specialize in this area.<\/p>\n<h3>Materiales utilizados en desacopladores<\/h3>\n<p>Los desacopladores suelen estar fabricados con materiales elastom\u00e9ricos de alta calidad o con aisladores y embragues avanzados con resortes amortiguados. Para fabricar desacopladores se utilizan habitualmente m\u00e9todos elastom\u00e9ricos vulcanizados y moldeados por inyecci\u00f3n. Estos materiales se eligen por su durabilidad, flexibilidad y resistencia al desgaste.<\/p>\n<h2>Otros productos de nuestra empresa<\/h2>\n<p>Adem\u00e1s de los desacopladores, nuestra empresa ofrece una amplia gama de engranajes de pl\u00e1stico de alta calidad y otros componentes utilizados en la industria. Nuestros productos incluyen cajas de engranajes agr\u00edcolas, ejes de salida de potencia, ruedas dentadas, acoplamientos hidr\u00e1ulicos, reductores de engranajes helicoidales, engranajes y cremalleras, cadenas desmontables, poleas y poleas, cajas de engranajes planetarios, poleas de distribuci\u00f3n, bujes y m\u00e1s. Nos enorgullecemos de ofrecer a nuestros clientes productos de alta calidad a un precio favorable y siempre estamos disponibles para brindar asesoramiento y soporte de expertos.<\/p>\n<h2>Preguntas frecuentes<\/h2>\n<h3>1. \u00bfCu\u00e1l es el papel de un desacoplador en un motor?<\/h3>\n<p>Un desacoplador est\u00e1 dise\u00f1ado para reducir la vibraci\u00f3n del motor controlando la vibraci\u00f3n torsional que se produce en el cig\u00fce\u00f1al del motor. Para ello, utiliza una combinaci\u00f3n de sistemas de amortiguaci\u00f3n, desacoplamiento y sobremarcha.<\/p>\n<h3>2. \u00bfC\u00f3mo ayuda un desacoplador a mejorar el ahorro de combustible?<\/h3>\n<p>Al reducir la carga en el motor y minimizar la variaci\u00f3n de tensi\u00f3n en las correas, los desacopladores pueden ayudar a mejorar el ahorro de combustible.<\/p>\n<h3>3. \u00bfQu\u00e9 materiales se utilizan para fabricar los desacopladores?<\/h3>\n<p>Los desacopladores suelen estar fabricados con materiales elastom\u00e9ricos de alta calidad o con aisladores y embragues avanzados con resortes amortiguados. Para fabricar desacopladores se utilizan habitualmente m\u00e9todos elastom\u00e9ricos vulcanizados y moldeados por inyecci\u00f3n.<\/p>\n<h3>4. \u00bfSe pueden reparar o reemplazar los desacopladores?<\/h3>\n<p>S\u00ed, en caso de da\u00f1o o falla, los desacopladores se pueden reparar o reemplazar f\u00e1cilmente, y hay muchos t\u00e9cnicos calificados que se especializan en esta \u00e1rea.<\/p>\n<h3>5. \u00bfQu\u00e9 otros productos ofrece su empresa?<\/h3>\n<p>Adem\u00e1s de los desacopladores, nuestra empresa ofrece una amplia gama de engranajes de pl\u00e1stico de alta calidad y otros componentes utilizados en la industria. Nuestros productos incluyen cajas de engranajes agr\u00edcolas, ejes de salida de potencia, ruedas dentadas, acoplamientos hidr\u00e1ulicos, reductores de engranajes sinf\u00edn, engranajes y cremalleras, cadenas desmontables, poleas y poleas, cajas de engranajes planetarios, poleas de distribuci\u00f3n, bujes y m\u00e1s.<\/p>","protected":false},"excerpt":{"rendered":"<p>What are Decouplers and how do they work? Decouplers are an essential component of modern engines that are designed to eliminate engine vibration and reduce noise. They are now being integrated into the design of many new, higher performance engines. A decoupler is designed to reduce engine vibration by controlling the torsional vibration that occurs [&hellip;]<\/p>","protected":false},"featured_media":3947,"template":"","meta":{"_et_pb_use_builder":"","_et_pb_old_content":"","_et_gb_content_width":""},"product_brand":[],"product_cat":[11312],"product_tag":[],"class_list":{"0":"post-3948","1":"product","2":"type-product","3":"status-publish","4":"has-post-thumbnail","6":"product_cat-auto-vehicle-pulley","8":"first","9":"instock","10":"shipping-taxable","11":"product-type-simple"},"_links":{"self":[{"href":"https:\/\/agricultural-gear-boxes.com\/es\/wp-json\/wp\/v2\/product\/3948","targetHints":{"allow":["GET"]}}],"collection":[{"href":"https:\/\/agricultural-gear-boxes.com\/es\/wp-json\/wp\/v2\/product"}],"about":[{"href":"https:\/\/agricultural-gear-boxes.com\/es\/wp-json\/wp\/v2\/types\/product"}],"wp:featuredmedia":[{"embeddable":true,"href":"https:\/\/agricultural-gear-boxes.com\/es\/wp-json\/wp\/v2\/media\/3947"}],"wp:attachment":[{"href":"https:\/\/agricultural-gear-boxes.com\/es\/wp-json\/wp\/v2\/media?parent=3948"}],"wp:term":[{"taxonomy":"product_brand","embeddable":true,"href":"https:\/\/agricultural-gear-boxes.com\/es\/wp-json\/wp\/v2\/product_brand?post=3948"},{"taxonomy":"product_cat","embeddable":true,"href":"https:\/\/agricultural-gear-boxes.com\/es\/wp-json\/wp\/v2\/product_cat?post=3948"},{"taxonomy":"product_tag","embeddable":true,"href":"https:\/\/agricultural-gear-boxes.com\/es\/wp-json\/wp\/v2\/product_tag?post=3948"}],"curies":[{"name":"wp","href":"https:\/\/api.w.org\/{rel}","templated":true}]}}