{"id":3950,"date":"2024-08-30T05:45:00","date_gmt":"2024-08-30T05:45:00","guid":{"rendered":"https:\/\/agricultural-gear-boxes.com\/product\/accessory-drive-tensioners-2\/"},"modified":"2024-08-30T05:45:01","modified_gmt":"2024-08-30T05:45:01","slug":"accessory-drive-tensioners-2","status":"publish","type":"product","link":"https:\/\/agricultural-gear-boxes.com\/es\/product\/accessory-drive-tensioners-2\/","title":{"rendered":"Tensores de transmisi\u00f3n de accesorios"},"content":{"rendered":"<h2>Tensores de transmisi\u00f3n de accesorios: garant\u00eda de eficiencia y durabilidad \u00f3ptimas<\/h2>\n<p>Los tensores de transmisi\u00f3n de accesorios que ofrece Ever-Power (EP) est\u00e1n dise\u00f1ados espec\u00edficamente para satisfacer las rigurosas demandas del mercado industrial. Con una amplia gama de tensores autom\u00e1ticos, EP ofrece soluciones confiables para diversas configuraciones de transmisi\u00f3n delantera en aplicaciones de veh\u00edculos comerciales e industriales. Nuestros tensores han sido ampliamente validados, lo que garantiza un alto grado de seguridad y confianza para los clientes.<\/p>\n<p>En EP, comprendemos la importancia del rendimiento a nivel de sistema, por lo que nuestros tensores funcionan en conjunto con nuestras correas, amortiguadores, desacopladores y otros componentes. Al reducir las p\u00e9rdidas por vibraci\u00f3n y fricci\u00f3n, nuestros tensores contribuyen a una eficiencia \u00f3ptima, lo que da como resultado un mejor rendimiento general del sistema.<\/p>\n<p>Los tensores EP se destacan por su dise\u00f1o original de resorte de alambre plano, dise\u00f1ado para ofrecer un rango operativo m\u00e1s amplio y una menor variaci\u00f3n de tensi\u00f3n. Este dise\u00f1o innovador minimiza el riesgo de falla prematura de los cojinetes de los accesorios causado por una tensi\u00f3n excesiva y reduce las posibilidades de ruido de la correa, deslizamiento y bajo rendimiento de los accesorios como resultado de una baja tensi\u00f3n a medida que la correa se estira y se desgasta con el tiempo. Adem\u00e1s de los tensores de resorte de alambre plano, EP tambi\u00e9n fabrica tensores de resorte redondos para satisfacer diferentes requisitos de aplicaci\u00f3n.<\/p>\n<h3>Principales caracter\u00edsticas y beneficios:<\/h3>\n<ul>\n<li>Rango operativo superior y estabilidad de tensi\u00f3n.<\/li>\n<li>Riesgo reducido de falla prematura de los cojinetes de los accesorios<\/li>\n<li>Se minimiza el ruido, el deslizamiento y el bajo rendimiento de la correa.<\/li>\n<li>Mayor eficiencia a nivel de sistema<\/li>\n<\/ul>\n<h3>Escenarios de uso com\u00fan:<\/h3>\n<p>Los tensores de transmisi\u00f3n de accesorios encuentran una amplia aplicaci\u00f3n en diversas industrias, entre ellas:<\/p>\n<ul>\n<li>Automotor<\/li>\n<li>Maquinaria pesada<\/li>\n<li>Generaci\u00f3n de energ\u00eda<\/li>\n<li>Petr\u00f3leo y gas<\/li>\n<li>Fabricaci\u00f3n<\/li>\n<\/ul>\n<h3>Instalaci\u00f3n, mantenimiento y reparaci\u00f3n:<\/h3>\n<p>La instalaci\u00f3n de un tensor de transmisi\u00f3n de accesorios generalmente implica los siguientes pasos:<\/p>\n<ol>\n<li>Aseg\u00farese de que el motor est\u00e9 apagado y enfriado.<\/li>\n<li>Localice la posici\u00f3n del tensor e identifique los puntos de montaje<\/li>\n<li>Retire todos los componentes necesarios que obstruyan el acceso al tensor.<\/li>\n<li>Afloje y ajuste el tensor seg\u00fan corresponda.<\/li>\n<li>Apriete bien los pernos de montaje<\/li>\n<li>Verifique nuevamente la alineaci\u00f3n y el funcionamiento del tensor.<\/li>\n<\/ol>\n<p>Para realizar el mantenimiento y la reparaci\u00f3n de un tensor de transmisi\u00f3n de accesorios, se recomienda realizar inspecciones peri\u00f3dicas para garantizar la tensi\u00f3n y la alineaci\u00f3n adecuadas. Si se detectan signos de desgaste, da\u00f1os o ruidos anormales, se recomienda reemplazarlo de inmediato para evitar complicaciones posteriores.<\/p>\n<h2>Acerca de Ever-Power<\/h2>\n<p>Ever-Power es un proveedor l\u00edder de diversos productos de engranajes pl\u00e1sticos industriales, incluidos reductores agr\u00edcolas, ejes de salida de potencia, ruedas dentadas, acoplamientos de fluidos, reductores de engranajes helicoidales, engranajes y cremalleras, cadenas desmontables, poleas y poleas, cajas de engranajes planetarios, poleas de distribuci\u00f3n y bujes. Nos comprometemos a ofrecer productos de alta calidad, precios competitivos y un servicio al cliente excepcional. Ya sea que necesite componentes est\u00e1ndar o soluciones personalizadas, lo invitamos a comunicarse con nosotros con sus requisitos espec\u00edficos.<\/p>\n<h2>Preguntas y respuestas:<\/h2>\n<h3>1. \u00bfPor qu\u00e9 son importantes los tensores de transmisi\u00f3n de accesorios en aplicaciones industriales?<\/h3>\n<p>Los tensores de transmisi\u00f3n de accesorios desempe\u00f1an un papel crucial a la hora de mantener la tensi\u00f3n adecuada en las correas, reducir el ruido, evitar el deslizamiento y garantizar un rendimiento \u00f3ptimo de diversos accesorios en los sistemas industriales.<\/p>\n<h3>2. \u00bfSe pueden utilizar tensores de transmisi\u00f3n de accesorios en maquinaria pesada?<\/h3>\n<p>\u00a1Por supuesto! Los tensores de transmisi\u00f3n de accesorios est\u00e1n dise\u00f1ados para soportar las exigencias extremas de la maquinaria pesada y est\u00e1n validados para su uso en dichas aplicaciones.<\/p>\n<h3>3. \u00bfCu\u00e1les son las ventajas de los tensores de resorte de alambre plano de EP?<\/h3>\n<p>Los tensores de resorte de alambre plano de EP ofrecen un rango operativo m\u00e1s amplio, una estabilidad de tensi\u00f3n mejorada y un riesgo reducido de falla prematura de los cojinetes de los accesorios, adem\u00e1s de minimizar el ruido de la correa, el deslizamiento y el bajo rendimiento de los accesorios.<\/p>\n<h3>4. \u00bfC\u00f3mo debo instalar un tensor de transmisi\u00f3n de accesorios?<\/h3>\n<p>Para una instalaci\u00f3n adecuada, es necesario identificar la posici\u00f3n del tensor, eliminar obstrucciones, ajustar la tensi\u00f3n y apretar bien los pernos de montaje. Se recomienda consultar las instrucciones del fabricante para obtener pautas espec\u00edficas.<\/p>\n<h3>5. \u00bfQu\u00e9 otros productos suministra Ever-Power?<\/h3>\n<p>Ever-Power ofrece una amplia gama de productos de engranajes pl\u00e1sticos industriales, que incluyen cajas de engranajes agr\u00edcolas, ejes de salida de potencia, ruedas dentadas, acoplamientos de fluidos, reductores de engranajes helicoidales, engranajes y cremalleras, cadenas desmontables, poleas y poleas, cajas de engranajes planetarios, poleas de distribuci\u00f3n y bujes. Ofrecemos productos de alta calidad, precios competitivos y opciones de personalizaci\u00f3n para satisfacer sus necesidades.<\/p>","protected":false},"excerpt":{"rendered":"<p>Tensores de transmisi\u00f3n de accesorios: garant\u00eda de eficiencia y durabilidad \u00f3ptimas Los tensores de transmisi\u00f3n de accesorios que ofrece Ever-Power (EP) est\u00e1n dise\u00f1ados espec\u00edficamente para satisfacer las rigurosas demandas del mercado industrial. Con una amplia gama de tensores autom\u00e1ticos, EP ofrece soluciones confiables para diversas configuraciones de transmisi\u00f3n delantera en aplicaciones de veh\u00edculos industriales y comerciales. Nuestros tensores han sido [\u2026]<\/p>","protected":false},"featured_media":3949,"template":"","meta":{"_et_pb_use_builder":"","_et_pb_old_content":"","_et_gb_content_width":""},"product_brand":[],"product_cat":[11312],"product_tag":[],"class_list":{"0":"post-3950","1":"product","2":"type-product","3":"status-publish","4":"has-post-thumbnail","6":"product_cat-auto-vehicle-pulley","8":"first","9":"instock","10":"shipping-taxable","11":"product-type-simple"},"_links":{"self":[{"href":"https:\/\/agricultural-gear-boxes.com\/es\/wp-json\/wp\/v2\/product\/3950","targetHints":{"allow":["GET"]}}],"collection":[{"href":"https:\/\/agricultural-gear-boxes.com\/es\/wp-json\/wp\/v2\/product"}],"about":[{"href":"https:\/\/agricultural-gear-boxes.com\/es\/wp-json\/wp\/v2\/types\/product"}],"wp:featuredmedia":[{"embeddable":true,"href":"https:\/\/agricultural-gear-boxes.com\/es\/wp-json\/wp\/v2\/media\/3949"}],"wp:attachment":[{"href":"https:\/\/agricultural-gear-boxes.com\/es\/wp-json\/wp\/v2\/media?parent=3950"}],"wp:term":[{"taxonomy":"product_brand","embeddable":true,"href":"https:\/\/agricultural-gear-boxes.com\/es\/wp-json\/wp\/v2\/product_brand?post=3950"},{"taxonomy":"product_cat","embeddable":true,"href":"https:\/\/agricultural-gear-boxes.com\/es\/wp-json\/wp\/v2\/product_cat?post=3950"},{"taxonomy":"product_tag","embeddable":true,"href":"https:\/\/agricultural-gear-boxes.com\/es\/wp-json\/wp\/v2\/product_tag?post=3950"}],"curies":[{"name":"wp","href":"https:\/\/api.w.org\/{rel}","templated":true}]}}