{"id":3952,"date":"2024-08-30T05:45:02","date_gmt":"2024-08-30T05:45:02","guid":{"rendered":"https:\/\/agricultural-gear-boxes.com\/product\/pulleys-and-idlers-2\/"},"modified":"2024-08-30T05:45:02","modified_gmt":"2024-08-30T05:45:02","slug":"pulleys-and-idlers-2","status":"publish","type":"product","link":"https:\/\/agricultural-gear-boxes.com\/es\/product\/pulleys-and-idlers-2\/","title":{"rendered":"Poleas y poleas locas"},"content":{"rendered":"<h2>Poleas y poleas gu\u00eda: mejora de la alineaci\u00f3n de la transmisi\u00f3n y de la vida \u00fatil de la correa<\/h2>\n<p>La alineaci\u00f3n de la transmisi\u00f3n desempe\u00f1a un papel fundamental en la optimizaci\u00f3n del rendimiento y la longevidad de varios sistemas. En EP, ofrecemos una amplia gama de poleas y poleas tensoras dise\u00f1adas para complementar nuestras correas de transmisi\u00f3n y tensores auxiliares. Ya sea que necesite poleas de acero estampado y formado, de pl\u00e1stico o de metal en polvo, tenemos la soluci\u00f3n perfecta con varias configuraciones de cojinetes para soportar incluso las cargas de correa m\u00e1s altas.<\/p>\n<p>Nuestras poleas tensoras se pueden ensamblar f\u00e1cilmente en soportes dise\u00f1ados a medida, lo que proporciona una soluci\u00f3n flexible y eficiente para su aplicaci\u00f3n espec\u00edfica. Para garantizar la m\u00e1xima calidad y confiabilidad, empleamos dise\u00f1o asistido por computadora (CAD) tridimensional de \u00faltima generaci\u00f3n y an\u00e1lisis de elementos finitos en el desarrollo de nuestras poleas.<\/p>\n<h3>El dise\u00f1o \u00f3ptimo: superficies m\u00e1s suaves, tolerancias m\u00e1s estrictas<\/h3>\n<p>Nuestras poleas de pl\u00e1stico y acero se someten a procesos de dise\u00f1o meticulosos para lograr un rendimiento \u00f3ptimo. Al utilizar CAD y an\u00e1lisis de elementos finitos, garantizamos la m\u00e1xima integridad estructural y longevidad. Las poleas con superficies m\u00e1s lisas y tolerancias dimensionales m\u00e1s ajustadas logran una vibraci\u00f3n reducida, lo que conduce a una mayor vida \u00fatil de la correa.<\/p>\n<h3>Cojinetes duraderos y sellos para alta temperatura<\/h3>\n<p>En EP, priorizamos la durabilidad y el m\u00e1ximo rendimiento de nuestras poleas. Nuestros productos cuentan con cojinetes lubricados y sellos para altas temperaturas, lo que garantiza un funcionamiento suave y confiable. Estos componentes contribuyen a extender la vida \u00fatil de nuestras poleas, incluso en condiciones exigentes.<\/p>\n<h3>Instalaci\u00f3n, mantenimiento y reparaci\u00f3n<\/h3>\n<p>La instalaci\u00f3n y el mantenimiento de nuestras poleas son sencillos. Siga estas pautas para obtener un rendimiento \u00f3ptimo:<\/p>\n<ul>\n<li>Aseg\u00farese de la alineaci\u00f3n y tensi\u00f3n adecuadas de las correas.<\/li>\n<li>Limpie las poleas peri\u00f3dicamente para eliminar residuos y acumulaciones.<\/li>\n<li>Inspeccione peri\u00f3dicamente los cojinetes y lubr\u00edquelos seg\u00fan sea necesario.<\/li>\n<li>Reemplace r\u00e1pidamente las poleas desgastadas o da\u00f1adas para evitar da\u00f1os en la correa.<\/li>\n<\/ul>\n<p>Para cualquier necesidad de reparaci\u00f3n o reemplazo, consulte las instrucciones del fabricante o busque asistencia profesional para garantizar una instalaci\u00f3n y funcionalidad adecuadas.<\/p>\n<h3>Otros productos ofrecidos por EP<\/h3>\n<p>Adem\u00e1s de nuestras excepcionales poleas y poleas gu\u00eda, EP ofrece una amplia gama de engranajes de pl\u00e1stico de alta calidad y componentes industriales relacionados. Nuestra l\u00ednea de productos incluye:<\/p>\n<ul>\n<li>Cajas de cambios agr\u00edcolas<\/li>\n<li>Ejes de salida de potencia<\/li>\n<li>Pi\u00f1ones<\/li>\n<li>Acoplamientos de fluidos<\/li>\n<li>Reductores de engranajes helicoidales<\/li>\n<li>Engranajes y cremalleras<\/li>\n<li>Cadenas desmontables<\/li>\n<li>Poleas y poleas<\/li>\n<li>Cajas de engranajes planetarios<\/li>\n<li>Poleas de distribuci\u00f3n<\/li>\n<li>Bujes y m\u00e1s<\/li>\n<\/ul>\n<p>Nos comprometemos a ofrecer productos de alta calidad a precios competitivos y un excelente servicio al cliente. Ya sea que necesite art\u00edculos est\u00e1ndar o soluciones personalizadas seg\u00fan sus necesidades espec\u00edficas, EP est\u00e1 aqu\u00ed para ayudarlo. Comun\u00edquese con nosotros hoy para explorar nuestra amplia gama de productos y beneficiarse de nuestro valor inigualable.<\/p>\n<h2>Preguntas y respuestas<\/h2>\n<h3>P: \u00bfC\u00f3mo contribuyen las poleas y los rodillos tensores a la alineaci\u00f3n de la transmisi\u00f3n?<\/h3>\n<p>R: Las poleas y los rodillos tensores desempe\u00f1an un papel crucial en el mantenimiento de la alineaci\u00f3n adecuada de la transmisi\u00f3n al guiar y sostener las correas, lo que garantiza una transmisi\u00f3n de potencia suave y minimiza el desgaste de la correa.<\/p>\n<h3>P: \u00bfCu\u00e1les son los beneficios de utilizar poleas con superficies m\u00e1s lisas?<\/h3>\n<p>R: Las poleas con superficies m\u00e1s lisas reducen la vibraci\u00f3n, lo que produce un menor desgaste de las correas, lo que en \u00faltima instancia da como resultado una vida \u00fatil m\u00e1s prolongada de la correa y un mejor rendimiento general del sistema.<\/p>\n<h3>P: \u00bfEs posible sustituir las poleas y los tensores individualmente?<\/h3>\n<p>R: S\u00ed, las poleas y los tensores se pueden reemplazar individualmente cuando sea necesario. Sin embargo, se recomienda inspeccionar todo el sistema de transmisi\u00f3n por correa y reemplazar los componentes desgastados simult\u00e1neamente para garantizar un rendimiento \u00f3ptimo.<\/p>\n<h3>P: \u00bfCon qu\u00e9 frecuencia se deben inspeccionar las poleas para realizar el mantenimiento?<\/h3>\n<p>R: Se recomienda realizar inspecciones peri\u00f3dicas para identificar cualquier signo de desgaste o da\u00f1o. La frecuencia de las inspecciones depende de las condiciones de funcionamiento, por lo que es mejor consultar las pautas del fabricante o con un profesional.<\/p>\n<h3>P: \u00bfPuede EP proporcionar poleas y rodillos gu\u00eda personalizados para aplicaciones \u00fanicas?<\/h3>\n<p>R: \u00a1Por supuesto! EP se especializa en brindar soluciones personalizadas para satisfacer los requisitos espec\u00edficos de los clientes. Comun\u00edquese con nosotros para analizar sus necesidades y nuestro equipo lo guiar\u00e1 a trav\u00e9s del proceso de personalizaci\u00f3n.<\/p>","protected":false},"excerpt":{"rendered":"<p>Poleas y poleas gu\u00eda: mejora de la alineaci\u00f3n de la transmisi\u00f3n y de la vida \u00fatil de la correa La alineaci\u00f3n de la transmisi\u00f3n desempe\u00f1a un papel crucial en la optimizaci\u00f3n del rendimiento y la longevidad de varios sistemas. En EP, ofrecemos una amplia gama de poleas y poleas gu\u00eda dise\u00f1adas para complementar nuestras correas de transmisi\u00f3n y tensores auxiliares. Ya sea que necesite acero estampado y formado, pl\u00e1stico o metal en polvo [\u2026]<\/p>","protected":false},"featured_media":3951,"template":"","meta":{"_et_pb_use_builder":"","_et_pb_old_content":"","_et_gb_content_width":""},"product_brand":[],"product_cat":[11312],"product_tag":[],"class_list":{"0":"post-3952","1":"product","2":"type-product","3":"status-publish","4":"has-post-thumbnail","6":"product_cat-auto-vehicle-pulley","8":"first","9":"instock","10":"shipping-taxable","11":"product-type-simple"},"_links":{"self":[{"href":"https:\/\/agricultural-gear-boxes.com\/es\/wp-json\/wp\/v2\/product\/3952","targetHints":{"allow":["GET"]}}],"collection":[{"href":"https:\/\/agricultural-gear-boxes.com\/es\/wp-json\/wp\/v2\/product"}],"about":[{"href":"https:\/\/agricultural-gear-boxes.com\/es\/wp-json\/wp\/v2\/types\/product"}],"wp:featuredmedia":[{"embeddable":true,"href":"https:\/\/agricultural-gear-boxes.com\/es\/wp-json\/wp\/v2\/media\/3951"}],"wp:attachment":[{"href":"https:\/\/agricultural-gear-boxes.com\/es\/wp-json\/wp\/v2\/media?parent=3952"}],"wp:term":[{"taxonomy":"product_brand","embeddable":true,"href":"https:\/\/agricultural-gear-boxes.com\/es\/wp-json\/wp\/v2\/product_brand?post=3952"},{"taxonomy":"product_cat","embeddable":true,"href":"https:\/\/agricultural-gear-boxes.com\/es\/wp-json\/wp\/v2\/product_cat?post=3952"},{"taxonomy":"product_tag","embeddable":true,"href":"https:\/\/agricultural-gear-boxes.com\/es\/wp-json\/wp\/v2\/product_tag?post=3952"}],"curies":[{"name":"wp","href":"https:\/\/api.w.org\/{rel}","templated":true}]}}