{"id":3958,"date":"2024-09-02T05:37:49","date_gmt":"2024-09-02T05:37:49","guid":{"rendered":"https:\/\/agricultural-gear-boxes.com\/product\/split-collar\/"},"modified":"2024-09-02T05:37:49","modified_gmt":"2024-09-02T05:37:49","slug":"split-collar","status":"publish","type":"product","link":"https:\/\/agricultural-gear-boxes.com\/es\/product\/split-collar\/","title":{"rendered":"Cuello partido"},"content":{"rendered":"<p><h2>Collar dividido: proporciona una fuerza de sujeci\u00f3n superior para diversas aplicaciones<\/h2><\/p>\n<p>If you&#8217;re looking for a reliable and efficient solution to secure shafts, look no further than the versatile split collar. Designed to provide an evenly distributed clamping force, the split collar offers a tighter fit and increased holding power without causing any damage to the shaft. Say goodbye to the common issues associated with set screw shaft collars!<\/p>\n<p>Disponibles en una gama de di\u00e1metros interiores, los collarines de eje partido de EPT Superior Products son ideales para una amplia gama de aplicaciones. Ya sea que necesite asegurar un eje redondo est\u00e1ndar, duro o blando, un cubo partido o un tubo de pared delgada, estos collarines de sujeci\u00f3n de una sola pieza son la opci\u00f3n ideal.<\/p>\n<p><h3>Ajuste inigualable y f\u00e1cil extracci\u00f3n<\/h3><\/p>\n<p>Una de las caracter\u00edsticas m\u00e1s destacadas de los collarines divididos es su infinita capacidad de ajuste. Puedes ajustar el collar f\u00e1cilmente para lograr el ajuste y la firmeza deseados. Adem\u00e1s, si necesitas quitarte el collar por cualquier motivo, puedes hacerlo sin esfuerzo.<\/p>\n<p><h3>Agarre y durabilidad superiores<\/h3><\/p>\n<p>A diferencia de los collarines s\u00f3lidos que se basan en tornillos de fijaci\u00f3n, los collarines de una sola hendidura utilizan la fricci\u00f3n para proporcionar un agarre superior en las barras y las varillas. Esto no solo garantiza resultados m\u00e1s robustos y fiables, sino que tambi\u00e9n minimiza la distorsi\u00f3n de la varilla para un rendimiento superior y un menor desgaste.<\/p>\n<p>With DSP&#8217;s stainless steel and black oxide single split collars, you can rely on their compatibility with almost any shaft. These collars are not only durable but also cost-effective and incredibly easy to use. Simply slide the collar into position and tighten the screw to lock it securely in place.<\/p>\n<p><h3>Aplicaciones y beneficios:<\/h3><\/p>\n<ul>\n<li>Perfecto para asegurar ejes redondos est\u00e1ndar duros o blandos, cubos partidos o tubos de pared delgada<\/li>\n<li>Proporciona una fuerza de sujeci\u00f3n distribuida uniformemente<\/li>\n<li>Ajuste m\u00e1s ce\u00f1ido y mayor poder de sujeci\u00f3n.<\/li>\n<li>Minimiza el da\u00f1o del eje asociado con los collares de tornillos de fijaci\u00f3n<\/li>\n<li>Ofrece un agarre superior y un menor desgaste.<\/li>\n<li>Ajustable indefinidamente y f\u00e1cil de quitar.<\/li>\n<li>Compatible con varios ejes<\/li>\n<\/ul>\n<p><h3>Instalaci\u00f3n, mantenimiento y reparaci\u00f3n<\/h3><\/p>\n<p>Instalar un collar\u00edn partido es muy sencillo. Simplemente col\u00f3quelo en la ubicaci\u00f3n deseada del eje y apriete el tornillo para fijarlo firmemente. Se recomienda realizar inspecciones y mantenimiento regulares para garantizar un rendimiento \u00f3ptimo. En caso de cualquier problema, como desgaste o da\u00f1os, el collar\u00edn se puede reemplazar f\u00e1cilmente.<\/p>\n<p><h3>Acerca de nuestra empresa<\/h3><\/p>\n<p>Adem\u00e1s del excepcional collar\u00edn partido, nuestra empresa ofrece una amplia gama de engranajes de pl\u00e1stico de alta calidad para diversas industrias. Nuestra extensa gama de productos incluye cajas de engranajes agr\u00edcolas, ejes de transmisi\u00f3n, ruedas dentadas, acoplamientos hidr\u00e1ulicos, reductores de tornillo sin fin, engranajes y cremalleras, cadenas desmontables, poleas, reductores planetarios, poleas de distribuci\u00f3n, bujes y m\u00e1s.<\/p>\n<p>Nos enorgullecemos de ofrecer productos de calidad superior a precios competitivos, junto con un servicio al cliente atento y considerado. Nuestro equipo invita a los clientes a solicitar personalizaciones basadas en planos o muestras. \u00a1Conf\u00ede en nosotros para todas sus necesidades de engranajes industriales!<\/p>\n<p><h3>Preguntas frecuentes<\/h3><\/p>\n<ol>\n<li>\n<h4>\u00bfSe pueden utilizar collares divididos en diferentes tipos de ejes?<\/h4>\n<p>S\u00ed, los collares divididos son compatibles con varios tipos de ejes, incluidos ejes redondos est\u00e1ndar duros o blandos, cubos divididos y tubos de pared delgada.<\/p>\n<\/li>\n<li>\n<h4>\u00bfC\u00f3mo los cuellos divididos proporcionan un agarre superior?<\/h4>\n<p>A diferencia de los collares de tornillo de fijaci\u00f3n, los collares partidos utilizan fricci\u00f3n para brindar un agarre superior en barras y ejes, lo que garantiza resultados m\u00e1s resistentes y confiables.<\/p>\n<\/li>\n<li>\n<h4>\u00bfLos collares divididos son f\u00e1ciles de instalar y quitar?<\/h4>\n<p>\u00a1Por supuesto! Los collarines divididos son incre\u00edblemente f\u00e1ciles de instalar y se pueden quitar f\u00e1cilmente cuando sea necesario.<\/p>\n<\/li>\n<li>\n<h4>\u00bfSe puede ajustar el cuello dividido para lograr diferentes niveles de ajuste?<\/h4>\n<p>S\u00ed, el collar dividido ofrece una capacidad de ajuste infinita, lo que le permite lograr el nivel de ajuste deseado para su aplicaci\u00f3n espec\u00edfica.<\/p>\n<\/li>\n<li>\n<h4>\u00bfCu\u00e1les son las ventajas de utilizar collares partidos en lugar de collares con tornillos de fijaci\u00f3n?<\/h4>\n<p>Los collares divididos brindan un ajuste m\u00e1s firme, mayor poder de sujeci\u00f3n y minimizan el da\u00f1o al eje, ofreciendo un rendimiento superior y un menor desgaste en comparaci\u00f3n con los collares de tornillos de fijaci\u00f3n.<\/p>\n<\/li>\n<\/ol>","protected":false},"excerpt":{"rendered":"<p>Split Collar: Delivering Superior Clamping Force for Various Applications If you&#8217;re looking for a reliable and efficient solution to secure shafts, look no further than the versatile split collar. Designed to provide an evenly distributed clamping force, the split collar offers a tighter fit and increased holding power without causing any damage to the shaft. [&hellip;]<\/p>","protected":false},"featured_media":3957,"template":"","meta":{"_et_pb_use_builder":"","_et_pb_old_content":"","_et_gb_content_width":""},"product_brand":[],"product_cat":[11313],"product_tag":[],"class_list":{"0":"post-3958","1":"product","2":"type-product","3":"status-publish","4":"has-post-thumbnail","6":"product_cat-shaft-collar","8":"first","9":"instock","10":"shipping-taxable","11":"product-type-simple"},"_links":{"self":[{"href":"https:\/\/agricultural-gear-boxes.com\/es\/wp-json\/wp\/v2\/product\/3958","targetHints":{"allow":["GET"]}}],"collection":[{"href":"https:\/\/agricultural-gear-boxes.com\/es\/wp-json\/wp\/v2\/product"}],"about":[{"href":"https:\/\/agricultural-gear-boxes.com\/es\/wp-json\/wp\/v2\/types\/product"}],"wp:featuredmedia":[{"embeddable":true,"href":"https:\/\/agricultural-gear-boxes.com\/es\/wp-json\/wp\/v2\/media\/3957"}],"wp:attachment":[{"href":"https:\/\/agricultural-gear-boxes.com\/es\/wp-json\/wp\/v2\/media?parent=3958"}],"wp:term":[{"taxonomy":"product_brand","embeddable":true,"href":"https:\/\/agricultural-gear-boxes.com\/es\/wp-json\/wp\/v2\/product_brand?post=3958"},{"taxonomy":"product_cat","embeddable":true,"href":"https:\/\/agricultural-gear-boxes.com\/es\/wp-json\/wp\/v2\/product_cat?post=3958"},{"taxonomy":"product_tag","embeddable":true,"href":"https:\/\/agricultural-gear-boxes.com\/es\/wp-json\/wp\/v2\/product_tag?post=3958"}],"curies":[{"name":"wp","href":"https:\/\/api.w.org\/{rel}","templated":true}]}}