{"id":3964,"date":"2024-09-02T05:37:53","date_gmt":"2024-09-02T05:37:53","guid":{"rendered":"https:\/\/agricultural-gear-boxes.com\/product\/locking-collar\/"},"modified":"2024-09-02T05:37:53","modified_gmt":"2024-09-02T05:37:53","slug":"locking-collar","status":"publish","type":"product","link":"https:\/\/agricultural-gear-boxes.com\/es\/product\/locking-collar\/","title":{"rendered":"Collar de bloqueo"},"content":{"rendered":"<h2>Collar de bloqueo: un componente de m\u00e1quina simple pero importante<\/h2>\n<p>El collar de bloqueo es un componente de la m\u00e1quina que se encuentra en muchas aplicaciones de transmisi\u00f3n de potencia y es muy \u00fatil en motores y cajas de engranajes. Este collar se utiliza normalmente como tope mec\u00e1nico, componente de posicionamiento y superficie de cojinete que se instala f\u00e1cilmente. El collar tiene un hueco avellanado que se hace exc\u00e9ntrico a prop\u00f3sito con respecto al orificio del collar. Cuando se ensambla en el eje, este hueco exc\u00e9ntrico se acopla o se acopla con un extremo de leva exc\u00e9ntrica del anillo interior de un cojinete. Este conjunto sujeta firmemente el eje con una acci\u00f3n de uni\u00f3n positiva que aumenta con el uso.<\/p>\n<h3>Usos comunes de los collares de bloqueo<\/h3>\n<ul>\n<li>Como tope mec\u00e1nico para evitar que un objeto se mueva m\u00e1s all\u00e1 de un punto determinado en un eje.<\/li>\n<li>Como componente localizador para posicionar con precisi\u00f3n un objeto en un eje<\/li>\n<li>Como superficie de apoyo para proporcionar soporte a objetos giratorios o deslizantes.<\/li>\n<\/ul>\n<h3>Ventajas de los collares de bloqueo<\/h3>\n<ul>\n<li>F\u00e1cil instalaci\u00f3n y desmontaje<\/li>\n<li>Acci\u00f3n vinculante positiva que aumenta con el uso.<\/li>\n<li>Alta capacidad de fuerza de sujeci\u00f3n<\/li>\n<li>Posicionamiento preciso y exacto de objetos en un eje.<\/li>\n<\/ul>\n<h3>Materiales utilizados para collares de bloqueo<\/h3>\n<p>Los collares de bloqueo se pueden fabricar con diferentes materiales, entre ellos:<\/p>\n<ul>\n<li>Acero inoxidable<\/li>\n<li>Acero carbono<\/li>\n<li>Aluminio<\/li>\n<li>Lat\u00f3n<\/li>\n<\/ul>\n<h3>C\u00f3mo instalar, mantener, reparar y reemplazar collares de bloqueo<\/h3>\n<p>Instalar collares de bloqueo es f\u00e1cil. Simplemente deslice el collar sobre el eje y use un tornillo de fijaci\u00f3n para asegurarlo en su lugar. El mantenimiento regular es importante para garantizar una larga vida \u00fatil. Revise el tornillo de fijaci\u00f3n regularmente y apri\u00e9telo si se afloja. Si un collar de bloqueo se da\u00f1a, se puede reparar reemplazando el tornillo de fijaci\u00f3n o el collar completo si es necesario. Al reemplazar un collar de bloqueo, aseg\u00farese de que el nuevo collar tenga las mismas especificaciones que el anterior.<\/p>\n<h2>Otros productos de nuestra empresa<\/h2>\n<p>Suministramos diversos engranajes de pl\u00e1stico utilizados en diferentes industrias, como cajas de engranajes agr\u00edcolas, ejes de salida de potencia, ruedas dentadas, acoplamientos de fluidos, reductores de engranajes helicoidales, engranajes y cremalleras, cadenas desmontables, poleas y poleas, cajas de engranajes planetarios, poleas de distribuci\u00f3n, bujes y m\u00e1s. Nuestros productos son de alta calidad, se ofrecen a precios favorables y vienen con un servicio considerado. Damos la bienvenida a los clientes a que vengan a nosotros para personalizar los dibujos o muestras.<\/p>\n<h2>Preguntas y respuestas<\/h2>\n<h3>1. \u00bfPara qu\u00e9 se utiliza un collar de bloqueo?<\/h3>\n<p>Un collar de bloqueo se utiliza como tope mec\u00e1nico, componente localizador y cara de apoyo en aplicaciones de transmisi\u00f3n de potencia.<\/p>\n<h3>2. \u00bfQu\u00e9 materiales se utilizan para fabricar collares de bloqueo?<\/h3>\n<p>Los collares de bloqueo pueden estar hechos de acero inoxidable, acero al carbono, aluminio y lat\u00f3n.<\/p>\n<h3>3. \u00bfC\u00f3mo se instala un collar de bloqueo?<\/h3>\n<p>Deslice el collar sobre el eje y utilice un tornillo de fijaci\u00f3n para asegurarlo en su lugar.<\/p>\n<h3>4. \u00bfEs importante el mantenimiento regular de los collares de bloqueo?<\/h3>\n<p>S\u00ed, es importante realizar un mantenimiento peri\u00f3dico para garantizar una larga vida \u00fatil. Revise el tornillo de fijaci\u00f3n peri\u00f3dicamente y apri\u00e9telo si se afloja.<\/p>\n<h3>5. \u00bfC\u00f3mo se reemplaza un collar de bloqueo?<\/h3>\n<p>Al reemplazar un collar de bloqueo, aseg\u00farese de que el nuevo collar tenga las mismas especificaciones que el anterior. Se puede reparar reemplazando el tornillo de fijaci\u00f3n o el collar completo si es necesario.<\/p>","protected":false},"excerpt":{"rendered":"<p>Collar de bloqueo: un componente de m\u00e1quina simple pero importante El collar de bloqueo es un componente de m\u00e1quina que se encuentra en muchas aplicaciones de transmisi\u00f3n de potencia y es muy \u00fatil en motores y cajas de engranajes. Este collar se usa t\u00edpicamente como tope mec\u00e1nico, componente de ubicaci\u00f3n y cara de cojinete que viene con una f\u00e1cil instalaci\u00f3n. El collar tiene un hueco avellanado [\u2026]<\/p>","protected":false},"featured_media":3963,"template":"","meta":{"_et_pb_use_builder":"","_et_pb_old_content":"","_et_gb_content_width":""},"product_brand":[],"product_cat":[11313],"product_tag":[],"class_list":{"0":"post-3964","1":"product","2":"type-product","3":"status-publish","4":"has-post-thumbnail","6":"product_cat-shaft-collar","8":"first","9":"instock","10":"shipping-taxable","11":"product-type-simple"},"_links":{"self":[{"href":"https:\/\/agricultural-gear-boxes.com\/es\/wp-json\/wp\/v2\/product\/3964","targetHints":{"allow":["GET"]}}],"collection":[{"href":"https:\/\/agricultural-gear-boxes.com\/es\/wp-json\/wp\/v2\/product"}],"about":[{"href":"https:\/\/agricultural-gear-boxes.com\/es\/wp-json\/wp\/v2\/types\/product"}],"wp:featuredmedia":[{"embeddable":true,"href":"https:\/\/agricultural-gear-boxes.com\/es\/wp-json\/wp\/v2\/media\/3963"}],"wp:attachment":[{"href":"https:\/\/agricultural-gear-boxes.com\/es\/wp-json\/wp\/v2\/media?parent=3964"}],"wp:term":[{"taxonomy":"product_brand","embeddable":true,"href":"https:\/\/agricultural-gear-boxes.com\/es\/wp-json\/wp\/v2\/product_brand?post=3964"},{"taxonomy":"product_cat","embeddable":true,"href":"https:\/\/agricultural-gear-boxes.com\/es\/wp-json\/wp\/v2\/product_cat?post=3964"},{"taxonomy":"product_tag","embeddable":true,"href":"https:\/\/agricultural-gear-boxes.com\/es\/wp-json\/wp\/v2\/product_tag?post=3964"}],"curies":[{"name":"wp","href":"https:\/\/api.w.org\/{rel}","templated":true}]}}