{"id":3967,"date":"2024-09-02T05:37:54","date_gmt":"2024-09-02T05:37:54","guid":{"rendered":"https:\/\/agricultural-gear-boxes.com\/product\/steel-collar\/"},"modified":"2024-09-02T05:37:55","modified_gmt":"2024-09-02T05:37:55","slug":"steel-collar","status":"publish","type":"product","link":"https:\/\/agricultural-gear-boxes.com\/es\/product\/steel-collar\/","title":{"rendered":"Collar de acero"},"content":{"rendered":"<h2>Collar de acero: una soluci\u00f3n de alta calidad para entornos corrosivos<\/h2>\n<p>El collar de sujeci\u00f3n Climax Part 1C-056-S es una soluci\u00f3n confiable y duradera hecha de acero inoxidable T303, lo que lo hace eficaz en entornos corrosivos. Este collar de acero es ideal para usar en ejes duros y blandos, ya que tiene un dise\u00f1o que se acopla completamente al eje sin da\u00f1arlo. Adem\u00e1s, tiene una fuerza de sujeci\u00f3n de 360\u00b0 que garantiza un ajuste seguro y protecci\u00f3n contra da\u00f1os al eje.<\/p>\n<h3>Ventajas del collar de acero<\/h3>\n<ul>\n<li>Eficaz en ejes duros y blandos.<\/li>\n<li>El dise\u00f1o se acopla completamente al eje sin da\u00f1arlo.<\/li>\n<li>Fuerza de sujeci\u00f3n de 360\u00b0<\/li>\n<li>El acero inoxidable T303 es eficaz en entornos corrosivos.<\/li>\n<\/ul>\n<h3>Instalaci\u00f3n, mantenimiento y reparaci\u00f3n<\/h3>\n<p>La instalaci\u00f3n del collar de acero es r\u00e1pida y sencilla. Se puede fijar en su lugar utilizando tornillos de cabeza hexagonal est\u00e1ndar. Para garantizar su longevidad, se recomienda realizar un mantenimiento regular, que incluye la limpieza y la inspecci\u00f3n del collar para detectar cualquier signo de da\u00f1o. Si se encuentra alg\u00fan da\u00f1o, se recomienda reemplazar el collar de inmediato, ya que un collar da\u00f1ado puede causar da\u00f1os graves al eje.<\/p>\n<h3>Escenarios de uso com\u00fan<\/h3>\n<p>El collar de acero se utiliza habitualmente en aplicaciones industriales, incluidos sistemas de transporte, equipos de transmisi\u00f3n de potencia y maquinaria. Tambi\u00e9n se utiliza en equipos agr\u00edcolas, equipos marinos e incluso en ciertas aplicaciones automotrices.<\/p>\n<h3>Otros productos de nuestra empresa<\/h3>\n<p>Adem\u00e1s de los collares de acero, nuestra empresa suministra una amplia gama de engranajes de pl\u00e1stico utilizados en la industria, como cajas de engranajes agr\u00edcolas, ejes de salida de potencia, ruedas dentadas, acoplamientos de fluidos, reductores de engranajes helicoidales, engranajes y cremalleras, cadenas desmontables, poleas y poleas, cajas de engranajes planetarios, poleas de distribuci\u00f3n, bujes y m\u00e1s. Nos comprometemos a proporcionar productos de alta calidad a un precio favorable con un servicio considerado. Damos la bienvenida a los clientes a que vengan a nosotros para la personalizaci\u00f3n de dibujos o muestras.<\/p>\n<h2>Preguntas frecuentes sobre collares de acero<\/h2>\n<h3>1. \u00bfDe qu\u00e9 est\u00e1 hecho el collar de acero?<\/h3>\n<p>El collar de acero est\u00e1 hecho de acero inoxidable T303, lo que lo hace eficaz en ambientes corrosivos.<\/p>\n<h3>2. \u00bfCu\u00e1les son las ventajas de utilizar un collar de acero?<\/h3>\n<p>Un collar de acero es eficaz tanto en ejes duros como blandos, se acopla completamente al eje sin da\u00f1arlo y tiene una fuerza de sujeci\u00f3n de 360\u00b0 que garantiza un ajuste seguro y protecci\u00f3n contra da\u00f1os al eje.<\/p>\n<h3>3. \u00bfC\u00f3mo puedo instalar el collar de acero?<\/h3>\n<p>El collar de acero se puede asegurar en su lugar utilizando tornillos de cabeza hexagonal est\u00e1ndar.<\/p>\n<h3>4. \u00bfCon qu\u00e9 frecuencia debo realizar el mantenimiento del collar de acero?<\/h3>\n<p>Se recomienda un mantenimiento regular, que incluye la limpieza e inspecci\u00f3n del collar para detectar cualquier signo de da\u00f1o.<\/p>\n<h3>5. \u00bfPuede un collar de acero da\u00f1ado provocar da\u00f1os en el eje?<\/h3>\n<p>S\u00ed, un collar da\u00f1ado puede causar da\u00f1os graves al eje y debe reemplazarse inmediatamente si se encuentra alg\u00fan da\u00f1o.<\/p>","protected":false},"excerpt":{"rendered":"<p>Steel Collar: A High-Quality Solution for Corrosive Environments The Climax Part 1C-056-S Clamping Collar is a reliable and durable solution made with T303 Stainless Steel, which makes it effective in corrosive environments. This steel collar is ideal for use on both hard and soft shafts, as it has a design that fully engages the shaft [&hellip;]<\/p>","protected":false},"featured_media":3966,"template":"","meta":{"_et_pb_use_builder":"","_et_pb_old_content":"","_et_gb_content_width":""},"product_brand":[],"product_cat":[11313],"product_tag":[],"class_list":{"0":"post-3967","1":"product","2":"type-product","3":"status-publish","4":"has-post-thumbnail","6":"product_cat-shaft-collar","8":"first","9":"instock","10":"shipping-taxable","11":"product-type-simple"},"_links":{"self":[{"href":"https:\/\/agricultural-gear-boxes.com\/es\/wp-json\/wp\/v2\/product\/3967","targetHints":{"allow":["GET"]}}],"collection":[{"href":"https:\/\/agricultural-gear-boxes.com\/es\/wp-json\/wp\/v2\/product"}],"about":[{"href":"https:\/\/agricultural-gear-boxes.com\/es\/wp-json\/wp\/v2\/types\/product"}],"wp:featuredmedia":[{"embeddable":true,"href":"https:\/\/agricultural-gear-boxes.com\/es\/wp-json\/wp\/v2\/media\/3966"}],"wp:attachment":[{"href":"https:\/\/agricultural-gear-boxes.com\/es\/wp-json\/wp\/v2\/media?parent=3967"}],"wp:term":[{"taxonomy":"product_brand","embeddable":true,"href":"https:\/\/agricultural-gear-boxes.com\/es\/wp-json\/wp\/v2\/product_brand?post=3967"},{"taxonomy":"product_cat","embeddable":true,"href":"https:\/\/agricultural-gear-boxes.com\/es\/wp-json\/wp\/v2\/product_cat?post=3967"},{"taxonomy":"product_tag","embeddable":true,"href":"https:\/\/agricultural-gear-boxes.com\/es\/wp-json\/wp\/v2\/product_tag?post=3967"}],"curies":[{"name":"wp","href":"https:\/\/api.w.org\/{rel}","templated":true}]}}