{"id":3969,"date":"2024-09-02T05:37:56","date_gmt":"2024-09-02T05:37:56","guid":{"rendered":"https:\/\/agricultural-gear-boxes.com\/product\/clamping-shaft-collars\/"},"modified":"2024-09-02T05:37:56","modified_gmt":"2024-09-02T05:37:56","slug":"clamping-shaft-collars","status":"publish","type":"product","link":"https:\/\/agricultural-gear-boxes.com\/es\/product\/clamping-shaft-collars\/","title":{"rendered":"Collares de sujeci\u00f3n del eje"},"content":{"rendered":"<h2>Collares de sujeci\u00f3n para ejes: una soluci\u00f3n vers\u00e1til para la transmisi\u00f3n de potencia<\/h2>\n<p>Los collares de eje pueden parecer componentes simples, pero su importancia en la industria de transmisi\u00f3n de potencia no se puede subestimar. Estos collares encuentran amplias aplicaciones en diversos equipos y sirven para prop\u00f3sitos como topes mec\u00e1nicos, localizadores de componentes y superficies de cojinetes. Adem\u00e1s, a menudo se utilizan junto con otros componentes para crear conjuntos para motores, cajas de engranajes y otros equipos de transmisi\u00f3n de potencia.<\/p>\n<p>En EPT, hemos desarrollado una gama de collares de sujeci\u00f3n r\u00e1pida para ejes que ofrecen una soluci\u00f3n \u00fanica y eficiente. A diferencia de los dise\u00f1os tradicionales que se basan en tornillos separados, nuestros collares cuentan con una palanca de sujeci\u00f3n integrada de perfil bajo. Este dise\u00f1o innovador permite realizar ajustes r\u00e1pidos de posicionamiento en aplicaciones de ejes giratorios de baja velocidad o estacionarios de servicio ligero. Es particularmente \u00fatil en situaciones que requieren cambios o ajustes frecuentes de configuraci\u00f3n, donde el uso de herramientas puede no ser pr\u00e1ctico. Adem\u00e1s, nuestros collares de sujeci\u00f3n r\u00e1pida est\u00e1n dise\u00f1ados para evitar cualquier da\u00f1o o deterioro del eje.<\/p>\n<h3>Advantages of EPT&#8217;s Quick-Clamping Shaft Collars<\/h3>\n<ul>\n<li>Instalaci\u00f3n eficiente: La palanca de sujeci\u00f3n integrada permite una instalaci\u00f3n f\u00e1cil y r\u00e1pida sin necesidad de herramientas adicionales.<\/li>\n<li>Aplicaciones vers\u00e1tiles: Estos collares se pueden utilizar en diversos escenarios, desde topes mec\u00e1nicos hasta posicionamiento de componentes.<\/li>\n<li>Durable Construction: EPT&#8217;s collars are made from high-quality materials, ensuring long-lasting performance and resistance to wear and tear.<\/li>\n<li>Flexibilidad de ajuste: El mecanismo de sujeci\u00f3n r\u00e1pida permite ajustes f\u00e1ciles y frecuentes, lo que lo hace adecuado para aplicaciones que requieren cambios frecuentes.<\/li>\n<li>Compatibilidad: Nuestros collares se pueden utilizar con una amplia gama de tama\u00f1os de eje, lo que ofrece versatilidad en diferentes configuraciones.<\/li>\n<\/ul>\n<h3>Instalaci\u00f3n, mantenimiento y reparaci\u00f3n<\/h3>\n<p>Installing and maintaining EPT&#8217;s quick-clamping shaft collars is a straightforward process. Follow these steps:<\/p>\n<ol>\n<li>Deslice el collar sobre el eje, asegur\u00e1ndose de que quede bien ajustado.<\/li>\n<li>Enganche la palanca de sujeci\u00f3n para fijar el collar en su lugar. La palanca debe estar lo suficientemente apretada para evitar que se deslice, pero no excesivamente apretada.<\/li>\n<li>Para ajustar la posici\u00f3n, simplemente desactive la palanca, realice los cambios necesarios y vuelva a activar la palanca.<\/li>\n<li>Inspeccione peri\u00f3dicamente el collar para detectar signos de desgaste. Si detecta alg\u00fan da\u00f1o, reemplace el collar para mantener un rendimiento \u00f3ptimo.<\/li>\n<\/ol>\n<h3>EPT: Su fuente de componentes de transmisi\u00f3n de potencia de alta calidad<\/h3>\n<p>Adem\u00e1s de nuestros collares de eje de sujeci\u00f3n r\u00e1pida, EPT ofrece una amplia gama de componentes de transmisi\u00f3n de potencia. Nuestros productos incluyen engranajes de pl\u00e1stico, cajas de engranajes agr\u00edcolas, ejes de salida de potencia, ruedas dentadas, acoplamientos de fluido, reductores de engranajes sinf\u00edn, engranajes y cremalleras, cadenas desmontables, poleas y poleas, cajas de engranajes planetarios, poleas de distribuci\u00f3n, bujes y m\u00e1s.<\/p>\n<p>Nos enorgullecemos de ofrecer productos de alta calidad a precios competitivos, respaldados por un excelente servicio al cliente. Ya sea que necesite componentes est\u00e1ndar o requiera personalizaci\u00f3n seg\u00fan sus requisitos espec\u00edficos, EPT est\u00e1 aqu\u00ed para satisfacer sus necesidades de transmisi\u00f3n de potencia. Comun\u00edquese con nosotros hoy para explorar nuestras ofertas y experimentar nuestro compromiso con la calidad y la satisfacci\u00f3n del cliente.<\/p>\n<h2>Preguntas y respuestas:<\/h2>\n<ol>\n<li><strong>P: \u00bfSe pueden utilizar collares de eje de sujeci\u00f3n r\u00e1pida en aplicaciones giratorias de alta velocidad?<\/strong><\/li>\n<p>R: Si bien los collares de sujeci\u00f3n r\u00e1pida est\u00e1n dise\u00f1ados principalmente para aplicaciones de eje giratorio de baja velocidad o estacionario de servicio liviano, es posible que no sean adecuados para operaciones de alta velocidad. Para aplicaciones de alta velocidad, se recomienda utilizar collares dise\u00f1ados espec\u00edficamente para tales requisitos.<\/p>\n<li><strong>P: \u00bfEstos collares requieren alguna herramienta especializada para su instalaci\u00f3n?<\/strong><\/li>\n<p>R: No, la palanca de sujeci\u00f3n integrada elimina la necesidad de herramientas adicionales durante la instalaci\u00f3n. Ofrece una instalaci\u00f3n r\u00e1pida y sencilla sin complicaciones.<\/p>\n<li><strong>P: \u00bfPuedo reemplazar un collar da\u00f1ado sin reemplazar todo el conjunto?<\/strong><\/li>\n<p>R: S\u00ed, si un collar\u00edn de eje se da\u00f1a o se desgasta, se puede reemplazar individualmente sin necesidad de reemplazar todo el conjunto. Esto hace que el mantenimiento sea m\u00e1s rentable y eficiente.<\/p>\n<li><strong>P: \u00bfEstos collares son compatibles con diferentes tama\u00f1os de eje?<\/strong><\/li>\n<p>A: Yes, EPT&#8217;s quick-clamping collars are designed to be compatible with a wide range of shaft sizes. This allows for versatility and ease of use in various setups.<\/p>\n<li><strong>P: \u00bfDe qu\u00e9 materiales est\u00e1n hechos estos collares?<\/strong><\/li>\n<p>A: EPT&#8217;s quick-clamping shaft collars are typically made from high-quality materials such as stainless steel or aluminum. The choice of material depends on the specific application requirements.<\/p>\n<\/ol>","protected":false},"excerpt":{"rendered":"<p>Clamping Shaft Collars: A Versatile Solution for Power Transmission Shaft collars may seem like simple components, but their importance in the power transmission industry cannot be underestimated. These collars find extensive applications across various equipment, serving purposes such as mechanical stops, component locators, and bearing faces. Furthermore, they are often used in conjunction with other [&hellip;]<\/p>","protected":false},"featured_media":3968,"template":"","meta":{"_et_pb_use_builder":"","_et_pb_old_content":"","_et_gb_content_width":""},"product_brand":[],"product_cat":[11313],"product_tag":[],"class_list":{"0":"post-3969","1":"product","2":"type-product","3":"status-publish","4":"has-post-thumbnail","6":"product_cat-shaft-collar","8":"first","9":"instock","10":"shipping-taxable","11":"product-type-simple"},"_links":{"self":[{"href":"https:\/\/agricultural-gear-boxes.com\/es\/wp-json\/wp\/v2\/product\/3969","targetHints":{"allow":["GET"]}}],"collection":[{"href":"https:\/\/agricultural-gear-boxes.com\/es\/wp-json\/wp\/v2\/product"}],"about":[{"href":"https:\/\/agricultural-gear-boxes.com\/es\/wp-json\/wp\/v2\/types\/product"}],"wp:featuredmedia":[{"embeddable":true,"href":"https:\/\/agricultural-gear-boxes.com\/es\/wp-json\/wp\/v2\/media\/3968"}],"wp:attachment":[{"href":"https:\/\/agricultural-gear-boxes.com\/es\/wp-json\/wp\/v2\/media?parent=3969"}],"wp:term":[{"taxonomy":"product_brand","embeddable":true,"href":"https:\/\/agricultural-gear-boxes.com\/es\/wp-json\/wp\/v2\/product_brand?post=3969"},{"taxonomy":"product_cat","embeddable":true,"href":"https:\/\/agricultural-gear-boxes.com\/es\/wp-json\/wp\/v2\/product_cat?post=3969"},{"taxonomy":"product_tag","embeddable":true,"href":"https:\/\/agricultural-gear-boxes.com\/es\/wp-json\/wp\/v2\/product_tag?post=3969"}],"curies":[{"name":"wp","href":"https:\/\/api.w.org\/{rel}","templated":true}]}}