{"id":4013,"date":"2024-09-02T06:02:37","date_gmt":"2024-09-02T06:02:37","guid":{"rendered":"https:\/\/agricultural-gear-boxes.com\/product\/customized-power-transmission-black-agricultural-transmission-machine-t2-pto-shaft\/"},"modified":"2024-09-02T06:02:38","modified_gmt":"2024-09-02T06:02:38","slug":"customized-power-transmission-black-agricultural-transmission-machine-t2-pto-shaft","status":"publish","type":"product","link":"https:\/\/agricultural-gear-boxes.com\/es\/product\/customized-power-transmission-black-agricultural-transmission-machine-t2-pto-shaft\/","title":{"rendered":"Transmisi\u00f3n de potencia personalizada M\u00e1quina de transmisi\u00f3n agr\u00edcola negra Eje T2 TDF"},"content":{"rendered":"<h2>Transmisi\u00f3n de potencia personalizada, transmisi\u00f3n agr\u00edcola negra, eje T2 TDF<\/h2>\n<p>El eje de la TDF T2 es un nuevo producto de transmisi\u00f3n que se utiliza ampliamente en tractores e implementos agr\u00edcolas. Est\u00e1 dise\u00f1ado para proporcionar transmisi\u00f3n de potencia para diversas maquinarias agr\u00edcolas, como arados, cultivadores y segadoras. El eje de la TDF T2 est\u00e1 fabricado con materiales de alta calidad que son duraderos y confiables. Est\u00e1 forjado para brindar resistencia y precisi\u00f3n, y el tubo est\u00e1 estirado en fr\u00edo para lograr la m\u00e1xima dureza y resistencia al desgaste. El producto tambi\u00e9n cuenta con la certificaci\u00f3n CE e ISO, lo que garantiza que cumple con todos los est\u00e1ndares de calidad y seguridad necesarios.<\/p>\n<h3>Escenarios de uso com\u00fan<\/h3>\n<p>El eje de toma de fuerza T2 se utiliza habitualmente en aplicaciones agr\u00edcolas, donde la transmisi\u00f3n de potencia es esencial para el correcto funcionamiento de los distintos implementos agr\u00edcolas. El producto es especialmente \u00fatil para tractores, ya que permite la transferencia de potencia desde el motor a los distintos implementos utilizados en la explotaci\u00f3n agr\u00edcola. El eje de toma de fuerza T2 tambi\u00e9n se utiliza ampliamente en obras de construcci\u00f3n, tiendas de alimentos y bebidas y otras plantas de fabricaci\u00f3n.<\/p>\n<h3>Ventajas<\/h3>\n<p>The T2 PTO Shaft is designed with a variety of features that make it an ideal choice for power transmission in agricultural applications. Its triangle tubes are sturdy and durable, while its yoke types, including push pin, quick release, ball attachment, collar, double push pin, bolt pins, and split pins, make it versatile and easy to use. The product&#8217;s cold-drawn tube ensures that it is tough and wear-resistant, while its CE and ISO certification indicates that it is a high-quality and safe product.<\/p>\n<h3>Instalaci\u00f3n, Mantenimiento y Reparaci\u00f3n<\/h3>\n<p>El eje de la TDF T2 est\u00e1 dise\u00f1ado para que sea f\u00e1cil de instalar y mantener. El producto viene con un manual de instrucciones detallado que proporciona una gu\u00eda paso a paso sobre c\u00f3mo instalar y usar el eje. Tambi\u00e9n es necesario un mantenimiento regular para garantizar el correcto funcionamiento del producto. El usuario debe revisar peri\u00f3dicamente el producto para detectar desgaste y lubricar el eje seg\u00fan sea necesario. Si es necesario realizar reparaciones, se recomienda ponerse en contacto con un t\u00e9cnico profesional que est\u00e9 familiarizado con el producto.<\/p>\n<h3>Reemplazo<\/h3>\n<p>Si es necesario reemplazar el eje de la TDF T2, es importante asegurarse de que la pieza de repuesto sea de igual o mejor calidad que la original. Los clientes deben comunicarse con el proveedor original para comprar repuestos originales.<\/p>\n<h3>Otros productos<\/h3>\n<p>Adem\u00e1s del eje de toma de fuerza T2, nuestra empresa tambi\u00e9n suministra varios otros productos utilizados en la industria, como cajas de engranajes agr\u00edcolas, ejes de salida de potencia, ruedas dentadas, acoplamientos de fluido, reductores de engranajes helicoidales, engranajes y cremalleras, cadenas desmontables, poleas y poleas, cajas de engranajes planetarios, poleas de distribuci\u00f3n, bujes y m\u00e1s. Nuestros productos son de alta calidad, ofrecen precios favorables y vienen con un servicio considerado. Los clientes son bienvenidos a venir a nosotros para la personalizaci\u00f3n de dibujos o muestras.<\/p>\n<h2>Preguntas y respuestas<\/h2>\n<h3>P1: \u00bfPara qu\u00e9 se utiliza el eje TDF T2?<\/h3>\n<p>El eje TDF T2 se utiliza para la transmisi\u00f3n de potencia en aplicaciones agr\u00edcolas, particularmente para tractores e implementos agr\u00edcolas.<\/p>\n<h3>P2: \u00bfCu\u00e1les son las ventajas del eje T2 TDF?<\/h3>\n<p>The T2 PTO Shaft is designed with a variety of features that make it an ideal choice for power transmission in agricultural applications. Its triangle tubes are sturdy and durable, while its yoke types, including push pin, quick release, ball attachment, collar, double push pin, bolt pins, and split pins, make it versatile and easy to use. The product&#8217;s cold-drawn tube ensures that it is tough and wear-resistant, while its CE and ISO certification indicates that it is a high-quality and safe product.<\/p>\n<h3>P3: \u00bfC\u00f3mo instalo el eje TDF T2?<\/h3>\n<p>El producto viene con un manual de instrucciones detallado que proporciona orientaci\u00f3n paso a paso sobre c\u00f3mo instalar y utilizar el eje.<\/p>\n<h3>P4: \u00bfPuedo reparar el eje T2 TDF yo mismo?<\/h3>\n<p>Si es necesario realizar reparaciones, se recomienda contactar a un t\u00e9cnico profesional que est\u00e9 familiarizado con el producto.<\/p>\n<h3>Q5: \u00bfD\u00f3nde puedo comprar repuestos originales para el eje T2 TDF?<\/h3>\n<p>Los clientes deben ponerse en contacto con el proveedor original para la compra de repuestos originales.<\/p>","protected":false},"excerpt":{"rendered":"<p>Customized Power Transmission Black Agricultural Transmission Machine T2 PTO Shaft The T2 PTO Shaft is a new transmission product that is widely used in tractors and farm implements. It is designed to provide power transmission for various agricultural machinery, such as plows, cultivators, and mowers. The T2 PTO shaft is made of high-quality materials that [&hellip;]<\/p>","protected":false},"featured_media":4012,"template":"","meta":{"_et_pb_use_builder":"","_et_pb_old_content":"","_et_gb_content_width":""},"product_brand":[],"product_cat":[11315],"product_tag":[],"class_list":{"0":"post-4013","1":"product","2":"type-product","3":"status-publish","4":"has-post-thumbnail","6":"product_cat-pto-shaft","8":"first","9":"instock","10":"shipping-taxable","11":"product-type-simple"},"_links":{"self":[{"href":"https:\/\/agricultural-gear-boxes.com\/es\/wp-json\/wp\/v2\/product\/4013","targetHints":{"allow":["GET"]}}],"collection":[{"href":"https:\/\/agricultural-gear-boxes.com\/es\/wp-json\/wp\/v2\/product"}],"about":[{"href":"https:\/\/agricultural-gear-boxes.com\/es\/wp-json\/wp\/v2\/types\/product"}],"wp:featuredmedia":[{"embeddable":true,"href":"https:\/\/agricultural-gear-boxes.com\/es\/wp-json\/wp\/v2\/media\/4012"}],"wp:attachment":[{"href":"https:\/\/agricultural-gear-boxes.com\/es\/wp-json\/wp\/v2\/media?parent=4013"}],"wp:term":[{"taxonomy":"product_brand","embeddable":true,"href":"https:\/\/agricultural-gear-boxes.com\/es\/wp-json\/wp\/v2\/product_brand?post=4013"},{"taxonomy":"product_cat","embeddable":true,"href":"https:\/\/agricultural-gear-boxes.com\/es\/wp-json\/wp\/v2\/product_cat?post=4013"},{"taxonomy":"product_tag","embeddable":true,"href":"https:\/\/agricultural-gear-boxes.com\/es\/wp-json\/wp\/v2\/product_tag?post=4013"}],"curies":[{"name":"wp","href":"https:\/\/api.w.org\/{rel}","templated":true}]}}