{"id":4015,"date":"2024-09-02T06:02:46","date_gmt":"2024-09-02T06:02:46","guid":{"rendered":"https:\/\/agricultural-gear-boxes.com\/product\/yellow-straight-protector-t1-10-20-hp-800mm-1-3-8-z6-pto-shaft-agricultural-shaft\/"},"modified":"2024-09-02T06:02:46","modified_gmt":"2024-09-02T06:02:46","slug":"yellow-straight-protector-t1-10-20-hp-800mm-1-3-8-z6-pto-shaft-agricultural-shaft","status":"publish","type":"product","link":"https:\/\/agricultural-gear-boxes.com\/es\/product\/yellow-straight-protector-t1-10-20-hp-800mm-1-3-8-z6-pto-shaft-agricultural-shaft\/","title":{"rendered":"Protector recto amarillo T1 10-20 HP 800MM 1 3\/8\u201d Z6 Eje de toma de fuerza Eje agr\u00edcola"},"content":{"rendered":"<h2>Protector recto amarillo T1 10-20 HP 800MM 1 3\/8\u201d Z6 Eje de toma de fuerza Eje agr\u00edcola<\/h2>\n<p>The Yellow Straight Protector T1 10-20 HP 800MM 1 3\/8&#8221; Z6 PTO Shaft Agricultural Shaft is a new and innovative product that is widely used in a variety of scenarios such as hotels, farms, and manufacturing plants. The PTO shaft is designed for use with tractors and farm implements, and it is used for power transmission. This shaft is made with high-quality materials and is forged, which makes it durable and strong. It has been certified with CE, ISO, and TS certifications, and is cold-drawn and processed with a triangle tube.<\/p>\n<h3>Funci\u00f3n<\/h3>\n<p>The Yellow Straight Protector T1 10-20 HP 800MM 1 3\/8&#8221; Z6 PTO Shaft Agricultural Shaft is designed for power transmission in agricultural machinery. It is specifically used with tractors and farm implements to power and operate various machinery.<\/p>\n<h3>Procesamiento de yugo y tubo<\/h3>\n<p>El yugo de este eje de toma de fuerza est\u00e1 forjado y el tubo est\u00e1 estirado en fr\u00edo, lo que lo hace resistente y duradero. El yugo est\u00e1 disponible en diferentes tipos, como pasador de empuje doble, pasadores de perno, pasadores partidos, pasador de empuje, liberaci\u00f3n r\u00e1pida, fijaci\u00f3n de bola, collar, etc. Tambi\u00e9n est\u00e1 disponible en diferentes colores, como verde, naranja, amarillo y negro.<\/p>\n<h3>Embalaje<\/h3>\n<p>The Yellow Straight Protector T1 10-20 HP 800MM 1 3\/8&#8221; Z6 PTO Shaft Agricultural Shaft comes with customized packing. The packing includes a plastic bag and wooden case, and it can be adjusted according to the customer&#8217;s requirements.<\/p>\n<h3>Plazo de entrega y servicio postventa<\/h3>\n<p>The product is available in stock or takes 35 days to deliver, depending on the customer&#8217;s requirements. It comes with a 1-year warranty, as well as video technical support, online support, and spare parts for after-sales services. The company provides local service locations for customers across different regions.<\/p>\n<h3>C\u00f3mo instalar, mantener y reparar el producto<\/h3>\n<p>The Yellow Straight Protector T1 10-20 HP 800MM 1 3\/8&#8221; Z6 PTO Shaft Agricultural Shaft is easy to install and use. It should be kept clean and lubricated regularly to maintain its functionality. If it needs to be repaired, it is recommended to contact the original supplier for purchase of original spare parts. The company also provides video technical support and online support to assist customers with any issues.<\/p>\n<h2>Otros productos de la empresa<\/h2>\n<p>La empresa suministra principalmente diversos engranajes de pl\u00e1stico utilizados en la industria, como cajas de engranajes agr\u00edcolas, ejes de salida de potencia, ruedas dentadas, acoplamientos de fluidos, reductores de tornillo sin fin, engranajes y cremalleras, cadenas desmontables, poleas y poleas, cajas de engranajes planetarios, poleas de distribuci\u00f3n, bujes y m\u00e1s. La empresa se enorgullece de ofrecer productos de alta calidad, precios favorables y servicios considerados. Los clientes son bienvenidos a venir a la empresa para la personalizaci\u00f3n de dibujos o muestras.<\/p>\n<h2>Preguntas y respuestas<\/h2>\n<h3>Q1: What is the function of the Yellow Straight Protector T1 10-20 HP 800MM 1 3\/8&#8221; Z6 PTO Shaft Agricultural Shaft?<\/h3>\n<p>Ans: The Yellow Straight Protector T1 10-20 HP 800MM 1 3\/8&#8221; Z6 PTO Shaft Agricultural Shaft is designed for power transmission in agricultural machinery, specifically used with tractors and farm implements to power and operate various machinery.<\/p>\n<h3>P2: \u00bfCu\u00e1les son los m\u00e9todos de procesamiento utilizados para fabricar el eje de la toma de fuerza?<\/h3>\n<p>Respuesta: El yugo est\u00e1 forjado y el tubo est\u00e1 estirado en fr\u00edo, lo que lo hace resistente y duradero. El yugo est\u00e1 disponible en diferentes tipos, como pasador de empuje doble, pasadores de perno, pasadores partidos, pasador de empuje, liberaci\u00f3n r\u00e1pida, fijaci\u00f3n de bola, collar, etc.<\/p>\n<h3>P3: \u00bfCu\u00e1l es el per\u00edodo de garant\u00eda del eje de la toma de fuerza?<\/h3>\n<p>Ans: The Yellow Straight Protector T1 10-20 HP 800MM 1 3\/8&#8221; Z6 PTO Shaft Agricultural Shaft comes with a 1-year warranty, as well as video technical support, online support, and spare parts for after-sales services.<\/p>\n<h3>P4: \u00bfCu\u00e1les son los plazos de entrega del eje TDF?<\/h3>\n<p>Ans: The product is available in stock or takes 35 days to deliver, depending on the customer&#8217;s requirements.<\/p>\n<h3>Q5: \u00bfC\u00f3mo deben los clientes mantener el eje de la toma de fuerza?<\/h3>\n<p>Ans: The Yellow Straight Protector T1 10-20 HP 800MM 1 3\/8&#8221; Z6 PTO Shaft Agricultural Shaft should be kept clean and lubricated regularly to maintain its functionality.<\/p>","protected":false},"excerpt":{"rendered":"<p>Yellow Straight Protector T1 10-20 HP 800MM 1 3\/8&#8221; Z6 PTO Shaft Agricultural Shaft The Yellow Straight Protector T1 10-20 HP 800MM 1 3\/8&#8221; Z6 PTO Shaft Agricultural Shaft is a new and innovative product that is widely used in a variety of scenarios such as hotels, farms, and manufacturing plants. The PTO shaft is [&hellip;]<\/p>","protected":false},"featured_media":4014,"template":"","meta":{"_et_pb_use_builder":"","_et_pb_old_content":"","_et_gb_content_width":""},"product_brand":[],"product_cat":[11315],"product_tag":[],"class_list":{"0":"post-4015","1":"product","2":"type-product","3":"status-publish","4":"has-post-thumbnail","6":"product_cat-pto-shaft","8":"first","9":"instock","10":"shipping-taxable","11":"product-type-simple"},"_links":{"self":[{"href":"https:\/\/agricultural-gear-boxes.com\/es\/wp-json\/wp\/v2\/product\/4015","targetHints":{"allow":["GET"]}}],"collection":[{"href":"https:\/\/agricultural-gear-boxes.com\/es\/wp-json\/wp\/v2\/product"}],"about":[{"href":"https:\/\/agricultural-gear-boxes.com\/es\/wp-json\/wp\/v2\/types\/product"}],"wp:featuredmedia":[{"embeddable":true,"href":"https:\/\/agricultural-gear-boxes.com\/es\/wp-json\/wp\/v2\/media\/4014"}],"wp:attachment":[{"href":"https:\/\/agricultural-gear-boxes.com\/es\/wp-json\/wp\/v2\/media?parent=4015"}],"wp:term":[{"taxonomy":"product_brand","embeddable":true,"href":"https:\/\/agricultural-gear-boxes.com\/es\/wp-json\/wp\/v2\/product_brand?post=4015"},{"taxonomy":"product_cat","embeddable":true,"href":"https:\/\/agricultural-gear-boxes.com\/es\/wp-json\/wp\/v2\/product_cat?post=4015"},{"taxonomy":"product_tag","embeddable":true,"href":"https:\/\/agricultural-gear-boxes.com\/es\/wp-json\/wp\/v2\/product_tag?post=4015"}],"curies":[{"name":"wp","href":"https:\/\/api.w.org\/{rel}","templated":true}]}}