{"id":4021,"date":"2024-09-02T06:03:13","date_gmt":"2024-09-02T06:03:13","guid":{"rendered":"https:\/\/agricultural-gear-boxes.com\/product\/high-quality-easy-to-manufacture-wide-angle-pto-shafts-for-car\/"},"modified":"2024-09-02T06:03:14","modified_gmt":"2024-09-02T06:03:14","slug":"high-quality-easy-to-manufacture-wide-angle-pto-shafts-for-car","status":"publish","type":"product","link":"https:\/\/agricultural-gear-boxes.com\/es\/product\/high-quality-easy-to-manufacture-wide-angle-pto-shafts-for-car\/","title":{"rendered":"Ejes de toma de fuerza de \u00e1ngulo amplio de alta calidad y f\u00e1cil de fabricar para autom\u00f3viles"},"content":{"rendered":"<h2>Ejes de toma de fuerza de \u00e1ngulo amplio de alta calidad y f\u00e1cil de fabricar para autom\u00f3viles<\/h2>\n<p>El eje de la toma de fuerza PTO 21-T4S 800 es un tipo de eje de la toma de fuerza de alta calidad que se utiliza ampliamente en plantas de fabricaci\u00f3n, talleres de reparaci\u00f3n de maquinaria, granjas, comercios minoristas, obras de construcci\u00f3n, tiendas de alimentos y bebidas y otras industrias. Est\u00e1 hecho de material de acero duradero que puede soportar condiciones de trabajo dif\u00edciles y cargas pesadas. El eje de la toma de fuerza est\u00e1 dise\u00f1ado para una f\u00e1cil instalaci\u00f3n, mantenimiento y reparaci\u00f3n, lo que lo convierte en una opci\u00f3n popular entre los usuarios de tractores e implementos agr\u00edcolas.<\/p>\n<h3>Ventajas de la PTO 21-T4S 800<\/h3>\n<ul>\n<li>Material de acero duradero<\/li>\n<li>F\u00e1cil de instalar, mantener y reparar.<\/li>\n<li>Rendimiento confiable y de alta calidad<\/li>\n<li>Dise\u00f1o de gran angular para mayor flexibilidad y maniobrabilidad.<\/li>\n<li>Compatible con varios tractores e implementos agr\u00edcolas.<\/li>\n<\/ul>\n<h3>C\u00f3mo instalar y mantener la toma de fuerza 21-T4S 800<\/h3>\n<p>Antes de instalar el eje de la TDF, es importante asegurarse de que todos los componentes est\u00e9n en buenas condiciones de funcionamiento y libres de da\u00f1os o defectos. Se pueden seguir los siguientes pasos para instalar y realizar el mantenimiento del eje de la TDF:<\/p>\n<ol>\n<li>Limpie e inspeccione todos los componentes antes de la instalaci\u00f3n.<\/li>\n<li>Aseg\u00farese de que el eje est\u00e9 correctamente alineado con el tractor y el implemento.<\/li>\n<li>Engrase peri\u00f3dicamente todas las piezas m\u00f3viles y los cojinetes para evitar el desgaste.<\/li>\n<li>Revise y apriete todos los pernos y accesorios peri\u00f3dicamente.<\/li>\n<li>Reemplace inmediatamente cualquier pieza da\u00f1ada o desgastada.<\/li>\n<\/ol>\n<h3>Otros productos de nuestra empresa<\/h3>\n<p>Nuestra empresa, Ever-Power Group Co., Ltd., se especializa en el desarrollo, fabricaci\u00f3n y comercializaci\u00f3n de diversos engranajes y componentes industriales. Adem\u00e1s de ejes de toma de fuerza, tambi\u00e9n suministramos engranajes de pl\u00e1stico, cajas de engranajes agr\u00edcolas, ejes de salida de potencia, ruedas dentadas, acoplamientos de fluidos, reductores de engranajes helicoidales, engranajes y cremalleras, cadenas desmontables, poleas y poleas, cajas de engranajes planetarios, poleas de distribuci\u00f3n, bujes y m\u00e1s. Ofrecemos productos de alta calidad a un precio favorable y estamos dedicados a brindar un excelente servicio al cliente a nuestros clientes.<\/p>\n<h2>Preguntas y respuestas:<\/h2>\n<h3>1. \u00bfDe qu\u00e9 est\u00e1 hecho el PTO 21-T4S 800?<\/h3>\n<p>Est\u00e1 hecho de material de acero duradero que puede soportar duras condiciones de trabajo y cargas pesadas.<\/p>\n<h3>2. \u00bfCu\u00e1les son las ventajas del PTO 21-T4S 800?<\/h3>\n<p>Las ventajas de PTO 21-T4S 800 incluyen su material de acero duradero, f\u00e1cil instalaci\u00f3n, mantenimiento y reparaci\u00f3n, rendimiento confiable y de alta calidad, dise\u00f1o de gran \u00e1ngulo para mayor flexibilidad y maniobrabilidad, y compatibilidad con varios tractores e implementos agr\u00edcolas.<\/p>\n<h3>3. \u00bfC\u00f3mo instalo y mantengo el PTO 21-T4S 800?<\/h3>\n<p>Antes de instalar el eje de la toma de fuerza, es importante asegurarse de que todos los componentes est\u00e9n en buenas condiciones de funcionamiento y libres de da\u00f1os o defectos. Se pueden seguir los siguientes pasos para instalar y mantener el eje de la toma de fuerza: Limpie e inspeccione todos los componentes antes de la instalaci\u00f3n, aseg\u00farese de que el eje est\u00e9 correctamente alineado con el tractor y el implemento, engrase todas las piezas m\u00f3viles y los cojinetes con regularidad para evitar el desgaste, controle y ajuste todos los pernos y accesorios con regularidad y reemplace las piezas da\u00f1adas o desgastadas de inmediato.<\/p>\n<h3>4. \u00bfQu\u00e9 otros productos suministra Ever-Power Group Co., Ltd.?<\/h3>\n<p>Ever-Power Group Co., Ltd. se especializa en el desarrollo, fabricaci\u00f3n y comercializaci\u00f3n de diversos engranajes y componentes industriales, incluidos engranajes de pl\u00e1stico, cajas de engranajes agr\u00edcolas, ejes de salida de potencia, pi\u00f1ones, acoplamientos de fluido, reductores de tornillo sin fin, engranajes y cremalleras, cadenas desmontables, poleas y poleas, cajas de engranajes planetarios, poleas de distribuci\u00f3n, bujes y m\u00e1s.<\/p>\n<h3>5. What is the company&#8217;s commitment to its customers?<\/h3>\n<p>Nuestra empresa se compromete a proporcionar productos de alta calidad a un precio favorable y un excelente servicio al cliente a nuestros clientes. Damos la bienvenida a los clientes que vienen a nosotros para la personalizaci\u00f3n de dibujos o muestras y estamos dedicados a establecer una relaci\u00f3n de cooperaci\u00f3n a largo plazo beneficiosa para ambas partes.<\/p>","protected":false},"excerpt":{"rendered":"<p>High Quality Easy To Manufacture Wide Angle PTO Shafts for Car PTO 21-T4S 800 is a type of high-quality PTO shaft that is widely used in manufacturing plants, machinery repair shops, farms, retail, construction works, food &amp; beverage shops, and other industries. It is made of durable steel material that can withstand tough working conditions [&hellip;]<\/p>","protected":false},"featured_media":4020,"template":"","meta":{"_et_pb_use_builder":"","_et_pb_old_content":"","_et_gb_content_width":""},"product_brand":[],"product_cat":[11315],"product_tag":[],"class_list":{"0":"post-4021","1":"product","2":"type-product","3":"status-publish","4":"has-post-thumbnail","6":"product_cat-pto-shaft","8":"first","9":"instock","10":"shipping-taxable","11":"product-type-simple"},"_links":{"self":[{"href":"https:\/\/agricultural-gear-boxes.com\/es\/wp-json\/wp\/v2\/product\/4021","targetHints":{"allow":["GET"]}}],"collection":[{"href":"https:\/\/agricultural-gear-boxes.com\/es\/wp-json\/wp\/v2\/product"}],"about":[{"href":"https:\/\/agricultural-gear-boxes.com\/es\/wp-json\/wp\/v2\/types\/product"}],"wp:featuredmedia":[{"embeddable":true,"href":"https:\/\/agricultural-gear-boxes.com\/es\/wp-json\/wp\/v2\/media\/4020"}],"wp:attachment":[{"href":"https:\/\/agricultural-gear-boxes.com\/es\/wp-json\/wp\/v2\/media?parent=4021"}],"wp:term":[{"taxonomy":"product_brand","embeddable":true,"href":"https:\/\/agricultural-gear-boxes.com\/es\/wp-json\/wp\/v2\/product_brand?post=4021"},{"taxonomy":"product_cat","embeddable":true,"href":"https:\/\/agricultural-gear-boxes.com\/es\/wp-json\/wp\/v2\/product_cat?post=4021"},{"taxonomy":"product_tag","embeddable":true,"href":"https:\/\/agricultural-gear-boxes.com\/es\/wp-json\/wp\/v2\/product_tag?post=4021"}],"curies":[{"name":"wp","href":"https:\/\/api.w.org\/{rel}","templated":true}]}}