{"id":4023,"date":"2024-09-02T06:03:22","date_gmt":"2024-09-02T06:03:22","guid":{"rendered":"https:\/\/agricultural-gear-boxes.com\/product\/customizable-car-parts-wide-angle-pto-shafts-long-service-life-drive-shaft\/"},"modified":"2024-09-02T06:03:23","modified_gmt":"2024-09-02T06:03:23","slug":"customizable-car-parts-wide-angle-pto-shafts-long-service-life-drive-shaft","status":"publish","type":"product","link":"https:\/\/agricultural-gear-boxes.com\/es\/product\/customizable-car-parts-wide-angle-pto-shafts-long-service-life-drive-shaft\/","title":{"rendered":"Ejes de toma de fuerza de \u00e1ngulo amplio y piezas de autom\u00f3vil personalizables Eje de transmisi\u00f3n de larga vida \u00fatil"},"content":{"rendered":"<h2>Ejes de toma de fuerza de \u00e1ngulo amplio y piezas de autom\u00f3vil personalizables Eje de transmisi\u00f3n de larga vida \u00fatil<\/h2>\n<p>El eje de transmisi\u00f3n de larga vida \u00fatil con ejes de toma de fuerza de \u00e1ngulo amplio personalizables para autom\u00f3viles es un componente esencial de cualquier tractor. Se utiliza para transferir potencia del motor a los implementos acoplados al tractor. Este producto es adecuado para su uso en plantas de fabricaci\u00f3n, talleres de reparaci\u00f3n de maquinaria, granjas, comercios minoristas, obras de construcci\u00f3n, tiendas de alimentos y bebidas y otras industrias. El PTO 20-T2 720 est\u00e1 hecho de acero de alta calidad, lo que lo hace duradero y resistente. El producto viene con una garant\u00eda de un a\u00f1o y el plazo de entrega es de 15 a 25 d\u00edas. El eje de transmisi\u00f3n pesa solo 1 kg, lo que lo hace f\u00e1cil de manejar. <\/p>\n<h3>Ventajas de las piezas de autom\u00f3vil personalizables Ejes de toma de fuerza de \u00e1ngulo amplio Eje de transmisi\u00f3n de larga vida \u00fatil<\/h3>\n<ul>\n<li>Color personalizable<\/li>\n<li>High-quality material &#8211; steel<\/li>\n<li>Larga vida \u00fatil<\/li>\n<li>F\u00e1cil de instalar, mantener y reparar.<\/li>\n<li>Garant\u00eda de un a\u00f1o<\/li>\n<\/ul>\n<h3>Instalaci\u00f3n, mantenimiento y reparaci\u00f3n de ejes de toma de fuerza de \u00e1ngulo amplio y piezas personalizables para autom\u00f3viles, eje de transmisi\u00f3n de larga vida \u00fatil<\/h3>\n<p>El eje de transmisi\u00f3n de larga vida \u00fatil con ejes de toma de fuerza de \u00e1ngulo amplio personalizables para autom\u00f3viles es f\u00e1cil de instalar, mantener y reparar. El producto viene con un informe de prueba de la maquinaria y un informe de inspecci\u00f3n de salida en video. Tambi\u00e9n incluye una caja de madera para empaque. <\/p>\n<h4>Instalaci\u00f3n<\/h4>\n<p>Al instalar el eje de la toma de fuerza, aseg\u00farese de que los protectores de seguridad est\u00e9n colocados y asegurados. Revise las juntas universales para asegurarse de que no est\u00e9n desgastadas ni da\u00f1adas. Aseg\u00farese de que el eje de la toma de fuerza est\u00e9 correctamente alineado con el tractor y el implemento. <\/p>\n<h4>Mantenimiento<\/h4>\n<p>El mantenimiento del eje de la toma de fuerza implica la lubricaci\u00f3n peri\u00f3dica de las juntas universales y de los yugos deslizantes. Compruebe que los protectores de seguridad no est\u00e9n da\u00f1ados y sustit\u00fayalos si es necesario. <\/p>\n<h4>Reparar<\/h4>\n<p>Si el eje de la toma de fuerza est\u00e1 da\u00f1ado, se recomienda reemplazarlo. Las piezas de repuesto est\u00e1n disponibles en el fabricante. <\/p>\n<h3>Acerca de EVER-POWER GROUP Co., Ltd.<\/h3>\n<p>EVER-POWER GROUP Co., Ltd. es un proveedor l\u00edder de ejes de toma de fuerza, ejes card\u00e1n industriales, ejes de transmisi\u00f3n para autom\u00f3viles, ejes de acoplamiento de junta universal y juntas universales. Adem\u00e1s, suministran diversos engranajes de pl\u00e1stico utilizados en la industria, como cajas de cambios agr\u00edcolas, ejes de salida de potencia, ruedas dentadas, acoplamientos de fluidos, reductores de engranajes helicoidales, engranajes y cremalleras, cadenas desmontables, poleas y poleas, cajas de engranajes planetarios, poleas de distribuci\u00f3n, bujes y m\u00e1s. Se comprometen a proporcionar productos de alta calidad, precios favorables y un servicio considerado. Invitan a los clientes a venir a la personalizaci\u00f3n del dibujo o la muestra. <\/p>\n<h2>Preguntas y respuestas<\/h2>\n<h3>1. \u00bfPara qu\u00e9 se utilizan los ejes de transmisi\u00f3n de larga vida \u00fatil con ejes de toma de fuerza de \u00e1ngulo amplio y piezas de autom\u00f3vil personalizables?<\/h3>\n<p>Los ejes de toma de fuerza de \u00e1ngulo amplio y larga vida \u00fatil personalizables para autom\u00f3viles se utilizan para transferir potencia del motor a los implementos conectados al tractor. <\/p>\n<h3>2. \u00bfCu\u00e1l es la garant\u00eda del Eje de transmisi\u00f3n de larga vida \u00fatil con ejes de toma de fuerza de \u00e1ngulo ancho y piezas de autom\u00f3vil personalizables?<\/h3>\n<p>El eje de transmisi\u00f3n de larga vida \u00fatil con ejes de toma de fuerza de \u00e1ngulo amplio y piezas de autom\u00f3vil personalizables viene con una garant\u00eda de un a\u00f1o. <\/p>\n<h3>3. \u00bfC\u00f3mo instalo el eje de transmisi\u00f3n de larga vida \u00fatil con ejes de toma de fuerza de \u00e1ngulo ancho y piezas de autom\u00f3vil personalizables?<\/h3>\n<p>Al instalar el eje de la toma de fuerza, aseg\u00farese de que los protectores de seguridad est\u00e9n colocados y asegurados. Revise las juntas universales para asegurarse de que no est\u00e9n desgastadas ni da\u00f1adas. Aseg\u00farese de que el eje de la toma de fuerza est\u00e9 correctamente alineado con el tractor y el implemento.<\/p>\n<h3>4. \u00bfC\u00f3mo mantengo el eje de transmisi\u00f3n de larga vida \u00fatil con ejes de toma de fuerza de \u00e1ngulo ancho y piezas de autom\u00f3vil personalizables?<\/h3>\n<p>El mantenimiento del eje de la toma de fuerza implica la lubricaci\u00f3n peri\u00f3dica de las juntas universales y de los yugos deslizantes. Compruebe que los protectores de seguridad no est\u00e9n da\u00f1ados y sustit\u00fayalos si es necesario. <\/p>\n<h3>5. \u00bfD\u00f3nde puedo comprar piezas de repuesto para los ejes de toma de fuerza de \u00e1ngulo ancho y larga vida \u00fatil personalizables para autom\u00f3viles?<\/h3>\n<p>Las piezas de repuesto para los ejes de toma de fuerza de \u00e1ngulo ancho y larga vida \u00fatil personalizables para autom\u00f3viles est\u00e1n f\u00e1cilmente disponibles a trav\u00e9s del fabricante. <\/p>","protected":false},"excerpt":{"rendered":"<p>Customizable Car Parts Wide Angle PTO Shafts Long Service Life Drive Shaft The Customizable Car Parts Wide Angle PTO Shafts Long Service Life Drive Shaft is an essential component of any tractor. It is used to transfer power from the engine to the implements attached to the tractor. This product is suitable for use in [&hellip;]<\/p>","protected":false},"featured_media":4022,"template":"","meta":{"_et_pb_use_builder":"","_et_pb_old_content":"","_et_gb_content_width":""},"product_brand":[],"product_cat":[11315],"product_tag":[],"class_list":{"0":"post-4023","1":"product","2":"type-product","3":"status-publish","4":"has-post-thumbnail","6":"product_cat-pto-shaft","8":"first","9":"instock","10":"shipping-taxable","11":"product-type-simple"},"_links":{"self":[{"href":"https:\/\/agricultural-gear-boxes.com\/es\/wp-json\/wp\/v2\/product\/4023","targetHints":{"allow":["GET"]}}],"collection":[{"href":"https:\/\/agricultural-gear-boxes.com\/es\/wp-json\/wp\/v2\/product"}],"about":[{"href":"https:\/\/agricultural-gear-boxes.com\/es\/wp-json\/wp\/v2\/types\/product"}],"wp:featuredmedia":[{"embeddable":true,"href":"https:\/\/agricultural-gear-boxes.com\/es\/wp-json\/wp\/v2\/media\/4022"}],"wp:attachment":[{"href":"https:\/\/agricultural-gear-boxes.com\/es\/wp-json\/wp\/v2\/media?parent=4023"}],"wp:term":[{"taxonomy":"product_brand","embeddable":true,"href":"https:\/\/agricultural-gear-boxes.com\/es\/wp-json\/wp\/v2\/product_brand?post=4023"},{"taxonomy":"product_cat","embeddable":true,"href":"https:\/\/agricultural-gear-boxes.com\/es\/wp-json\/wp\/v2\/product_cat?post=4023"},{"taxonomy":"product_tag","embeddable":true,"href":"https:\/\/agricultural-gear-boxes.com\/es\/wp-json\/wp\/v2\/product_tag?post=4023"}],"curies":[{"name":"wp","href":"https:\/\/api.w.org\/{rel}","templated":true}]}}