{"id":4025,"date":"2024-09-02T06:03:33","date_gmt":"2024-09-02T06:03:33","guid":{"rendered":"https:\/\/agricultural-gear-boxes.com\/product\/quality-assurance-car-parts-transmission-machinery-driveshaft-pto-shafts\/"},"modified":"2024-09-02T06:03:33","modified_gmt":"2024-09-02T06:03:33","slug":"quality-assurance-car-parts-transmission-machinery-driveshaft-pto-shafts","status":"publish","type":"product","link":"https:\/\/agricultural-gear-boxes.com\/es\/product\/quality-assurance-car-parts-transmission-machinery-driveshaft-pto-shafts\/","title":{"rendered":"Garant\u00eda de calidad Piezas de autom\u00f3vil Transmisi\u00f3n Maquinaria Eje de transmisi\u00f3n Ejes de toma de fuerza"},"content":{"rendered":"<h2>Eje de transmisi\u00f3n PTO 12-T10 700 de alta calidad para implementos agr\u00edcolas<\/h2>\n<p>El eje de transmisi\u00f3n PTO 12-T10 700 es un producto de alta calidad dise\u00f1ado para su uso en varios tipos de tractores e implementos agr\u00edcolas. Fabricado con material de acero duradero, este eje de transmisi\u00f3n ofrece un rendimiento superior y una durabilidad duradera. Viene con una opci\u00f3n de personalizaci\u00f3n de color para adaptarse a sus preferencias personales.<\/p>\n<h3>Aplicaciones<\/h3>\n<p>El eje de transmisi\u00f3n PTO 12-T10 700 se puede utilizar en diversas aplicaciones, como plantas de fabricaci\u00f3n, talleres de reparaci\u00f3n de maquinaria, granjas, comercios minoristas, obras de construcci\u00f3n y otras tiendas de alimentos y bebidas. Es un componente com\u00fan de los implementos agr\u00edcolas y proporciona la transmisi\u00f3n de potencia necesaria para estas m\u00e1quinas.<\/p>\n<h3>Ventajas<\/h3>\n<p>El eje de transmisi\u00f3n PTO 12-T10 700 viene con una garant\u00eda de 1 a\u00f1o y su construcci\u00f3n de alta calidad garantiza un rendimiento confiable y durabilidad. Es capaz de soportar cargas elevadas y funcionar sin problemas, lo que proporciona la m\u00e1xima eficiencia para sus implementos agr\u00edcolas. Este eje de transmisi\u00f3n tambi\u00e9n es f\u00e1cil de instalar, mantener y reparar.<\/p>\n<h3>Presupuesto<\/h3>\n<ul>\n<li>Tipo: Ejes, Eje de transmisi\u00f3n<\/li>\n<li>Uso: Tractores<\/li>\n<li>Nombre del producto: PTO 12-T10 700<\/li>\n<li>Color: Personalizaci\u00f3n<\/li>\n<li>Material: acero<\/li>\n<li>Calidad: Alta calidad<\/li>\n<li>Aplicaci\u00f3n: Coche<\/li>\n<li>Plazo de entrega: 15-25 d\u00edas<\/li>\n<li>Cantidad m\u00ednima de pedido: 100 piezas<\/li>\n<li>Marca: EVER-POWER<\/li>\n<li>Embalaje: Caja de madera<\/li>\n<li>Packaging Details: Plastic bag+ Wooden case + According to Customer&#8217;s request<\/li>\n<li>Puerto: Shanghai o Ningbo<\/li>\n<\/ul>\n<h3>Instalaci\u00f3n y mantenimiento<\/h3>\n<p>To install the PTO 12-T10 700 driveshaft, follow the manufacturer&#8217;s instructions carefully. Regular maintenance is required to keep the driveshaft in good working condition. It is recommended to inspect the driveshaft periodically for signs of wear and damage, and to replace it if necessary.<\/p>\n<h3>Company&#8217;s Other Products Business<\/h3>\n<p>Adem\u00e1s del eje de transmisi\u00f3n PTO 12-T10 700, nuestra empresa suministra varios engranajes de pl\u00e1stico utilizados en la industria, como cajas de engranajes agr\u00edcolas, ejes de salida de potencia, ruedas dentadas, acoplamientos de fluido, reductores de engranajes helicoidales, engranajes y cremalleras, cadenas desmontables, poleas y poleas, cajas de engranajes planetarios, poleas de distribuci\u00f3n, bujes y m\u00e1s. Nos dedicamos a proporcionar productos de alta calidad a un precio favorable y con un servicio considerado. Damos la bienvenida a los clientes a que vengan a nosotros para la personalizaci\u00f3n de dibujos o muestras.<\/p>\n<h2>Preguntas y respuestas<\/h2>\n<h3>1. \u00bfC\u00f3mo funciona el eje de transmisi\u00f3n PTO 12-T10 700?<\/h3>\n<p>El eje de transmisi\u00f3n PTO 12-T10 700 es un componente de los implementos agr\u00edcolas que proporciona la transmisi\u00f3n de potencia necesaria para estas m\u00e1quinas. Su material de acero duradero garantiza un rendimiento confiable y una durabilidad duradera.<\/p>\n<h3>2. \u00bfCu\u00e1les son las ventajas del eje de transmisi\u00f3n PTO 12-T10 700?<\/h3>\n<p>El eje de transmisi\u00f3n PTO 12-T10 700 tiene una garant\u00eda de 1 a\u00f1o y su construcci\u00f3n de alta calidad garantiza un rendimiento confiable y durabilidad. Es capaz de soportar cargas elevadas y funcionar sin problemas, brindando la m\u00e1xima eficiencia para sus implementos agr\u00edcolas.<\/p>\n<h3>3. \u00bfC\u00f3mo instalo el eje de transmisi\u00f3n PTO 12-T10 700?<\/h3>\n<p>To install the PTO 12-T10 700 driveshaft, follow the manufacturer&#8217;s instructions carefully. Regular maintenance is required to keep the driveshaft in good working condition.<\/p>\n<h3>4. \u00bfCu\u00e1les son las aplicaciones del eje de transmisi\u00f3n PTO 12-T10 700?<\/h3>\n<p>El eje de transmisi\u00f3n PTO 12-T10 700 se puede utilizar en diversas aplicaciones, como plantas de fabricaci\u00f3n, talleres de reparaci\u00f3n de maquinaria, granjas, comercios minoristas, obras de construcci\u00f3n y otras tiendas de alimentos y bebidas.<\/p>\n<h3>5. \u00bfEl eje de transmisi\u00f3n PTO 12-T10 700 viene con garant\u00eda?<\/h3>\n<p>S\u00ed, el eje de transmisi\u00f3n PTO 12-T10 700 viene con una garant\u00eda de 1 a\u00f1o.<\/p>","protected":false},"excerpt":{"rendered":"<p>High Quality PTO 12-T10 700 Driveshaft for Agricultural Implements The PTO 12-T10 700 driveshaft is a high-quality product designed for use in various types of tractors and farm implements. Made with durable steel material, this driveshaft offers superior performance and long-lasting durability. It comes with a color customization option to suit your personal preference. Applications [&hellip;]<\/p>","protected":false},"featured_media":4024,"template":"","meta":{"_et_pb_use_builder":"","_et_pb_old_content":"","_et_gb_content_width":""},"product_brand":[],"product_cat":[11315],"product_tag":[],"class_list":{"0":"post-4025","1":"product","2":"type-product","3":"status-publish","4":"has-post-thumbnail","6":"product_cat-pto-shaft","8":"first","9":"instock","10":"shipping-taxable","11":"product-type-simple"},"_links":{"self":[{"href":"https:\/\/agricultural-gear-boxes.com\/es\/wp-json\/wp\/v2\/product\/4025","targetHints":{"allow":["GET"]}}],"collection":[{"href":"https:\/\/agricultural-gear-boxes.com\/es\/wp-json\/wp\/v2\/product"}],"about":[{"href":"https:\/\/agricultural-gear-boxes.com\/es\/wp-json\/wp\/v2\/types\/product"}],"wp:featuredmedia":[{"embeddable":true,"href":"https:\/\/agricultural-gear-boxes.com\/es\/wp-json\/wp\/v2\/media\/4024"}],"wp:attachment":[{"href":"https:\/\/agricultural-gear-boxes.com\/es\/wp-json\/wp\/v2\/media?parent=4025"}],"wp:term":[{"taxonomy":"product_brand","embeddable":true,"href":"https:\/\/agricultural-gear-boxes.com\/es\/wp-json\/wp\/v2\/product_brand?post=4025"},{"taxonomy":"product_cat","embeddable":true,"href":"https:\/\/agricultural-gear-boxes.com\/es\/wp-json\/wp\/v2\/product_cat?post=4025"},{"taxonomy":"product_tag","embeddable":true,"href":"https:\/\/agricultural-gear-boxes.com\/es\/wp-json\/wp\/v2\/product_tag?post=4025"}],"curies":[{"name":"wp","href":"https:\/\/api.w.org\/{rel}","templated":true}]}}