{"id":4027,"date":"2024-09-02T06:03:41","date_gmt":"2024-09-02T06:03:41","guid":{"rendered":"https:\/\/agricultural-gear-boxes.com\/product\/factory-price-customized-pto-shaft-shaft-transmission-driveshaft-for-harvester-machine\/"},"modified":"2024-09-02T06:03:41","modified_gmt":"2024-09-02T06:03:41","slug":"factory-price-customized-pto-shaft-shaft-transmission-driveshaft-for-harvester-machine","status":"publish","type":"product","link":"https:\/\/agricultural-gear-boxes.com\/es\/product\/factory-price-customized-pto-shaft-shaft-transmission-driveshaft-for-harvester-machine\/","title":{"rendered":"Eje de transmisi\u00f3n del eje de toma de fuerza personalizado a precio de f\u00e1brica para m\u00e1quina cosechadora"},"content":{"rendered":"<h2>Eje de toma de fuerza personalizado para m\u00e1quina cosechadora<\/h2>\n<p>El eje de toma de fuerza personalizado para m\u00e1quina cosechadora es un eje de transmisi\u00f3n de alta calidad que est\u00e1 dise\u00f1ado para satisfacer las necesidades espec\u00edficas de su m\u00e1quina cosechadora. Est\u00e1 hecho de material de acero de alta calidad que garantiza una alta dureza, durabilidad y resistencia al desgaste. Este producto se usa ampliamente en diversas industrias, como plantas de fabricaci\u00f3n, talleres de reparaci\u00f3n de maquinaria, obras de construcci\u00f3n, agricultura y m\u00e1s.<\/p>\n<h3>Ventajas del eje de toma de fuerza personalizado para la m\u00e1quina cosechadora<\/h3>\n<ul>\n<li>Alta calidad y durabilidad.<\/li>\n<li>Resistencia al desgaste<\/li>\n<li>Color personalizable<\/li>\n<li>F\u00e1cil de instalar y mantener.<\/li>\n<li>Disponible en diferentes tama\u00f1os y especificaciones.<\/li>\n<\/ul>\n<h3>Aplicaciones de ejes de toma de fuerza personalizados para m\u00e1quinas cosechadoras<\/h3>\n<p>The customized PTO shaft for harvester machine is mainly used in tractors and farm implements. It is an essential component that helps in the smooth functioning of your harvester machine. This shaft connects the tractor&#8217;s engine to the harvester machine, enabling the machine to function effectively. <\/p>\n<h3>\u00bfC\u00f3mo realizar el mantenimiento del eje de toma de fuerza personalizado para la m\u00e1quina cosechadora?<\/h3>\n<ul>\n<li>Inspeccione peri\u00f3dicamente el eje para detectar cualquier signo de desgaste.<\/li>\n<li>Lubrique el eje para evitar el \u00f3xido y la corrosi\u00f3n.<\/li>\n<li>Reemplace inmediatamente cualquier pieza da\u00f1ada o desgastada.<\/li>\n<li>Guarde el eje en un lugar seco y seguro.<\/li>\n<li>Follow the manufacturer&#8217;s instructions for maintenance and repair<\/li>\n<\/ul>\n<h3>\u00bfC\u00f3mo reemplazar el eje de toma de fuerza personalizado para la m\u00e1quina cosechadora?<\/h3>\n<p>Reemplazar el eje de la toma de fuerza personalizado de una m\u00e1quina cosechadora requiere conocimientos t\u00e9cnicos. Solo debe intentar reemplazar el eje si tiene las habilidades y el equipo necesarios o si debe consultar a un t\u00e9cnico experto para obtener ayuda. <\/p>\n<h3>Company&#8217;s Other Products Business<\/h3>\n<p>Nuestra empresa se especializa en el suministro de diversos engranajes de pl\u00e1stico utilizados en la industria, como cajas de engranajes agr\u00edcolas, ejes de salida de potencia, ruedas dentadas, acoplamientos de fluidos, reductores de engranajes helicoidales, engranajes y cremalleras, cadenas desmontables, poleas y poleas, cajas de engranajes planetarios, poleas de distribuci\u00f3n, bujes y m\u00e1s. Ofrecemos productos de alta calidad a un precio favorable con un servicio considerado. Damos la bienvenida a los clientes para que vengan a personalizar sus dibujos o muestras.<\/p>\n<h2>Preguntas y respuestas<\/h2>\n<p><b>Q1: \u00bfCu\u00e1l es la funci\u00f3n del eje TDF personalizado para la m\u00e1quina cosechadora?<\/b><br \/>\nA1: The customized PTO shaft connects the tractor&#8217;s engine to the harvester machine, enabling the machine to function effectively.<\/p>\n<p><b>P2: \u00bfQu\u00e9 materiales se utilizan para fabricar el eje de toma de fuerza personalizado para la m\u00e1quina cosechadora?<\/b><br \/>\nA2: El eje de toma de fuerza personalizado para m\u00e1quina cosechadora est\u00e1 hecho de material de acero de alta calidad que garantiza alta dureza, durabilidad y resistencia al desgaste.<\/p>\n<p><b>P3: \u00bfC\u00f3mo debo realizar el mantenimiento del eje de toma de fuerza personalizado para la m\u00e1quina cosechadora?<\/b><br \/>\nA3: You should regularly inspect the shaft for any signs of wear and tear, lubricate the shaft to prevent rust and corrosion, replace any damaged or worn-out parts immediately, store the shaft in a dry and safe place, and follow the manufacturer&#8217;s instructions for maintenance and repair.<\/p>\n<p><b>P4: \u00bfPuedo reemplazar yo mismo el eje de toma de fuerza personalizado para la m\u00e1quina cosechadora?<\/b><br \/>\nA4: Reemplazar el eje de la toma de fuerza personalizado de una m\u00e1quina cosechadora requiere conocimientos t\u00e9cnicos. Solo debe intentar reemplazar el eje si tiene las habilidades y el equipo necesarios o si debe consultar a un t\u00e9cnico experto para obtener ayuda.<\/p>\n<p><b>Q5: \u00bfQu\u00e9 otros productos suministra su empresa?<\/b><br \/>\nA5: Nuestra empresa suministra principalmente diversos engranajes de pl\u00e1stico utilizados en la industria, como cajas de engranajes agr\u00edcolas, ejes de salida de potencia, pi\u00f1ones, acoplamientos de fluido, reductores de tornillo sin fin, engranajes y cremalleras, cadenas desmontables, poleas y poleas, cajas de engranajes planetarios, poleas de distribuci\u00f3n, bujes y m\u00e1s.<\/p>","protected":false},"excerpt":{"rendered":"<p>Customized PTO Shaft for Harvester Machine The customized PTO shaft for harvester machine is a high-quality transmission driveshaft that is designed to meet the specific needs of your harvester machine. It is made of high-quality steel material that ensures high hardness, durability, and resistance to wear and tear. This product is widely used in various [&hellip;]<\/p>","protected":false},"featured_media":4026,"template":"","meta":{"_et_pb_use_builder":"","_et_pb_old_content":"","_et_gb_content_width":""},"product_brand":[],"product_cat":[11315],"product_tag":[],"class_list":{"0":"post-4027","1":"product","2":"type-product","3":"status-publish","4":"has-post-thumbnail","6":"product_cat-pto-shaft","8":"first","9":"instock","10":"shipping-taxable","11":"product-type-simple"},"_links":{"self":[{"href":"https:\/\/agricultural-gear-boxes.com\/es\/wp-json\/wp\/v2\/product\/4027","targetHints":{"allow":["GET"]}}],"collection":[{"href":"https:\/\/agricultural-gear-boxes.com\/es\/wp-json\/wp\/v2\/product"}],"about":[{"href":"https:\/\/agricultural-gear-boxes.com\/es\/wp-json\/wp\/v2\/types\/product"}],"wp:featuredmedia":[{"embeddable":true,"href":"https:\/\/agricultural-gear-boxes.com\/es\/wp-json\/wp\/v2\/media\/4026"}],"wp:attachment":[{"href":"https:\/\/agricultural-gear-boxes.com\/es\/wp-json\/wp\/v2\/media?parent=4027"}],"wp:term":[{"taxonomy":"product_brand","embeddable":true,"href":"https:\/\/agricultural-gear-boxes.com\/es\/wp-json\/wp\/v2\/product_brand?post=4027"},{"taxonomy":"product_cat","embeddable":true,"href":"https:\/\/agricultural-gear-boxes.com\/es\/wp-json\/wp\/v2\/product_cat?post=4027"},{"taxonomy":"product_tag","embeddable":true,"href":"https:\/\/agricultural-gear-boxes.com\/es\/wp-json\/wp\/v2\/product_tag?post=4027"}],"curies":[{"name":"wp","href":"https:\/\/api.w.org\/{rel}","templated":true}]}}