{"id":4029,"date":"2024-09-02T06:03:49","date_gmt":"2024-09-02T06:03:49","guid":{"rendered":"https:\/\/agricultural-gear-boxes.com\/product\/tractor-parts-b6-1800mm-agricultural-pto-shaft-with-clutch-sff4\/"},"modified":"2024-09-02T06:03:50","modified_gmt":"2024-09-02T06:03:50","slug":"tractor-parts-b6-1800mm-agricultural-pto-shaft-with-clutch-sff4","status":"publish","type":"product","link":"https:\/\/agricultural-gear-boxes.com\/es\/product\/tractor-parts-b6-1800mm-agricultural-pto-shaft-with-clutch-sff4\/","title":{"rendered":"Piezas de tractor B6 1800MM Eje de toma de fuerza agr\u00edcola con embrague SFF4"},"content":{"rendered":"<h2>Piezas de tractor B6 1800MM Eje de toma de fuerza agr\u00edcola con embrague SFF4<\/h2>\n<p>El eje de toma de fuerza agr\u00edcola con embrague SFF4 B6 de 1800 mm de Tractor Parts es un producto nuevo y de alta calidad dise\u00f1ado para la transmisi\u00f3n de potencia en tractores e implementos agr\u00edcolas. Con una garant\u00eda de 1 a\u00f1o, este eje es adecuado para diversas industrias, incluidos hoteles, tiendas de ropa, plantas de fabricaci\u00f3n y m\u00e1s.<\/p>\n<h3>Caracter\u00edsticas principales:<\/h3>\n<ul>\n<li>Condici\u00f3n: Nuevo<\/li>\n<li>Industrias aplicables: hoteles, tiendas de ropa, plantas de fabricaci\u00f3n, talleres de reparaci\u00f3n de maquinaria y m\u00e1s.<\/li>\n<li>Uso: Tractores e implementos agr\u00edcolas<\/li>\n<li>Funci\u00f3n: Transmisi\u00f3n de potencia<\/li>\n<li>Procesamiento del Yugo: Forja<\/li>\n<li>Certificado: CE, ISO y TS<\/li>\n<li>Embalaje: Embalaje personalizado<\/li>\n<li>Plazo de entrega: En stock o 35 d\u00edas<\/li>\n<\/ul>\n<h3>Especificaciones del producto:<\/h3>\n<table>\n<tr>\n<td>N\u00famero de modelo<\/td>\n<td>B6-1800 MM 1 3\/8&#8221; Z6<\/td>\n<\/tr>\n<tr>\n<td>Funci\u00f3n<\/td>\n<td>Drive Shaft Parts &#038; Power Transmission<\/td>\n<\/tr>\n<tr>\n<td>Usar<\/td>\n<td>Kinds of Tractors &#038; Farm Implements<\/td>\n<\/tr>\n<tr>\n<td>Nombre de marca<\/td>\n<td>PE<\/td>\n<\/tr>\n<tr>\n<td>Tipo de yugo<\/td>\n<td>Pasador de doble empuje, Pasadores de perno, Pasadores partidos, Pasador de empuje, Liberaci\u00f3n r\u00e1pida, Fijaci\u00f3n de bola, Collar y m\u00e1s<\/td>\n<\/tr>\n<tr>\n<td>Procesamiento de Yugo<\/td>\n<td>Forja<\/td>\n<\/tr>\n<tr>\n<td>Cubierta de pl\u00e1stico<\/td>\n<td>YW, BW, YS, BS, etc<\/td>\n<\/tr>\n<tr>\n<td>Color<\/td>\n<td>Verde, naranja, amarillo, negro, etc.<\/td>\n<\/tr>\n<tr>\n<td>Serie<\/td>\n<td>T1-T10, L1-L6, S6-S10, 10HP-150HP con SA, RA, SB, SFF, WA, CV, etc.<\/td>\n<\/tr>\n<tr>\n<td>Tipo de tubo<\/td>\n<td>Lim\u00f3n, Triangular, Estrella, Cuadrado, Hexagonal, Spline, Especial, etc.<\/td>\n<\/tr>\n<tr>\n<td>Procesamiento de tubos<\/td>\n<td>Dibujado en fr\u00edo<\/td>\n<\/tr>\n<tr>\n<td>Tipo de spline<\/td>\n<td>1 1\/8&#8243; Z6, 1 3\/8&#8243; Z6, 1 3\/8&#8243; Z21, 1 3\/4&#8243; Z20, 1 3\/4&#8243; Z6, 8-38*32*6, 8-42*36*7, 8-48*42*8, and more<\/td>\n<\/tr>\n<tr>\n<td>Lugar de origen<\/td>\n<td>Hangzhou, China (Continental)<\/td>\n<\/tr>\n<\/table>\n<p>El eje de toma de fuerza agr\u00edcola con embrague SFF4 B6 de 1800 mm de Tractor Parts es conocido por su confiabilidad, durabilidad y transmisi\u00f3n de potencia eficiente. Fabricado con materiales de alta calidad y con tecnolog\u00eda avanzada, este eje garantiza un rendimiento \u00f3ptimo en diversas aplicaciones de tractores e implementos agr\u00edcolas.<\/p>\n<h3>Instalaci\u00f3n y mantenimiento:<\/h3>\n<ul>\n<li>Alinee correctamente el eje con el tractor y el implemento.<\/li>\n<li>Aseg\u00farese de que todas las conexiones est\u00e9n bien fijadas.<\/li>\n<li>Inspeccione peri\u00f3dicamente el eje para detectar cualquier signo de da\u00f1o o desgaste.<\/li>\n<li>Engrase las juntas y los yugos seg\u00fan lo recomendado por el fabricante.<\/li>\n<li>Follow the manufacturer&#8217;s guidelines for maintenance and lubrication.<\/li>\n<li>En caso de cualquier problema, consulte el soporte t\u00e9cnico en video proporcionado o comun\u00edquese con el proveedor para obtener repuestos y soporte en l\u00ednea.<\/li>\n<\/ul>\n<h3>Ventajas:<\/h3>\n<ul>\n<li>Materiales de alta calidad para mayor durabilidad y longevidad.<\/li>\n<li>Dise\u00f1o optimizado para una transmisi\u00f3n de potencia eficiente<\/li>\n<li>Certificaci\u00f3n CE, ISO y TS para garant\u00eda de calidad.<\/li>\n<li>Opciones de embalaje personalizables<\/li>\n<li>Amplia gama de tractores y aperos agr\u00edcolas compatibles<\/li>\n<\/ul>\n<p>El eje de toma de fuerza agr\u00edcola con embrague SFF4 B6 de 1800 mm para tractores es una opci\u00f3n confiable para la transmisi\u00f3n de potencia en la industria agr\u00edcola. Su historial de uso exitoso en diversas aplicaciones habla de su eficacia y rendimiento. Ya sea que se utilice en granjas peque\u00f1as o en operaciones agr\u00edcolas de gran tama\u00f1o, este eje proporciona la transferencia de potencia necesaria para garantizar un funcionamiento suave y una mayor productividad.<\/p>\n<h3>Otros productos:<\/h3>\n<p>Adem\u00e1s de las piezas para tractor B6 1800MM Eje de toma de fuerza agr\u00edcola con embrague SFF4, nuestra empresa ofrece una amplia gama de engranajes de pl\u00e1stico de alta calidad y otros componentes industriales. Estos incluyen cajas de cambios agr\u00edcolas, ejes de salida de potencia, ruedas dentadas, acoplamientos de fluido, reductores de engranajes helicoidales, engranajes y cremalleras, cadenas desmontables, poleas y poleas, cajas de engranajes planetarios, poleas de distribuci\u00f3n, bujes y m\u00e1s. Nuestros productos son conocidos por su durabilidad, precios favorables y excelente servicio al cliente. Invitamos a los clientes a contactarnos para obtener soluciones personalizadas en funci\u00f3n de sus requisitos espec\u00edficos.<\/p>\n<h3>Preguntas y respuestas:<\/h3>\n<ol>\n<li>P: \u00bfSe puede utilizar el eje de toma de fuerza agr\u00edcola Tractor Parts B6 1800MM con embrague SFF4 con diferentes modelos de tractores?<\/li>\n<p>R: S\u00ed, este eje est\u00e1 dise\u00f1ado para compatibilidad universal con varios modelos de tractores e implementos agr\u00edcolas.<\/p>\n<li>P: \u00bfCu\u00e1nto dura la garant\u00eda del Eje de toma de fuerza agr\u00edcola Tractor Parts B6 1800MM con embrague SFF4?<\/li>\n<p>R: La garant\u00eda de este eje es v\u00e1lida por 1 a\u00f1o a partir de la fecha de compra.<\/p>\n<li>P: \u00bfEs f\u00e1cil instalar el eje de toma de fuerza agr\u00edcola Tractor Parts B6 1800MM con embrague SFF4?<\/li>\n<p>A: Yes, the installation process is straightforward. Follow the manufacturer&#8217;s guidelines for proper alignment and secure fastening.<\/p>\n<li>P: \u00bfPuedo reemplazar componentes individuales del eje de toma de fuerza agr\u00edcola Tractor Parts B6 1800MM con embrague SFF4?<\/li>\n<p>R: S\u00ed, hay piezas de repuesto disponibles para este eje. P\u00f3ngase en contacto con el proveedor para obtener componentes de repuesto.<\/p>\n<li>P: \u00bfCu\u00e1les son las ventajas de utilizar el eje de toma de fuerza agr\u00edcola Tractor Parts B6 1800MM con embrague SFF4?<\/li>\n<p>A: Este eje ofrece una excelente durabilidad, una transmisi\u00f3n de potencia eficiente y es compatible con una amplia gama de tractores e implementos agr\u00edcolas. Est\u00e1 dise\u00f1ado para soportar aplicaciones agr\u00edcolas exigentes.<\/p>\n<\/ol>","protected":false},"excerpt":{"rendered":"<p>Tractor Parts B6 1800MM Agricultural PTO Shaft With Clutch SFF4 The Tractor Parts B6 1800MM Agricultural PTO Shaft With Clutch SFF4 is a new and high-quality product designed for power transmission in tractors and farm implements. With a 1-year warranty, this shaft is suitable for various industries including hotels, garment shops, manufacturing plants, and more. [&hellip;]<\/p>","protected":false},"featured_media":4028,"template":"","meta":{"_et_pb_use_builder":"","_et_pb_old_content":"","_et_gb_content_width":""},"product_brand":[],"product_cat":[11315],"product_tag":[],"class_list":{"0":"post-4029","1":"product","2":"type-product","3":"status-publish","4":"has-post-thumbnail","6":"product_cat-pto-shaft","8":"first","9":"instock","10":"shipping-taxable","11":"product-type-simple"},"_links":{"self":[{"href":"https:\/\/agricultural-gear-boxes.com\/es\/wp-json\/wp\/v2\/product\/4029","targetHints":{"allow":["GET"]}}],"collection":[{"href":"https:\/\/agricultural-gear-boxes.com\/es\/wp-json\/wp\/v2\/product"}],"about":[{"href":"https:\/\/agricultural-gear-boxes.com\/es\/wp-json\/wp\/v2\/types\/product"}],"wp:featuredmedia":[{"embeddable":true,"href":"https:\/\/agricultural-gear-boxes.com\/es\/wp-json\/wp\/v2\/media\/4028"}],"wp:attachment":[{"href":"https:\/\/agricultural-gear-boxes.com\/es\/wp-json\/wp\/v2\/media?parent=4029"}],"wp:term":[{"taxonomy":"product_brand","embeddable":true,"href":"https:\/\/agricultural-gear-boxes.com\/es\/wp-json\/wp\/v2\/product_brand?post=4029"},{"taxonomy":"product_cat","embeddable":true,"href":"https:\/\/agricultural-gear-boxes.com\/es\/wp-json\/wp\/v2\/product_cat?post=4029"},{"taxonomy":"product_tag","embeddable":true,"href":"https:\/\/agricultural-gear-boxes.com\/es\/wp-json\/wp\/v2\/product_tag?post=4029"}],"curies":[{"name":"wp","href":"https:\/\/api.w.org\/{rel}","templated":true}]}}