{"id":4035,"date":"2024-09-02T06:04:16","date_gmt":"2024-09-02T06:04:16","guid":{"rendered":"https:\/\/agricultural-gear-boxes.com\/product\/g8-shaft-factory-directly-exported-to-korea-green-tractor-pto-shafts\/"},"modified":"2024-09-02T06:04:17","modified_gmt":"2024-09-02T06:04:17","slug":"g8-shaft-factory-directly-exported-to-korea-green-tractor-pto-shafts","status":"publish","type":"product","link":"https:\/\/agricultural-gear-boxes.com\/es\/product\/g8-shaft-factory-directly-exported-to-korea-green-tractor-pto-shafts\/","title":{"rendered":"La f\u00e1brica de ejes G8 exporta directamente a Corea ejes de toma de fuerza para tractores ecol\u00f3gicos"},"content":{"rendered":"<h2>La f\u00e1brica de ejes G8 exporta directamente a Corea ejes de toma de fuerza para tractores ecol\u00f3gicos<\/h2>\n<p>La f\u00e1brica de ejes G8 exporta directamente a Corea Los ejes de toma de fuerza para tractores ecol\u00f3gicos son ejes de alta calidad dise\u00f1ados espec\u00edficamente para tractores e implementos agr\u00edcolas. Con una garant\u00eda de 1 a\u00f1o, estos ejes est\u00e1n fabricados para durar y brindar un rendimiento confiable en diversas industrias, como hoteles, tiendas de ropa, plantas de fabricaci\u00f3n y m\u00e1s.<\/p>\n<h3>Especificaciones del producto:<\/h3>\n<ul>\n<li>Condici\u00f3n: Nuevo<\/li>\n<li>Garant\u00eda: 1 a\u00f1o<\/li>\n<li>Applicable Industries: Hotels, Garment Shops, Building Material Shops, Manufacturing Plant, Machinery Repair Shops, Food &#038; Beverage Factory, Farms, Restaurant, Home Use, Retail, Food Shop, Printing Shops, Construction works, Energy &#038; Mining, Food &#038; Beverage Shops, Other<\/li>\n<li>V\u00eddeo de inspecci\u00f3n de salida: Provisto<\/li>\n<li>Informe de prueba de maquinaria: proporcionado<\/li>\n<li>Tipo de marketing: Producto ordinario<\/li>\n<li>Tipo: Ejes<\/li>\n<li>Uso: Cosechadoras<\/li>\n<li>Nombre del producto: Eje G8 Ejes de toma de fuerza para tractores ecol\u00f3gicos exportados directamente a Corea<\/li>\n<li>Uso: Tractores e implementos agr\u00edcolas<\/li>\n<li>Dientes: Z8<\/li>\n<li>Procesamiento del Yugo: Forja<\/li>\n<li>Certificado: CE, ISO y TS<\/li>\n<li>Procesamiento de tubo: estirado en fr\u00edo<\/li>\n<li>Embalaje: Embalaje personalizado<\/li>\n<li>Cantidad m\u00ednima de pedido: 1<\/li>\n<li>Tubos: Tubos estriados<\/li>\n<li>Plazo de entrega: En stock o 35 d\u00edas<\/li>\n<li>Servicio post garant\u00eda: Soporte t\u00e9cnico por v\u00eddeo, Soporte online, Repuestos<\/li>\n<li>Ubicaci\u00f3n del servicio local: Ninguna<\/li>\n<\/ul>\n<p>Estos ejes de toma de fuerza est\u00e1n fabricados con materiales de alta calidad y se someten a una inspecci\u00f3n de calidad exhaustiva, lo que garantiza su fiabilidad y durabilidad. El yugo est\u00e1 forjado para mayor resistencia, mientras que el tubo est\u00e1 estirado en fr\u00edo para un funcionamiento preciso y suave. Los ejes est\u00e1n dise\u00f1ados para adaptarse a tractores e implementos agr\u00edcolas, lo que los hace vers\u00e1tiles y adecuados para diversas aplicaciones agr\u00edcolas.<\/p>\n<p>La instalaci\u00f3n de los ejes de toma de fuerza para tractores ecol\u00f3gicos G8 Shaft Factory Directly Exported to Korea es sencilla y el embalaje personalizado garantiza un transporte seguro. Con una cantidad m\u00ednima de pedido de 1, los clientes pueden comprar f\u00e1cilmente la cantidad deseada para sus necesidades. Los ejes se pueden utilizar junto con tubos estriados, lo que proporciona una conexi\u00f3n segura y eficiente.<\/p>\n<p>Customers can expect excellent after-sales support, including video technical assistance, online support, and spare parts availability. Whether it&#8217;s installation, maintenance, or repairs, the G8 Shaft Factory Directly Exported to Korea Green Tractor PTO Shafts are designed to provide a hassle-free experience.<\/p>\n<h3>Caracter\u00edsticas:<\/h3>\n<ul>\n<li>Construcci\u00f3n de alta calidad<\/li>\n<li>Rendimiento confiable<\/li>\n<li>F\u00e1cil instalaci\u00f3n<\/li>\n<li>Durable y de larga duraci\u00f3n<\/li>\n<li>Compatible con tractores e implementos agr\u00edcolas.<\/li>\n<li>Funcionamiento suave<\/li>\n<li>Conexi\u00f3n segura<\/li>\n<\/ul>\n<h3>Otros productos de la empresa:<\/h3>\n<p>Adem\u00e1s de los ejes de toma de fuerza para tractores ecol\u00f3gicos exportados directamente desde la f\u00e1brica de ejes G8 a Corea, nuestra empresa ofrece una amplia gama de engranajes de pl\u00e1stico de alta calidad que se utilizan en diversas industrias. Nuestra l\u00ednea de productos incluye cajas de cambios agr\u00edcolas, ejes de salida de potencia, ruedas dentadas, acoplamientos de fluidos, reductores de engranajes helicoidales, engranajes y cremalleras, cadenas desmontables, poleas y poleas, cajas de engranajes planetarios, poleas de distribuci\u00f3n, bujes y m\u00e1s. Nos enorgullecemos de ofrecer productos de primera calidad a un precio favorable, junto con un servicio al cliente excepcional. Tambi\u00e9n ofrecemos servicios de personalizaci\u00f3n basados en dibujos o muestras del cliente.<\/p>\n<h3>Preguntas y respuestas:<\/h3>\n<ol>\n<li>\u00bfPara qu\u00e9 industrias son adecuados los ejes de toma de fuerza para tractores ecol\u00f3gicos exportados directamente de la f\u00e1brica G8 Shaft a Corea?<\/li>\n<li>\u00bfCu\u00e1l es el per\u00edodo de garant\u00eda de estos ejes?<\/li>\n<li>\u00bfCu\u00e1l es la cantidad m\u00ednima de pedido para los ejes de toma de fuerza para tractores ecol\u00f3gicos exportados directamente de f\u00e1brica G8 a Corea?<\/li>\n<li>\u00bfHay repuestos disponibles para estos ejes?<\/li>\n<li>\u00bfCu\u00e1l es la principal ventaja de utilizar tubos estriados con estos ejes?<\/li>\n<\/ol>","protected":false},"excerpt":{"rendered":"<p>G8 Shaft Factory Directly Exported to Korea Green Tractor PTO Shafts The G8 Shaft Factory Directly Exported to Korea Green Tractor PTO Shafts are high-quality shafts designed specifically for tractors and farm implements. With a warranty of 1 year, these shafts are built to last and provide reliable performance in various industries such as hotels, [&hellip;]<\/p>","protected":false},"featured_media":4034,"template":"","meta":{"_et_pb_use_builder":"","_et_pb_old_content":"","_et_gb_content_width":""},"product_brand":[],"product_cat":[11315],"product_tag":[],"class_list":{"0":"post-4035","1":"product","2":"type-product","3":"status-publish","4":"has-post-thumbnail","6":"product_cat-pto-shaft","8":"first","9":"instock","10":"shipping-taxable","11":"product-type-simple"},"_links":{"self":[{"href":"https:\/\/agricultural-gear-boxes.com\/es\/wp-json\/wp\/v2\/product\/4035","targetHints":{"allow":["GET"]}}],"collection":[{"href":"https:\/\/agricultural-gear-boxes.com\/es\/wp-json\/wp\/v2\/product"}],"about":[{"href":"https:\/\/agricultural-gear-boxes.com\/es\/wp-json\/wp\/v2\/types\/product"}],"wp:featuredmedia":[{"embeddable":true,"href":"https:\/\/agricultural-gear-boxes.com\/es\/wp-json\/wp\/v2\/media\/4034"}],"wp:attachment":[{"href":"https:\/\/agricultural-gear-boxes.com\/es\/wp-json\/wp\/v2\/media?parent=4035"}],"wp:term":[{"taxonomy":"product_brand","embeddable":true,"href":"https:\/\/agricultural-gear-boxes.com\/es\/wp-json\/wp\/v2\/product_brand?post=4035"},{"taxonomy":"product_cat","embeddable":true,"href":"https:\/\/agricultural-gear-boxes.com\/es\/wp-json\/wp\/v2\/product_cat?post=4035"},{"taxonomy":"product_tag","embeddable":true,"href":"https:\/\/agricultural-gear-boxes.com\/es\/wp-json\/wp\/v2\/product_tag?post=4035"}],"curies":[{"name":"wp","href":"https:\/\/api.w.org\/{rel}","templated":true}]}}