{"id":4039,"date":"2024-09-02T06:04:35","date_gmt":"2024-09-02T06:04:35","guid":{"rendered":"https:\/\/agricultural-gear-boxes.com\/product\/pto-shaft-agricultural-machinery-t2-600-1-3-8-z6-triangular-tube-shaft\/"},"modified":"2024-09-02T06:04:35","modified_gmt":"2024-09-02T06:04:35","slug":"pto-shaft-agricultural-machinery-t2-600-1-3-8-z6-triangular-tube-shaft","status":"publish","type":"product","link":"https:\/\/agricultural-gear-boxes.com\/es\/product\/pto-shaft-agricultural-machinery-t2-600-1-3-8-z6-triangular-tube-shaft\/","title":{"rendered":"Eje de toma de fuerza Maquinaria agr\u00edcola T2 600 Eje de tubo triangular Z6 de 1 3\/8\u201d"},"content":{"rendered":"<h2>PTO Shaft Agricultural Machinery T2 600 1 3\/8 &#8221; Z6 Triangular Tube Shaft<\/h2>\n<p>Si est\u00e1 buscando un eje de toma de fuerza confiable para su tractor o implementos agr\u00edcolas, el eje de toma de fuerza para tractor Yellow Drive Shaft Straight Protector S8 80 HP 800MM es una excelente opci\u00f3n. Este producto nuevo y de alta calidad viene con una garant\u00eda de 1 a\u00f1o y es adecuado para su uso en hoteles, tiendas de ropa, tiendas de materiales de construcci\u00f3n, plantas de fabricaci\u00f3n, talleres de reparaci\u00f3n de maquinaria, f\u00e1bricas de alimentos y bebidas, granjas, restaurantes, uso dom\u00e9stico, venta minorista, tiendas de alimentos, imprentas, obras de construcci\u00f3n, energ\u00eda y miner\u00eda, y otras industrias.<\/p>\n<p>Este eje de toma de fuerza tiene una medida de dientes de 1 3\/8 pulgadas Z6 y un procesamiento de forja de horquilla, lo que garantiza su durabilidad y confiabilidad. El procesamiento del tubo es estirado en fr\u00edo, lo que lo hace lo suficientemente fuerte como para soportar largas horas de uso. El producto tambi\u00e9n est\u00e1 certificado con CE, ISO y TS, lo que garantiza su calidad.<\/p>\n<p>The Yellow Drive Shaft Straight Protector S8 80 HP 800MM Tractor PTO Shaft is mainly used in harvesting and is suitable for tractors and farm implements. It has a customizable packing and minimum order quantity of one. Tubes are StarTubes, and delivery time is either in stock or 35 days. The packaging details include a plastic bag, wooden case, and customized packing according to the customer&#8217;s request. The port is either Shanghai or Ningbo.<\/p>\n<h3>Ventajas del protector recto del eje de transmisi\u00f3n amarillo S8 80 HP 800MM Eje de toma de fuerza del tractor<\/h3>\n<ul>\n<li>Producto de alta calidad con 1 a\u00f1o de garant\u00eda.<\/li>\n<li>Aplicable en diversas industrias.<\/li>\n<li>Resistente y duradero con procesamiento de tubo estirado en fr\u00edo.<\/li>\n<li>Embalaje personalizable y cantidad m\u00ednima de pedido de uno.<\/li>\n<li>Certificado con CE, ISO y TS<\/li>\n<\/ul>\n<h3>Instalaci\u00f3n, mantenimiento y reparaci\u00f3n de protector recto de eje de transmisi\u00f3n amarillo S8 80 HP 800MM Tractor TDF Shaft<\/h3>\n<p>To install the Yellow Drive Shaft Straight Protector S8 80 HP 800MM Tractor PTO Shaft, make sure to follow the manufacturer&#8217;s instructions carefully. Proper maintenance, including regular cleaning and lubrication, can extend the product&#8217;s lifespan significantly. In case of damage or breakage, bring the product to a reputable mechanic or repair shop for repair or replacement.<\/p>\n<h3>Otros productos de negocios<\/h3>\n<p>Adem\u00e1s del protector recto del eje de transmisi\u00f3n amarillo S8 80 HP 800MM para eje de toma de fuerza del tractor, nuestra empresa, EVER-POWER GROUP Co., Ltd., tambi\u00e9n suministra diversos engranajes de pl\u00e1stico utilizados en la industria. Nuestros productos incluyen cajas de engranajes agr\u00edcolas, ejes de salida de potencia, ruedas dentadas, acoplamientos de fluidos, reductores de engranajes helicoidales, engranajes y cremalleras, cadenas desmontables, poleas y poleas, cajas de engranajes planetarios, poleas de distribuci\u00f3n, bujes y m\u00e1s. Nuestro objetivo es proporcionar productos de alta calidad a un precio favorable con un servicio considerado. Tambi\u00e9n damos la bienvenida a los clientes para que vengan a personalizar los dibujos o las muestras.<\/p>\n<h2>Preguntas y respuestas<\/h2>\n<h3>1. \u00bfCu\u00e1l es la garant\u00eda del protector recto del eje de transmisi\u00f3n amarillo S8 80 HP 800MM del eje de toma de fuerza del tractor?<\/h3>\n<p>El protector recto del eje de transmisi\u00f3n amarillo S8 80 HP 800MM para tractor viene con una garant\u00eda de 1 a\u00f1o.<\/p>\n<h3>2. \u00bfCu\u00e1l es el tiempo de entrega del protector recto del eje de transmisi\u00f3n amarillo S8 80 HP 800MM Tractor TDF Shaft?<\/h3>\n<p>El tiempo de entrega para el Protector recto del eje de transmisi\u00f3n amarillo S8 80 HP 800MM Tractor TDF est\u00e1 en stock o 35 d\u00edas.<\/p>\n<h3>3. \u00bfCu\u00e1les son las ventajas del protector recto del eje de transmisi\u00f3n amarillo S8 80 HP 800MM Tractor TDF Shaft?<\/h3>\n<p>Las ventajas del protector recto del eje de transmisi\u00f3n amarillo S8 80 HP 800MM para eje de toma de fuerza del tractor incluyen su producto de alta calidad con una garant\u00eda de 1 a\u00f1o, aplicabilidad en varias industrias, fuerte y duradero con procesamiento de tubo estirado en fr\u00edo, embalaje personalizable y cantidad m\u00ednima de pedido de uno, y certificaci\u00f3n con CE, ISO y TS.<\/p>\n<h3>4. \u00bfC\u00f3mo instalo el protector recto del eje de transmisi\u00f3n amarillo S8 80 HP 800MM para tractor?<\/h3>\n<p>To install the Yellow Drive Shaft Straight Protector S8 80 HP 800MM Tractor PTO Shaft, make sure to follow the manufacturer&#8217;s instructions carefully.<\/p>\n<h3>5. \u00bfQu\u00e9 debo hacer en caso de da\u00f1o o rotura del Protector Recto del Eje de Transmisi\u00f3n Amarillo S8 80 HP 800MM Tractor TDF?<\/h3>\n<p>En caso de da\u00f1o o rotura, lleve el producto a un mec\u00e1nico o taller de reparaci\u00f3n de confianza para su reparaci\u00f3n o reemplazo.<\/p>","protected":false},"excerpt":{"rendered":"<p>PTO Shaft Agricultural Machinery T2 600 1 3\/8 &#8221; Z6 Triangular Tube Shaft If you are looking for a reliable PTO shaft for your tractor or farm implements, the Yellow Drive Shaft Straight Protector S8 80 HP 800MM Tractor PTO Shaft is a great option. This new and high-quality product comes with a 1-year warranty [&hellip;]<\/p>","protected":false},"featured_media":4038,"template":"","meta":{"_et_pb_use_builder":"","_et_pb_old_content":"","_et_gb_content_width":""},"product_brand":[],"product_cat":[11315],"product_tag":[],"class_list":{"0":"post-4039","1":"product","2":"type-product","3":"status-publish","4":"has-post-thumbnail","6":"product_cat-pto-shaft","8":"first","9":"instock","10":"shipping-taxable","11":"product-type-simple"},"_links":{"self":[{"href":"https:\/\/agricultural-gear-boxes.com\/es\/wp-json\/wp\/v2\/product\/4039","targetHints":{"allow":["GET"]}}],"collection":[{"href":"https:\/\/agricultural-gear-boxes.com\/es\/wp-json\/wp\/v2\/product"}],"about":[{"href":"https:\/\/agricultural-gear-boxes.com\/es\/wp-json\/wp\/v2\/types\/product"}],"wp:featuredmedia":[{"embeddable":true,"href":"https:\/\/agricultural-gear-boxes.com\/es\/wp-json\/wp\/v2\/media\/4038"}],"wp:attachment":[{"href":"https:\/\/agricultural-gear-boxes.com\/es\/wp-json\/wp\/v2\/media?parent=4039"}],"wp:term":[{"taxonomy":"product_brand","embeddable":true,"href":"https:\/\/agricultural-gear-boxes.com\/es\/wp-json\/wp\/v2\/product_brand?post=4039"},{"taxonomy":"product_cat","embeddable":true,"href":"https:\/\/agricultural-gear-boxes.com\/es\/wp-json\/wp\/v2\/product_cat?post=4039"},{"taxonomy":"product_tag","embeddable":true,"href":"https:\/\/agricultural-gear-boxes.com\/es\/wp-json\/wp\/v2\/product_tag?post=4039"}],"curies":[{"name":"wp","href":"https:\/\/api.w.org\/{rel}","templated":true}]}}