{"id":4061,"date":"2024-09-03T05:47:59","date_gmt":"2024-09-03T05:47:59","guid":{"rendered":"https:\/\/agricultural-gear-boxes.com\/product\/roller-chain-coupling\/"},"modified":"2024-09-03T05:47:59","modified_gmt":"2024-09-03T05:47:59","slug":"roller-chain-coupling","status":"publish","type":"product","link":"https:\/\/agricultural-gear-boxes.com\/es\/product\/roller-chain-coupling\/","title":{"rendered":"Acoplamiento de cadena de rodillos"},"content":{"rendered":"<h2>Acoplamiento de cadena de rodillos: una soluci\u00f3n de transmisi\u00f3n de potencia fiable y flexible<\/h2>\n<p>El acoplamiento de cadena de rodillos es un tipo de elemento de acoplamiento flexible e inel\u00e1stico que conecta dos ejes. Est\u00e1 compuesto por dos cadenas de rodillos, dos ruedas dentadas id\u00e9nticas y una carcasa que mejora la seguridad y la durabilidad. Esta soluci\u00f3n de acoplamiento es conocida por su estructura simple y compacta, su capacidad de transmisi\u00f3n de potencia de alta flexibilidad y su durabilidad. Permite una f\u00e1cil conexi\u00f3n\/desconexi\u00f3n y se puede utilizar en diversas industrias, como la textil, la agr\u00edcola, la manipulaci\u00f3n de materiales, la ingenier\u00eda, la miner\u00eda, la industria ligera y el sistema de transmisi\u00f3n de ejes mec\u00e1nicos qu\u00edmicos.<\/p>\n<h3>Historia y clasificaci\u00f3n de los acoplamientos de cadenas de rodillos<\/h3>\n<p>Los acoplamientos de cadena de rodillos se han utilizado ampliamente desde la d\u00e9cada de 1900 y han experimentado varias mejoras para mejorar su rendimiento y confiabilidad. Hoy en d\u00eda, existen varios tipos de acoplamientos de cadena de rodillos disponibles en el mercado, incluidos los acoplamientos de cadena de rodillos d\u00faplex, los acoplamientos de cadena de rodillos simples, los acoplamientos de cadena silenciosos y los acoplamientos de cadena de nailon. Cada tipo de acoplamiento utiliza una cadena diferente, lo que afecta su rendimiento y aplicaci\u00f3n.<\/p>\n<h3>Ventajas y aplicaciones comunes del acoplamiento de cadenas de rodillos<\/h3>\n<p>El acoplamiento de cadena de rodillos tiene muchas ventajas que lo hacen popular entre las industrias. En primer lugar, tiene una estructura simple compuesta de solo cuatro partes, lo que facilita su montaje, desmontaje y mantenimiento. En segundo lugar, es compacto y liviano, lo que ahorra espacio y reduce el peso total del equipo. En tercer lugar, se puede conectar entre dos ejes y no requiere una instalaci\u00f3n de alta precisi\u00f3n, y es confiable y tiene una larga vida \u00fatil. Por \u00faltimo, pero no menos importante, es rentable y proporciona una soluci\u00f3n de transmisi\u00f3n de potencia eficiente.<\/p>\n<p>El acoplamiento de cadena de rodillos se puede utilizar en diversas industrias, como la textil, la agr\u00edcola, la manipulaci\u00f3n de materiales, la ingenier\u00eda, la miner\u00eda, la industria ligera y los sistemas de transmisi\u00f3n de ejes mec\u00e1nicos qu\u00edmicos. Es adecuado para trabajar en entornos con alta temperatura, humedad y polvo, pero no se recomienda para altas velocidades, cargas de impacto severas y transferencia de fuerzas axiales.<\/p>\n<h3>Instalaci\u00f3n, mantenimiento y reparaci\u00f3n de acoplamientos de cadenas de rodillos<\/h3>\n<p>Para garantizar la larga vida \u00fatil del acoplamiento de la cadena de rodillos, se recomienda trabajar bajo una buena lubricaci\u00f3n y protecci\u00f3n. Se debe realizar un mantenimiento regular para comprobar el desgaste y asegurar una lubricaci\u00f3n adecuada. La cubierta tambi\u00e9n debe instalarse para evitar la corrosi\u00f3n y la rotura de la cadena. En caso de fallo, es importante diagnosticar la causa y sustituir la pieza da\u00f1ada de inmediato.<\/p>\n<h3>Otros productos ofrecidos por la empresa<\/h3>\n<p>Adem\u00e1s de los acoplamientos de cadena de rodillos, nuestra empresa tambi\u00e9n suministra diversos engranajes de pl\u00e1stico utilizados en la industria, como cajas de engranajes agr\u00edcolas, ejes de salida de potencia, ruedas dentadas, acoplamientos de fluidos, reductores de engranajes helicoidales, engranajes y cremalleras, cadenas desmontables, poleas y poleas, cajas de engranajes planetarios, poleas de distribuci\u00f3n, bujes y m\u00e1s. Nos enorgullecemos de ofrecer productos de alta calidad, precios favorables y un servicio considerado. Los clientes son bienvenidos a venir a nosotros para obtener dibujos o personalizaci\u00f3n de muestras.<\/p>\n<h2>Preguntas frecuentes<\/h2>\n<h3>1. \u00bfQu\u00e9 es el acoplamiento de cadena de rodillos?<\/h3>\n<p>El acoplamiento de cadena de rodillos es un tipo de elemento de acoplamiento flexible e inel\u00e1stico que conecta dos ejes. Est\u00e1 compuesto por dos cadenas de rodillos, dos ruedas dentadas id\u00e9nticas y una carcasa que mejora la seguridad y la durabilidad.<\/p>\n<h3>2. \u00bfCu\u00e1les son las ventajas del acoplamiento de cadena de rodillos?<\/h3>\n<p>El acoplamiento de cadena de rodillos tiene muchas ventajas, que incluyen una estructura simple, f\u00e1cil montaje y desmontaje, tama\u00f1o compacto y liviano, sin requisitos de alta precisi\u00f3n para la instalaci\u00f3n, operaci\u00f3n confiable, baja inercia y larga vida \u00fatil.<\/p>\n<h3>3. \u00bfCu\u00e1les son las aplicaciones comunes del acoplamiento de cadena de rodillos?<\/h3>\n<p>El acoplamiento de cadena de rodillos se puede utilizar en diversas industrias, como la textil, la agr\u00edcola, la de manipulaci\u00f3n de materiales, la de ingenier\u00eda, la minera, la de la industria ligera y la de sistemas de transmisi\u00f3n de ejes mec\u00e1nicos qu\u00edmicos.<\/p>\n<h3>4. \u00bfC\u00f3mo instalar, mantener y reparar el acoplamiento de cadena de rodillos?<\/h3>\n<p>Para garantizar la larga vida \u00fatil del acoplamiento de la cadena de rodillos, se recomienda trabajar bajo una buena lubricaci\u00f3n y protecci\u00f3n. Se debe realizar un mantenimiento regular para comprobar el desgaste y asegurar una lubricaci\u00f3n adecuada. La cubierta tambi\u00e9n debe instalarse para evitar la corrosi\u00f3n y la rotura de la cadena. En caso de fallo, es importante diagnosticar la causa y sustituir la pieza da\u00f1ada de inmediato.<\/p>\n<h3>5. \u00bfQu\u00e9 otros productos ofrece la empresa?<\/h3>\n<p>Adem\u00e1s de los acoplamientos de cadena de rodillos, nuestra empresa tambi\u00e9n suministra diversos engranajes de pl\u00e1stico utilizados en la industria, como cajas de engranajes agr\u00edcolas, ejes de salida de potencia, ruedas dentadas, acoplamientos de fluidos, reductores de engranajes helicoidales, engranajes y cremalleras, cadenas desmontables, poleas y poleas, cajas de engranajes planetarios, poleas de distribuci\u00f3n, bujes y m\u00e1s. Nos enorgullecemos de ofrecer productos de alta calidad, precios favorables y un servicio considerado. Los clientes son bienvenidos a venir a nosotros para obtener dibujos o personalizaci\u00f3n de muestras.<\/p>","protected":false},"excerpt":{"rendered":"<p>Roller Chain Coupling: A Reliable and Flexible Power Transmission Solution Roller chain coupling is a type of inelastic flexible coupling element that connects two shafts. It is composed of two-stand roller chains, two identical sprockets, and a housing that enhances safety and durability. This coupling solution is known for its simple and compact structure, high [&hellip;]<\/p>","protected":false},"featured_media":4060,"template":"","meta":{"_et_pb_use_builder":"","_et_pb_old_content":"","_et_gb_content_width":""},"product_brand":[],"product_cat":[11317],"product_tag":[],"class_list":{"0":"post-4061","1":"product","2":"type-product","3":"status-publish","4":"has-post-thumbnail","6":"product_cat-chain-coupling","8":"first","9":"instock","10":"shipping-taxable","11":"product-type-simple"},"_links":{"self":[{"href":"https:\/\/agricultural-gear-boxes.com\/es\/wp-json\/wp\/v2\/product\/4061","targetHints":{"allow":["GET"]}}],"collection":[{"href":"https:\/\/agricultural-gear-boxes.com\/es\/wp-json\/wp\/v2\/product"}],"about":[{"href":"https:\/\/agricultural-gear-boxes.com\/es\/wp-json\/wp\/v2\/types\/product"}],"wp:featuredmedia":[{"embeddable":true,"href":"https:\/\/agricultural-gear-boxes.com\/es\/wp-json\/wp\/v2\/media\/4060"}],"wp:attachment":[{"href":"https:\/\/agricultural-gear-boxes.com\/es\/wp-json\/wp\/v2\/media?parent=4061"}],"wp:term":[{"taxonomy":"product_brand","embeddable":true,"href":"https:\/\/agricultural-gear-boxes.com\/es\/wp-json\/wp\/v2\/product_brand?post=4061"},{"taxonomy":"product_cat","embeddable":true,"href":"https:\/\/agricultural-gear-boxes.com\/es\/wp-json\/wp\/v2\/product_cat?post=4061"},{"taxonomy":"product_tag","embeddable":true,"href":"https:\/\/agricultural-gear-boxes.com\/es\/wp-json\/wp\/v2\/product_tag?post=4061"}],"curies":[{"name":"wp","href":"https:\/\/api.w.org\/{rel}","templated":true}]}}