{"id":4066,"date":"2024-09-03T05:51:40","date_gmt":"2024-09-03T05:51:40","guid":{"rendered":"https:\/\/agricultural-gear-boxes.com\/product\/fluid-couplings\/"},"modified":"2024-09-03T05:51:40","modified_gmt":"2024-09-03T05:51:40","slug":"fluid-couplings","status":"publish","type":"product","link":"https:\/\/agricultural-gear-boxes.com\/es\/product\/fluid-couplings\/","title":{"rendered":"Acoplamientos de fluidos"},"content":{"rendered":"<h2>Introducci\u00f3n a los acoplamientos de fluidos<\/h2>\n<p>Un acoplamiento hidr\u00e1ulico es un dispositivo que mejora la capacidad de arranque de un motor el\u00e9ctrico, lo protege contra sobrecargas, amortigua los impactos, controla las fluctuaciones de carga y las vibraciones torsionales, y equilibra y distribuye las cargas en el caso de accionamientos con varios motores. Se utiliza ampliamente en diversas industrias y aplicaciones.<\/p>\n<h3>Caracter\u00edsticas de los acoplamientos hidr\u00e1ulicos<\/h3>\n<ul>\n<li>Mejora la capacidad de arranque del motor el\u00e9ctrico.<\/li>\n<li>Protege el motor contra sobrecargas.<\/li>\n<li>Amortigua los golpes, las fluctuaciones de carga y las vibraciones torsionales.<\/li>\n<li>Permite el equilibrio y la distribuci\u00f3n de la carga en accionamientos multimotor.<\/li>\n<\/ul>\n<h3>Aplicaciones de los acoplamientos de fluidos<\/h3>\n<ul>\n<li>Transportadores de banda<\/li>\n<li>Transportadores de rasqueta<\/li>\n<li>Todo tipo de transportadores<\/li>\n<li>Elevadores de cangilones<\/li>\n<li>Molinos de bolas<\/li>\n<li>Polipastos<\/li>\n<li>Trituradoras<\/li>\n<li>Excavadoras<\/li>\n<li>Mezcladores<\/li>\n<li>Planchas para el pelo<\/li>\n<li>Gr\u00faas<\/li>\n<li>Y muchos m\u00e1s<\/li>\n<\/ul>\n<p>Los acoplamientos hidr\u00e1ulicos son esenciales en estas aplicaciones por su capacidad de garantizar un funcionamiento suave y eficiente.<\/p>\n<h3>Selecci\u00f3n de acoplamientos de fluidos<\/h3>\n<p>Al seleccionar un acoplamiento hidr\u00e1ulico, es importante tener en cuenta la hoja de datos t\u00e9cnicos y el cuadro de potencias que se proporcionan. Estos recursos ayudan a determinar el tama\u00f1o adecuado del acoplamiento hidr\u00e1ulico en funci\u00f3n de la potencia transmitida y la velocidad del motor. Adem\u00e1s, se deben especificar las dimensiones de los extremos del eje del motor y de la m\u00e1quina accionada (o reductor), incluidos el di\u00e1metro, la tolerancia o ajuste, la longitud, el ancho y la profundidad de las chavetas. Para requisitos especiales, como acoplamientos hidr\u00e1ulicos con poleas de correa o poleas de freno, se deben proporcionar datos t\u00e9cnicos detallados.<\/p>\n<p>YOXz es un tipo de acoplamiento de fluido con una rueda m\u00f3vil que est\u00e1 conectada a una m\u00e1quina de conexi\u00f3n de eje el\u00e1stico. Ofrece tres tipos de conexi\u00f3n y es conocido por su estructura herm\u00e9tica y su peque\u00f1o tama\u00f1o de eje. Los accesorios YOXz tienen un amplio uso y una estructura simple, lo que los hace f\u00e1ciles de usar en varias aplicaciones. El estilo de conexi\u00f3n de YOXz permite una f\u00e1cil instalaci\u00f3n sin la necesidad de mover la m\u00e1quina electromotriz y la m\u00e1quina de desaceleraci\u00f3n. El tama\u00f1o de YOXz est\u00e1 determinado por las especificaciones del cliente.<\/p>\n<p>YOXp es otro tipo de acoplamiento hidr\u00e1ulico, dise\u00f1ado como un estilo de conexi\u00f3n con una bandeja de correa y una m\u00e1quina de coincidencia hidr\u00e1ulica. Es adecuado para equipos transportados por correa. El tama\u00f1o de conexi\u00f3n del eje de la m\u00e1quina electromotriz y la especificaci\u00f3n detallada y el tama\u00f1o de la bandeja de correa deben ser proporcionados por el cliente.<\/p>\n<p>YOXf es un tipo de acoplamiento de fluido que se conecta en ambos lados. Tiene un tama\u00f1o de eje m\u00e1s largo pero una estructura simple, lo que facilita su reparaci\u00f3n y modificaci\u00f3n sin mover la m\u00e1quina electromotriz ni la m\u00e1quina de desaceleraci\u00f3n. La m\u00e1quina de conexi\u00f3n de eje el\u00e1stico relevante, el tama\u00f1o de conexi\u00f3n y el tama\u00f1o exterior son similares al tipo YOXe.<\/p>\n<p>Se deben seguir los procedimientos adecuados de instalaci\u00f3n, mantenimiento y reparaci\u00f3n cuando se trabaja con acoplamientos hidr\u00e1ulicos. Tambi\u00e9n es importante saber c\u00f3mo reemplazar el acoplamiento hidr\u00e1ulico si es necesario.<\/p>\n<h2>Otros productos<\/h2>\n<p>Nuestra empresa se especializa en el suministro de diversos productos relacionados con la industria, incluidos engranajes de pl\u00e1stico, cajas de engranajes agr\u00edcolas, ejes de salida de potencia, ruedas dentadas, reductores de engranajes helicoidales, engranajes y cremalleras, cadenas desmontables, poleas y poleas, cajas de engranajes planetarios, poleas de distribuci\u00f3n y bujes. Nos comprometemos a proporcionar productos de alta calidad a precios favorables y a ofrecer un servicio al cliente considerado. Damos la bienvenida a los clientes a que vengan a nosotros con sus necesidades de personalizaci\u00f3n de dibujos o muestras.<\/p>\n<h2>Preguntas y respuestas<\/h2>\n<p>1. \u00bfCu\u00e1les son las principales caracter\u00edsticas de los acoplamientos hidr\u00e1ulicos?<\/p>\n<p>2. \u00bfEn qu\u00e9 aplicaciones se utilizan com\u00fanmente los acoplamientos hidr\u00e1ulicos?<\/p>\n<p>3. \u00bfC\u00f3mo selecciono el tama\u00f1o correcto de acoplamiento de fluido?<\/p>\n<p>4. \u00bfCu\u00e1l es la ventaja de utilizar acoplamientos hidr\u00e1ulicos YOXz?<\/p>\n<p>5. \u00bfQu\u00e9 otros productos suministra su empresa?<\/p>","protected":false},"excerpt":{"rendered":"<p>Introduction to Fluid Couplings A fluid coupling is a device that improves the starting capability of an electric motor, protects the motor against overloading, dampens shocks, handles load fluctuations and torsional vibrations, and balances and distributes loads in case of multimotor drives. It is widely used in various industries and applications. Features of Fluid Couplings [&hellip;]<\/p>","protected":false},"featured_media":4065,"template":"","meta":{"_et_pb_use_builder":"","_et_pb_old_content":"","_et_gb_content_width":""},"product_brand":[],"product_cat":[11318],"product_tag":[],"class_list":{"0":"post-4066","1":"product","2":"type-product","3":"status-publish","4":"has-post-thumbnail","6":"product_cat-fluid-coupling","8":"first","9":"instock","10":"shipping-taxable","11":"product-type-simple"},"_links":{"self":[{"href":"https:\/\/agricultural-gear-boxes.com\/es\/wp-json\/wp\/v2\/product\/4066","targetHints":{"allow":["GET"]}}],"collection":[{"href":"https:\/\/agricultural-gear-boxes.com\/es\/wp-json\/wp\/v2\/product"}],"about":[{"href":"https:\/\/agricultural-gear-boxes.com\/es\/wp-json\/wp\/v2\/types\/product"}],"wp:featuredmedia":[{"embeddable":true,"href":"https:\/\/agricultural-gear-boxes.com\/es\/wp-json\/wp\/v2\/media\/4065"}],"wp:attachment":[{"href":"https:\/\/agricultural-gear-boxes.com\/es\/wp-json\/wp\/v2\/media?parent=4066"}],"wp:term":[{"taxonomy":"product_brand","embeddable":true,"href":"https:\/\/agricultural-gear-boxes.com\/es\/wp-json\/wp\/v2\/product_brand?post=4066"},{"taxonomy":"product_cat","embeddable":true,"href":"https:\/\/agricultural-gear-boxes.com\/es\/wp-json\/wp\/v2\/product_cat?post=4066"},{"taxonomy":"product_tag","embeddable":true,"href":"https:\/\/agricultural-gear-boxes.com\/es\/wp-json\/wp\/v2\/product_tag?post=4066"}],"curies":[{"name":"wp","href":"https:\/\/api.w.org\/{rel}","templated":true}]}}