{"id":4068,"date":"2024-09-03T05:51:41","date_gmt":"2024-09-03T05:51:41","guid":{"rendered":"https:\/\/agricultural-gear-boxes.com\/product\/fluid-drive-coupling\/"},"modified":"2024-09-03T05:51:42","modified_gmt":"2024-09-03T05:51:42","slug":"fluid-drive-coupling","status":"publish","type":"product","link":"https:\/\/agricultural-gear-boxes.com\/es\/product\/fluid-drive-coupling\/","title":{"rendered":"Acoplamiento de transmisi\u00f3n por fluido"},"content":{"rendered":"<h2>Acoplamiento de transmisi\u00f3n hidr\u00e1ulica: mejora del rendimiento y la eficiencia<\/h2>\n<p>El acoplamiento de transmisi\u00f3n hidr\u00e1ulica es un dispositivo vers\u00e1til y eficiente que ofrece numerosos beneficios en diversas aplicaciones industriales. Con su dise\u00f1o exclusivo y tecnolog\u00eda avanzada, este acoplamiento proporciona un rendimiento superior y una mayor productividad. Exploremos las caracter\u00edsticas y ventajas clave de este extraordinario producto.<\/p>\n<h3>Mejora del rendimiento y aislamiento de vibraciones<\/h3>\n<ul>\n<li>Reduce el impacto de la vibraci\u00f3n torsional y la a\u00edsla eficazmente.<\/li>\n<li>Permite el arranque del motor con retardo, garantizando una velocidad lenta y minimizando el impacto causado por arranques repentinos.<\/li>\n<\/ul>\n<h3>Arranque suave del motor con carga ligera<\/h3>\n<ul>\n<li>El par y la velocidad del acoplamiento son proporcionales entre s\u00ed, lo que da como resultado un arranque suave del motor.<\/li>\n<li>Ofrece un tiempo de arranque corto, una corriente de arranque peque\u00f1a y un arranque estable.<\/li>\n<li>Especialmente indicado para arranques de cargas pesadas con gran inercia.<\/li>\n<\/ul>\n<h3>Protecci\u00f3n contra sobrecargas y mayor seguridad<\/h3>\n<ul>\n<li>Debido a la ausencia de acoplamiento mec\u00e1nico directo, el acoplamiento proporciona protecci\u00f3n contra sobrecarga.<\/li>\n<li>Previene da\u00f1os al motor al limitar el torque cuando la carga externa excede un cierto l\u00edmite.<\/li>\n<li>Reduce la tasa de fallas de la m\u00e1quina, los costos de mantenimiento y el tiempo de inactividad.<\/li>\n<li>Prolonga la vida \u00fatil de los cojinetes del motor y de las m\u00e1quinas de trabajo.<\/li>\n<\/ul>\n<h3>Rendimiento de ahorro de energ\u00eda<\/h3>\n<ul>\n<li>Resuelve eficazmente el fen\u00f3meno del \u201ccoche de caballos grande\u201d, reduciendo el tama\u00f1o del bastidor del motor.<\/li>\n<li>Reduce la corriente de arranque y la duraci\u00f3n, lo que supone un ahorro energ\u00e9tico de 10-20%.<\/li>\n<li>Significativamente beneficioso en escenarios de inercia de carga pesada de arranque elevado.<\/li>\n<\/ul>\n<h3>Acoplador hidr\u00e1ulico de par limitado: caracter\u00edsticas y mantenimiento<\/h3>\n<ul>\n<li>Larga vida \u00fatil y baja tasa de fallas sin Sasafr\u00e1s mec\u00e1nico.<\/li>\n<li>Requiere un mantenimiento especial m\u00ednimo.<\/li>\n<li>Fabricado con materiales de alta calidad para mayor durabilidad y confiabilidad.<\/li>\n<li>Proceso de instalaci\u00f3n simple con instrucciones f\u00e1ciles de seguir.<\/li>\n<li>El mantenimiento regular garantiza un rendimiento \u00f3ptimo y una larga vida \u00fatil.<\/li>\n<li>Proceso de reemplazo sin esfuerzo para un mantenimiento conveniente y sin complicaciones.<\/li>\n<\/ul>\n<h2>Otros productos y negocios<\/h2>\n<p>Adem\u00e1s de los acoplamientos de transmisi\u00f3n por fluido, nuestra empresa se especializa en el suministro de una amplia gama de engranajes de pl\u00e1stico de alta calidad que se utilizan en diversas industrias. Nuestra oferta de productos incluye cajas de engranajes agr\u00edcolas, ejes de salida de potencia, ruedas dentadas, reductores de engranajes helicoidales, engranajes y cremalleras, cadenas desmontables, poleas y poleas, cajas de engranajes planetarios, poleas de distribuci\u00f3n, bujes y m\u00e1s. Nos enorgullecemos de ofrecer productos de alta calidad, precios competitivos y un servicio al cliente excepcional. Ya sea que necesite personalizaci\u00f3n basada en dibujos o muestras, estamos aqu\u00ed para satisfacer sus necesidades.<\/p>\n<h2>Preguntas y respuestas:<\/h2>\n<h3>1. \u00bfCu\u00e1les son las principales ventajas de utilizar un acoplamiento de transmisi\u00f3n hidr\u00e1ulica?<\/h3>\n<p>Las principales ventajas de utilizar un acoplamiento de transmisi\u00f3n fluida incluyen una vibraci\u00f3n torsional reducida, un arranque suave del motor, protecci\u00f3n contra sobrecarga y un importante ahorro de energ\u00eda.<\/p>\n<h3>2. \u00bfPuede el acoplamiento de transmisi\u00f3n hidr\u00e1ulica soportar una carga pesada al arrancar con gran inercia?<\/h3>\n<p>S\u00ed, el acoplamiento de transmisi\u00f3n fluida es especialmente adecuado para escenarios de arranque con cargas pesadas y gran inercia, lo que garantiza un rendimiento estable y eficiente del motor.<\/p>\n<h3>3. \u00bfC\u00f3mo proporciona el acoplamiento de transmisi\u00f3n fluida protecci\u00f3n contra sobrecarga?<\/h3>\n<p>El acoplamiento de transmisi\u00f3n de fluido ofrece protecci\u00f3n contra sobrecarga al limitar el torque cuando la carga externa excede un cierto l\u00edmite, evitando da\u00f1os al motor y reduciendo las tasas de fallas de la m\u00e1quina.<\/p>\n<h3>4. \u00bfQu\u00e9 mantenimiento se requiere para el acoplamiento de transmisi\u00f3n hidr\u00e1ulica?<\/h3>\n<p>El acoplamiento de transmisi\u00f3n hidr\u00e1ulica tiene una larga vida \u00fatil y requiere un mantenimiento especial m\u00ednimo. Se recomiendan inspecciones y lubricaci\u00f3n peri\u00f3dicas para garantizar un rendimiento y una longevidad \u00f3ptimos.<\/p>\n<h3>5. \u00bfQu\u00e9 otros productos ofrece su empresa?<\/h3>\n<p>Junto con el acoplamiento de transmisi\u00f3n de fluido, nuestra empresa suministra una amplia gama de engranajes de pl\u00e1stico utilizados en diversas industrias, incluidas cajas de engranajes agr\u00edcolas, ejes de salida de potencia, pi\u00f1ones, reductores de tornillo sin fin, engranajes y cremalleras, cadenas desmontables, poleas y poleas, cajas de engranajes planetarios, poleas de distribuci\u00f3n, bujes y m\u00e1s.<\/p>","protected":false},"excerpt":{"rendered":"<p>Fluid Drive Coupling: Enhancing Performance and Efficiency The Fluid Drive Coupling is a versatile and efficient device that offers numerous benefits in various industrial applications. With its unique design and advanced technology, this coupling provides superior performance and improved productivity. Let&#8217;s explore the key features and advantages of this remarkable product. Performance Enhancement and Vibration [&hellip;]<\/p>","protected":false},"featured_media":4067,"template":"","meta":{"_et_pb_use_builder":"","_et_pb_old_content":"","_et_gb_content_width":""},"product_brand":[],"product_cat":[11318],"product_tag":[],"class_list":{"0":"post-4068","1":"product","2":"type-product","3":"status-publish","4":"has-post-thumbnail","6":"product_cat-fluid-coupling","8":"first","9":"instock","10":"shipping-taxable","11":"product-type-simple"},"_links":{"self":[{"href":"https:\/\/agricultural-gear-boxes.com\/es\/wp-json\/wp\/v2\/product\/4068","targetHints":{"allow":["GET"]}}],"collection":[{"href":"https:\/\/agricultural-gear-boxes.com\/es\/wp-json\/wp\/v2\/product"}],"about":[{"href":"https:\/\/agricultural-gear-boxes.com\/es\/wp-json\/wp\/v2\/types\/product"}],"wp:featuredmedia":[{"embeddable":true,"href":"https:\/\/agricultural-gear-boxes.com\/es\/wp-json\/wp\/v2\/media\/4067"}],"wp:attachment":[{"href":"https:\/\/agricultural-gear-boxes.com\/es\/wp-json\/wp\/v2\/media?parent=4068"}],"wp:term":[{"taxonomy":"product_brand","embeddable":true,"href":"https:\/\/agricultural-gear-boxes.com\/es\/wp-json\/wp\/v2\/product_brand?post=4068"},{"taxonomy":"product_cat","embeddable":true,"href":"https:\/\/agricultural-gear-boxes.com\/es\/wp-json\/wp\/v2\/product_cat?post=4068"},{"taxonomy":"product_tag","embeddable":true,"href":"https:\/\/agricultural-gear-boxes.com\/es\/wp-json\/wp\/v2\/product_tag?post=4068"}],"curies":[{"name":"wp","href":"https:\/\/api.w.org\/{rel}","templated":true}]}}