{"id":4076,"date":"2024-09-04T05:20:30","date_gmt":"2024-09-04T05:20:30","guid":{"rendered":"https:\/\/agricultural-gear-boxes.com\/product\/f-flexible-couplings\/"},"modified":"2024-09-04T05:20:31","modified_gmt":"2024-09-04T05:20:31","slug":"f-flexible-couplings","status":"publish","type":"product","link":"https:\/\/agricultural-gear-boxes.com\/es\/product\/f-flexible-couplings\/","title":{"rendered":"F Acoplamientos flexibles"},"content":{"rendered":"<h2>Acoplamientos flexibles F: la soluci\u00f3n perfecta para una amplia gama de aplicaciones<\/h2>\n<p>Los acoplamientos flexibles son dispositivos que unen dos ejes entre s\u00ed por sus extremos para transmitir par. El acoplamiento flexible F es un tipo de acoplamiento que se utiliza ampliamente en diversas industrias, como transmisi\u00f3n de potencia, metalurgia, miner\u00eda e ingenier\u00eda qu\u00edmica, debido a su versatilidad y confiabilidad.<\/p>\n<h3>Ventajas de los acoplamientos flexibles F<\/h3>\n<ul>\n<li>Compensaci\u00f3n de desalineaci\u00f3n radial, axial y angular entre los ejes<\/li>\n<li>Niveles de vibraci\u00f3n y ruido reducidos.<\/li>\n<li>Mayor vida \u00fatil de los equipos conectados<\/li>\n<li>F\u00e1cil instalaci\u00f3n y mantenimiento<\/li>\n<li>Soluci\u00f3n rentable<\/li>\n<\/ul>\n<h3>Clasificaci\u00f3n de los acoplamientos flexibles F<\/h3>\n<p>Hay dos tipos principales de acoplamientos flexibles F:<\/p>\n<ul>\n<li>Tipo de abrazadera: consta de un cubo con un conjunto de tornillos que se sujetan a los ejes.<\/li>\n<li>Tipo de tornillo de fijaci\u00f3n: consta de un cubo con un tornillo de fijaci\u00f3n que se aprieta sobre los ejes.<\/li>\n<\/ul>\n<h3>Materiales para acoplamientos flexibles F<\/h3>\n<p>Los acoplamientos flexibles F pueden fabricarse a partir de una variedad de materiales, tales como:<\/p>\n<ul>\n<li>Aluminio<\/li>\n<li>Acero<\/li>\n<li>Acero inoxidable<\/li>\n<li>Hierro fundido<\/li>\n<li>Pl\u00e1stico<\/li>\n<\/ul>\n<h3>Instalaci\u00f3n, mantenimiento y reemplazo<\/h3>\n<p>La instalaci\u00f3n, el mantenimiento y el reemplazo adecuados de los acoplamientos flexibles F son importantes para garantizar su rendimiento \u00f3ptimo y su longevidad. A continuaci\u00f3n, se ofrecen algunos consejos:<\/p>\n<ul>\n<li>Aseg\u00farese de que los ejes est\u00e9n correctamente alineados antes de la instalaci\u00f3n.<\/li>\n<li>Inspeccione peri\u00f3dicamente los acoplamientos para detectar desgaste y reempl\u00e1celos si es necesario.<\/li>\n<li>Siga las instrucciones del fabricante para el mantenimiento y la lubricaci\u00f3n.<\/li>\n<li>Al reemplazar un acoplamiento, aseg\u00farese de elegir el tama\u00f1o y el tipo correctos para la aplicaci\u00f3n.<\/li>\n<\/ul>\n<h3>Acerca de nuestra empresa<\/h3>\n<p>Nuestra empresa suministra una amplia gama de productos industriales, incluidos los engranajes de pl\u00e1stico utilizados en diversas aplicaciones, como cajas de engranajes agr\u00edcolas, ejes de salida de potencia, ruedas dentadas, acoplamientos de fluidos, reductores de engranajes helicoidales, engranajes y cremalleras, cadenas desmontables, poleas y poleas, cajas de engranajes planetarios, poleas de distribuci\u00f3n, bujes y m\u00e1s. Nos comprometemos a proporcionar productos de alta calidad, precios competitivos y un excelente servicio al cliente. Tambi\u00e9n ofrecemos personalizaciones basadas en los requisitos espec\u00edficos del cliente. \u00a1Cont\u00e1ctenos hoy para obtener m\u00e1s informaci\u00f3n!<\/p>\n<h2>Preguntas y respuestas<\/h2>\n<h3>1. \u00bfQu\u00e9 es un acoplamiento flexible F?<\/h3>\n<p>Un acoplamiento flexible F es un dispositivo que conecta dos ejes entre s\u00ed por sus extremos para transmitir par. Es ampliamente utilizado en diversas industrias debido a su versatilidad y confiabilidad.<\/p>\n<h3>2. \u00bfCu\u00e1les son las ventajas de los acoplamientos flexibles F?<\/h3>\n<p>Los acoplamientos flexibles F ofrecen varias ventajas, incluida la compensaci\u00f3n de la desalineaci\u00f3n entre los ejes, niveles reducidos de vibraci\u00f3n y ruido, mayor vida \u00fatil de los equipos conectados, f\u00e1cil instalaci\u00f3n y mantenimiento, y rentabilidad.<\/p>\n<h3>3. \u00bfDe qu\u00e9 materiales est\u00e1n hechos los acoplamientos flexibles F?<\/h3>\n<p>Los acoplamientos flexibles F pueden estar hechos de una variedad de materiales, como aluminio, acero, acero inoxidable, hierro fundido y pl\u00e1stico.<\/p>\n<h3>4. \u00bfC\u00f3mo se deben instalar y mantener los acoplamientos flexibles F?<\/h3>\n<p>Los acoplamientos flexibles F deben instalarse asegur\u00e1ndose de que los ejes est\u00e9n correctamente alineados. Se deben realizar inspecciones peri\u00f3dicas para detectar desgaste y se debe realizar el mantenimiento de acuerdo con las instrucciones del fabricante.<\/p>\n<h3>5. \u00bfQu\u00e9 ofrece su empresa?<\/h3>\n<p>Nuestra empresa suministra una amplia gama de productos industriales, incluidos engranajes de pl\u00e1stico utilizados en diversas aplicaciones, como cajas de engranajes agr\u00edcolas, ejes de salida de potencia, ruedas dentadas, acoplamientos de fluidos, reductores de engranajes helicoidales, engranajes y cremalleras, cadenas desmontables, poleas y poleas, cajas de engranajes planetarios, poleas de distribuci\u00f3n, bujes y m\u00e1s. Ofrecemos productos de alta calidad, precios competitivos, excelente servicio al cliente y personalizaci\u00f3n en funci\u00f3n de los requisitos espec\u00edficos del cliente.<\/p>","protected":false},"excerpt":{"rendered":"<p>F Flexible Couplings: The Perfect Solution for a Wide Range of Applications Flexible couplings are devices that connect two shafts together at their ends in order to transmit torque. The F flexible coupling is a type of coupling that is widely used in various industries, such as power transmission, metallurgy, mining, and chemical engineering, due [&hellip;]<\/p>","protected":false},"featured_media":4075,"template":"","meta":{"_et_pb_use_builder":"","_et_pb_old_content":"","_et_gb_content_width":""},"product_brand":[],"product_cat":[11319],"product_tag":[],"class_list":{"0":"post-4076","1":"product","2":"type-product","3":"status-publish","4":"has-post-thumbnail","6":"product_cat-flange-flexible-coupling","8":"first","9":"instock","10":"shipping-taxable","11":"product-type-simple"},"_links":{"self":[{"href":"https:\/\/agricultural-gear-boxes.com\/es\/wp-json\/wp\/v2\/product\/4076","targetHints":{"allow":["GET"]}}],"collection":[{"href":"https:\/\/agricultural-gear-boxes.com\/es\/wp-json\/wp\/v2\/product"}],"about":[{"href":"https:\/\/agricultural-gear-boxes.com\/es\/wp-json\/wp\/v2\/types\/product"}],"wp:featuredmedia":[{"embeddable":true,"href":"https:\/\/agricultural-gear-boxes.com\/es\/wp-json\/wp\/v2\/media\/4075"}],"wp:attachment":[{"href":"https:\/\/agricultural-gear-boxes.com\/es\/wp-json\/wp\/v2\/media?parent=4076"}],"wp:term":[{"taxonomy":"product_brand","embeddable":true,"href":"https:\/\/agricultural-gear-boxes.com\/es\/wp-json\/wp\/v2\/product_brand?post=4076"},{"taxonomy":"product_cat","embeddable":true,"href":"https:\/\/agricultural-gear-boxes.com\/es\/wp-json\/wp\/v2\/product_cat?post=4076"},{"taxonomy":"product_tag","embeddable":true,"href":"https:\/\/agricultural-gear-boxes.com\/es\/wp-json\/wp\/v2\/product_tag?post=4076"}],"curies":[{"name":"wp","href":"https:\/\/api.w.org\/{rel}","templated":true}]}}