{"id":4089,"date":"2024-09-04T05:26:02","date_gmt":"2024-09-04T05:26:02","guid":{"rendered":"https:\/\/agricultural-gear-boxes.com\/product\/flange-flexible-couplings-2\/"},"modified":"2024-09-04T05:26:02","modified_gmt":"2024-09-04T05:26:02","slug":"flange-flexible-couplings-2","status":"publish","type":"product","link":"https:\/\/agricultural-gear-boxes.com\/es\/product\/flange-flexible-couplings-2\/","title":{"rendered":"Acoplamientos flexibles con brida"},"content":{"rendered":"<h2>Acoplamientos flexibles con brida<\/h2>\n<p>Los acoplamientos flexibles con brida se utilizan ampliamente en diversas industrias por su dise\u00f1o compacto, f\u00e1cil instalaci\u00f3n, mantenimiento conveniente, tama\u00f1o peque\u00f1o y peso ligero. Estos acoplamientos est\u00e1n dise\u00f1ados para transmitir potencia entre dos ejes y al mismo tiempo adaptarse a cualquier desplazamiento relativo dentro de la tolerancia especificada. Al garantizar que el desplazamiento relativo se encuentre dentro del rango permitido, el acoplamiento puede proporcionar un rendimiento \u00f3ptimo y una vida \u00fatil m\u00e1s prolongada. Los acoplamientos flexibles con brida tienen una gran demanda en sistemas de transmisi\u00f3n de potencia media y menor impulsados por motores, incluidos reductores de velocidad, polipastos, compresores, m\u00e1quinas de hilar y tejer y molinos de bolas.<\/p>\n<p>Estos acoplamientos ofrecen varias ventajas:<\/p>\n<ul>\n<li>Dise\u00f1o compacto para instalaciones que ahorran espacio.<\/li>\n<li>F\u00e1cil instalaci\u00f3n y mantenimiento<\/li>\n<li>Tama\u00f1o peque\u00f1o y peso ligero.<\/li>\n<li>Capacidad para acomodar el desplazamiento relativo del eje<\/li>\n<\/ul>\n<p>Los acoplamientos flexibles con brida est\u00e1n disponibles en varios modelos, cada uno con sus propias especificaciones. Pueden admitir desplazamientos radiales que van desde 0,2 mm a 0,6 mm y desplazamientos angulares que van desde 0,30\u2032 a 1,30\u2032.<\/p>\n<h3>Presupuesto:<\/h3>\n<table width=\"707\">\n<tbody>\n<tr>\n<td width=\"56\">TAMA\u00d1O<\/td>\n<td width=\"84\">Nuevo M\u00e9jico<\/td>\n<td width=\"87\">revoluciones por minuto<\/td>\n<td width=\"56\">D<\/td>\n<td width=\"75\">D1<\/td>\n<td width=\"56\">d1<\/td>\n<td width=\"89\">yo<\/td>\n<td width=\"92\">do<\/td>\n<td width=\"56\">Nuevo M\u00e9jico<\/td>\n<td width=\"56\">Kilogramo<\/td>\n<\/tr>\n<tr>\n<td width=\"56\">90<\/td>\n<td width=\"84\">4<\/td>\n<td width=\"87\">4000<\/td>\n<td width=\"56\">90<\/td>\n<td width=\"75\">35.5<\/td>\n<td width=\"56\">11<\/td>\n<td width=\"89\">28<\/td>\n<td width=\"92\">3<\/td>\n<td width=\"56\">4-M8*50<\/td>\n<td width=\"56\">1.7<\/td>\n<\/tr>\n<tr>\n<td width=\"56\">100<\/td>\n<td width=\"84\">10<\/td>\n<td width=\"87\">4000<\/td>\n<td width=\"56\">100<\/td>\n<td width=\"75\">40<\/td>\n<td width=\"56\">11<\/td>\n<td width=\"89\">35.5<\/td>\n<td width=\"92\">3<\/td>\n<td width=\"56\">4-M10*56<\/td>\n<td width=\"56\">2.3<\/td>\n<\/tr>\n<tr>\n<td width=\"56\">112<\/td>\n<td width=\"84\">16<\/td>\n<td width=\"87\">4000<\/td>\n<td width=\"56\">112<\/td>\n<td width=\"75\">45<\/td>\n<td width=\"56\">13<\/td>\n<td width=\"89\">40<\/td>\n<td width=\"92\">3<\/td>\n<td width=\"56\">4-M10*56<\/td>\n<td width=\"56\">2.8<\/td>\n<\/tr>\n<tr>\n<td width=\"56\">125<\/td>\n<td width=\"84\">25<\/td>\n<td width=\"87\">4000<\/td>\n<td width=\"56\">125<\/td>\n<td width=\"75\">50<\/td>\n<td width=\"56\">13<\/td>\n<td width=\"89\">45<\/td>\n<td width=\"92\">3<\/td>\n<td width=\"56\">4-M12*64<\/td>\n<td width=\"56\">4<\/td>\n<\/tr>\n<tr>\n<td width=\"56\">140<\/td>\n<td width=\"84\">50<\/td>\n<td width=\"87\">4000<\/td>\n<td width=\"56\">140<\/td>\n<td width=\"75\">63<\/td>\n<td width=\"56\">13<\/td>\n<td width=\"89\">50<\/td>\n<td width=\"92\">3<\/td>\n<td width=\"56\">6-M12*64<\/td>\n<td width=\"56\">5.4<\/td>\n<\/tr>\n<tr>\n<td width=\"56\">","protected":false},"excerpt":{"rendered":"<p>Flange Flexible Couplings Flange Flexible Couplings are widely used in various industries for their compact design, easy installation, convenient maintenance, small size, and light weight. These couplings are designed to transmit power between two shafts while accommodating any relative displacement within the specified tolerance. By ensuring the relative displacement is within the permissible range, the [&hellip;]<\/p>","protected":false},"featured_media":4071,"template":"","meta":{"_et_pb_use_builder":"","_et_pb_old_content":"","_et_gb_content_width":""},"product_brand":[],"product_cat":[11321],"product_tag":[],"class_list":{"0":"post-4089","1":"product","2":"type-product","3":"status-publish","4":"has-post-thumbnail","6":"product_cat-flange-coupling","8":"first","9":"instock","10":"shipping-taxable","11":"product-type-simple"},"_links":{"self":[{"href":"https:\/\/agricultural-gear-boxes.com\/es\/wp-json\/wp\/v2\/product\/4089","targetHints":{"allow":["GET"]}}],"collection":[{"href":"https:\/\/agricultural-gear-boxes.com\/es\/wp-json\/wp\/v2\/product"}],"about":[{"href":"https:\/\/agricultural-gear-boxes.com\/es\/wp-json\/wp\/v2\/types\/product"}],"wp:featuredmedia":[{"embeddable":true,"href":"https:\/\/agricultural-gear-boxes.com\/es\/wp-json\/wp\/v2\/media\/4071"}],"wp:attachment":[{"href":"https:\/\/agricultural-gear-boxes.com\/es\/wp-json\/wp\/v2\/media?parent=4089"}],"wp:term":[{"taxonomy":"product_brand","embeddable":true,"href":"https:\/\/agricultural-gear-boxes.com\/es\/wp-json\/wp\/v2\/product_brand?post=4089"},{"taxonomy":"product_cat","embeddable":true,"href":"https:\/\/agricultural-gear-boxes.com\/es\/wp-json\/wp\/v2\/product_cat?post=4089"},{"taxonomy":"product_tag","embeddable":true,"href":"https:\/\/agricultural-gear-boxes.com\/es\/wp-json\/wp\/v2\/product_tag?post=4089"}],"curies":[{"name":"wp","href":"https:\/\/api.w.org\/{rel}","templated":true}]}}