{"id":4090,"date":"2024-09-04T05:26:02","date_gmt":"2024-09-04T05:26:02","guid":{"rendered":"https:\/\/agricultural-gear-boxes.com\/product\/flange-flexible-coupling-2\/"},"modified":"2024-09-04T05:26:03","modified_gmt":"2024-09-04T05:26:03","slug":"flange-flexible-coupling-2","status":"publish","type":"product","link":"https:\/\/agricultural-gear-boxes.com\/es\/product\/flange-flexible-coupling-2\/","title":{"rendered":"Acoplamiento flexible con brida"},"content":{"rendered":"<h2>\u00bfQu\u00e9 es un acoplamiento flexible de brida?<\/h2>\n<p>Un acoplamiento flexible con brida es un dispositivo mec\u00e1nico que conecta dos ejes y transmite potencia de manera uniforme. Estos acoplamientos pueden absorber cargas de impacto y vibraciones, lo que los hace ideales para su uso en maquinaria y equipos que experimentan arranques y paradas frecuentes.<\/p>\n<h3>Historia de los acoplamientos flexibles con brida<\/h3>\n<p>El acoplamiento flexible con brida se ha utilizado en maquinaria y equipos durante muchos a\u00f1os. Los primeros acoplamientos estaban hechos de madera, pero con el tiempo han evolucionado hasta estar hechos de diversos materiales, como acero, aluminio y pl\u00e1stico.<\/p>\n<h3>Ventajas de los acoplamientos flexibles con brida<\/h3>\n<ul>\n<li>No requieren lubricaci\u00f3n y pr\u00e1cticamente no necesitan mantenimiento.<\/li>\n<li>La forma simplificada de la pieza permite una instalaci\u00f3n r\u00e1pida y sencilla.<\/li>\n<li>Estos acoplamientos son f\u00e1ciles y de bajo coste de montar y desmontar.<\/li>\n<li>Los acoplamientos flexibles de brida pueden funcionar de forma segura sin cubiertas duras.<\/li>\n<\/ul>\n<h3>Materiales utilizados en acoplamientos flexibles con brida<\/h3>\n<p>Los acoplamientos flexibles con brida pueden estar hechos de distintos materiales, como acero, aluminio y pl\u00e1stico. La elecci\u00f3n del material depende de la aplicaci\u00f3n espec\u00edfica y de los requisitos de la maquinaria o el equipo en el que se utilizan.<\/p>\n<h3>Instalaci\u00f3n, mantenimiento y reparaci\u00f3n de acoplamientos flexibles con brida<\/h3>\n<p>La instalaci\u00f3n de los acoplamientos flexibles con brida es sencilla y f\u00e1cil. Se pueden montar y desmontar de forma r\u00e1pida y sencilla, lo que hace que el mantenimiento y la reparaci\u00f3n sean muy sencillos. En caso de que sea necesario sustituir un acoplamiento, se puede hacer r\u00e1pidamente y sin necesidad de herramientas o equipos especializados.<\/p>\n<h2>Otros productos de nuestra empresa<\/h2>\n<p>Adem\u00e1s de los acoplamientos flexibles con brida, nuestra empresa tambi\u00e9n suministra diversos engranajes de pl\u00e1stico utilizados en la industria, como cajas de engranajes agr\u00edcolas, ejes de salida de potencia, ruedas dentadas, acoplamientos de fluidos, reductores de engranajes helicoidales, engranajes y cremalleras, cadenas desmontables, poleas y poleas, cajas de engranajes planetarios, poleas de distribuci\u00f3n, bujes y m\u00e1s. Nos enorgullecemos de ofrecer productos de alta calidad a precios favorables y brindar un servicio considerado a nuestros clientes. Damos la bienvenida a los clientes a que vengan a nosotros con sus dibujos o muestras para personalizarlos.<\/p>\n<h2>Preguntas y respuestas<\/h2>\n<h3>1. \u00bfLos acoplamientos flexibles de brida son adecuados para su uso en maquinaria que experimenta arranques y paradas frecuentes?<\/h3>\n<p>S\u00ed, los acoplamientos flexibles de brida son ideales para su uso en maquinaria y equipos que experimentan arranques y paradas frecuentes, ya que pueden absorber la carga de impacto y la vibraci\u00f3n, lo que garantiza una transmisi\u00f3n suave de la potencia.<\/p>\n<h3>2. \u00bfDe qu\u00e9 materiales est\u00e1n hechos los acoplamientos flexibles de brida?<\/h3>\n<p>Los acoplamientos flexibles de brida pueden estar hechos de una variedad de materiales, incluidos acero, aluminio y pl\u00e1stico, seg\u00fan la aplicaci\u00f3n espec\u00edfica y los requisitos de la maquinaria o el equipo en el que se utilizan.<\/p>\n<h3>3. \u00bfC\u00f3mo se instalan los acoplamientos flexibles de brida?<\/h3>\n<p>La instalaci\u00f3n de los acoplamientos flexibles con brida es sencilla y f\u00e1cil. La forma simplificada de la pieza permite una instalaci\u00f3n r\u00e1pida y sencilla. Se pueden montar y desmontar de forma r\u00e1pida y sencilla, lo que hace que el mantenimiento y la reparaci\u00f3n sean muy sencillos.<\/p>\n<h3>4. \u00bfEs posible reemplazar r\u00e1pidamente los acoplamientos flexibles de brida?<\/h3>\n<p>S\u00ed, en el caso de que sea necesario reemplazar un acoplamiento, se puede hacer de forma r\u00e1pida y sin necesidad de herramientas o equipos especializados, lo que lo convierte en una soluci\u00f3n rentable para el mantenimiento de maquinaria y equipos.<\/p>\n<h3>5. \u00bfQu\u00e9 otros productos suministra su empresa?<\/h3>\n<p>Adem\u00e1s de los acoplamientos flexibles con brida, nuestra empresa tambi\u00e9n suministra diversos engranajes de pl\u00e1stico utilizados en la industria, como cajas de engranajes agr\u00edcolas, ejes de salida de potencia, ruedas dentadas, acoplamientos de fluidos, reductores de engranajes helicoidales, engranajes y cremalleras, cadenas desmontables, poleas y poleas, cajas de engranajes planetarios, poleas de distribuci\u00f3n, bujes y m\u00e1s. Nos enorgullecemos de ofrecer productos de alta calidad a precios favorables y brindar un servicio considerado a nuestros clientes. Damos la bienvenida a los clientes a que vengan a nosotros con sus dibujos o muestras para personalizarlos.<\/p>","protected":false},"excerpt":{"rendered":"<p>What is a Flange Flexible Coupling? A Flange Flexible Coupling is a mechanical device that connects two shafts together and transmits power smoothly. These couplings can absorb shock load and vibration, making them ideal for use in machinery and equipment that experience frequent starts and stops. History of Flange Flexible Couplings The Flange Flexible Coupling [&hellip;]<\/p>","protected":false},"featured_media":4077,"template":"","meta":{"_et_pb_use_builder":"","_et_pb_old_content":"","_et_gb_content_width":""},"product_brand":[],"product_cat":[11321],"product_tag":[],"class_list":{"0":"post-4090","1":"product","2":"type-product","3":"status-publish","4":"has-post-thumbnail","6":"product_cat-flange-coupling","8":"first","9":"instock","10":"shipping-taxable","11":"product-type-simple"},"_links":{"self":[{"href":"https:\/\/agricultural-gear-boxes.com\/es\/wp-json\/wp\/v2\/product\/4090","targetHints":{"allow":["GET"]}}],"collection":[{"href":"https:\/\/agricultural-gear-boxes.com\/es\/wp-json\/wp\/v2\/product"}],"about":[{"href":"https:\/\/agricultural-gear-boxes.com\/es\/wp-json\/wp\/v2\/types\/product"}],"wp:featuredmedia":[{"embeddable":true,"href":"https:\/\/agricultural-gear-boxes.com\/es\/wp-json\/wp\/v2\/media\/4077"}],"wp:attachment":[{"href":"https:\/\/agricultural-gear-boxes.com\/es\/wp-json\/wp\/v2\/media?parent=4090"}],"wp:term":[{"taxonomy":"product_brand","embeddable":true,"href":"https:\/\/agricultural-gear-boxes.com\/es\/wp-json\/wp\/v2\/product_brand?post=4090"},{"taxonomy":"product_cat","embeddable":true,"href":"https:\/\/agricultural-gear-boxes.com\/es\/wp-json\/wp\/v2\/product_cat?post=4090"},{"taxonomy":"product_tag","embeddable":true,"href":"https:\/\/agricultural-gear-boxes.com\/es\/wp-json\/wp\/v2\/product_tag?post=4090"}],"curies":[{"name":"wp","href":"https:\/\/api.w.org\/{rel}","templated":true}]}}