{"id":4364,"date":"2024-09-11T07:34:06","date_gmt":"2024-09-11T07:34:06","guid":{"rendered":"https:\/\/agricultural-gear-boxes.com\/product\/low-price-hydraulic-forklift-tilt-cylinder-from-china-manufacturer\/"},"modified":"2024-09-11T07:34:07","modified_gmt":"2024-09-11T07:34:07","slug":"low-price-hydraulic-forklift-tilt-cylinder-from-china-manufacturer","status":"publish","type":"product","link":"https:\/\/agricultural-gear-boxes.com\/es\/product\/low-price-hydraulic-forklift-tilt-cylinder-from-china-manufacturer\/","title":{"rendered":"Cilindro de inclinaci\u00f3n para carretilla elevadora hidr\u00e1ulica de bajo precio del fabricante chino"},"content":{"rendered":"<p>Todo el contenido de esta p\u00e1gina proviene de Internet y el contenido solo se utiliza como referencia para la selecci\u00f3n de productos. Nuestros productos son piezas de repuesto en lugar de repuestos originales; no somos el titular de la marca registrada original del contenido. Nuestros productos solo son adecuados para repuestos posventa en lugar de repuestos originales. Nuestras piezas de repuesto pueden adaptarse perfectamente a las piezas de repuesto originales; si necesita comprar repuestos originales, comun\u00edquese con la f\u00e1brica original para comprar. Si necesita comprar repuestos originales, comun\u00edquese con el proveedor original para comprar.<\/p>\n<h2>Cilindro de inclinaci\u00f3n para carretilla elevadora hidr\u00e1ulica de bajo precio del fabricante chino<\/h2>\n<p>A continuaci\u00f3n se presentan algunos puntos clave que es necesario comprender acerca de los cilindros de inclinaci\u00f3n de las carretillas elevadoras:<\/p>\n<ol>\n<li>Funci\u00f3n: La funci\u00f3n principal del cilindro de inclinaci\u00f3n de una carretilla elevadora es inclinar el m\u00e1stil o el carro hacia adelante y hacia atr\u00e1s. Esta acci\u00f3n de inclinaci\u00f3n permite al operador colocar las horquillas o el accesorio en el \u00e1ngulo deseado para recoger, transportar y depositar cargas de manera eficaz.<\/li>\n<li>Hydraulic Operation: Forklift tilt cylinders are hydraulic cylinders, meaning they use hydraulic fluid under pressure to generate force and facilitate the tilting motion. The hydraulic system of the forklift supplies the necessary fluid to the tilt cylinder, allowing controlled extension and retraction of the cylinder&#8217;s piston rod.<\/li>\n<li>Dise\u00f1o de doble efecto: la mayor\u00eda de los cilindros de inclinaci\u00f3n de las carretillas elevadoras son de doble efecto, lo que significa que se puede suministrar fluido hidr\u00e1ulico a ambos lados del pist\u00f3n. Este dise\u00f1o permite un control independiente de la extensi\u00f3n y la retracci\u00f3n del cilindro, lo que permite realizar ajustes de inclinaci\u00f3n precisos en ambas direcciones.<\/li>\n<li>Mounting and Integration: Forklift tilt cylinders are typically mounted on the mast or carriage of the forklift. They are integrated into the forklift&#8217;s hydraulic system, connecting to the hydraulic power unit, control valves, and other hydraulic components to ensure synchronized and controlled operation.<\/li>\n<li>Construcci\u00f3n y componentes: Los cilindros de inclinaci\u00f3n de las carretillas elevadoras utilizan materiales de alta resistencia, como acero o aleaci\u00f3n, lo que garantiza la durabilidad y la resistencia a cargas pesadas y condiciones de funcionamiento rigurosas. Contienen un cuerpo de cilindro, un pist\u00f3n, un v\u00e1stago de pist\u00f3n, sellos y accesorios de extremo. Los sellos ayudan a mantener la presi\u00f3n hidr\u00e1ulica y evitan fugas de fluido durante el funcionamiento.<\/li>\n<li>Capacidad de carga y longitud de carrera: La capacidad de carga y la longitud de carrera de los cilindros de inclinaci\u00f3n de las carretillas elevadoras var\u00edan seg\u00fan el modelo espec\u00edfico de la carretilla elevadora y los requisitos de la aplicaci\u00f3n. Los cilindros est\u00e1n dise\u00f1ados para soportar la capacidad de carga prevista de la carretilla elevadora, lo que garantiza un funcionamiento seguro y eficiente.<\/li>\n<li>Mantenimiento y seguridad: El cuidado adecuado de los cilindros de inclinaci\u00f3n de las carretillas elevadoras es esencial para garantizar su rendimiento confiable. La inspecci\u00f3n, lubricaci\u00f3n y reemplazo de sellos regulares, seg\u00fan sea necesario, ayudan a prevenir fugas y garantizar un funcionamiento sin problemas. Adem\u00e1s, seguir las pautas de seguridad y los procedimientos operativos mientras se utiliza el cilindro de inclinaci\u00f3n de la carretilla elevadora es fundamental para prevenir accidentes y mantener un entorno de trabajo seguro.<\/li>\n<\/ol>\n<p><img","protected":false},"excerpt":{"rendered":"<p>All the content on this page comes from the Internet, and the content is only used as a reference for product selection. Our products are replacement parts rather than original spare parts; we are not the holder of the original trademark of the content. Our products are only suitable for after-sales replacement parts rather than [&hellip;]<\/p>","protected":false},"featured_media":4363,"template":"","meta":{"_et_pb_use_builder":"","_et_pb_old_content":"","_et_gb_content_width":""},"product_brand":[],"product_cat":[11325],"product_tag":[],"class_list":{"0":"post-4364","1":"product","2":"type-product","3":"status-publish","4":"has-post-thumbnail","6":"product_cat-hydraulic-cylinder","8":"first","9":"instock","10":"shipping-taxable","11":"product-type-simple"},"_links":{"self":[{"href":"https:\/\/agricultural-gear-boxes.com\/es\/wp-json\/wp\/v2\/product\/4364","targetHints":{"allow":["GET"]}}],"collection":[{"href":"https:\/\/agricultural-gear-boxes.com\/es\/wp-json\/wp\/v2\/product"}],"about":[{"href":"https:\/\/agricultural-gear-boxes.com\/es\/wp-json\/wp\/v2\/types\/product"}],"wp:featuredmedia":[{"embeddable":true,"href":"https:\/\/agricultural-gear-boxes.com\/es\/wp-json\/wp\/v2\/media\/4363"}],"wp:attachment":[{"href":"https:\/\/agricultural-gear-boxes.com\/es\/wp-json\/wp\/v2\/media?parent=4364"}],"wp:term":[{"taxonomy":"product_brand","embeddable":true,"href":"https:\/\/agricultural-gear-boxes.com\/es\/wp-json\/wp\/v2\/product_brand?post=4364"},{"taxonomy":"product_cat","embeddable":true,"href":"https:\/\/agricultural-gear-boxes.com\/es\/wp-json\/wp\/v2\/product_cat?post=4364"},{"taxonomy":"product_tag","embeddable":true,"href":"https:\/\/agricultural-gear-boxes.com\/es\/wp-json\/wp\/v2\/product_tag?post=4364"}],"curies":[{"name":"wp","href":"https:\/\/api.w.org\/{rel}","templated":true}]}}