{"id":4370,"date":"2024-09-11T07:34:09","date_gmt":"2024-09-11T07:34:09","guid":{"rendered":"https:\/\/agricultural-gear-boxes.com\/product\/single-acting-hydraulic-forklift-lifting-cylinder-right-replacement-of-toyota\/"},"modified":"2024-09-11T07:34:09","modified_gmt":"2024-09-11T07:34:09","slug":"single-acting-hydraulic-forklift-lifting-cylinder-right-replacement-of-toyota","status":"publish","type":"product","link":"https:\/\/agricultural-gear-boxes.com\/es\/product\/single-acting-hydraulic-forklift-lifting-cylinder-right-replacement-of-toyota\/","title":{"rendered":"Cilindro de elevaci\u00f3n de montacargas hidr\u00e1ulico de simple efecto (derecho) Reemplazo de Toyota"},"content":{"rendered":"<p><!DOCTYPE html><br \/>\n<html><br \/>\n<body><\/p>\n<h2>Descargo de responsabilidad<\/h2>\n<p>Todo el contenido de esta p\u00e1gina procede de Internet y se ofrece \u00fanicamente como referencia para la selecci\u00f3n de productos. Nuestros productos son piezas de repuesto y no piezas de repuesto originales. No poseemos la marca registrada del contenido original. Nuestras piezas de repuesto est\u00e1n dise\u00f1adas para adaptarse perfectamente a las piezas de repuesto originales. Si necesita piezas de repuesto originales, p\u00f3ngase en contacto con el fabricante o proveedor original.<\/p>\n<h2>Acerca del reemplazo del cilindro de elevaci\u00f3n de montacargas hidr\u00e1ulico de simple efecto (derecho) de Toyota<\/h2>\n<p>Un cilindro elevador hidr\u00e1ulico de simple efecto para montacargas (derecha) es una pieza de repuesto dise\u00f1ada para montacargas Toyota. Proporciona la capacidad de elevaci\u00f3n para las horquillas o el m\u00e1stil del montacargas. El sistema hidr\u00e1ulico del montacargas depende de este cilindro para subir y bajar las horquillas o el m\u00e1stil, lo que permite levantar y transportar cargas pesadas.<\/p>\n<p><img loading=\"lazy\" decoding=\"async\" src=\"https:\/\/img.jiansujichilun.com\/img\/hydrauliccylinders\/T_hydrauliccylinders-5.webp\" alt=\"Cilindro de elevaci\u00f3n de carretilla elevadora hidr\u00e1ulica\" width=\"800\" height=\"533\"><\/p>\n<h3>Escenarios de uso com\u00fan<\/h3>\n<ul>\n<li>Elevaci\u00f3n de cargas: El cilindro hidr\u00e1ulico de elevaci\u00f3n de la carretilla elevadora es esencial para levantar cargas pesadas. Permite que la carretilla elevadora suba y baje las horquillas o el m\u00e1stil, lo que permite el transporte seguro y eficiente de objetos.<\/li>\n<li>Posicionamiento de la carga: con un control preciso de la extensi\u00f3n y retracci\u00f3n del v\u00e1stago del pist\u00f3n, este cilindro permite un posicionamiento preciso de la carga a diferentes alturas o posiciones. Esta caracter\u00edstica es particularmente \u00fatil en aplicaciones que requieren una colocaci\u00f3n o apilamiento preciso de las mercanc\u00edas.<\/li>\n<li>Inclinaci\u00f3n de las horquillas o del m\u00e1stil: Algunas carretillas elevadoras est\u00e1n equipadas con cilindros hidr\u00e1ulicos que permiten la inclinaci\u00f3n de las horquillas o del m\u00e1stil. Esta caracter\u00edstica permite a los operadores ajustar el \u00e1ngulo de inclinaci\u00f3n, facilitando la manipulaci\u00f3n de cargas en superficies irregulares o al cargar y descargar en rampas o plataformas de muelle.<\/li>\n<li>Extensi\u00f3n del m\u00e1stil: Los cilindros de elevaci\u00f3n hidr\u00e1ulicos se utilizan en carretillas elevadoras con m\u00e1stiles telesc\u00f3picos para extender o retraer las secciones del m\u00e1stil. Esta capacidad permite que las carretillas elevadoras alcancen niveles de elevaci\u00f3n m\u00e1s altos. Los m\u00e1stiles telesc\u00f3picos se utilizan com\u00fanmente en carretillas elevadoras que requieren alturas de elevaci\u00f3n extendidas.<\/li>\n<li>Desplazamiento lateral: algunas carretillas elevadoras tienen cilindros hidr\u00e1ulicos para la capacidad de desplazamiento lateral. Estos cilindros permiten el movimiento horizontal de las horquillas, lo que permite a los operadores ajustar la posici\u00f3n de la carga sin tener que reposicionar toda la carretilla elevadora. Los cilindros de desplazamiento lateral mejoran la eficiencia y la flexibilidad en el manejo de cargas de distintos tama\u00f1os y configuraciones.<\/li>\n<li>Aplicaciones de los esparcidores de contenedores: Los cilindros de elevaci\u00f3n de carretillas elevadoras hidr\u00e1ulicas se utilizan en los esparcidores de contenedores para aplicaciones de manipulaci\u00f3n de contenedores. Estos cilindros proporcionan la fuerza de elevaci\u00f3n necesaria para manipular contenedores pesados de forma segura.<\/li>\n<\/ul>\n<p>Informaci\u00f3n adicional:<\/p>\n<ul>\n<li>Historia: Los cilindros de elevaci\u00f3n para carretillas elevadoras hidr\u00e1ulicas se han utilizado en la industria de manipulaci\u00f3n de materiales durante muchos a\u00f1os, mejorando continuamente la eficiencia de las operaciones de carretillas elevadoras.<\/li>\n<li>Clasificaci\u00f3n: Los cilindros hidr\u00e1ulicos de simple efecto se clasifican seg\u00fan su funci\u00f3n y dise\u00f1o, y cada tipo se adapta a requisitos de elevaci\u00f3n espec\u00edficos.<\/li>\n<li>Ventajas: El cilindro de elevaci\u00f3n hidr\u00e1ulico de simple efecto para montacargas ofrece capacidades de elevaci\u00f3n confiables, posicionamiento preciso de la carga y mayor flexibilidad en diversas aplicaciones de manipulaci\u00f3n de materiales.<\/li>\n<li>Materiales utilizables del producto: Estos cilindros generalmente se construyen con materiales de alta calidad, como acero, para lograr durabilidad y resistencia a cargas pesadas y fuerzas externas.<\/li>\n<li>Instalaci\u00f3n, mantenimiento y reparaci\u00f3n: La instalaci\u00f3n adecuada y el mantenimiento regular son fundamentales para garantizar un rendimiento \u00f3ptimo. Se recomiendan inspecciones peri\u00f3dicas, lubricaci\u00f3n, reemplazo de sellos y an\u00e1lisis de fluidos como parte de un programa de mantenimiento preventivo. En caso de problemas o anomal\u00edas, comun\u00edquese con un t\u00e9cnico calificado para realizar reparaciones.<\/li>\n<li>Replacement: When replacing the hydraulic forklift lifting cylinder, ensure compatibility with the forklift model and follow the manufacturer&#8217;s guidelines for installation and replacement procedures.<\/li>\n<\/ul>\n<h2>Otros productos ofrecidos por nuestra empresa<\/h2>\n<p><img loading=\"lazy\" decoding=\"async\" src=\"https:\/\/images.hzpt.com\/2024\/04\/unit-type-flexo-press-factory.webp\" alt=\"Imagen del producto\" width=\"1000\" height=\"500\"><\/p>\n<p>Tambi\u00e9n nos especializamos en el suministro de diversos engranajes pl\u00e1sticos industriales, incluidas cajas de engranajes agr\u00edcolas, ejes de salida de potencia, ruedas dentadas, acoplamientos hidr\u00e1ulicos, reductores de engranajes helicoidales, cremalleras, cadenas extra\u00edbles, poleas, engranajes planetarios.<\/p>","protected":false},"excerpt":{"rendered":"<p>Disclaimer All the content on this page is sourced from the internet and is provided solely as a reference for product selection. Our products are replacement parts and not original spare parts. We do not hold the trademark for the original content. Our replacement parts are designed to perfectly fit the original spare parts. If [&hellip;]<\/p>","protected":false},"featured_media":4369,"template":"","meta":{"_et_pb_use_builder":"","_et_pb_old_content":"","_et_gb_content_width":""},"product_brand":[],"product_cat":[11325],"product_tag":[],"class_list":{"0":"post-4370","1":"product","2":"type-product","3":"status-publish","4":"has-post-thumbnail","6":"product_cat-hydraulic-cylinder","8":"first","9":"instock","10":"shipping-taxable","11":"product-type-simple"},"_links":{"self":[{"href":"https:\/\/agricultural-gear-boxes.com\/es\/wp-json\/wp\/v2\/product\/4370","targetHints":{"allow":["GET"]}}],"collection":[{"href":"https:\/\/agricultural-gear-boxes.com\/es\/wp-json\/wp\/v2\/product"}],"about":[{"href":"https:\/\/agricultural-gear-boxes.com\/es\/wp-json\/wp\/v2\/types\/product"}],"wp:featuredmedia":[{"embeddable":true,"href":"https:\/\/agricultural-gear-boxes.com\/es\/wp-json\/wp\/v2\/media\/4369"}],"wp:attachment":[{"href":"https:\/\/agricultural-gear-boxes.com\/es\/wp-json\/wp\/v2\/media?parent=4370"}],"wp:term":[{"taxonomy":"product_brand","embeddable":true,"href":"https:\/\/agricultural-gear-boxes.com\/es\/wp-json\/wp\/v2\/product_brand?post=4370"},{"taxonomy":"product_cat","embeddable":true,"href":"https:\/\/agricultural-gear-boxes.com\/es\/wp-json\/wp\/v2\/product_cat?post=4370"},{"taxonomy":"product_tag","embeddable":true,"href":"https:\/\/agricultural-gear-boxes.com\/es\/wp-json\/wp\/v2\/product_tag?post=4370"}],"curies":[{"name":"wp","href":"https:\/\/api.w.org\/{rel}","templated":true}]}}