{"id":4378,"date":"2024-09-11T07:34:12","date_gmt":"2024-09-11T07:34:12","guid":{"rendered":"https:\/\/agricultural-gear-boxes.com\/product\/low-price-hydraulic-luffing-cylinder-replacement-for-crane\/"},"modified":"2024-09-11T07:34:12","modified_gmt":"2024-09-11T07:34:12","slug":"low-price-hydraulic-luffing-cylinder-replacement-for-crane","status":"publish","type":"product","link":"https:\/\/agricultural-gear-boxes.com\/es\/product\/low-price-hydraulic-luffing-cylinder-replacement-for-crane\/","title":{"rendered":"Reemplazo de cilindro hidr\u00e1ulico de elevaci\u00f3n de bajo precio para gr\u00faa"},"content":{"rendered":"<p>Todo el contenido de esta p\u00e1gina proviene de Internet y se utiliza \u00fanicamente como referencia para la selecci\u00f3n de productos. Nuestros productos son piezas de repuesto y no piezas de repuesto originales; no somos los propietarios de la marca registrada original del contenido. Nuestras piezas de repuesto pueden adaptarse perfectamente a las piezas de repuesto originales. Si necesita comprar piezas de repuesto originales, comun\u00edquese con el proveedor original para realizar la compra.<\/p>\n<h2>Reemplazo de cilindro hidr\u00e1ulico de elevaci\u00f3n de bajo precio para gr\u00faa<\/h2>\n<p>Los cilindros hidr\u00e1ulicos de elevaci\u00f3n son un componente esencial de la maquinaria y el equipo que requieren un movimiento vertical controlado, en particular para elevar, bajar y abatir un componente o una estructura. Se utilizan principalmente para controlar el movimiento vertical de un componente, como la pluma o el brazo de una gr\u00faa. Los cilindros hidr\u00e1ulicos de elevaci\u00f3n permiten el movimiento de elevaci\u00f3n, lo que permite elevar o bajar la pieza hasta el \u00e1ngulo o la altura deseados.<\/p>\n<p>Los cilindros hidr\u00e1ulicos de elevaci\u00f3n se utilizan ampliamente en diversas industrias, incluidas la construcci\u00f3n, la manipulaci\u00f3n de materiales y las operaciones mar\u00edtimas. Permiten el movimiento vertical controlado de los componentes, lo que facilita procedimientos eficientes y seguros que requieren elevaci\u00f3n o ajuste del \u00e1ngulo o la altura del equipo.<\/p>\n<p><img decoding=\"async\" src=\"https:\/\/img.jiansujichilun.com\/img\/hydrauliccylinders\/T_hydrauliccylinders-5.webp\" alt=\"Cilindro hidr\u00e1ulico de elevaci\u00f3n\" \/><\/p>\n<h3>La historia de los cilindros hidr\u00e1ulicos de elevaci\u00f3n<\/h3>\n<p>Los cilindros hidr\u00e1ulicos de elevaci\u00f3n han sido un componente esencial en maquinaria y equipo durante muchos a\u00f1os. El primer cilindro hidr\u00e1ulico fue desarrollado a principios del siglo XX por el ingeniero franc\u00e9s Georges Albert Gauthier. Desde entonces, los cilindros hidr\u00e1ulicos han evolucionado significativamente y se han convertido en un componente esencial en muchas aplicaciones industriales.<\/p>\n<h3>Clasificaci\u00f3n de los cilindros hidr\u00e1ulicos de elevaci\u00f3n<\/h3>\n<p>Los cilindros hidr\u00e1ulicos de elevaci\u00f3n se pueden clasificar seg\u00fan su dise\u00f1o, como cilindros de simple efecto, cilindros de doble efecto, cilindros telesc\u00f3picos y cilindros con tirantes. Los cilindros de simple efecto se utilizan para ejercer fuerza en una direcci\u00f3n, mientras que los cilindros de doble efecto pueden ejercer fuerza en ambas direcciones.<\/p>\n<p>Los cilindros telesc\u00f3picos est\u00e1n dise\u00f1ados para proporcionar una mayor longitud de carrera manteniendo un dise\u00f1o compacto. Los cilindros con tirantes son conocidos por su resistencia y durabilidad, y se utilizan com\u00fanmente en aplicaciones de servicio pesado.<\/p>\n<h3>Las ventajas de utilizar cilindros hidr\u00e1ulicos de elevaci\u00f3n<\/h3>\n<p>Los cilindros hidr\u00e1ulicos de elevaci\u00f3n ofrecen varias ventajas, entre ellas, un movimiento preciso y controlado, una gran capacidad de carga y facilidad de uso. Pueden soportar distintas cargas, seg\u00fan la aplicaci\u00f3n y el equipo espec\u00edficos, y est\u00e1n dise\u00f1ados para proporcionar la fuerza de elevaci\u00f3n y la estabilidad necesarias.<\/p>\n<p>Los cilindros hidr\u00e1ulicos de elevaci\u00f3n tambi\u00e9n desempe\u00f1an un papel fundamental para garantizar la seguridad y la estabilidad del equipo. Al proporcionar capacidades controladas de elevaci\u00f3n y descenso, ayudan a mantener la estabilidad durante las operaciones de elevaci\u00f3n, lo que reduce el riesgo de vuelco o inestabilidad.<\/p>\n<h3>Materiales utilizables del producto<\/h3>\n<p>Los cilindros hidr\u00e1ulicos de elevaci\u00f3n suelen estar fabricados con materiales de alta resistencia, como acero o aluminio. El material utilizado depende de la aplicaci\u00f3n espec\u00edfica y de la resistencia y durabilidad requeridas del cilindro.<\/p>\n<h3>C\u00f3mo instalar, mantener y reparar cilindros hidr\u00e1ulicos de elevaci\u00f3n<\/h3>\n<p>La instalaci\u00f3n, el mantenimiento y la reparaci\u00f3n adecuados de los cilindros hidr\u00e1ulicos de elevaci\u00f3n son fundamentales para garantizar su correcto funcionamiento y su longevidad. Durante la instalaci\u00f3n, es esencial asegurarse de que el cilindro hidr\u00e1ulico de elevaci\u00f3n est\u00e9 correctamente alineado con el equipo o componente al que est\u00e1 conectado. La desalineaci\u00f3n puede provocar una tensi\u00f3n innecesaria en el cilindro, lo que provoca un desgaste prematuro o problemas de rendimiento.<\/p>\n<p>La inspecci\u00f3n y el mantenimiento peri\u00f3dicos de los cilindros hidr\u00e1ulicos de elevaci\u00f3n son esenciales para garantizar su correcto funcionamiento y longevidad. Esto incluye la comprobaci\u00f3n de fugas, la inspecci\u00f3n de sellos y conexiones y la lubricaci\u00f3n de las piezas m\u00f3viles seg\u00fan sea necesario. El mantenimiento de rutina ayuda a identificar y solucionar cualquier problema con prontitud, lo que garantiza el funcionamiento confiable del cilindro hidr\u00e1ulico de elevaci\u00f3n.<\/p>\n<p>Si es necesario reparar el cilindro hidr\u00e1ulico de elevaci\u00f3n, lo mejor es consultar con un t\u00e9cnico calificado o un servicio de reparaci\u00f3n para asegurarse de que se sigan los procedimientos de reparaci\u00f3n adecuados. En algunos casos, puede resultar m\u00e1s rentable reemplazar el cilindro en lugar de repararlo.<\/p>\n<h3>C\u00f3mo reemplazar los cilindros hidr\u00e1ulicos de elevaci\u00f3n<\/h3>\n<p>Al reemplazar los cilindros hidr\u00e1ulicos de elevaci\u00f3n, es esencial asegurarse de que la pieza de repuesto sea adecuada para la aplicaci\u00f3n y el equipo espec\u00edficos. Nuestras piezas de repuesto pueden adaptarse perfectamente a las piezas de repuesto originales. Si necesita comprar piezas de repuesto originales, comun\u00edquese con el proveedor original para realizar la compra.<\/p>\n<h2>Otros negocios de productos<\/h2>\n<p>Adem\u00e1s de los cilindros hidr\u00e1ulicos de elevaci\u00f3n, suministramos principalmente diversos engranajes de pl\u00e1stico para uso industrial, como cajas de engranajes agr\u00edcolas, ejes de salida de potencia, pi\u00f1ones, acoplamientos hidr\u00e1ulicos, reductores de tornillo sin fin, cremalleras, cadenas extra\u00edbles, poleas y poleas, cajas de engranajes planetarios, poleas de distribuci\u00f3n, bujes, etc.<\/p>\n<p><img decoding=\"async\" src=\"https:\/\/images.hzpt.com\/2024\/04\/unit-type-flexo-press-factory.webp\" alt=\"Otros negocios de productos\" \/><\/p>\n<h2>Preguntas y respuestas<\/h2>\n<p><strong>P:<\/strong> \u00bfQu\u00e9 son los cilindros hidr\u00e1ulicos de elevaci\u00f3n?<br \/>\n<strong>A:<\/strong> Los cilindros hidr\u00e1ulicos de elevaci\u00f3n se utilizan en maquinaria y equipos que requieren un movimiento vertical controlado, particularmente en aplicaciones que implican elevar, elevar y bajar un componente o estructura.<\/p>\n<p><strong>P:<\/strong> \u00bfCu\u00e1les son algunas tareas de mantenimiento comunes para los cilindros de elevaci\u00f3n hidr\u00e1ulicos?<br \/>\n<strong>A:<\/strong> Las tareas de mantenimiento comunes de los cilindros hidr\u00e1ulicos de elevaci\u00f3n incluyen inspecci\u00f3n visual, inspecci\u00f3n y reemplazo de sellos, lubricaci\u00f3n, prueba de presi\u00f3n, limpieza, verificaci\u00f3n de alineaci\u00f3n, reemplazo de fluido del sistema y mantenimiento de registros.<\/p>\n<p><strong>P:<\/strong> \u00bfCu\u00e1les son las ventajas de utilizar cilindros hidr\u00e1ulicos de elevaci\u00f3n?<br \/>\n<strong>A:<\/strong> Las ventajas de utilizar cilindros hidr\u00e1ulicos de elevaci\u00f3n incluyen un movimiento preciso y controlado, una gran capacidad de carga y facilidad de operaci\u00f3n. Pueden soportar cargas variables y est\u00e1n dise\u00f1ados para proporcionar la fuerza de elevaci\u00f3n y la estabilidad necesarias.<\/p>\n<p><strong>P:<\/strong> \u00bfC\u00f3mo se clasifican los cilindros hidr\u00e1ulicos de elevaci\u00f3n?<br \/>\n<strong>A:<\/strong> Los cilindros hidr\u00e1ulicos de elevaci\u00f3n se pueden clasificar seg\u00fan su dise\u00f1o, como cilindros de simple efecto, cilindros de doble efecto, cilindros telesc\u00f3picos y cilindros de tirantes.<\/p>\n<p><strong>P:<\/strong> \u00bfC\u00f3mo se deben instalar los cilindros hidr\u00e1ulicos de elevaci\u00f3n?<br \/>\n<strong>A:<\/strong> Durante la instalaci\u00f3n, es fundamental asegurarse de que el cilindro hidr\u00e1ulico de elevaci\u00f3n est\u00e9 correctamente alineado con el equipo o componente al que est\u00e1 conectado. La desalineaci\u00f3n puede provocar una tensi\u00f3n innecesaria en el cilindro, lo que puede provocar un desgaste prematuro o problemas de rendimiento.<\/p>","protected":false},"excerpt":{"rendered":"<p>All content on this page comes from the Internet, and it is only used as a reference for product selection. Our products are replacement parts rather than original spare parts; we are not the holder of the original trademark of the content. Our replacement parts can perfectly fit the original spare parts. If you need [&hellip;]<\/p>","protected":false},"featured_media":4377,"template":"","meta":{"_et_pb_use_builder":"","_et_pb_old_content":"","_et_gb_content_width":""},"product_brand":[],"product_cat":[11325],"product_tag":[],"class_list":{"0":"post-4378","1":"product","2":"type-product","3":"status-publish","4":"has-post-thumbnail","6":"product_cat-hydraulic-cylinder","8":"first","9":"instock","10":"shipping-taxable","11":"product-type-simple"},"_links":{"self":[{"href":"https:\/\/agricultural-gear-boxes.com\/es\/wp-json\/wp\/v2\/product\/4378","targetHints":{"allow":["GET"]}}],"collection":[{"href":"https:\/\/agricultural-gear-boxes.com\/es\/wp-json\/wp\/v2\/product"}],"about":[{"href":"https:\/\/agricultural-gear-boxes.com\/es\/wp-json\/wp\/v2\/types\/product"}],"wp:featuredmedia":[{"embeddable":true,"href":"https:\/\/agricultural-gear-boxes.com\/es\/wp-json\/wp\/v2\/media\/4377"}],"wp:attachment":[{"href":"https:\/\/agricultural-gear-boxes.com\/es\/wp-json\/wp\/v2\/media?parent=4378"}],"wp:term":[{"taxonomy":"product_brand","embeddable":true,"href":"https:\/\/agricultural-gear-boxes.com\/es\/wp-json\/wp\/v2\/product_brand?post=4378"},{"taxonomy":"product_cat","embeddable":true,"href":"https:\/\/agricultural-gear-boxes.com\/es\/wp-json\/wp\/v2\/product_cat?post=4378"},{"taxonomy":"product_tag","embeddable":true,"href":"https:\/\/agricultural-gear-boxes.com\/es\/wp-json\/wp\/v2\/product_tag?post=4378"}],"curies":[{"name":"wp","href":"https:\/\/api.w.org\/{rel}","templated":true}]}}