{"id":4405,"date":"2024-09-11T07:34:21","date_gmt":"2024-09-11T07:34:21","guid":{"rendered":"https:\/\/agricultural-gear-boxes.com\/product\/good-quality-telescopic-hydraulic-cylinder-dumptruck-and-trailer-hydraulic-cylinder\/"},"modified":"2024-09-11T07:34:21","modified_gmt":"2024-09-11T07:34:21","slug":"good-quality-telescopic-hydraulic-cylinder-dumptruck-and-trailer-hydraulic-cylinder","status":"publish","type":"product","link":"https:\/\/agricultural-gear-boxes.com\/es\/product\/good-quality-telescopic-hydraulic-cylinder-dumptruck-and-trailer-hydraulic-cylinder\/","title":{"rendered":"Cilindro hidr\u00e1ulico telesc\u00f3pico de buena calidad para camiones volquete y remolques"},"content":{"rendered":"<p>Todo el contenido de esta p\u00e1gina proviene de Internet y solo se utiliza como referencia para la selecci\u00f3n de productos. Nuestros productos son piezas de repuesto y no repuestos originales; no somos los propietarios de la marca registrada original del contenido. Nuestras piezas de repuesto pueden adaptarse perfectamente a las piezas de repuesto originales; si necesita comprar repuestos originales, comun\u00edquese con la f\u00e1brica original para comprar. Si necesita comprar repuestos originales, comun\u00edquese con el proveedor original para comprar.<\/p>\n<p><h2>Cilindro hidr\u00e1ulico telesc\u00f3pico para camiones volquete y remolques<\/h2><\/p>\n<p>El cilindro hidr\u00e1ulico telesc\u00f3pico para volquetes y remolques es un componente de alto rendimiento dise\u00f1ado para diversas industrias, incluidas plantas de fabricaci\u00f3n, talleres de reparaci\u00f3n de maquinaria, granjas y los sectores de energ\u00eda y miner\u00eda. Este cilindro hidr\u00e1ulico vers\u00e1til y robusto, fabricado por Ever-power, ofrece excelentes caracter\u00edsticas de eficiencia, seguridad y ahorro de energ\u00eda.<\/p>\n<p><img decoding=\"async\" src=\"https:\/\/img.jiansujichilun.com\/img\/hydrauliccylinders\/T_hydrauliccylinders-5.webp\" alt=\"Escenario de uso del cilindro hidr\u00e1ulico\" \/><\/p>\n<p><h3>Historial del producto<\/h3><\/p>\n<p>El cilindro hidr\u00e1ulico telesc\u00f3pico para camiones volquete y remolques tiene una larga trayectoria en la industria hidr\u00e1ulica. A lo largo de los a\u00f1os, ha experimentado una innovaci\u00f3n y una mejora continuas para satisfacer las necesidades cambiantes de diversas aplicaciones.<\/p>\n<p><h3>Clasificaci\u00f3n de productos<\/h3><\/p>\n<ul>\n<li>Cilindros de simple efecto<\/li>\n<li>Cilindros de doble efecto<\/li>\n<li>Cilindros telesc\u00f3picos<\/li>\n<li>Cilindros no telesc\u00f3picos<\/li>\n<\/ul>\n<p><h3>Ventajas del Cilindro Hidr\u00e1ulico Telesc\u00f3pico<\/h3><\/p>\n<ul>\n<li>Alto rendimiento y confiabilidad<\/li>\n<li>Funcionamiento hidr\u00e1ulico eficiente<\/li>\n<li>Tama\u00f1o de orificio ajustable<\/li>\n<li>Dise\u00f1o compacto para espacios limitados.<\/li>\n<li>Construcci\u00f3n de acero resistente y duradera.<\/li>\n<li>Capaz de soportar alta presi\u00f3n y carga de trabajo.<\/li>\n<\/ul>\n<p><h3>Materiales utilizables<\/h3><\/p>\n<p>El cilindro hidr\u00e1ulico telesc\u00f3pico suele estar fabricado con acero de alta calidad, lo que garantiza su resistencia y durabilidad. Est\u00e1 dise\u00f1ado para soportar aplicaciones de alta resistencia y brindar un rendimiento duradero.<\/p>\n<p><h3>Instalaci\u00f3n, mantenimiento y reparaci\u00f3n<\/h3><\/p>\n<p>When installing the Telescopic Hydraulic Cylinder, ensure proper alignment and secure connections to ensure optimal performance. Regular maintenance is essential to prolong the cylinder&#8217;s lifespan. This includes checking for leaks, cleaning components, and lubricating moving parts. In the event of a malfunction or damage, consult a professional for repair or replacement.<\/p>\n<p><h3>Reemplazo de producto<\/h3><\/p>\n<p>Si necesita reemplazar su cilindro hidr\u00e1ulico, siga estos pasos:<\/p>\n<ol>\n<li>Identifique el cilindro de reemplazo correcto seg\u00fan las especificaciones y requisitos de su equipo.<\/li>\n<li>Retire el cilindro viejo desconectando las mangueras hidr\u00e1ulicas y los pernos.<\/li>\n<li>Instale el nuevo cilindro conectando las mangueras hidr\u00e1ulicas y los pernos, asegur\u00e1ndose de que la alineaci\u00f3n sea adecuada.<\/li>\n<li>Pruebe el nuevo cilindro para comprobar su funcionalidad y detectar fugas.<\/li>\n<\/ol>\n<p><h2>Otros productos de nuestra empresa<\/h2><\/p>\n<p>Nuestra empresa ofrece una amplia gama de productos industriales, entre los que se incluyen cajas de engranajes agr\u00edcolas, ejes de salida de potencia, ruedas dentadas, acoplamientos hidr\u00e1ulicos, reductores de tornillo sin fin, cremalleras, cadenas desmontables, poleas y poleas, cajas de engranajes planetarios, poleas de distribuci\u00f3n, bujes y m\u00e1s. Ofrecemos productos de alta calidad, precios competitivos y un excelente servicio al cliente. Tambi\u00e9n damos la bienvenida a la personalizaci\u00f3n basada en dibujos y muestras.<\/p>\n<p><img decoding=\"async\" src=\"https:\/\/images.hzpt.com\/2024\/04\/unit-type-flexo-press-factory.webp\" alt=\"Otros negocios de productos de la empresa\" \/><\/p>\n<p><h2>Preguntas frecuentes<\/h2><\/p>\n<p>P1: \u00bfCu\u00e1nto dura la garant\u00eda del cilindro hidr\u00e1ulico telesc\u00f3pico?<\/p>\n<p>A1: La garant\u00eda del cilindro hidr\u00e1ulico telesc\u00f3pico es de un a\u00f1o.<\/p>\n<p>Q2: \u00bfCu\u00e1l es el peso del cilindro hidr\u00e1ulico telesc\u00f3pico?<\/p>\n<p>A2: El peso del cilindro hidr\u00e1ulico telesc\u00f3pico es de 12 kg.<\/p>\n<p>P3: \u00bfQu\u00e9 industrias pueden utilizar el cilindro hidr\u00e1ulico telesc\u00f3pico?<\/p>\n<p>A3: El cilindro hidr\u00e1ulico telesc\u00f3pico es adecuado para plantas de fabricaci\u00f3n, talleres de reparaci\u00f3n de maquinaria, granjas y los sectores de energ\u00eda y miner\u00eda.<\/p>\n<p>P4: \u00bfCu\u00e1les son las ventajas del cilindro hidr\u00e1ulico telesc\u00f3pico?<\/p>\n<p>A4: El cilindro hidr\u00e1ulico telesc\u00f3pico ofrece alto rendimiento, tama\u00f1o de orificio ajustable, dise\u00f1o compacto y construcci\u00f3n de acero resistente.<\/p>\n<p>Q5: \u00bfC\u00f3mo debo mantener el cilindro hidr\u00e1ulico telesc\u00f3pico?<\/p>\n<p>A5: El mantenimiento regular, que incluye la verificaci\u00f3n de fugas, la limpieza y la lubricaci\u00f3n, es necesario para garantizar el rendimiento \u00f3ptimo y la longevidad del cilindro hidr\u00e1ulico telesc\u00f3pico.<\/p>","protected":false},"excerpt":{"rendered":"<p>All the content on this page comes from the Internet and is only used as a reference for product selection. Our products are replacement parts rather than original spare parts; we are not the holder of the original trademark of the content. Our replacement parts can perfectly fit the original spare parts; if you need [&hellip;]<\/p>","protected":false},"featured_media":4404,"template":"","meta":{"_et_pb_use_builder":"","_et_pb_old_content":"","_et_gb_content_width":""},"product_brand":[],"product_cat":[11326],"product_tag":[],"class_list":{"0":"post-4405","1":"product","2":"type-product","3":"status-publish","4":"has-post-thumbnail","6":"product_cat-dump-truck-trailer-hydraulic-cylinder","8":"first","9":"instock","10":"shipping-taxable","11":"product-type-simple"},"_links":{"self":[{"href":"https:\/\/agricultural-gear-boxes.com\/es\/wp-json\/wp\/v2\/product\/4405","targetHints":{"allow":["GET"]}}],"collection":[{"href":"https:\/\/agricultural-gear-boxes.com\/es\/wp-json\/wp\/v2\/product"}],"about":[{"href":"https:\/\/agricultural-gear-boxes.com\/es\/wp-json\/wp\/v2\/types\/product"}],"wp:featuredmedia":[{"embeddable":true,"href":"https:\/\/agricultural-gear-boxes.com\/es\/wp-json\/wp\/v2\/media\/4404"}],"wp:attachment":[{"href":"https:\/\/agricultural-gear-boxes.com\/es\/wp-json\/wp\/v2\/media?parent=4405"}],"wp:term":[{"taxonomy":"product_brand","embeddable":true,"href":"https:\/\/agricultural-gear-boxes.com\/es\/wp-json\/wp\/v2\/product_brand?post=4405"},{"taxonomy":"product_cat","embeddable":true,"href":"https:\/\/agricultural-gear-boxes.com\/es\/wp-json\/wp\/v2\/product_cat?post=4405"},{"taxonomy":"product_tag","embeddable":true,"href":"https:\/\/agricultural-gear-boxes.com\/es\/wp-json\/wp\/v2\/product_tag?post=4405"}],"curies":[{"name":"wp","href":"https:\/\/api.w.org\/{rel}","templated":true}]}}