{"id":4415,"date":"2024-09-11T07:34:27","date_gmt":"2024-09-11T07:34:27","guid":{"rendered":"https:\/\/agricultural-gear-boxes.com\/product\/strong-stable-5-stage-telescopic-dump-truck-hydraulic-cylinder-multistage-hydraulic-cylinder\/"},"modified":"2024-09-11T07:34:27","modified_gmt":"2024-09-11T07:34:27","slug":"strong-stable-5-stage-telescopic-dump-truck-hydraulic-cylinder-multistage-hydraulic-cylinder","status":"publish","type":"product","link":"https:\/\/agricultural-gear-boxes.com\/es\/product\/strong-stable-5-stage-telescopic-dump-truck-hydraulic-cylinder-multistage-hydraulic-cylinder\/","title":{"rendered":"Cilindro hidr\u00e1ulico para cami\u00f3n volquete telesc\u00f3pico de 5 etapas, resistente y estable Cilindro hidr\u00e1ulico multietapa"},"content":{"rendered":"<p>Todo el contenido de esta p\u00e1gina proviene de Internet y est\u00e1 destinado \u00fanicamente a fines de referencia. Nuestros productos son piezas de repuesto y no piezas de repuesto originales. No somos los propietarios de la marca registrada original del contenido. Nuestras piezas de repuesto pueden adaptarse perfectamente a las piezas de repuesto originales. Si necesita comprar piezas de repuesto originales, comun\u00edquese con el proveedor original para realizar la compra.<\/p>\n<p><h2>Cilindro hidr\u00e1ulico para cami\u00f3n volquete telesc\u00f3pico de 5 etapas, resistente y estable Cilindro hidr\u00e1ulico multietapa<\/h2><\/p>\n<p>Our Strong Stable 5 Stage Telescopic Dump Truck Hydraulic Cylinder Multistage Hydraulic Cylinder is a robust and reliable product that is essential for providing the force needed in many industrial applications. This high-quality product comes with a 1-year warranty and is perfect for various industries such as Machinery Repair Shops, Farms, Energy &#038; Mining, Machinery manufacturing, and Machinery Factory.<\/p>\n<p>El cilindro hidr\u00e1ulico es un tipo de actuador mec\u00e1nico que se utiliza para proporcionar fuerza unidireccional a trav\u00e9s de un recorrido unidireccional. El cilindro hidr\u00e1ulico es un componente vital en los sistemas hidr\u00e1ulicos, que convierten la energ\u00eda hidr\u00e1ulica en energ\u00eda mec\u00e1nica, proporcionando potencia para mover y controlar la maquinaria. Nuestros cilindros hidr\u00e1ulicos son su mejor opci\u00f3n para lograr alta eficiencia, conservaci\u00f3n de energ\u00eda y seguridad.<\/p>\n<p><h3>Escenarios de uso com\u00fan<\/h3><\/p>\n<p>Nuestros cilindros hidr\u00e1ulicos se utilizan ampliamente en maquinaria industrial, equipos de manipulaci\u00f3n de materiales, equipos agr\u00edcolas, equipos de construcci\u00f3n, equipos de miner\u00eda y equipos de transporte. Son especialmente adecuados para camiones volquete y otras aplicaciones de servicio pesado.<\/p>\n<p><img decoding=\"async\" src=\"https:\/\/img.jiansujichilun.com\/img\/hydrauliccylinders\/T_hydrauliccylinders-5.webp\" alt=\"Cilindro hidr\u00e1ulico\" \/><\/p>\n<p>Nuestro cilindro hidr\u00e1ulico multietapa para cami\u00f3n volquete telesc\u00f3pico de 5 etapas, resistente y estable, est\u00e1 disponible en una variedad de materiales, incluidos acero, aluminio y acero inoxidable, lo que los hace adecuados para una amplia gama de aplicaciones en muchas industrias. Tambi\u00e9n est\u00e1n disponibles en varios tama\u00f1os y longitudes de carrera, as\u00ed como en modelos de acci\u00f3n simple y doble.<\/p>\n<p><h3>Ventajas de nuestros cilindros hidr\u00e1ulicos<\/h3><\/p>\n<ul>\n<li>Alta eficiencia: Nuestros cilindros hidr\u00e1ulicos funcionan de manera suave y eficiente, ahorrando energ\u00eda y tiempo.<\/li>\n<li>Seguridad: El cuerpo de acero resistente garantiza un funcionamiento seguro en diversas condiciones.<\/li>\n<li>Versatilidad: Son adecuados para una amplia gama de aplicaciones en muchas industrias.<\/li>\n<li>Longevidad: Nuestros cilindros hidr\u00e1ulicos est\u00e1n dise\u00f1ados y construidos para durar, brindando rendimiento y confiabilidad a largo plazo.<\/li>\n<li>F\u00e1cil de instalar y mantener: Nuestros cilindros hidr\u00e1ulicos son f\u00e1ciles de instalar y mantener, lo que reduce el tiempo de inactividad y aumenta la productividad.<\/li>\n<\/ul>\n<p><h3>\u00bfC\u00f3mo instalar, mantener y reparar nuestros cilindros hidr\u00e1ulicos?<\/h3><\/p>\n<p>La instalaci\u00f3n de nuestros cilindros hidr\u00e1ulicos es sencilla y proporcionamos instrucciones detalladas con cada producto. Para realizar el mantenimiento y la reparaci\u00f3n de nuestros cilindros hidr\u00e1ulicos, debe seguir estos pasos:<\/p>\n<ol>\n<li>Compruebe peri\u00f3dicamente el nivel y la calidad del aceite.<\/li>\n<li>Compruebe si hay fugas o da\u00f1os.<\/li>\n<li>Limpie el cilindro peri\u00f3dicamente para evitar que entre suciedad o residuos en el sistema.<\/li>\n<li>Verifique el estado de los sellos y reempl\u00e1celos seg\u00fan sea necesario.<\/li>\n<li>Verifique la alineaci\u00f3n del cilindro y aj\u00fastelo si es necesario.<\/li>\n<\/ol>\n<p>Si necesita reemplazar nuestros cilindros hidr\u00e1ulicos, ofrecemos una gama de piezas de repuesto que se pueden instalar f\u00e1cilmente. Tambi\u00e9n brindamos asistencia y soporte t\u00e9cnico para ayudarlo a instalar y mantener nuestros cilindros hidr\u00e1ulicos.<\/p>\n<p><h3>Acerca de nuestra empresa<\/h3><\/p>\n<p>Suministramos principalmente diversos engranajes de pl\u00e1stico para uso industrial, como cajas de engranajes agr\u00edcolas, ejes de salida de potencia, ruedas dentadas, acoplamientos hidr\u00e1ulicos, reductores de tornillo sin fin, cremalleras, cadenas desmontables, poleas y poleas, cajas de engranajes planetarios, poleas de distribuci\u00f3n, bujes, etc. Nos enorgullecemos de brindar el mejor servicio, la mejor calidad de producto y precios competitivos. Tambi\u00e9n aceptamos solicitudes de personalizaci\u00f3n con dibujos o muestras.<\/p>\n<p><img decoding=\"async\" src=\"https:\/\/images.hzpt.com\/2024\/04\/unit-type-flexo-press-factory.webp\" alt=\"F\u00e1brica de prensas flexogr\u00e1ficas\" \/><\/p>\n<p><h2>Preguntas frecuentes<\/h2><\/p>\n<dl>\n<dt>P: \u00bfPara qu\u00e9 se utilizan los cilindros hidr\u00e1ulicos?<\/dt>\n<dd>R: Los cilindros hidr\u00e1ulicos son esenciales para proporcionar la fuerza necesaria en muchas aplicaciones industriales. Su funci\u00f3n principal es convertir la energ\u00eda hidr\u00e1ulica en energ\u00eda mec\u00e1nica, proporcionando potencia para mover y controlar maquinaria.<\/dd>\n<dt>P: \u00bfDe qu\u00e9 materiales est\u00e1n hechos los cilindros hidr\u00e1ulicos?<\/dt>\n<dd>R: Los cilindros hidr\u00e1ulicos est\u00e1n disponibles en una variedad de materiales, incluidos acero, aluminio y acero inoxidable.<\/dd>\n<dt>P: \u00bfC\u00f3mo instalo un cilindro hidr\u00e1ulico?<\/dt>\n<dd>R: La instalaci\u00f3n de nuestros cilindros hidr\u00e1ulicos es sencilla y proporcionamos instrucciones detalladas con cada producto.<\/dd>\n<dt>P: \u00bfC\u00f3mo mantengo y reparo un cilindro hidr\u00e1ulico?<\/dt>\n<dd>R: Para mantener y reparar nuestros cilindros hidr\u00e1ulicos, debe verificar peri\u00f3dicamente el nivel y la calidad del aceite, verificar si hay fugas o da\u00f1os, limpiar el cilindro regularmente para evitar que entre suciedad o residuos en el sistema, verificar el estado de los sellos y reemplazarlos seg\u00fan sea necesario, y verificar la alineaci\u00f3n del cilindro y ajustarlo si es necesario.<\/dd>\n<dt>P: \u00bfOfrecen piezas de repuesto para sus cilindros hidr\u00e1ulicos?<\/dt>\n<dd>R: S\u00ed, ofrecemos una gama de piezas de repuesto que se pueden instalar f\u00e1cilmente.<\/dd>\n<\/dl>","protected":false},"excerpt":{"rendered":"<p>All the content on this page comes from the Internet and is intended for reference purposes only. Our products are replacement parts and not original spare parts. We are not the holder of the original trademark of the content. Our replacement parts can perfectly fit the original spare parts. If you need to purchase original [&hellip;]<\/p>","protected":false},"featured_media":4414,"template":"","meta":{"_et_pb_use_builder":"","_et_pb_old_content":"","_et_gb_content_width":""},"product_brand":[],"product_cat":[11327],"product_tag":[],"class_list":{"0":"post-4415","1":"product","2":"type-product","3":"status-publish","4":"has-post-thumbnail","6":"product_cat-telescopic-hydraulic-cylinder","8":"first","9":"instock","10":"shipping-taxable","11":"product-type-simple"},"_links":{"self":[{"href":"https:\/\/agricultural-gear-boxes.com\/es\/wp-json\/wp\/v2\/product\/4415","targetHints":{"allow":["GET"]}}],"collection":[{"href":"https:\/\/agricultural-gear-boxes.com\/es\/wp-json\/wp\/v2\/product"}],"about":[{"href":"https:\/\/agricultural-gear-boxes.com\/es\/wp-json\/wp\/v2\/types\/product"}],"wp:featuredmedia":[{"embeddable":true,"href":"https:\/\/agricultural-gear-boxes.com\/es\/wp-json\/wp\/v2\/media\/4414"}],"wp:attachment":[{"href":"https:\/\/agricultural-gear-boxes.com\/es\/wp-json\/wp\/v2\/media?parent=4415"}],"wp:term":[{"taxonomy":"product_brand","embeddable":true,"href":"https:\/\/agricultural-gear-boxes.com\/es\/wp-json\/wp\/v2\/product_brand?post=4415"},{"taxonomy":"product_cat","embeddable":true,"href":"https:\/\/agricultural-gear-boxes.com\/es\/wp-json\/wp\/v2\/product_cat?post=4415"},{"taxonomy":"product_tag","embeddable":true,"href":"https:\/\/agricultural-gear-boxes.com\/es\/wp-json\/wp\/v2\/product_tag?post=4415"}],"curies":[{"name":"wp","href":"https:\/\/api.w.org\/{rel}","templated":true}]}}