{"id":4421,"date":"2024-09-11T07:34:30","date_gmt":"2024-09-11T07:34:30","guid":{"rendered":"https:\/\/agricultural-gear-boxes.com\/product\/direct-sales-mini-dump-truck-hydraulic-cylinder-telescopic-hydraulic-cylinder\/"},"modified":"2024-09-11T07:34:31","modified_gmt":"2024-09-11T07:34:31","slug":"direct-sales-mini-dump-truck-hydraulic-cylinder-telescopic-hydraulic-cylinder","status":"publish","type":"product","link":"https:\/\/agricultural-gear-boxes.com\/es\/product\/direct-sales-mini-dump-truck-hydraulic-cylinder-telescopic-hydraulic-cylinder\/","title":{"rendered":"Venta directa Cilindro hidr\u00e1ulico para mini cami\u00f3n volquete Cilindro hidr\u00e1ulico telesc\u00f3pico"},"content":{"rendered":"<p>Todo el contenido de esta p\u00e1gina proviene de Internet y se utiliza \u00fanicamente como referencia para la selecci\u00f3n de productos. Nuestros productos son piezas de repuesto y no piezas de repuesto originales, y no somos los propietarios de la marca registrada original del contenido. Nuestras piezas de repuesto pueden adaptarse perfectamente a las piezas de repuesto originales; si necesita comprar piezas de repuesto originales, comun\u00edquese con el proveedor original para realizar la compra.<\/p>\n<h2>Cilindro hidr\u00e1ulico telesc\u00f3pico para mini camiones volquete<\/h2>\n<p>El cilindro hidr\u00e1ulico para minivolquetes de venta directa es un producto robusto y duradero, fabricado con acero de calidad y dise\u00f1ado para soportar cargas de trabajo intensas. Este cilindro hidr\u00e1ulico telesc\u00f3pico de \u00faltima generaci\u00f3n es un componente fundamental de la maquinaria pesada y se utiliza ampliamente en talleres de reparaci\u00f3n de maquinaria, granjas, sectores de energ\u00eda y miner\u00eda, fabricaci\u00f3n de maquinaria y f\u00e1bricas. <\/p>\n<p>Nuestro cilindro hidr\u00e1ulico cuenta con un cilindro hidr\u00e1ulico de m\u00faltiples etapas, con una estructura de cilindro de \u00e9mbolo est\u00e1ndar, que proporciona un empuje m\u00e1ximo de 3000 y una tracci\u00f3n m\u00e1xima de 20 toneladas. El producto est\u00e1 disponible en varios tama\u00f1os, incluidos di\u00e1metros de 2 a 6 pulgadas, v\u00e1stagos de 1,125 a 4 pulgadas, carrera de 4 a 100 pulgadas y pasadores de 0,5 a 2 pulgadas. Tambi\u00e9n cuenta con puertos G\/SAE\/NPT\/M.<\/p>\n<h3>Escenario de uso<\/h3>\n<p>El cilindro hidr\u00e1ulico funciona convirtiendo la energ\u00eda hidr\u00e1ulica en movimiento mec\u00e1nico, aplicando la fuerza creada por la presi\u00f3n del fluido hidr\u00e1ulico para mover el pist\u00f3n y proporcionar un movimiento lineal. Esta tecnolog\u00eda se utiliza ampliamente en diversas industrias, incluidas la construcci\u00f3n, la agricultura y la miner\u00eda. Se utiliza com\u00fanmente en camiones volquete, excavadoras y otra maquinaria pesada.<\/p>\n<p><img decoding=\"async\" src=\"https:\/\/img.jiansujichilun.com\/img\/hydrauliccylinders\/T_hydrauliccylinders-5.webp\" alt=\"Cilindro hidr\u00e1ulico telesc\u00f3pico para mini camiones volquete\" \/><\/p>\n<h3>Ventajas<\/h3>\n<p>Nuestro cilindro hidr\u00e1ulico es energ\u00e9ticamente eficiente, ya que utiliza potencia hidr\u00e1ulica que reduce el consumo de energ\u00eda. Es muy duradero, est\u00e1 fabricado con acero de calidad y puede soportar cargas de trabajo intensas, lo que garantiza una larga vida \u00fatil. El cilindro cuenta con la certificaci\u00f3n ISO9001:2000, lo que garantiza la seguridad y la calidad.<\/p>\n<h3>Materiales utilizables del producto<\/h3>\n<p>Nuestro cilindro hidr\u00e1ulico est\u00e1 fabricado con acero de calidad, lo que garantiza que pueda soportar cargas de trabajo intensas y tenga una larga vida \u00fatil. Utilizamos solo materiales de alta calidad para garantizar que nuestros productos cumplan con los m\u00e1s altos est\u00e1ndares de calidad y durabilidad.<\/p>\n<h3>Instalaci\u00f3n, mantenimiento y reparaci\u00f3n<\/h3>\n<p>Nuestros cilindros hidr\u00e1ulicos son f\u00e1ciles de instalar y mantener. Para garantizar un rendimiento \u00f3ptimo, recomendamos realizar un mantenimiento y una limpieza regulares. Si surge alg\u00fan problema, nuestro equipo de atenci\u00f3n al cliente profesional est\u00e1 disponible para ayudar con las reparaciones.<\/p>\n<h3>Reemplazo del producto<\/h3>\n<p>Si necesita reemplazar su cilindro hidr\u00e1ulico, nuestras piezas de repuesto pueden adaptarse perfectamente a las piezas de repuesto originales. Cont\u00e1ctenos para solicitar un presupuesto y estaremos encantados de ayudarlo.<\/p>\n<h3>Otros negocios de productos de la empresa<\/h3>\n<p>Adem\u00e1s de nuestros cilindros hidr\u00e1ulicos, suministramos varios engranajes de pl\u00e1stico para uso industrial, incluidas cajas de engranajes agr\u00edcolas, ejes de salida de potencia, ruedas dentadas, acoplamientos hidr\u00e1ulicos, reductores de engranajes helicoidales, cremalleras, cadenas desmontables, poleas y poleas, cajas de engranajes planetarios, poleas de distribuci\u00f3n, bujes y m\u00e1s. Ofrecemos productos de alta calidad y precios competitivos, y damos la bienvenida a los clientes para personalizarlos con dibujos y muestras.<\/p>\n<p><img decoding=\"async\" src=\"https:\/\/images.hzpt.com\/2024\/04\/unit-type-flexo-press-factory.webp\" alt=\"Otros negocios de productos de la empresa\" \/><\/p>\n<h2>Preguntas frecuentes<\/h2>\n<h3>P: \u00bfCu\u00e1l es el empuje m\u00e1ximo del cilindro hidr\u00e1ulico del mini cami\u00f3n volquete de venta directa?<\/h3>\n<p>A: El empuje m\u00e1ximo es de 3000.<\/p>\n<h3>P: \u00bfCu\u00e1l es la tracci\u00f3n m\u00e1xima del cilindro hidr\u00e1ulico del mini cami\u00f3n volquete de venta directa?<\/h3>\n<p>A: La fuerza m\u00e1xima de tracci\u00f3n es de 20 toneladas.<\/p>\n<h3>P: \u00bfCu\u00e1les son las especificaciones del producto para el cilindro hidr\u00e1ulico del mini cami\u00f3n volquete de venta directa?<\/h3>\n<p>R: El producto est\u00e1 disponible en varios tama\u00f1os, incluidos di\u00e1metros de 2 a 6 pulgadas, v\u00e1stagos de 1,125 a 4 pulgadas, carrera de 4 a 100 pulgadas y pasadores de 0,5 a 2 pulgadas. Tambi\u00e9n cuenta con puertos G\/SAE\/NPT\/M.<\/p>\n<h3>P: \u00bfEl cilindro hidr\u00e1ulico es energ\u00e9ticamente eficiente?<\/h3>\n<p>R: S\u00ed, el cilindro hidr\u00e1ulico utiliza energ\u00eda hidr\u00e1ulica, lo que reduce el consumo de energ\u00eda.<\/p>\n<h3>P: \u00bfQu\u00e9 industrias utilizan habitualmente cilindros hidr\u00e1ulicos telesc\u00f3picos?<\/h3>\n<p>R: Los cilindros hidr\u00e1ulicos telesc\u00f3picos se utilizan com\u00fanmente en las industrias de la construcci\u00f3n, la agricultura y la miner\u00eda.<\/p>","protected":false},"excerpt":{"rendered":"<p>All content on this page comes from the Internet and is only used as a reference for product selection. Our products are replacement parts rather than original spare parts, and we are not the holder of the original trademark of the content. Our replacement parts can perfectly fit the original spare parts; if you need [&hellip;]<\/p>","protected":false},"featured_media":4420,"template":"","meta":{"_et_pb_use_builder":"","_et_pb_old_content":"","_et_gb_content_width":""},"product_brand":[],"product_cat":[11327],"product_tag":[],"class_list":{"0":"post-4421","1":"product","2":"type-product","3":"status-publish","4":"has-post-thumbnail","6":"product_cat-telescopic-hydraulic-cylinder","8":"first","9":"instock","10":"shipping-taxable","11":"product-type-simple"},"_links":{"self":[{"href":"https:\/\/agricultural-gear-boxes.com\/es\/wp-json\/wp\/v2\/product\/4421","targetHints":{"allow":["GET"]}}],"collection":[{"href":"https:\/\/agricultural-gear-boxes.com\/es\/wp-json\/wp\/v2\/product"}],"about":[{"href":"https:\/\/agricultural-gear-boxes.com\/es\/wp-json\/wp\/v2\/types\/product"}],"wp:featuredmedia":[{"embeddable":true,"href":"https:\/\/agricultural-gear-boxes.com\/es\/wp-json\/wp\/v2\/media\/4420"}],"wp:attachment":[{"href":"https:\/\/agricultural-gear-boxes.com\/es\/wp-json\/wp\/v2\/media?parent=4421"}],"wp:term":[{"taxonomy":"product_brand","embeddable":true,"href":"https:\/\/agricultural-gear-boxes.com\/es\/wp-json\/wp\/v2\/product_brand?post=4421"},{"taxonomy":"product_cat","embeddable":true,"href":"https:\/\/agricultural-gear-boxes.com\/es\/wp-json\/wp\/v2\/product_cat?post=4421"},{"taxonomy":"product_tag","embeddable":true,"href":"https:\/\/agricultural-gear-boxes.com\/es\/wp-json\/wp\/v2\/product_tag?post=4421"}],"curies":[{"name":"wp","href":"https:\/\/api.w.org\/{rel}","templated":true}]}}