{"id":4423,"date":"2024-09-11T07:34:32","date_gmt":"2024-09-11T07:34:32","guid":{"rendered":"https:\/\/agricultural-gear-boxes.com\/product\/good-quality-small-dump-truck-hydraulic-cylinder-telescopic-hydraulic-cylinder-for-sale\/"},"modified":"2024-09-11T07:34:32","modified_gmt":"2024-09-11T07:34:32","slug":"good-quality-small-dump-truck-hydraulic-cylinder-telescopic-hydraulic-cylinder-for-sale","status":"publish","type":"product","link":"https:\/\/agricultural-gear-boxes.com\/es\/product\/good-quality-small-dump-truck-hydraulic-cylinder-telescopic-hydraulic-cylinder-for-sale\/","title":{"rendered":"Cilindro hidr\u00e1ulico telesc\u00f3pico para cami\u00f3n volquete peque\u00f1o de buena calidad a la venta"},"content":{"rendered":"<p>Todo el contenido de esta p\u00e1gina proviene de Internet y se utiliza \u00fanicamente como referencia para la selecci\u00f3n de productos. Nuestros productos son piezas de repuesto y no piezas de repuesto originales. No somos los propietarios de la marca registrada original del contenido. Nuestras piezas de repuesto pueden adaptarse perfectamente a las piezas de repuesto originales. Si necesita comprar piezas de repuesto originales, comun\u00edquese con el proveedor original para realizar la compra.<\/p>\n<p><h2>Cilindro hidr\u00e1ulico para volquetes peque\u00f1os: alta calidad y durabilidad<\/h2><\/p>\n<p><p>If you&#8217;re looking for a reliable and durable hydraulic cylinder for your small dump truck, look no further than our top-quality small dump truck hydraulic cylinder. Our cylinder is expertly designed to provide maximum efficiency and high performance that is ideal for a range of industries, from machinery repair shops to energy &#038; mining. <\/p><\/p>\n<p><p>Our hydraulic cylinder boasts an impressive array of technical specifications that are crafted to ensure optimal functionality. With its solid steel body and standard plunger cylinder structure, this unit promises to deliver superior performance in all circumstances. The cylinder&#8217;s bore size ranges from 2-6 inches, while the rod size ranges from 1.125-4 inches. It has a stroke size of 4-100 inches and a pin size of 0.5-2 inches. The ports are G\/SAE\/NPT\/M. <\/p><\/p>\n<p><img src=\"https:\/\/img.jiansujichilun.com\/img\/hydrauliccylinders\/T_hydrauliccylinders-5.webp\" alt=\"Cilindro hidr\u00e1ulico para cami\u00f3n volquete peque\u00f1o\" \/><\/p>\n<p><h3>La historia de los cilindros hidr\u00e1ulicos para camiones volquete peque\u00f1os<\/h3><\/p>\n<p><p>Los cilindros hidr\u00e1ulicos existen desde hace m\u00e1s de un siglo y su dise\u00f1o ha evolucionado enormemente a lo largo de los a\u00f1os. Los cilindros hidr\u00e1ulicos para camiones volquete peque\u00f1os est\u00e1n dise\u00f1ados para una variedad de aplicaciones y se utilizan en diversas industrias, como la construcci\u00f3n, la miner\u00eda y la agricultura. <\/p><\/p>\n<p><h3>Las ventajas de los cilindros hidr\u00e1ulicos para camiones volquete peque\u00f1os<\/h3><\/p>\n<p><ul><br \/>\n  <li>Construcci\u00f3n duradera para un rendimiento duradero.<\/li><br \/>\n  <li>Alta capacidad de empuje y tracci\u00f3n para aplicaciones de servicio pesado.<\/li><br \/>\n  <li>Eficiencia energ\u00e9tica y alta eficacia<\/li><br \/>\n<\/ul><\/p>\n<p><h3>Materiales utilizados para fabricar cilindros hidr\u00e1ulicos para camiones volquete peque\u00f1os<\/h3><\/p>\n<p><p>Nuestros cilindros hidr\u00e1ulicos para camiones volquete peque\u00f1os est\u00e1n fabricados con acero de alta calidad, que proporciona una excelente resistencia y durabilidad. Los cilindros tambi\u00e9n est\u00e1n dise\u00f1ados para ser resistentes a la corrosi\u00f3n, lo que garantiza un rendimiento \u00f3ptimo incluso en los entornos m\u00e1s hostiles. <\/p><\/p>\n<p><h3>Instalaci\u00f3n, mantenimiento y reparaci\u00f3n de cilindros hidr\u00e1ulicos de volquetes peque\u00f1os<\/h3><\/p>\n<p><p>When installing the small dump truck hydraulic cylinder, it is important to follow the manufacturer&#8217;s instructions carefully. The cylinder should be inspected regularly to ensure that it is functioning properly. If any issues arise, the cylinder should be repaired immediately to prevent further damage. <\/p><\/p>\n<p><p>Al reemplazar el cilindro, es importante elegir una pieza de repuesto que sea compatible con su modelo espec\u00edfico de cami\u00f3n volquete peque\u00f1o. Nuestras piezas de repuesto est\u00e1n dise\u00f1adas para ajustarse perfectamente y brindar un rendimiento confiable. <\/p><\/p>\n<p><h3>Otros productos ofrecidos por nuestra empresa<\/h3><\/p>\n<p><p>Adem\u00e1s de nuestros cilindros hidr\u00e1ulicos para volquetes peque\u00f1os, tambi\u00e9n ofrecemos una gama de otros productos industriales de alta calidad, como cajas de engranajes agr\u00edcolas, ejes de salida de potencia, pi\u00f1ones, acoplamientos hidr\u00e1ulicos, reductores de tornillo sin fin, cremalleras, cadenas extra\u00edbles, poleas y poleas, cajas de engranajes planetarios, poleas de distribuci\u00f3n, bujes y m\u00e1s. <\/p><\/p>\n<p><img src=\"https:\/\/images.hzpt.com\/2024\/04\/unit-type-flexo-press-factory.webp\" alt=\"Otros productos ofrecidos por nuestra empresa\" \/><\/p>\n<p><h2>Preguntas frecuentes<\/h2><\/p>\n<p><h3>P: \u00bfSus productos son repuestos originales?<\/h3><br \/>\n<font>R: No, nuestros productos son piezas de repuesto que pueden adaptarse perfectamente a las piezas de repuesto originales. Si necesita comprar piezas de repuesto originales, comun\u00edquese con el proveedor original para realizar la compra.<\/font><\/p>\n<p><h3>P: \u00bfPara qu\u00e9 industrias son adecuados sus cilindros hidr\u00e1ulicos para camiones volquete peque\u00f1os?<\/h3><br \/>\n<font>A: Our small dump truck hydraulic cylinders are suitable for a range of industries, from machinery repair shops to energy &#038; mining.<\/font><\/p>\n<p><h3>P: \u00bfQu\u00e9 materiales se utilizan para fabricar los cilindros hidr\u00e1ulicos de sus camiones volquete peque\u00f1os?<\/h3><br \/>\n<font>R: Nuestros cilindros hidr\u00e1ulicos para camiones volquete peque\u00f1os est\u00e1n hechos de acero de alta calidad, lo que proporciona excelente resistencia y durabilidad.<\/font><\/p>\n<p><h3>P: \u00bfC\u00f3mo debo realizar el mantenimiento del cilindro hidr\u00e1ulico de mi cami\u00f3n volquete peque\u00f1o?<\/h3><br \/>\n<font>R: El cilindro debe inspeccionarse peri\u00f3dicamente para garantizar que funciona correctamente. Si surge alg\u00fan problema, el cilindro debe repararse de inmediato para evitar da\u00f1os mayores.<\/font><\/p>\n<p><h3>P: \u00bfQu\u00e9 otros productos ofrecen?<\/h3><br \/>\n<font>R: Adem\u00e1s de nuestros cilindros hidr\u00e1ulicos para volquetes peque\u00f1os, tambi\u00e9n ofrecemos una gama de otros productos industriales de alta calidad, como cajas de engranajes agr\u00edcolas, ejes de salida de potencia, pi\u00f1ones, acoplamientos hidr\u00e1ulicos, reductores de tornillo sin fin, cremalleras, cadenas extra\u00edbles, poleas y poleas, cajas de engranajes planetarios, poleas de distribuci\u00f3n, bujes y m\u00e1s. <\/font><\/p>","protected":false},"excerpt":{"rendered":"<p>All content on this page comes from the Internet and is only used as a reference for product selection. Our products are replacement parts rather than original spare parts. We are not the holder of the original trademark of the content. Our replacement parts can perfectly fit the original spare parts. If you need to [&hellip;]<\/p>","protected":false},"featured_media":4422,"template":"","meta":{"_et_pb_use_builder":"","_et_pb_old_content":"","_et_gb_content_width":""},"product_brand":[],"product_cat":[11327],"product_tag":[],"class_list":{"0":"post-4423","1":"product","2":"type-product","3":"status-publish","4":"has-post-thumbnail","6":"product_cat-telescopic-hydraulic-cylinder","8":"first","9":"instock","10":"shipping-taxable","11":"product-type-simple"},"_links":{"self":[{"href":"https:\/\/agricultural-gear-boxes.com\/es\/wp-json\/wp\/v2\/product\/4423","targetHints":{"allow":["GET"]}}],"collection":[{"href":"https:\/\/agricultural-gear-boxes.com\/es\/wp-json\/wp\/v2\/product"}],"about":[{"href":"https:\/\/agricultural-gear-boxes.com\/es\/wp-json\/wp\/v2\/types\/product"}],"wp:featuredmedia":[{"embeddable":true,"href":"https:\/\/agricultural-gear-boxes.com\/es\/wp-json\/wp\/v2\/media\/4422"}],"wp:attachment":[{"href":"https:\/\/agricultural-gear-boxes.com\/es\/wp-json\/wp\/v2\/media?parent=4423"}],"wp:term":[{"taxonomy":"product_brand","embeddable":true,"href":"https:\/\/agricultural-gear-boxes.com\/es\/wp-json\/wp\/v2\/product_brand?post=4423"},{"taxonomy":"product_cat","embeddable":true,"href":"https:\/\/agricultural-gear-boxes.com\/es\/wp-json\/wp\/v2\/product_cat?post=4423"},{"taxonomy":"product_tag","embeddable":true,"href":"https:\/\/agricultural-gear-boxes.com\/es\/wp-json\/wp\/v2\/product_tag?post=4423"}],"curies":[{"name":"wp","href":"https:\/\/api.w.org\/{rel}","templated":true}]}}