{"id":4425,"date":"2024-09-11T07:34:33","date_gmt":"2024-09-11T07:34:33","guid":{"rendered":"https:\/\/agricultural-gear-boxes.com\/product\/effective-5-stage-telescopic-small-dump-truck-hydraulic-cylinder\/"},"modified":"2024-09-11T07:34:33","modified_gmt":"2024-09-11T07:34:33","slug":"effective-5-stage-telescopic-small-dump-truck-hydraulic-cylinder","status":"publish","type":"product","link":"https:\/\/agricultural-gear-boxes.com\/es\/product\/effective-5-stage-telescopic-small-dump-truck-hydraulic-cylinder\/","title":{"rendered":"Cilindro hidr\u00e1ulico telesc\u00f3pico de 5 etapas eficaz para camiones volquete peque\u00f1os"},"content":{"rendered":"<p>Todo el contenido de esta p\u00e1gina proviene de Internet y se utiliza \u00fanicamente como referencia para la selecci\u00f3n de productos. Nuestros productos son piezas de repuesto y no piezas de repuesto originales, y no somos los propietarios de la marca registrada original del contenido. Nuestras piezas de repuesto pueden adaptarse perfectamente a las piezas de repuesto originales; si necesita comprar piezas de repuesto originales, comun\u00edquese con el proveedor original para realizar la compra.<\/p>\n<p><h2>Cilindro hidr\u00e1ulico telesc\u00f3pico de 5 etapas eficaz para camiones volquete peque\u00f1os<\/h2><\/p>\n<p>Nuestro eficaz cilindro hidr\u00e1ulico telesc\u00f3pico de 5 etapas para camiones volquete peque\u00f1os es un producto de primera l\u00ednea ampliamente utilizado en diversas industrias, especialmente en la construcci\u00f3n, donde facilita considerablemente la elevaci\u00f3n y el movimiento de materiales pesados. Este cilindro hidr\u00e1ulico es reconocido por su funcionalidad, fiabilidad y eficiencia. Est\u00e1 dise\u00f1ado para ofrecer un funcionamiento eficiente, altamente eficaz y seguro.<\/p>\n<p><img decoding=\"async\" src=\"https:\/\/img.jiansujichilun.com\/img\/hydrauliccylinders\/T_hydrauliccylinders-5.webp\" alt=\"Cilindro hidr\u00e1ulico en uso\" \/><\/p>\n<p><h3>Historia<\/h3><\/p>\n<p>Los cilindros hidr\u00e1ulicos se han utilizado durante muchos a\u00f1os para accionar todo tipo de maquinaria. El primer cilindro hidr\u00e1ulico se invent\u00f3 a finales del siglo XVIII y, desde entonces, la tecnolog\u00eda hidr\u00e1ulica ha evolucionado r\u00e1pidamente, convirti\u00e9ndolos en uno de los componentes m\u00e1s utilizados en los sistemas hidr\u00e1ulicos.<\/p>\n<p><h3>Clasificaci\u00f3n<\/h3><\/p>\n<p>Los cilindros hidr\u00e1ulicos se clasifican seg\u00fan su construcci\u00f3n, accionamiento y funci\u00f3n. Seg\u00fan su construcci\u00f3n, pueden ser de simple o doble efecto, mientras que, seg\u00fan su accionamiento, pueden ser hidr\u00e1ulicos, neum\u00e1ticos o el\u00e9ctricos. Seg\u00fan su funci\u00f3n, se clasifican en cilindros de tirantes, cilindros soldados y cilindros telesc\u00f3picos.<\/p>\n<p><h3>Ventajas<\/h3><\/p>\n<p>El cilindro hidr\u00e1ulico eficaz de 5 etapas para camiones volquete peque\u00f1os ofrece numerosas ventajas sobre otros tipos de cilindros. Es energ\u00e9ticamente eficiente, altamente efectivo y seguro. Est\u00e1 dise\u00f1ado para funcionar con m\u00ednimo ruido y vibraci\u00f3n, lo que lo hace ideal para una amplia gama de aplicaciones.<\/p>\n<p><h3>Materiales utilizables del producto<\/h3><\/p>\n<p>Nuestro cilindro hidr\u00e1ulico est\u00e1 fabricado con materiales de alta calidad para garantizar su durabilidad y larga vida \u00fatil. El cuerpo del cilindro est\u00e1 fabricado con tubo de acero sin costura, mientras que el v\u00e1stago del pist\u00f3n es de acero cromado de alta resistencia. Las juntas est\u00e1n fabricadas con materiales de alta calidad para garantizar el m\u00e1ximo rendimiento y fiabilidad.<\/p>\n<p><h3>Instalaci\u00f3n, mantenimiento y reparaci\u00f3n<\/h3><\/p>\n<p>It is important to follow the manufacturer&#8217;s instructions when installing, maintaining, and repairing hydraulic cylinders. Regular maintenance is essential to ensure that the cylinder operates at peak performance. If the cylinder is damaged or worn, it is important to replace the damaged parts as soon as possible to prevent further damage or failure.<\/p>\n<p><h3>Reemplazo<\/h3><\/p>\n<p>Al reemplazar un cilindro hidr\u00e1ulico, es importante elegir uno que se ajuste perfectamente al equipo original. Nuestras piezas de repuesto est\u00e1n dise\u00f1adas para integrarse perfectamente con los repuestos originales, garantizando el m\u00e1ximo rendimiento y fiabilidad.<\/p>\n<p><h2>Preguntas frecuentes<\/h2><\/p>\n<p><dl><br \/>\n<dt>P: \u00bfQu\u00e9 industrias pueden beneficiarse del efectivo cilindro hidr\u00e1ulico para camiones volquete peque\u00f1os telesc\u00f3picos de 5 etapas?<\/dt><br \/>\n<dd>A: This hydraulic cylinder is a must-have for industries such as machinery repair shops, farms, energy &#038; mining, machinery manufacturing, and machinery factories.<\/dd><\/p>\n<p><dt>P: \u00bfCu\u00e1les son las especificaciones clave del cilindro hidr\u00e1ulico del cami\u00f3n volquete peque\u00f1o telesc\u00f3pico de 5 etapas efectivo?<\/dt><br \/>\n<dd>R: Las especificaciones principales de este cilindro hidr\u00e1ulico son: di\u00e1metro interior de 2-6 pulgadas, v\u00e1stago de 1,125-4 pulgadas, carrera de 4-100 pulgadas y pasador de 0,5-2 pulgadas. Las conexiones son G\/SAE\/NPT\/M.<\/dd><\/p>\n<p><dt>P: \u00bfCu\u00e1l es el principio de funcionamiento de un cilindro hidr\u00e1ulico?<\/dt><br \/>\n<dd>R: El cilindro hidr\u00e1ulico funciona convirtiendo la energ\u00eda hidr\u00e1ulica en energ\u00eda mec\u00e1nica. Este proceso implica la transferencia de fuerza aplicada en un punto y transmitida a otro mediante un fluido incompresible.<\/dd><\/p>\n<p><dt>P: \u00bfCu\u00e1les son las ventajas del cilindro hidr\u00e1ulico eficaz del cami\u00f3n volquete peque\u00f1o telesc\u00f3pico de 5 etapas?<\/dt><br \/>\n<dd>R: Las ventajas de este cilindro hidr\u00e1ulico son su eficiencia energ\u00e9tica, su alta eficacia y su seguridad. Est\u00e1 dise\u00f1ado para funcionar con m\u00ednimo ruido y vibraci\u00f3n, lo que lo hace ideal para una amplia gama de aplicaciones.<\/dd><\/p>\n<p><dt>P: \u00bfQu\u00e9 materiales se utilizan para fabricar el cilindro hidr\u00e1ulico eficaz del cami\u00f3n volquete peque\u00f1o telesc\u00f3pico de 5 etapas?<\/dt><br \/>\n<dd>R: La camisa del cilindro est\u00e1 fabricada con tubo de acero sin costura, mientras que el v\u00e1stago del pist\u00f3n es de acero cromado de alta resistencia. Los sellos est\u00e1n fabricados con materiales de alta calidad para garantizar el m\u00e1ximo rendimiento y fiabilidad.<\/dd><br \/>\n<\/DL><\/p>\n<p><img decoding=\"async\" src=\"https:\/\/images.hzpt.com\/2024\/04\/unit-type-flexo-press-factory.webp\" alt=\"Otros negocios de productos\" \/><\/p>\n<p>Suministramos principalmente diversos engranajes de pl\u00e1stico para uso industrial, como cajas de engranajes agr\u00edcolas, ejes de transmisi\u00f3n, ruedas dentadas, acoplamientos hidr\u00e1ulicos, reductores de tornillo sin fin, cremalleras, cadenas desmontables, poleas, reductores planetarios, poleas de distribuci\u00f3n, bujes, etc. Nuestros productos de alta calidad, precios preferenciales y un servicio atento han sido ampliamente reconocidos por nuestros clientes. Invitamos a nuestros clientes a personalizar sus productos con planos y muestras.<\/p>","protected":false},"excerpt":{"rendered":"<p>All content on this page comes from the Internet and is only used as a reference for product selection. Our products are replacement parts rather than original spare parts, and we are not the holder of the original trademark of the content. Our replacement parts can perfectly fit the original spare parts; if you need [&hellip;]<\/p>","protected":false},"featured_media":4424,"template":"","meta":{"_et_pb_use_builder":"","_et_pb_old_content":"","_et_gb_content_width":""},"product_brand":[],"product_cat":[11327],"product_tag":[],"class_list":{"0":"post-4425","1":"product","2":"type-product","3":"status-publish","4":"has-post-thumbnail","6":"product_cat-telescopic-hydraulic-cylinder","8":"first","9":"instock","10":"shipping-taxable","11":"product-type-simple"},"_links":{"self":[{"href":"https:\/\/agricultural-gear-boxes.com\/es\/wp-json\/wp\/v2\/product\/4425","targetHints":{"allow":["GET"]}}],"collection":[{"href":"https:\/\/agricultural-gear-boxes.com\/es\/wp-json\/wp\/v2\/product"}],"about":[{"href":"https:\/\/agricultural-gear-boxes.com\/es\/wp-json\/wp\/v2\/types\/product"}],"wp:featuredmedia":[{"embeddable":true,"href":"https:\/\/agricultural-gear-boxes.com\/es\/wp-json\/wp\/v2\/media\/4424"}],"wp:attachment":[{"href":"https:\/\/agricultural-gear-boxes.com\/es\/wp-json\/wp\/v2\/media?parent=4425"}],"wp:term":[{"taxonomy":"product_brand","embeddable":true,"href":"https:\/\/agricultural-gear-boxes.com\/es\/wp-json\/wp\/v2\/product_brand?post=4425"},{"taxonomy":"product_cat","embeddable":true,"href":"https:\/\/agricultural-gear-boxes.com\/es\/wp-json\/wp\/v2\/product_cat?post=4425"},{"taxonomy":"product_tag","embeddable":true,"href":"https:\/\/agricultural-gear-boxes.com\/es\/wp-json\/wp\/v2\/product_tag?post=4425"}],"curies":[{"name":"wp","href":"https:\/\/api.w.org\/{rel}","templated":true}]}}