{"id":4435,"date":"2024-09-11T07:34:39","date_gmt":"2024-09-11T07:34:39","guid":{"rendered":"https:\/\/agricultural-gear-boxes.com\/product\/low-price-multistage-hydraulic-cylinder-double-acting-for-dump-truck\/"},"modified":"2024-09-11T07:34:39","modified_gmt":"2024-09-11T07:34:39","slug":"low-price-multistage-hydraulic-cylinder-double-acting-for-dump-truck","status":"publish","type":"product","link":"https:\/\/agricultural-gear-boxes.com\/es\/product\/low-price-multistage-hydraulic-cylinder-double-acting-for-dump-truck\/","title":{"rendered":"Cilindro hidr\u00e1ulico multietapa de doble efecto de bajo precio para cami\u00f3n volquete"},"content":{"rendered":"<p>Todo el contenido de esta p\u00e1gina proviene de Internet y el contenido solo se utiliza como referencia para la selecci\u00f3n de productos. Nuestros productos son piezas de repuesto en lugar de repuestos originales; no somos el titular de la marca registrada original del contenido. Nuestros productos solo son adecuados para repuestos posventa en lugar de repuestos originales. Nuestras piezas de repuesto pueden adaptarse perfectamente a las piezas de repuesto originales; si necesita comprar repuestos originales, comun\u00edquese con la f\u00e1brica original para comprar. Si necesita comprar repuestos originales, comun\u00edquese con el proveedor original para comprar.<\/p>\n<p><h2>Cilindro hidr\u00e1ulico multietapa de doble efecto de bajo precio para cami\u00f3n volquete<\/h2><\/p>\n<p>The low price multistage hydraulic cylinder is a revolutionary product designed for dump trucks. This double acting hydraulic cylinder exhibits superior functionality and provides an excellent solution for machinery repair shops, farms, energy &#038; mining sectors, and machinery manufacturing industries. <\/p>\n<p><h3>Escenarios de uso<\/h3><\/p>\n<p>This multistage hydraulic cylinder is specifically designed for use in dump trucks, providing them with the necessary power and control for efficient operation. The hydraulic power generated by the cylinder is effectively transformed into mechanical energy, ensuring smooth and efficient operation of the dump truck. The cylinder&#8217;s high efficiency and energy-saving capabilities make it a perfect choice for various hydraulic systems. <\/p>\n<p><img decoding=\"async\" src=\"https:\/\/img.jiansujichilun.com\/img\/hydrauliccylinders\/T_hydrauliccylinders-5.webp\" alt=\"Cilindro hidr\u00e1ulico multietapa de doble efecto de bajo precio para cami\u00f3n volquete\" \/><\/p>\n<p><h3>Ventajas del producto<\/h3><\/p>\n<ul>\n<li>El cilindro hidr\u00e1ulico multietapa viene con m\u00faltiples caracter\u00edsticas y beneficios \u00fanicos, que incluyen:<\/li>\n<li>Cuerpo de acero robusto que garantiza una seguridad excepcional.<\/li>\n<li>Estructura est\u00e1ndar y una fuente de energ\u00eda hidr\u00e1ulica.<\/li>\n<li>Impresionante empuje m\u00e1ximo de 3000 y tracci\u00f3n m\u00e1xima de 20 toneladas.<\/li>\n<li>Cumplimiento de las normas ISO9001:2000<\/li>\n<li>Alta eficiencia y capacidad de ahorro de energ\u00eda.<\/li>\n<\/ul>\n<p><h3>Especificaciones t\u00e9cnicas<\/h3><\/p>\n<p><table border=\"1\"><br \/>\n<tr><td><i>Tama\u00f1o del orificio<\/i><\/td><td>2-6 pulgadas<\/td><\/tr><br \/>\n<tr><td><i>Tama\u00f1o de la varilla<\/i><\/td><td>1,125-4 pulgadas<\/td><\/tr><br \/>\n<tr><td><i>Tama\u00f1o del trazo<\/i><\/td><td>4-100 pulgadas<\/td><\/tr><br \/>\n<tr><td><i>Tama\u00f1o del pin<\/i><\/td><td>0,5-2 pulgadas<\/td><\/tr><br \/>\n<tr><td><i>Puertos<\/i><\/td><td>G\/SAE\/NPT\/M<\/td><\/tr><br \/>\n<\/table><\/p>\n<p><h3>Historial y clasificaci\u00f3n del producto<\/h3><\/p>\n<p>El cilindro hidr\u00e1ulico multietapa tiene una larga historia que se remonta al siglo XIX, cuando se invent\u00f3 por primera vez. Los cilindros hidr\u00e1ulicos se clasifican seg\u00fan su dise\u00f1o, construcci\u00f3n y aplicaci\u00f3n. El cilindro hidr\u00e1ulico multietapa es un tipo de cilindro hidr\u00e1ulico que consta de varios tubos de acero telesc\u00f3picos que se retraen o se extienden para proporcionar una longitud de carrera adicional.<\/p>\n<p><h3>Materiales utilizables del producto<\/h3><\/p>\n<p>The multistage hydraulic cylinder is made of high-quality steel material. The cylinder&#8217;s steel body ensures exceptional safety and durability, making it a perfect choice for various hydraulic systems.<\/p>\n<p><h3>Instalaci\u00f3n, mantenimiento, reparaci\u00f3n y reemplazo<\/h3><\/p>\n<p>The installation of the multistage hydraulic cylinder is simple and straightforward. The cylinder&#8217;s maintenance and repair require minimal effort, and replacement is easy. To replace the cylinder, remove the old cylinder and install the new one.<\/p>\n<p><h3>Acerca de nuestra empresa<\/h3><\/p>\n<p>Suministramos principalmente diversos engranajes de pl\u00e1stico para uso industrial, como cajas de engranajes agr\u00edcolas, ejes de salida de potencia, pi\u00f1ones, acoplamientos hidr\u00e1ulicos, reductores de tornillo sin fin, cremalleras, cadenas extra\u00edbles, poleas y poleas, cajas de engranajes planetarios, poleas de distribuci\u00f3n, bujes, etc.<\/p>\n<p><img decoding=\"async\" src=\"https:\/\/images.hzpt.com\/2024\/04\/unit-type-flexo-press-factory.webp\" alt=\"Acerca de nuestra empresa\" \/><\/p>\n<p><h3>Preguntas frecuentes<\/h3><\/p>\n<p><font>P: \u00bfEl cilindro hidr\u00e1ulico multietapa es un repuesto original?<\/font><br \/>\n<font>R: No, es una pieza de repuesto.<\/font><\/p>\n<p><font>Q: What is the multistage hydraulic cylinder&#8217;s maximum thrust?<\/font><br \/>\n<font>A: The cylinder&#8217;s maximum thrust is 3000.<\/font><\/p>\n<p><font>P: \u00bfCu\u00e1l es el tiempo de entrega del cilindro hidr\u00e1ulico multietapa?<\/font><br \/>\n<font>R: El plazo de entrega general es de 25 a 35 d\u00edas.<\/font><\/p>\n<p><font>P: \u00bfPuedo comprarles repuestos originales?<\/font><br \/>\n<font>R: No, comun\u00edquese con la f\u00e1brica o el proveedor original para comprar repuestos originales.<\/font><\/p>\n<p><font>P: \u00bfCu\u00e1les son las ventajas del cilindro hidr\u00e1ulico multietapa?<\/font><br \/>\n<font>A: The cylinder&#8217;s advantages include high efficiency and energy-saving capabilities, exceptional safety, compliance with ISO9001:2000 standards, and an impressive max pull of 20 ton.<\/font><\/p>","protected":false},"excerpt":{"rendered":"<p>All the content on this page comes from the Internet, and the content is only used as a reference for product selection. Our products are replacement parts rather than original spare parts; we are not the holder of the original trademark of the content. Our products are only suitable for after-sales replacement parts rather than [&hellip;]<\/p>","protected":false},"featured_media":4434,"template":"","meta":{"_et_pb_use_builder":"","_et_pb_old_content":"","_et_gb_content_width":""},"product_brand":[],"product_cat":[11327],"product_tag":[],"class_list":{"0":"post-4435","1":"product","2":"type-product","3":"status-publish","4":"has-post-thumbnail","6":"product_cat-telescopic-hydraulic-cylinder","8":"first","9":"instock","10":"shipping-taxable","11":"product-type-simple"},"_links":{"self":[{"href":"https:\/\/agricultural-gear-boxes.com\/es\/wp-json\/wp\/v2\/product\/4435","targetHints":{"allow":["GET"]}}],"collection":[{"href":"https:\/\/agricultural-gear-boxes.com\/es\/wp-json\/wp\/v2\/product"}],"about":[{"href":"https:\/\/agricultural-gear-boxes.com\/es\/wp-json\/wp\/v2\/types\/product"}],"wp:featuredmedia":[{"embeddable":true,"href":"https:\/\/agricultural-gear-boxes.com\/es\/wp-json\/wp\/v2\/media\/4434"}],"wp:attachment":[{"href":"https:\/\/agricultural-gear-boxes.com\/es\/wp-json\/wp\/v2\/media?parent=4435"}],"wp:term":[{"taxonomy":"product_brand","embeddable":true,"href":"https:\/\/agricultural-gear-boxes.com\/es\/wp-json\/wp\/v2\/product_brand?post=4435"},{"taxonomy":"product_cat","embeddable":true,"href":"https:\/\/agricultural-gear-boxes.com\/es\/wp-json\/wp\/v2\/product_cat?post=4435"},{"taxonomy":"product_tag","embeddable":true,"href":"https:\/\/agricultural-gear-boxes.com\/es\/wp-json\/wp\/v2\/product_tag?post=4435"}],"curies":[{"name":"wp","href":"https:\/\/api.w.org\/{rel}","templated":true}]}}