{"id":4451,"date":"2024-09-11T07:34:49","date_gmt":"2024-09-11T07:34:49","guid":{"rendered":"https:\/\/agricultural-gear-boxes.com\/product\/factory-direct-sale-dump-truck-hydraulic-hoist-cylinder-multistage-telescopic-hydraulic-cylinder\/"},"modified":"2024-09-11T07:34:49","modified_gmt":"2024-09-11T07:34:49","slug":"factory-direct-sale-dump-truck-hydraulic-hoist-cylinder-multistage-telescopic-hydraulic-cylinder","status":"publish","type":"product","link":"https:\/\/agricultural-gear-boxes.com\/es\/product\/factory-direct-sale-dump-truck-hydraulic-hoist-cylinder-multistage-telescopic-hydraulic-cylinder\/","title":{"rendered":"Venta directa de f\u00e1brica Cilindro de elevaci\u00f3n hidr\u00e1ulica para cami\u00f3n volquete Cilindro hidr\u00e1ulico telesc\u00f3pico multietapa"},"content":{"rendered":"<p><html><br \/>\n  <body><\/p>\n<h1>Descargo de responsabilidad<\/h1>\n<p>Todo el contenido de esta p\u00e1gina se ha recopilado de Internet y se utiliza \u00fanicamente como referencia para la selecci\u00f3n de productos. Nuestros productos son piezas de repuesto y no son piezas de repuesto originales. No poseemos la marca registrada del contenido original. Si necesita comprar piezas de repuesto originales, comun\u00edquese con el proveedor original.<\/p>\n<h2>Venta directa de f\u00e1brica Cilindro de elevaci\u00f3n hidr\u00e1ulica para cami\u00f3n volquete Cilindro hidr\u00e1ulico telesc\u00f3pico multietapa<\/h2>\n<p>The Factory Direct Sale Dump Truck Hydraulic Hoist Cylinder Multistage Telescopic Hydraulic Cylinder is designed to provide optimum performance for various industries such as Machinery Repair Shops, Farms, Energy &#038; Mining, Machinery Manufacturing, and Machinery Factories. It has a weight of 31 kilograms and is ideal for use in dump trucks, construction machinery, and agricultural equipment. The Hydraulic Hoist Cylinder is crucial for dump trucks and heavy machinery, as it facilitates the smooth lifting and lowering of loads, providing an efficient, safe, and reliable operation.<\/p>\n<p>El cilindro hidr\u00e1ulico telesc\u00f3pico multietapa para cami\u00f3n volquete de venta directa de f\u00e1brica ahorra energ\u00eda, es eficiente, seguro y adaptable. Ofrece un empuje m\u00e1ximo de 3000 y una tracci\u00f3n m\u00e1xima de 20 toneladas, lo que garantiza un rendimiento robusto para operaciones de servicio pesado. El cilindro hidr\u00e1ulico funciona seg\u00fan el principio de convertir la energ\u00eda hidr\u00e1ulica en movimiento mec\u00e1nico, aprovechando el poder del fluido presurizado para generar fuerza y movimiento. Este cilindro hidr\u00e1ulico es compatible con varios tama\u00f1os de orificio que van desde 2 a 6 pulgadas, tama\u00f1os de varilla que van desde 1,125 a 4 pulgadas y tama\u00f1os de carrera que van desde 4 a 100 pulgadas. Tambi\u00e9n tiene diferentes tama\u00f1os de puerto, incluidos G\/SAE\/NPT\/M.<\/p>\n<h3>Escenarios de uso com\u00fan<\/h3>\n<p>El cilindro hidr\u00e1ulico telesc\u00f3pico multietapa para cami\u00f3n volquete de venta directa de f\u00e1brica se utiliza com\u00fanmente en maquinaria pesada, incluidos camiones volquete, maquinaria de construcci\u00f3n y equipo agr\u00edcola. Est\u00e1 dise\u00f1ado para proporcionar operaciones eficientes, seguras y confiables, lo que permite la elevaci\u00f3n y el descenso suaves de cargas pesadas. El cilindro hidr\u00e1ulico es compatible con varios tama\u00f1os de orificio, tama\u00f1os de varilla y tama\u00f1os de carrera, lo que lo hace adaptable a diferentes tipos de maquinaria.<\/p>\n<p>    <img decoding=\"async\" src=\"https:\/\/img.jiansujichilun.com\/img\/hydrauliccylinders\/T_hydrauliccylinders-5.webp\" alt=\"Escenario de uso del cilindro hidr\u00e1ulico\" \/><\/p>\n<h3>Ventajas y beneficios<\/h3>\n<ul>\n<li>Eficiencia en ahorro energ\u00e9tico<\/li>\n<li>Seguridad<\/li>\n<li>Adaptabilidad<\/li>\n<li>Empuje m\u00e1ximo de 3000<\/li>\n<li>Tracci\u00f3n m\u00e1xima de 20 toneladas<\/li>\n<li>Compatible con varios tama\u00f1os de orificio, tama\u00f1os de varilla y tama\u00f1os de carrera.<\/li>\n<\/ul>\n<h3>Materiales del producto<\/h3>\n<p>El cilindro hidr\u00e1ulico telesc\u00f3pico multietapa para cami\u00f3n volquete de venta directa de f\u00e1brica est\u00e1 fabricado con materiales de alta calidad que son duraderos y resistentes. Los materiales utilizados incluyen:<\/p>\n<ul>\n<li>Acero<\/li>\n<li>Aluminio<\/li>\n<li>Hierro<\/li>\n<li>Otros materiales de alta resistencia<\/li>\n<\/ul>\n<h3>Instalaci\u00f3n, mantenimiento y reparaci\u00f3n<\/h3>\n<p>El cilindro hidr\u00e1ulico telesc\u00f3pico multietapa para cami\u00f3n volquete de venta directa de f\u00e1brica debe ser instalado por un profesional con experiencia en sistemas hidr\u00e1ulicos. Se requiere un mantenimiento regular para garantizar que el cilindro hidr\u00e1ulico funcione de manera suave y eficiente. La reparaci\u00f3n debe ser realizada por un profesional con experiencia en sistemas hidr\u00e1ulicos para evitar mayores da\u00f1os al cilindro.<\/p>\n<p>Si es necesario reemplazar el cilindro hidr\u00e1ulico telesc\u00f3pico multietapa del elevador hidr\u00e1ulico del cami\u00f3n volquete de venta directa de f\u00e1brica, debe reemplazarse por uno con las mismas especificaciones que el cilindro original. Consulte al proveedor original para obtener especificaciones e instrucciones de instalaci\u00f3n.<\/p>\n<h2>Otros productos<\/h2>\n<p>Suministramos principalmente diversos engranajes de pl\u00e1stico para uso industrial, como cajas de engranajes agr\u00edcolas, ejes de salida de potencia, ruedas dentadas, acoplamientos hidr\u00e1ulicos, reductores de tornillo sin fin, cremalleras, cadenas desmontables, poleas y poleas, cajas de engranajes planetarios, poleas de distribuci\u00f3n, bujes, etc. Nuestros productos son de alta calidad y tienen precios competitivos. Damos la bienvenida a los clientes para personalizarlos con dibujos y muestras.<\/p>\n<p>    <img decoding=\"async\" src=\"https:\/\/images.hzpt.com\/2024\/04\/unit-type-flexo-press-factory.webp\" alt=\"Productos de la empresa\" \/><\/p>\n<h2>Preguntas frecuentes<\/h2>\n<h3>P: \u00bfSus productos son repuestos originales?<\/h3>\n<p>R: Nuestros productos son piezas de repuesto y no son repuestos originales.<\/p>\n<h3>P: \u00bfCu\u00e1les son los escenarios de uso comunes para el cilindro hidr\u00e1ulico telesc\u00f3pico multietapa del cilindro de elevaci\u00f3n hidr\u00e1ulica del cami\u00f3n volquete de venta directa de f\u00e1brica?<\/h3>\n<p>A: El cilindro hidr\u00e1ulico se utiliza habitualmente en maquinaria pesada, incluidos camiones volquete, maquinaria de construcci\u00f3n y equipos agr\u00edcolas. Est\u00e1 dise\u00f1ado para proporcionar operaciones eficientes, seguras y confiables, lo que permite elevar y bajar cargas pesadas sin problemas.<\/p>\n<h3>P: \u00bfCu\u00e1les son las caracter\u00edsticas \u00fanicas del cilindro hidr\u00e1ulico telesc\u00f3pico multietapa del cilindro de elevaci\u00f3n hidr\u00e1ulica del cami\u00f3n volquete de venta directa de f\u00e1brica?<\/h3>\n<p>A: El cilindro hidr\u00e1ulico ahorra energ\u00eda, es eficiente, seguro y adaptable. Ofrece un empuje m\u00e1ximo de 3000 y una tracci\u00f3n m\u00e1xima de 20 toneladas, lo que garantiza un rendimiento robusto para operaciones de servicio pesado.<\/p>\n<h3>P: \u00bfQu\u00e9 materiales se utilizan para fabricar el cilindro hidr\u00e1ulico telesc\u00f3pico multietapa del cilindro de elevaci\u00f3n hidr\u00e1ulica del cami\u00f3n volquete de venta directa de f\u00e1brica?<\/h3>\n<p>A: El cilindro hidr\u00e1ulico est\u00e1 fabricado con materiales de alta calidad que son duraderos y resistentes. Los materiales utilizados incluyen acero, aluminio, hierro y otros materiales de alta resistencia.<\/p>\n<h3>P: \u00bfC\u00f3mo se debe instalar y mantener el cilindro hidr\u00e1ulico telesc\u00f3pico multietapa del cilindro de elevaci\u00f3n hidr\u00e1ulica del cami\u00f3n volquete de venta directa de f\u00e1brica?<\/h3>\n<p>A: El cilindro hidr\u00e1ulico debe ser instalado por un profesional con experiencia en sistemas hidr\u00e1ulicos. Es necesario realizar un mantenimiento regular para garantizar que el cilindro hidr\u00e1ulico funcione de manera suave y eficiente.<\/p>\n<h3>P: \u00bfQu\u00e9 debo hacer si es necesario reemplazar el cilindro hidr\u00e1ulico telesc\u00f3pico multietapa del cilindro de elevaci\u00f3n hidr\u00e1ulica del cami\u00f3n volquete de venta directa de f\u00e1brica?<\/h3>\n<p>R: Si es necesario reemplazar el cilindro hidr\u00e1ulico, se debe reemplazar por uno con las mismas especificaciones que el cilindro original. Consulte al proveedor original para obtener las especificaciones e instrucciones de instalaci\u00f3n.<\/p>\n<p>  <\/body><br \/>\n<\/html><\/p>","protected":false},"excerpt":{"rendered":"<p>Disclaimer All the content on this page is gathered from the internet and is only used as a reference for product selection. Our products are replacement parts and are not original spare parts. We do not hold the trademark of the original content. If you need to purchase original spare parts, please contact the original [&hellip;]<\/p>","protected":false},"featured_media":4450,"template":"","meta":{"_et_pb_use_builder":"","_et_pb_old_content":"","_et_gb_content_width":""},"product_brand":[],"product_cat":[11327],"product_tag":[],"class_list":{"0":"post-4451","1":"product","2":"type-product","3":"status-publish","4":"has-post-thumbnail","6":"product_cat-telescopic-hydraulic-cylinder","8":"first","9":"instock","10":"shipping-taxable","11":"product-type-simple"},"_links":{"self":[{"href":"https:\/\/agricultural-gear-boxes.com\/es\/wp-json\/wp\/v2\/product\/4451","targetHints":{"allow":["GET"]}}],"collection":[{"href":"https:\/\/agricultural-gear-boxes.com\/es\/wp-json\/wp\/v2\/product"}],"about":[{"href":"https:\/\/agricultural-gear-boxes.com\/es\/wp-json\/wp\/v2\/types\/product"}],"wp:featuredmedia":[{"embeddable":true,"href":"https:\/\/agricultural-gear-boxes.com\/es\/wp-json\/wp\/v2\/media\/4450"}],"wp:attachment":[{"href":"https:\/\/agricultural-gear-boxes.com\/es\/wp-json\/wp\/v2\/media?parent=4451"}],"wp:term":[{"taxonomy":"product_brand","embeddable":true,"href":"https:\/\/agricultural-gear-boxes.com\/es\/wp-json\/wp\/v2\/product_brand?post=4451"},{"taxonomy":"product_cat","embeddable":true,"href":"https:\/\/agricultural-gear-boxes.com\/es\/wp-json\/wp\/v2\/product_cat?post=4451"},{"taxonomy":"product_tag","embeddable":true,"href":"https:\/\/agricultural-gear-boxes.com\/es\/wp-json\/wp\/v2\/product_tag?post=4451"}],"curies":[{"name":"wp","href":"https:\/\/api.w.org\/{rel}","templated":true}]}}