{"id":4465,"date":"2024-09-11T07:34:57","date_gmt":"2024-09-11T07:34:57","guid":{"rendered":"https:\/\/agricultural-gear-boxes.com\/product\/quality-manufacturing-2-stage-hydraulic-cylinder-telescopic-hydraulic-cylinder-for-sale\/"},"modified":"2024-09-11T07:34:57","modified_gmt":"2024-09-11T07:34:57","slug":"quality-manufacturing-2-stage-hydraulic-cylinder-telescopic-hydraulic-cylinder-for-sale","status":"publish","type":"product","link":"https:\/\/agricultural-gear-boxes.com\/es\/product\/quality-manufacturing-2-stage-hydraulic-cylinder-telescopic-hydraulic-cylinder-for-sale\/","title":{"rendered":"Cilindro hidr\u00e1ulico telesc\u00f3pico de 2 etapas de fabricaci\u00f3n de calidad a la venta"},"content":{"rendered":"<p>Todo el contenido de esta p\u00e1gina proviene de Internet y se utiliza \u00fanicamente como referencia para la selecci\u00f3n de productos. Nuestros productos son piezas de repuesto y no repuestos originales; no somos los propietarios de la marca registrada original del contenido. Nuestros productos solo son adecuados para repuestos posventa y no repuestos originales. Nuestras piezas de repuesto pueden adaptarse perfectamente a las piezas de repuesto originales; si necesita comprar repuestos originales, comun\u00edquese con el proveedor original para comprar.<\/p>\n<h2>Cilindro hidr\u00e1ulico telesc\u00f3pico de 2 etapas de fabricaci\u00f3n de calidad a la venta y sus aplicaciones<\/h2>\n<p>Our two-stage hydraulic cylinder is designed with top-notch, high-quality manufacturing standards and is a telescopic hydraulic cylinder that serves a vital role in numerous industries. It is commonly used in machinery repair shops, farms, energy &#038; mining, machinery manufacturing, and machinery factories. The hydraulic cylinder is built with core components like bearings and hydraulic cylinders. It comes with a one-year warranty and is designed to be a standard, plunger cylinder. It uses hydraulic power and has a steel body. This multistage hydraulic cylinder can exert a maximum thrust of 3000 and pull a maximum weight of 20 tons.<\/p>\n<p><img decoding=\"async\" src=\"https:\/\/img.jiansujichilun.com\/img\/hydrauliccylinders\/T_hydrauliccylinders-5.webp\" alt=\"Escenario de uso del cilindro hidr\u00e1ulico\" \/><\/p>\n<h3>Ventajas<\/h3>\n<ul>\n<li>Eficiencia energ\u00e9tica y alta eficiencia<\/li>\n<li>Certificaci\u00f3n ISO9001:2000, garantizando su calidad y confiabilidad.<\/li>\n<li>Dise\u00f1ado con caracter\u00edsticas y ventajas \u00fanicas para garantizar un rendimiento \u00f3ptimo.<\/li>\n<\/ul>\n<h3>Materiales utilizables del producto<\/h3>\n<ul>\n<li>Componentes centrales como cojinetes y cilindros hidr\u00e1ulicos.<\/li>\n<li>Cuerpo de acero<\/li>\n<\/ul>\n<h3>Instalaci\u00f3n, mantenimiento y reparaci\u00f3n<\/h3>\n<p>La instalaci\u00f3n del cilindro hidr\u00e1ulico de 2 etapas es sencilla y el mantenimiento es simple. Para garantizar un rendimiento \u00f3ptimo, se recomienda reemplazar los sellos y el l\u00edquido con regularidad. Si experimenta alg\u00fan problema con el cilindro, puede repararlo reemplazando los componentes da\u00f1ados.<\/p>\n<h3>C\u00f3mo reemplazar el producto<\/h3>\n<p>Para reemplazar el cilindro hidr\u00e1ulico de dos etapas, primero aseg\u00farese de que el sistema est\u00e9 despresurizado. A continuaci\u00f3n, retire los herrajes de montaje y retire con cuidado el cilindro viejo. Por \u00faltimo, instale el cilindro nuevo y vuelva a colocar los herrajes de montaje.<\/p>\n<h3>Historia y clasificaci\u00f3n<\/h3>\n<p>El cilindro hidr\u00e1ulico tiene una larga historia y se ha utilizado en diversas industrias durante m\u00e1s de un siglo. Se clasifica seg\u00fan el n\u00famero de etapas, el tama\u00f1o del orificio, el tama\u00f1o del v\u00e1stago, el tama\u00f1o de la carrera y el tama\u00f1o del pasador.<\/p>\n<h2>Otros productos que ofrecemos<\/h2>\n<p>Suministramos principalmente diversos engranajes de pl\u00e1stico para uso industrial, como cajas de engranajes agr\u00edcolas, ejes de salida de potencia, ruedas dentadas, acoplamientos hidr\u00e1ulicos, reductores de tornillo sin fin, cremalleras, cadenas desmontables, poleas y poleas, cajas de engranajes planetarios, poleas de distribuci\u00f3n, bujes, etc. Nuestros productos son de alta calidad y los ofrecemos a precios preferenciales con servicios pensados. Damos la bienvenida a los clientes para personalizarlos con dibujos y muestras.<\/p>\n<p><img decoding=\"async\" src=\"https:\/\/images.hzpt.com\/2024\/04\/unit-type-flexo-press-factory.webp\" alt=\"Otros negocios de productos de la empresa\" \/><\/p>\n<h2>Preguntas frecuentes<\/h2>\n<p><b>P: \u00bfQu\u00e9 industrias utilizan com\u00fanmente el cilindro hidr\u00e1ulico de dos etapas?<\/b><br \/>A: The two-stage hydraulic cylinder is commonly used in machinery repair shops, farms, energy &#038; mining, machinery manufacturing, and machinery factories.<\/p>\n<p><b>P: \u00bfCu\u00e1l es el empuje y el peso m\u00e1ximos que puede ejercer el cilindro hidr\u00e1ulico de dos etapas?<\/b><br \/>R: El cilindro hidr\u00e1ulico de dos etapas puede ejercer un empuje m\u00e1ximo de 3000 y tirar de un peso m\u00e1ximo de 20 toneladas.<\/p>\n<p><b>P: \u00bfCu\u00e1les son las ventajas del cilindro hidr\u00e1ulico de dos etapas?<\/b><br \/>A: The two-stage hydraulic cylinder is energy-efficient, highly efficient, and ISO9001:2000 certified, guaranteeing its quality and reliability. It&#8217;s also designed with unique features and advantages to ensure optimal performance.<\/p>\n<p><b>P: \u00bfDe qu\u00e9 materiales est\u00e1 hecho el cilindro hidr\u00e1ulico de dos etapas?<\/b><br \/>R: El cilindro hidr\u00e1ulico de dos etapas est\u00e1 construido con componentes centrales como cojinetes y cilindros hidr\u00e1ulicos y tiene un cuerpo de acero.<\/p>\n<p><b>P: \u00bfC\u00f3mo reemplazo el cilindro hidr\u00e1ulico de dos etapas?<\/b><br \/>R: Para reemplazar el cilindro hidr\u00e1ulico de dos etapas, primero aseg\u00farese de que el sistema est\u00e9 despresurizado. A continuaci\u00f3n, retire los herrajes de montaje y retire con cuidado el cilindro viejo. Por \u00faltimo, instale el cilindro nuevo y vuelva a colocar los herrajes de montaje.<\/p>","protected":false},"excerpt":{"rendered":"<p>All the content on this page comes from the Internet, and the content is only used as a reference for product selection. Our products are replacement parts rather than original spare parts; we are not the holder of the original trademark of the content. Our products are only suitable for after-sales replacement parts rather than [&hellip;]<\/p>","protected":false},"featured_media":4464,"template":"","meta":{"_et_pb_use_builder":"","_et_pb_old_content":"","_et_gb_content_width":""},"product_brand":[],"product_cat":[11327],"product_tag":[],"class_list":{"0":"post-4465","1":"product","2":"type-product","3":"status-publish","4":"has-post-thumbnail","6":"product_cat-telescopic-hydraulic-cylinder","8":"first","9":"instock","10":"shipping-taxable","11":"product-type-simple"},"_links":{"self":[{"href":"https:\/\/agricultural-gear-boxes.com\/es\/wp-json\/wp\/v2\/product\/4465","targetHints":{"allow":["GET"]}}],"collection":[{"href":"https:\/\/agricultural-gear-boxes.com\/es\/wp-json\/wp\/v2\/product"}],"about":[{"href":"https:\/\/agricultural-gear-boxes.com\/es\/wp-json\/wp\/v2\/types\/product"}],"wp:featuredmedia":[{"embeddable":true,"href":"https:\/\/agricultural-gear-boxes.com\/es\/wp-json\/wp\/v2\/media\/4464"}],"wp:attachment":[{"href":"https:\/\/agricultural-gear-boxes.com\/es\/wp-json\/wp\/v2\/media?parent=4465"}],"wp:term":[{"taxonomy":"product_brand","embeddable":true,"href":"https:\/\/agricultural-gear-boxes.com\/es\/wp-json\/wp\/v2\/product_brand?post=4465"},{"taxonomy":"product_cat","embeddable":true,"href":"https:\/\/agricultural-gear-boxes.com\/es\/wp-json\/wp\/v2\/product_cat?post=4465"},{"taxonomy":"product_tag","embeddable":true,"href":"https:\/\/agricultural-gear-boxes.com\/es\/wp-json\/wp\/v2\/product_tag?post=4465"}],"curies":[{"name":"wp","href":"https:\/\/api.w.org\/{rel}","templated":true}]}}