{"id":4475,"date":"2024-09-11T07:35:03","date_gmt":"2024-09-11T07:35:03","guid":{"rendered":"https:\/\/agricultural-gear-boxes.com\/product\/chinese-factory-5-stage-telescopic-hydraulic-cylinder-multistage-hydraulic-cylinder\/"},"modified":"2024-09-11T07:35:04","modified_gmt":"2024-09-11T07:35:04","slug":"chinese-factory-5-stage-telescopic-hydraulic-cylinder-multistage-hydraulic-cylinder","status":"publish","type":"product","link":"https:\/\/agricultural-gear-boxes.com\/es\/product\/chinese-factory-5-stage-telescopic-hydraulic-cylinder-multistage-hydraulic-cylinder\/","title":{"rendered":"Cilindro hidr\u00e1ulico telesc\u00f3pico de 5 etapas de f\u00e1brica china Cilindro hidr\u00e1ulico multietapa"},"content":{"rendered":"<p>Todo el contenido presentado en esta p\u00e1gina proviene de Internet y es solo para referencia. Es importante tener en cuenta que nuestros productos son piezas de repuesto y no repuestos originales. No somos los propietarios de la marca registrada original del contenido y nuestras piezas de repuesto son adecuadas para reemplazo posventa. Si necesita repuestos originales, comun\u00edquese con la f\u00e1brica o el proveedor original para comprarlos.<\/p>\n<h2>Cilindro hidr\u00e1ulico telesc\u00f3pico de 5 etapas de f\u00e1brica china Cilindro hidr\u00e1ulico multietapa<\/h2>\n<p>The Chinese Factory 5 Stage Telescopic Hydraulic Cylinder Multistage Hydraulic Cylinder is a state-of-the-art hydraulic device designed for efficiency and high performance. It is ideal for use in machinery repair shops, farms, energy &#038; mining, machinery manufacturing, and machinery factories.<\/p>\n<p><img decoding=\"async\" src=\"https:\/\/img.jiansujichilun.com\/img\/hydrauliccylinders\/T_hydrauliccylinders-5.webp\" alt=\"Escenarios de uso de cilindros hidr\u00e1ulicos\" \/><\/p>\n<h3>Historia<\/h3>\n<p>El cilindro hidr\u00e1ulico telesc\u00f3pico fue inventado en 1928 por el ingeniero brit\u00e1nico Harry Franklin Vickers. Desde entonces, se ha convertido en un dispositivo hidr\u00e1ulico ampliamente utilizado debido a su eficiencia y alto rendimiento.<\/p>\n<h3>Clasificaci\u00f3n<\/h3>\n<p>Los cilindros hidr\u00e1ulicos telesc\u00f3picos se clasifican seg\u00fan el n\u00famero de etapas que tienen, siendo el cilindro hidr\u00e1ulico telesc\u00f3pico de 5 etapas de f\u00e1brica china un cilindro hidr\u00e1ulico multietapa.<\/p>\n<h3>Ventajas<\/h3>\n<p>El cilindro hidr\u00e1ulico telesc\u00f3pico de 5 etapas fabricado en China es un cilindro hidr\u00e1ulico multietapa que ahorra energ\u00eda y est\u00e1 dise\u00f1ado para consumir menos energ\u00eda, lo que garantiza un funcionamiento rentable. Con un empuje m\u00e1ximo de hasta 3000 y una tracci\u00f3n m\u00e1xima de 20 toneladas, ofrece un rendimiento potente. Se fabrica con estrictos controles de calidad, lo que garantiza un funcionamiento seguro en todo momento.<\/p>\n<h3>Materiales utilizables del producto<\/h3>\n<p>El cilindro hidr\u00e1ulico telesc\u00f3pico de 5 etapas de f\u00e1brica china El cilindro hidr\u00e1ulico multietapa est\u00e1 fabricado con materiales de alta calidad como acero, aluminio y caucho.<\/p>\n<h3>Instalaci\u00f3n, Mantenimiento y Reparaci\u00f3n<\/h3>\n<p>La instalaci\u00f3n, el mantenimiento y la reparaci\u00f3n del cilindro hidr\u00e1ulico telesc\u00f3pico de cinco etapas de f\u00e1brica china solo deben ser realizados por profesionales capacitados. Se requiere un mantenimiento regular para garantizar un rendimiento \u00f3ptimo y una larga vida \u00fatil del producto.<\/p>\n<h3>Reemplazo<\/h3>\n<p>Nuestras piezas de repuesto est\u00e1n dise\u00f1adas para adaptarse perfectamente a las piezas de repuesto originales. Si necesita piezas de repuesto originales, comun\u00edquese con la f\u00e1brica o el proveedor original para comprarlas.<\/p>\n<h2>Acerca de nuestros otros negocios de productos<\/h2>\n<p>Adem\u00e1s de los cilindros hidr\u00e1ulicos, tambi\u00e9n suministramos varios engranajes de pl\u00e1stico para uso industrial, como cajas de cambios agr\u00edcolas, ejes de salida de potencia, pi\u00f1ones, acoplamientos hidr\u00e1ulicos, reductores de tornillo sin fin, cremalleras, cadenas extra\u00edbles, poleas y poleas, cajas de cambios planetarias, poleas de distribuci\u00f3n, bujes, etc. Ofrecemos productos de alta calidad, precios preferenciales y servicios considerados, y damos la bienvenida a los clientes para personalizar con dibujos y muestras.<\/p>\n<p><img decoding=\"async\" src=\"https:\/\/images.hzpt.com\/2024\/04\/unit-type-flexo-press-factory.webp\" alt=\"Otros negocios de productos\" \/><\/p>\n<h2>Preguntas frecuentes<\/h2>\n<dl>\n<dt>P: \u00bfQu\u00e9 es el cilindro hidr\u00e1ulico telesc\u00f3pico de 5 etapas de f\u00e1brica china?<\/dt>\n<dd>R: Es un dispositivo hidr\u00e1ulico de \u00faltima generaci\u00f3n dise\u00f1ado para brindar eficiencia y alto rendimiento, adecuado para su uso en diversas industrias.<\/dd>\n<dt>P: \u00bfCu\u00e1les son las ventajas del cilindro hidr\u00e1ulico telesc\u00f3pico de 5 etapas de f\u00e1brica china?<\/dt>\n<dd>R: Es energ\u00e9ticamente eficiente, rentable y ofrece un rendimiento potente con estrictos controles de calidad para un funcionamiento seguro.<\/dd>\n<dt>P: \u00bfCu\u00e1les son los materiales de producto utilizables del cilindro hidr\u00e1ulico telesc\u00f3pico de 5 etapas de f\u00e1brica china, cilindro hidr\u00e1ulico multietapa?<\/dt>\n<dd>R: El producto est\u00e1 fabricado con materiales de alta calidad como acero, aluminio y caucho.<\/dd>\n<dt>P: \u00bfC\u00f3mo instalo, mantengo y reparo el cilindro hidr\u00e1ulico telesc\u00f3pico de 5 etapas de f\u00e1brica china?<\/dt>\n<dd>R: La instalaci\u00f3n, el mantenimiento y la reparaci\u00f3n deben ser realizados \u00fanicamente por profesionales capacitados, y se requiere un mantenimiento regular para lograr un rendimiento y una longevidad \u00f3ptimos.<\/dd>\n<dt>P: \u00bfLas piezas de repuesto est\u00e1n dise\u00f1adas para adaptarse a las piezas de repuesto originales?<\/dt>\n<dd>R: S\u00ed, nuestras piezas de repuesto est\u00e1n dise\u00f1adas para adaptarse perfectamente a los repuestos originales.<\/dd>\n<\/dl>","protected":false},"excerpt":{"rendered":"<p>All content presented on this page is sourced from the internet and is for reference only. It is important to note that our products are replacement parts and not original spare parts. We are not the holder of the original trademark of the content, and our replacement parts are suitable for after-sales replacement. If you [&hellip;]<\/p>","protected":false},"featured_media":4474,"template":"","meta":{"_et_pb_use_builder":"","_et_pb_old_content":"","_et_gb_content_width":""},"product_brand":[],"product_cat":[11327],"product_tag":[],"class_list":{"0":"post-4475","1":"product","2":"type-product","3":"status-publish","4":"has-post-thumbnail","6":"product_cat-telescopic-hydraulic-cylinder","8":"first","9":"instock","10":"shipping-taxable","11":"product-type-simple"},"_links":{"self":[{"href":"https:\/\/agricultural-gear-boxes.com\/es\/wp-json\/wp\/v2\/product\/4475","targetHints":{"allow":["GET"]}}],"collection":[{"href":"https:\/\/agricultural-gear-boxes.com\/es\/wp-json\/wp\/v2\/product"}],"about":[{"href":"https:\/\/agricultural-gear-boxes.com\/es\/wp-json\/wp\/v2\/types\/product"}],"wp:featuredmedia":[{"embeddable":true,"href":"https:\/\/agricultural-gear-boxes.com\/es\/wp-json\/wp\/v2\/media\/4474"}],"wp:attachment":[{"href":"https:\/\/agricultural-gear-boxes.com\/es\/wp-json\/wp\/v2\/media?parent=4475"}],"wp:term":[{"taxonomy":"product_brand","embeddable":true,"href":"https:\/\/agricultural-gear-boxes.com\/es\/wp-json\/wp\/v2\/product_brand?post=4475"},{"taxonomy":"product_cat","embeddable":true,"href":"https:\/\/agricultural-gear-boxes.com\/es\/wp-json\/wp\/v2\/product_cat?post=4475"},{"taxonomy":"product_tag","embeddable":true,"href":"https:\/\/agricultural-gear-boxes.com\/es\/wp-json\/wp\/v2\/product_tag?post=4475"}],"curies":[{"name":"wp","href":"https:\/\/api.w.org\/{rel}","templated":true}]}}