{"id":4479,"date":"2024-09-11T07:35:06","date_gmt":"2024-09-11T07:35:06","guid":{"rendered":"https:\/\/agricultural-gear-boxes.com\/product\/chinese-factory-dump-trailer-hydraulic-cylinders-multistage-hydraulic-cylinder-for-sale\/"},"modified":"2024-09-11T07:35:06","modified_gmt":"2024-09-11T07:35:06","slug":"chinese-factory-dump-trailer-hydraulic-cylinders-multistage-hydraulic-cylinder-for-sale","status":"publish","type":"product","link":"https:\/\/agricultural-gear-boxes.com\/es\/product\/chinese-factory-dump-trailer-hydraulic-cylinders-multistage-hydraulic-cylinder-for-sale\/","title":{"rendered":"Cilindros hidr\u00e1ulicos de m\u00faltiples etapas para remolques volcadores de f\u00e1brica china a la venta"},"content":{"rendered":"<p>Todo el contenido de esta p\u00e1gina proviene de Internet y se proporciona \u00fanicamente con fines de referencia. Nuestros productos son piezas de repuesto y no repuestos originales. No somos los propietarios de la marca registrada original del contenido. Nuestras piezas de repuesto est\u00e1n dise\u00f1adas para adaptarse perfectamente a las piezas de repuesto originales. Si necesita comprar repuestos originales, comun\u00edquese con el proveedor original para realizar la compra.<\/p>\n<p><h2>Cilindros hidr\u00e1ulicos de m\u00faltiples etapas para remolques volcadores de f\u00e1brica china a la venta<\/h2><\/p>\n<p>Nuestros cilindros hidr\u00e1ulicos multietapa son piezas de repuesto de alta calidad dise\u00f1adas para su uso en remolques de volteo. Se fabrican en China y est\u00e1n disponibles para su compra. Estos cilindros brindan una potente fuerza hidr\u00e1ulica, lo que los convierte en un componente esencial para cualquier maquinaria de servicio pesado. <\/p>\n<p><h3>Escenarios de uso com\u00fan<\/h3><\/p>\n<p>Our multistage hydraulic cylinders are widely used in industries such as machinery repair shops, farms, energy &#038; mining, machinery manufacturing and factories. They are particularly beneficial for applications where space is limited, as they can provide a long stroke while maintaining a compact size. Common usage scenarios include the lifting of heavy loads or moving parts of machinery. <\/p>\n<p><img decoding=\"async\" src=\"https:\/\/img.jiansujichilun.com\/img\/hydrauliccylinders\/T_hydrauliccylinders-5.webp\" alt=\"Escenario de uso del cilindro hidr\u00e1ulico\" \/><\/p>\n<p><h3>Historial y clasificaci\u00f3n del producto<\/h3><\/p>\n<p>Los cilindros hidr\u00e1ulicos existen desde hace cientos de a\u00f1os y han evolucionado hasta convertirse en sistemas complejos de m\u00faltiples etapas que ofrecen resultados potentes. Nuestros cilindros hidr\u00e1ulicos de m\u00faltiples etapas est\u00e1n disponibles en tama\u00f1os de di\u00e1metro interior que van de 2 a 6 pulgadas, tama\u00f1os de v\u00e1stago que van de 1,125 a 4 pulgadas y tama\u00f1os de carrera que van de 4 a 100 pulgadas. Est\u00e1n disponibles con puertos G\/SAE\/NPT\/M y tienen un empuje m\u00e1ximo de 3000 y una tracci\u00f3n m\u00e1xima de 20 toneladas.<\/p>\n<p><h3>Ventajas del producto<\/h3><\/p>\n<p>Nuestros cilindros hidr\u00e1ulicos son energ\u00e9ticamente eficientes y requieren una potencia m\u00ednima para funcionar, lo que reduce los costos de energ\u00eda. Ofrecen un rendimiento excepcional con un empuje m\u00e1ximo de 3000 y una tracci\u00f3n m\u00e1xima de 20 toneladas. Estos cilindros, fabricados con acero duradero, est\u00e1n dise\u00f1ados para soportar condiciones extenuantes, lo que garantiza su longevidad y confiabilidad.<\/p>\n<p><h3>Materiales utilizables del producto<\/h3><\/p>\n<p>Nuestros cilindros hidr\u00e1ulicos multietapa est\u00e1n fabricados con acero de alta calidad, lo que garantiza su durabilidad y confiabilidad. El acero est\u00e1 tratado para soportar condiciones extenuantes y est\u00e1 dise\u00f1ado para brindar resultados potentes. <\/p>\n<p><h3>Instalaci\u00f3n, mantenimiento y reparaci\u00f3n<\/h3><\/p>\n<p>Installation of our multistage hydraulic cylinders is easy and can be done by following the manufacturer&#8217;s instructions. Maintenance is minimal, and you can extend the lifespan of your cylinder by taking good care of it. If your cylinder needs repair, you can contact us for assistance. We provide repair services for all of our products.<\/p>\n<p><h3>Reemplazo de producto<\/h3><\/p>\n<p>Si necesita reemplazar su cilindro hidr\u00e1ulico, nuestros productos est\u00e1n dise\u00f1ados para adaptarse perfectamente a las piezas de repuesto originales. Puede comprar nuestras piezas de repuesto con confianza, sabiendo que brindar\u00e1n los mismos resultados potentes que las piezas originales.<\/p>\n<h2>Acerca de nuestros otros productos<\/h2>\n<p>Adem\u00e1s de cilindros hidr\u00e1ulicos, tambi\u00e9n ofrecemos diversos engranajes de pl\u00e1stico para uso industrial. Nuestros productos incluyen cajas de engranajes agr\u00edcolas, ejes de salida de potencia, ruedas dentadas, acoplamientos hidr\u00e1ulicos, reductores de tornillo sin fin, cremalleras, cadenas desmontables, poleas y poleas, cajas de engranajes planetarios, poleas de distribuci\u00f3n, bujes y m\u00e1s. <\/p>\n<p><img decoding=\"async\" src=\"https:\/\/images.hzpt.com\/2024\/04\/unit-type-flexo-press-factory.webp\" alt=\"Otros productos\" \/><\/p>\n<p><h3>Preguntas frecuentes<\/h3><\/p>\n<p><q>\u00bfCu\u00e1l es el tiempo de entrega de sus productos?<\/q><br \/>\n<a>Nuestro tiempo de entrega est\u00e1ndar es de 25-35 d\u00edas.<\/a><\/p>\n<p><q>\u00bfProporcion\u00e1is muestras? \u00bfSon gratuitas?<\/q><br \/>\n<a>S\u00ed, proporcionamos muestras, pero no son gratuitas.<\/a><\/p>\n<p><q>\u00bfC\u00f3mo instalo mi cilindro hidr\u00e1ulico?<\/q><br \/>\n<a>Installation is easy and can be done by following the manufacturer&#8217;s instructions.<\/a><\/p>\n<p><q>\u00bfQu\u00e9 pasa si mi cilindro hidr\u00e1ulico necesita reparaci\u00f3n?<\/q><br \/>\n<a>Si su cilindro hidr\u00e1ulico necesita reparaci\u00f3n, comun\u00edquese con nosotros para recibir asistencia. Brindamos servicios de reparaci\u00f3n para todos nuestros productos.<\/a><\/p>\n<p><q>\u00bfQu\u00e9 hace que sus cilindros hidr\u00e1ulicos sean diferentes de otros del mercado?<\/q><br \/>\n<a>Nuestros cilindros hidr\u00e1ulicos est\u00e1n fabricados con acero de alta calidad, lo que garantiza su durabilidad y fiabilidad. Son energ\u00e9ticamente eficientes, ya que requieren una potencia m\u00ednima para funcionar, lo que reduce los costes energ\u00e9ticos. Ofrecen un rendimiento excepcional y nuestras piezas de repuesto est\u00e1n dise\u00f1adas para adaptarse perfectamente a las piezas de repuesto originales, proporcionando los mismos resultados potentes.<\/a><\/p>","protected":false},"excerpt":{"rendered":"<p>All content on this page is sourced from the internet and is provided for reference purposes only. Our products are replacement parts and not original spare parts. We are not the holders of the original trademark of the content. Our replacement parts are designed to perfectly fit the original spare parts. If you need to [&hellip;]<\/p>","protected":false},"featured_media":4478,"template":"","meta":{"_et_pb_use_builder":"","_et_pb_old_content":"","_et_gb_content_width":""},"product_brand":[],"product_cat":[11327],"product_tag":[],"class_list":{"0":"post-4479","1":"product","2":"type-product","3":"status-publish","4":"has-post-thumbnail","6":"product_cat-telescopic-hydraulic-cylinder","8":"first","9":"instock","10":"shipping-taxable","11":"product-type-simple"},"_links":{"self":[{"href":"https:\/\/agricultural-gear-boxes.com\/es\/wp-json\/wp\/v2\/product\/4479","targetHints":{"allow":["GET"]}}],"collection":[{"href":"https:\/\/agricultural-gear-boxes.com\/es\/wp-json\/wp\/v2\/product"}],"about":[{"href":"https:\/\/agricultural-gear-boxes.com\/es\/wp-json\/wp\/v2\/types\/product"}],"wp:featuredmedia":[{"embeddable":true,"href":"https:\/\/agricultural-gear-boxes.com\/es\/wp-json\/wp\/v2\/media\/4478"}],"wp:attachment":[{"href":"https:\/\/agricultural-gear-boxes.com\/es\/wp-json\/wp\/v2\/media?parent=4479"}],"wp:term":[{"taxonomy":"product_brand","embeddable":true,"href":"https:\/\/agricultural-gear-boxes.com\/es\/wp-json\/wp\/v2\/product_brand?post=4479"},{"taxonomy":"product_cat","embeddable":true,"href":"https:\/\/agricultural-gear-boxes.com\/es\/wp-json\/wp\/v2\/product_cat?post=4479"},{"taxonomy":"product_tag","embeddable":true,"href":"https:\/\/agricultural-gear-boxes.com\/es\/wp-json\/wp\/v2\/product_tag?post=4479"}],"curies":[{"name":"wp","href":"https:\/\/api.w.org\/{rel}","templated":true}]}}