{"id":4481,"date":"2024-09-11T07:35:09","date_gmt":"2024-09-11T07:35:09","guid":{"rendered":"https:\/\/agricultural-gear-boxes.com\/product\/factory-price-small-dump-truck-hydraulic-cylinder-telescopic-hydraulic-cylinder-for-sale\/"},"modified":"2024-09-11T07:35:09","modified_gmt":"2024-09-11T07:35:09","slug":"factory-price-small-dump-truck-hydraulic-cylinder-telescopic-hydraulic-cylinder-for-sale","status":"publish","type":"product","link":"https:\/\/agricultural-gear-boxes.com\/es\/product\/factory-price-small-dump-truck-hydraulic-cylinder-telescopic-hydraulic-cylinder-for-sale\/","title":{"rendered":"Cilindro hidr\u00e1ulico telesc\u00f3pico para cami\u00f3n volquete peque\u00f1o a precio de f\u00e1brica en venta"},"content":{"rendered":"<p><!DOCTYPE html><br \/>\n<html><br \/>\n<head><br \/>\n<\/head><br \/>\n<body><\/p>\n<h2>Todo el contenido de esta p\u00e1gina proviene de internet y se utiliza \u00fanicamente como referencia para la selecci\u00f3n de productos. Nuestros productos son piezas de repuesto, no repuestos originales. No somos titulares de la marca original.<\/h2>\n<h2>Cilindro hidr\u00e1ulico para cami\u00f3n volquete peque\u00f1o a precio de f\u00e1brica<\/h2>\n<p>If you&#8217;re in the market for a high-quality hydraulic cylinder, look no further than our small dump truck hydraulic cylinder. Offering the perfect balance of performance, durability, and affordability, this product is suitable for a range of applications and industries.<\/p>\n<h3>Funcionalidad e importancia del producto<\/h3>\n<p>El cilindro hidr\u00e1ulico desempe\u00f1a una funci\u00f3n esencial en el funcionamiento de un cami\u00f3n volquete peque\u00f1o. Permite la elevaci\u00f3n y el descenso de la caja, facilitando el transporte y la descarga de materiales. El uso de un cilindro hidr\u00e1ulico telesc\u00f3pico permite una mayor extensi\u00f3n y retracci\u00f3n, mejorando la eficiencia del cami\u00f3n volquete.<\/p>\n<h3>Especificaciones del producto<\/h3>\n<p>Nuestro cilindro hidr\u00e1ulico cuenta con una amplia gama de especificaciones t\u00e9cnicas. Cabe destacar su empuje m\u00e1ximo de 3000 y su capacidad de tracci\u00f3n m\u00e1xima de 20 toneladas. Adem\u00e1s, cuenta con un di\u00e1metro interior de 2 a 6 pulgadas, un v\u00e1stago de 1,125 a 4 pulgadas y una carrera de 4 a 100 pulgadas.<\/p>\n<table border=\"1\">\n<tr>\n<td><i>Tama\u00f1o del orificio<\/i><\/td>\n<td>2-6 pulgadas<\/td>\n<\/tr>\n<tr>\n<td><i>Tama\u00f1o de la varilla<\/i><\/td>\n<td>1,125-4 pulgadas<\/td>\n<\/tr>\n<tr>\n<td><i>Tama\u00f1o del trazo<\/i><\/td>\n<td>4-100 pulgadas<\/td>\n<\/tr>\n<tr>\n<td><i>Tama\u00f1o del pin<\/i><\/td>\n<td>0,5-2 pulgadas<\/td>\n<\/tr>\n<tr>\n<td><i>Puertos<\/i><\/td>\n<td>G\/SAE\/NPT\/M<\/td>\n<\/tr>\n<\/table>\n<p><img decoding=\"async\" src=\"https:\/\/img.jiansujichilun.com\/img\/hydrauliccylinders\/T_hydrauliccylinders-5.webp\" alt=\"Cilindro hidr\u00e1ulico telesc\u00f3pico\" \/><\/p>\n<h3>Caracter\u00edsticas y beneficios \u00fanicos<\/h3>\n<ul>\n<li>Eficiencia energ\u00e9tica: el cilindro hidr\u00e1ulico convierte eficientemente la potencia del fluido en potencia mec\u00e1nica, lo que reduce el desperdicio de energ\u00eda.<\/li>\n<li>Alto rendimiento: Con un empuje m\u00e1ximo de 3000 y una capacidad m\u00e1xima de tracci\u00f3n de 20 toneladas, el cilindro hidr\u00e1ulico garantiza un alto rendimiento.<\/li>\n<li>Seguridad: El cilindro hidr\u00e1ulico cuenta con un cuerpo de acero resistente, lo que garantiza un funcionamiento seguro.<\/li>\n<\/ul>\n<h3>Sistema hidr\u00e1ulico y principio de funcionamiento<\/h3>\n<p>El cilindro hidr\u00e1ulico funciona seg\u00fan el principio b\u00e1sico de la presi\u00f3n del fluido. Un cambio en la cantidad de fluido en el cilindro provoca un cambio de presi\u00f3n, lo que resulta en un movimiento lineal.<\/p>\n<h3>Aplicaci\u00f3n del cilindro hidr\u00e1ulico<\/h3>\n<p>This hydraulic cylinder is perfect for use in small dump trucks. However, its versatility means it can also be used in other applications such as machinery repair shops, farms, energy &#038; mining, machinery manufacturing, and machinery factories.<\/p>\n<p><img decoding=\"async\" src=\"https:\/\/img.jiansujichilun.com\/img\/hydrauliccylinders\/T_hydrauliccylinders-5.webp\" alt=\"Cilindro hidr\u00e1ulico telesc\u00f3pico\" \/><\/p>\n<p>Historial del producto:<\/p>\n<p>La tecnolog\u00eda de los cilindros hidr\u00e1ulicos tiene una larga historia que se remonta a los antiguos griegos, que utilizaban agua para alimentar dispositivos hidr\u00e1ulicos simples.<\/p>\n<p>Clasificaci\u00f3n del producto:<\/p>\n<p>Los cilindros hidr\u00e1ulicos se pueden clasificar en varios tipos seg\u00fan su dise\u00f1o, como cilindros de simple efecto, cilindros de doble efecto, cilindros telesc\u00f3picos y cilindros de \u00e9mbolo.<\/p>\n<p>Ventajas de nuestro Cilindro Hidr\u00e1ulico:<\/p>\n<ul>\n<li>Alta durabilidad: nuestro cilindro hidr\u00e1ulico est\u00e1 construido con materiales de alta calidad, lo que garantiza un rendimiento duradero.<\/li>\n<li>F\u00e1cil instalaci\u00f3n: el cilindro hidr\u00e1ulico est\u00e1 dise\u00f1ado para una f\u00e1cil instalaci\u00f3n, ahorrando tiempo y esfuerzo.<\/li>\n<li>Funcionamiento suave: el cilindro hidr\u00e1ulico proporciona un funcionamiento suave y preciso, mejorando la eficiencia general.<\/li>\n<\/ul>\n<p>Materiales utilizables del producto:<\/p>\n<p>El cilindro hidr\u00e1ulico suele estar fabricado de acero de alta resistencia, lo que garantiza su robustez y durabilidad.<\/p>\n<p>C\u00f3mo instalar, mantener y reparar el producto:<\/p>\n<ul>\n<li>Installation: Follow the manufacturer&#8217;s instructions for proper installation of the hydraulic cylinder. Ensure all connections are secure.<\/li>\n<li>Mantenimiento: Inspeccione peri\u00f3dicamente el cilindro hidr\u00e1ulico para detectar cualquier signo de desgaste o da\u00f1o. Mant\u00e9ngalo limpio y lubricado para un rendimiento \u00f3ptimo.<\/li>\n<li>Reparaci\u00f3n: En caso de cualquier mal funcionamiento o da\u00f1o, consulte a un profesional para su reparaci\u00f3n o reemplazo.<\/li>\n<\/ul>\n<p>C\u00f3mo reemplazar el producto:<\/p>\n<p>Para reemplazar el cilindro hidr\u00e1ulico, primero desconecte las l\u00edneas o conexiones hidr\u00e1ulicas. Retire los pernos de montaje y retire con cuidado el cilindro usado. Luego, instale el nuevo siguiendo los pasos en orden inverso.<\/p>\n<h2>Acerca de nuestra empresa<\/h2>\n<p>Suministramos principalmente diversos engranajes de pl\u00e1stico para uso industrial, como cajas de engranajes agr\u00edcolas, ejes de salida de potencia, pi\u00f1ones, acoplamientos hidr\u00e1ulicos, reductores de tornillo sin fin, cremalleras, cadenas extra\u00edbles, poleas y poleas, cajas de engranajes planetarios, poleas de distribuci\u00f3n, bujes, etc.<\/p>\n<p><img decoding=\"async\" src=\"https:\/\/images.hzpt.com\/2024\/04\/unit-type-flexo-press-factory.webp\" alt=\"F\u00e1brica de prensas flexogr\u00e1ficas tipo unidad\" \/><\/p>\n<p>Nos enorgullecemos de ofrecer productos de alta calidad a precios competitivos. Nuestro dedicado equipo se compromete a brindar un servicio al cliente atento y excelente. Aceptamos la personalizaci\u00f3n seg\u00fan sus dibujos o muestras.<\/p>\n<h2>Preguntas frecuentes<\/h2>\n<dl>\n<dt>P: \u00bfSus productos son repuestos originales?<\/dt>\n<dd>R: No, nuestros productos son piezas de repuesto, no repuestos originales. No somos titulares de la marca original.<\/dd>\n<dt>P: \u00bfPuede su cilindro hidr\u00e1ulico adaptarse a las piezas de repuesto originales?<\/dt>\n<dd>R: S\u00ed, nuestras piezas de repuesto pueden adaptarse perfectamente a las piezas de repuesto originales.<\/dd>\n<dt>P: \u00bfD\u00f3nde puedo comprar repuestos originales?<\/dt>\n<dd>R: Para obtener repuestos originales, comun\u00edquese con la f\u00e1brica o el proveedor original.<\/dd>\n<dt>P: \u00bfCu\u00e1nto tiempo es el tiempo de entrega?<\/dt>\n<dd>R: Generalmente, el tiempo de entrega es de 25 a 35 d\u00edas.<\/dd>\n<dt>P: \u00bfPueden producir seg\u00fan muestras o dibujos t\u00e9cnicos?<\/dt>\n<dd>R: S\u00ed, podemos fabricarlos seg\u00fan sus muestras o dibujos t\u00e9cnicos. Tenemos la capacidad de fabricar moldes y accesorios.<\/dd>\n<\/dl>\n<p><\/body><br \/>\n<\/html><\/p>","protected":false},"excerpt":{"rendered":"<p>All content on this page comes from the Internet and is only used as a reference for product selection. Our products are replacement parts, not original spare parts. We are not the holder of the original trademark. Factory Price Small Dump Truck Hydraulic Cylinder If you&#8217;re in the market for a high-quality hydraulic cylinder, look [&hellip;]<\/p>","protected":false},"featured_media":4480,"template":"","meta":{"_et_pb_use_builder":"","_et_pb_old_content":"","_et_gb_content_width":""},"product_brand":[],"product_cat":[11327],"product_tag":[],"class_list":{"0":"post-4481","1":"product","2":"type-product","3":"status-publish","4":"has-post-thumbnail","6":"product_cat-telescopic-hydraulic-cylinder","8":"first","9":"instock","10":"shipping-taxable","11":"product-type-simple"},"_links":{"self":[{"href":"https:\/\/agricultural-gear-boxes.com\/es\/wp-json\/wp\/v2\/product\/4481","targetHints":{"allow":["GET"]}}],"collection":[{"href":"https:\/\/agricultural-gear-boxes.com\/es\/wp-json\/wp\/v2\/product"}],"about":[{"href":"https:\/\/agricultural-gear-boxes.com\/es\/wp-json\/wp\/v2\/types\/product"}],"wp:featuredmedia":[{"embeddable":true,"href":"https:\/\/agricultural-gear-boxes.com\/es\/wp-json\/wp\/v2\/media\/4480"}],"wp:attachment":[{"href":"https:\/\/agricultural-gear-boxes.com\/es\/wp-json\/wp\/v2\/media?parent=4481"}],"wp:term":[{"taxonomy":"product_brand","embeddable":true,"href":"https:\/\/agricultural-gear-boxes.com\/es\/wp-json\/wp\/v2\/product_brand?post=4481"},{"taxonomy":"product_cat","embeddable":true,"href":"https:\/\/agricultural-gear-boxes.com\/es\/wp-json\/wp\/v2\/product_cat?post=4481"},{"taxonomy":"product_tag","embeddable":true,"href":"https:\/\/agricultural-gear-boxes.com\/es\/wp-json\/wp\/v2\/product_tag?post=4481"}],"curies":[{"name":"wp","href":"https:\/\/api.w.org\/{rel}","templated":true}]}}