{"id":4485,"date":"2024-09-11T07:35:11","date_gmt":"2024-09-11T07:35:11","guid":{"rendered":"https:\/\/agricultural-gear-boxes.com\/product\/factory-customized-5-stage-telescopic-small-dump-truck-hydraulic-cylinder\/"},"modified":"2024-09-11T07:35:11","modified_gmt":"2024-09-11T07:35:11","slug":"factory-customized-5-stage-telescopic-small-dump-truck-hydraulic-cylinder","status":"publish","type":"product","link":"https:\/\/agricultural-gear-boxes.com\/es\/product\/factory-customized-5-stage-telescopic-small-dump-truck-hydraulic-cylinder\/","title":{"rendered":"Cilindro hidr\u00e1ulico telesc\u00f3pico de 5 etapas para cami\u00f3n volquete peque\u00f1o personalizado de f\u00e1brica"},"content":{"rendered":"<p>Todo el contenido de esta p\u00e1gina proviene de Internet y se utiliza \u00fanicamente como referencia para la selecci\u00f3n de productos. Nuestros productos son piezas de repuesto y no repuestos originales. No somos los propietarios de la marca registrada original asociada con el contenido. Nuestras piezas de repuesto se adaptan perfectamente a las piezas de repuesto originales, pero si necesita comprar piezas de repuesto originales, comun\u00edquese con la f\u00e1brica o el proveedor original.<\/p>\n<p><h2>Cilindro hidr\u00e1ulico telesc\u00f3pico de 5 etapas personalizado de f\u00e1brica para cami\u00f3n volquete peque\u00f1o<\/h2><\/p>\n<p>El cilindro hidr\u00e1ulico telesc\u00f3pico de 5 etapas para camiones volquete peque\u00f1os personalizado de f\u00e1brica es una innovaci\u00f3n de \u00faltima generaci\u00f3n que se destaca por su estructura est\u00e1ndar, potencia superior proveniente de sus capacidades hidr\u00e1ulicas y su cuerpo robusto hecho de acero. Con un empuje m\u00e1ximo de 3000 y una tracci\u00f3n m\u00e1xima de 20 toneladas, este cilindro hidr\u00e1ulico de m\u00faltiples etapas es un cambio de paradigma en la industria.<\/p>\n<p><h3>Escenarios de uso<\/h3><\/p>\n<p>This hydraulic cylinder is widely applicable in various industries such as machinery repair shops, farms, energy &#038; mining sectors, machinery manufacturing, and machinery factories. It serves as a vital component in improving efficiency and productivity in these industries. The picture &#8220;https:\/\/img.jiansujichilun.com\/img\/hydrauliccylinders\/T_hydrauliccylinders-5.webp&#8221; demonstrates its usage in farm machinery.<\/p>\n<p><h3>Ventajas<\/h3><\/p>\n<ul>\n<li>Eficiencia energ\u00e9tica: el cilindro hidr\u00e1ulico ofrece un rendimiento excepcional al tiempo que conserva energ\u00eda.<\/li>\n<li>Alta eficiencia: Con su funcionalidad multietapa, garantiza una productividad \u00f3ptima en diversas aplicaciones industriales.<\/li>\n<li>Seguridad: El robusto cuerpo de acero garantiza la seguridad y durabilidad del cilindro hidr\u00e1ulico.<\/li>\n<li>Personalizable: Aceptamos solicitudes de personalizaci\u00f3n basadas en dibujos o muestras.<\/li>\n<li>F\u00e1cil de reemplazar: nuestras piezas de repuesto se adaptan perfectamente a las piezas de repuesto originales.<\/li>\n<\/ul>\n<p><h3>Materiales del producto<\/h3><\/p>\n<p>El cilindro hidr\u00e1ulico para cami\u00f3n volquete telesc\u00f3pico de 5 etapas personalizado de f\u00e1brica est\u00e1 hecho de acero resistente que es muy duradero y brinda seguridad. Otros materiales incluyen el cojinete y el cilindro hidr\u00e1ulico.<\/p>\n<p><h3>Instalaci\u00f3n, mantenimiento y reparaci\u00f3n<\/h3><\/p>\n<p>La instalaci\u00f3n de este cilindro hidr\u00e1ulico requiere de la experiencia de un profesional. Es esencial seguir las instrucciones cuidadosamente para garantizar el correcto funcionamiento del cilindro. Es necesario realizar un mantenimiento regular para garantizar el rendimiento a largo plazo del cilindro hidr\u00e1ulico. Las reparaciones deben ser realizadas \u00fanicamente por profesionales para evitar cualquier da\u00f1o al cilindro hidr\u00e1ulico.<\/p>\n<p><h3>Otros productos<\/h3><\/p>\n<p>Apart from hydraulic cylinders and power units, our company also supplies various plastic gears for industrial use. Our products include agricultural gearboxes, power output shafts, sprockets, hydraulic couplings, worm gear reducers, gear racks, removable chains, pulleys and pulleys, planetary gearboxes, timing pulleys, bushings, etc. We offer high-quality products at preferential prices and thoughtful services. Customers are welcome to customize with drawings and samples. The picture &#8220;https:\/\/images.hzpt.com\/2024\/04\/unit-type-flexo-press-factory.webp&#8221; showcases one of our products.<\/p>\n<p><h2>Preguntas frecuentes<\/h2><\/p>\n<p><b>P: \u00bfEs usted una empresa comercial o un fabricante?<\/b><br \/>A: Somos una f\u00e1brica.<\/p>\n<p><b>P: \u00bfCu\u00e1nto tiempo dura el env\u00edo?<\/b><br \/>R: Generalmente tarda entre 25 y 35 d\u00edas.<\/p>\n<p><b>P: \u00bfOfrecen muestras? \u00bfSon gratuitas o tienen un costo adicional?<\/b><br \/>R: S\u00ed, ofrecemos muestras, pero no son gratuitas.<\/p>\n<p><b>P: \u00bfCu\u00e1les son los materiales utilizados en la fabricaci\u00f3n del cilindro hidr\u00e1ulico?<\/b><br \/>R: El cilindro hidr\u00e1ulico est\u00e1 hecho de acero robusto, cojinete y cilindro hidr\u00e1ulico.<\/p>\n<p><b>P: \u00bfC\u00f3mo puedo reemplazar el cilindro hidr\u00e1ulico?<\/b><br \/>R: Nuestras piezas de repuesto se ajustan perfectamente a los repuestos originales, lo que facilita la sustituci\u00f3n del cilindro hidr\u00e1ulico.<\/p>","protected":false},"excerpt":{"rendered":"<p>All the content on this page comes from the Internet and is only used as a reference for product selection. Our products are replacement parts and not original spare parts. We are not the holder of the original trademark associated with the content. Our replacement parts perfectly fit the original spare parts, but if you [&hellip;]<\/p>","protected":false},"featured_media":4484,"template":"","meta":{"_et_pb_use_builder":"","_et_pb_old_content":"","_et_gb_content_width":""},"product_brand":[],"product_cat":[11327],"product_tag":[],"class_list":{"0":"post-4485","1":"product","2":"type-product","3":"status-publish","4":"has-post-thumbnail","6":"product_cat-telescopic-hydraulic-cylinder","8":"first","9":"instock","10":"shipping-taxable","11":"product-type-simple"},"_links":{"self":[{"href":"https:\/\/agricultural-gear-boxes.com\/es\/wp-json\/wp\/v2\/product\/4485","targetHints":{"allow":["GET"]}}],"collection":[{"href":"https:\/\/agricultural-gear-boxes.com\/es\/wp-json\/wp\/v2\/product"}],"about":[{"href":"https:\/\/agricultural-gear-boxes.com\/es\/wp-json\/wp\/v2\/types\/product"}],"wp:featuredmedia":[{"embeddable":true,"href":"https:\/\/agricultural-gear-boxes.com\/es\/wp-json\/wp\/v2\/media\/4484"}],"wp:attachment":[{"href":"https:\/\/agricultural-gear-boxes.com\/es\/wp-json\/wp\/v2\/media?parent=4485"}],"wp:term":[{"taxonomy":"product_brand","embeddable":true,"href":"https:\/\/agricultural-gear-boxes.com\/es\/wp-json\/wp\/v2\/product_brand?post=4485"},{"taxonomy":"product_cat","embeddable":true,"href":"https:\/\/agricultural-gear-boxes.com\/es\/wp-json\/wp\/v2\/product_cat?post=4485"},{"taxonomy":"product_tag","embeddable":true,"href":"https:\/\/agricultural-gear-boxes.com\/es\/wp-json\/wp\/v2\/product_tag?post=4485"}],"curies":[{"name":"wp","href":"https:\/\/api.w.org\/{rel}","templated":true}]}}