{"id":4491,"date":"2024-09-11T07:35:15","date_gmt":"2024-09-11T07:35:15","guid":{"rendered":"https:\/\/agricultural-gear-boxes.com\/product\/professional-multi-stage-hydraulic-cylinder-telescopic-hydraulic-cylinder-for-dump-truck\/"},"modified":"2024-09-11T07:35:15","modified_gmt":"2024-09-11T07:35:15","slug":"professional-multi-stage-hydraulic-cylinder-telescopic-hydraulic-cylinder-for-dump-truck","status":"publish","type":"product","link":"https:\/\/agricultural-gear-boxes.com\/es\/product\/professional-multi-stage-hydraulic-cylinder-telescopic-hydraulic-cylinder-for-dump-truck\/","title":{"rendered":"Cilindro hidr\u00e1ulico telesc\u00f3pico de m\u00faltiples etapas profesional para cami\u00f3n volquete"},"content":{"rendered":"<p><!DOCTYPE html><br \/>\n<html><br \/>\n<head><br \/>\n\t<title>Cilindro hidr\u00e1ulico telesc\u00f3pico de m\u00faltiples etapas profesional para cami\u00f3n volquete<\/title><br \/>\n<\/head><br \/>\n<body><\/p>\n<h2>Descargo de responsabilidad<\/h2>\n<p>Todo el contenido de esta p\u00e1gina procede de Internet y se utiliza \u00fanicamente como referencia para la selecci\u00f3n de productos. Nuestros productos son piezas de repuesto y no piezas de repuesto originales. No somos los propietarios de la marca registrada original del contenido. Nuestras piezas de repuesto son aptas \u00fanicamente para el reemplazo posventa y no para repuestos originales. Si necesita repuestos originales, comun\u00edquese con el proveedor original para comprar.<\/p>\n<h2>Introducci\u00f3n al cilindro hidr\u00e1ulico telesc\u00f3pico de m\u00faltiples etapas<\/h2>\n<p>El cilindro hidr\u00e1ulico telesc\u00f3pico de m\u00faltiples etapas es un equipo esencial dise\u00f1ado espec\u00edficamente para su uso en camiones volquete. Este cilindro hidr\u00e1ulico de estructura de acero de alta eficiencia funciona con una estructura de cilindro de \u00e9mbolo est\u00e1ndar y se acciona hidr\u00e1ulicamente. Con un empuje m\u00e1ximo de 3000 y una tracci\u00f3n m\u00e1xima de 20 toneladas, es la opci\u00f3n ideal para aplicaciones de servicio pesado.<\/p>\n<h2>Escenarios de uso del cilindro hidr\u00e1ulico telesc\u00f3pico de m\u00faltiples etapas<\/h2>\n<p>El cilindro hidr\u00e1ulico telesc\u00f3pico de m\u00faltiples etapas se utiliza ampliamente en diversas industrias, como maquinaria agr\u00edcola, industria minera, maquinaria de construcci\u00f3n y muchas otras. Est\u00e1 dise\u00f1ado para manejar las aplicaciones m\u00e1s exigentes y puede soportar los entornos m\u00e1s hostiles.<\/p>\n<p>\t<img decoding=\"async\" src=\"https:\/\/img.jiansujichilun.com\/img\/hydrauliccylinders\/T_hydrauliccylinders-5.webp\" alt=\"Cilindro hidr\u00e1ulico telesc\u00f3pico de m\u00faltiples etapas\"><\/p>\n<h2>Ventajas del cilindro hidr\u00e1ulico telesc\u00f3pico multietapa<\/h2>\n<h3>Eficiencia energ\u00e9tica<\/h3>\n<p>El cilindro hidr\u00e1ulico telesc\u00f3pico de m\u00faltiples etapas est\u00e1 dise\u00f1ado teniendo en cuenta la eficiencia energ\u00e9tica. Garantiza que el sistema hidr\u00e1ulico consuma menos energ\u00eda, lo que permite ahorrar costos y reducir las emisiones de carbono.<\/p>\n<h3>Rendimiento alto<\/h3>\n<p>El cilindro hidr\u00e1ulico telesc\u00f3pico de m\u00faltiples etapas est\u00e1 dise\u00f1ado para ofrecer un rendimiento superior. Garantiza el m\u00e1ximo empuje y tracci\u00f3n, proporcionando la potencia necesaria para satisfacer las aplicaciones m\u00e1s exigentes.<\/p>\n<h3>Seguridad<\/h3>\n<p>El cilindro hidr\u00e1ulico telesc\u00f3pico de m\u00faltiples etapas est\u00e1 dise\u00f1ado teniendo en cuenta la seguridad. Garantiza que los sistemas hidr\u00e1ulicos funcionen de conformidad con los est\u00e1ndares de la industria, lo que reduce el riesgo de accidentes y lesiones.<\/p>\n<h2>Historial y clasificaci\u00f3n del producto<\/h2>\n<p>El cilindro hidr\u00e1ulico telesc\u00f3pico de m\u00faltiples etapas se ha utilizado durante muchos a\u00f1os y ha sufrido varias modificaciones para satisfacer las necesidades cambiantes de la industria. Se clasifica seg\u00fan su estructura, tama\u00f1o y aplicaci\u00f3n. <\/p>\n<h3>Materiales del producto<\/h3>\n<p>El cilindro hidr\u00e1ulico telesc\u00f3pico multietapa est\u00e1 fabricado con acero de alta calidad, lo que garantiza que sea duradero, robusto y capaz de soportar las aplicaciones m\u00e1s exigentes. Tambi\u00e9n es resistente a la corrosi\u00f3n, al desgaste y a otros factores ambientales que pueden afectar su rendimiento.<\/p>\n<h3>Instalaci\u00f3n, mantenimiento y reparaci\u00f3n<\/h3>\n<p>El cilindro hidr\u00e1ulico telesc\u00f3pico de m\u00faltiples etapas es f\u00e1cil de instalar, mantener y reparar. Viene con un manual de usuario que proporciona instrucciones paso a paso sobre c\u00f3mo instalar, mantener y reparar el cilindro hidr\u00e1ulico. El mantenimiento regular del cilindro hidr\u00e1ulico garantiza que funcione al m\u00e1ximo rendimiento y prolongue su vida \u00fatil.<\/p>\n<h3>Reemplazo<\/h3>\n<p>Si necesita reemplazar su cilindro hidr\u00e1ulico telesc\u00f3pico de varias etapas, aseg\u00farese de comprar piezas de repuesto que sean compatibles con su sistema hidr\u00e1ulico actual. Nuestras piezas de repuesto est\u00e1n dise\u00f1adas para adaptarse perfectamente a su sistema hidr\u00e1ulico actual, lo que garantiza un rendimiento \u00f3ptimo.<\/p>\n<h2>Acerca de nuestra empresa<\/h2>\n<p>Somos un fabricante y exportador l\u00edder de piezas de repuesto de alta calidad para uso industrial. Nuestros productos incluyen diversos engranajes de pl\u00e1stico, como cajas de engranajes agr\u00edcolas, ejes de salida de potencia, ruedas dentadas, acoplamientos hidr\u00e1ulicos, reductores de engranajes helicoidales, cremalleras, cadenas desmontables, poleas y poleas, cajas de engranajes planetarios, poleas de distribuci\u00f3n, bujes, etc. Ofrecemos un servicio excelente, una calidad de producto superior y precios competitivos. Invitamos a los clientes a personalizar sus pedidos con dibujos o muestras.<\/p>\n<p>\t<img decoding=\"async\" src=\"https:\/\/images.hzpt.com\/2024\/04\/unit-type-flexo-press-factory.webp\" alt=\"Acerca de nuestra empresa\"><\/p>\n<h2>Preguntas frecuentes<\/h2>\n<h3>P: \u00bfSus productos son repuestos originales?<\/h3>\n<p>R: No, nuestros productos son piezas de repuesto para uso industrial. No somos los propietarios de la marca original del contenido.<\/p>\n<h3>P: \u00bfPara qu\u00e9 industrias son adecuados sus productos?<\/h3>\n<p>R: Nuestros productos son adecuados para diversas industrias, como maquinaria agr\u00edcola, industrias mineras, maquinaria de construcci\u00f3n y muchas otras.<\/p>\n<h3>P: \u00bfCu\u00e1nto tiempo dura el env\u00edo?<\/h3>\n<p>R: Nuestro plazo de entrega general es de 25 a 35 d\u00edas.<\/p>\n<h3>P: \u00bfC\u00f3mo puedo asegurarme de comprar las piezas de repuesto correctas?<\/h3>\n<p>R: Aseg\u00farese de comprar piezas de repuesto que sean compatibles con su sistema hidr\u00e1ulico actual. Nuestras piezas de repuesto est\u00e1n dise\u00f1adas para adaptarse perfectamente a su sistema hidr\u00e1ulico actual, lo que garantiza un rendimiento \u00f3ptimo.<\/p>\n<h3>P: \u00bfSus productos son f\u00e1ciles de instalar, mantener y reparar?<\/h3>\n<p>R: S\u00ed, nuestros productos son f\u00e1ciles de instalar, mantener y reparar. Vienen con un manual de usuario que proporciona instrucciones paso a paso sobre c\u00f3mo instalar, mantener y reparar el producto.<\/p>\n<p><\/body><br \/>\n<\/html><\/p>","protected":false},"excerpt":{"rendered":"<p>Professional Multi Stage Hydraulic Cylinder Telescopic Hydraulic Cylinder For Dump Truck Disclaimer All content on this page is sourced from the internet and is solely used as a reference for product selection. Our products are replacement parts and not original spare parts. We are not the holder of the original trademark of the content. Our [&hellip;]<\/p>","protected":false},"featured_media":4490,"template":"","meta":{"_et_pb_use_builder":"","_et_pb_old_content":"","_et_gb_content_width":""},"product_brand":[],"product_cat":[11327],"product_tag":[],"class_list":{"0":"post-4491","1":"product","2":"type-product","3":"status-publish","4":"has-post-thumbnail","6":"product_cat-telescopic-hydraulic-cylinder","8":"first","9":"instock","10":"shipping-taxable","11":"product-type-simple"},"_links":{"self":[{"href":"https:\/\/agricultural-gear-boxes.com\/es\/wp-json\/wp\/v2\/product\/4491","targetHints":{"allow":["GET"]}}],"collection":[{"href":"https:\/\/agricultural-gear-boxes.com\/es\/wp-json\/wp\/v2\/product"}],"about":[{"href":"https:\/\/agricultural-gear-boxes.com\/es\/wp-json\/wp\/v2\/types\/product"}],"wp:featuredmedia":[{"embeddable":true,"href":"https:\/\/agricultural-gear-boxes.com\/es\/wp-json\/wp\/v2\/media\/4490"}],"wp:attachment":[{"href":"https:\/\/agricultural-gear-boxes.com\/es\/wp-json\/wp\/v2\/media?parent=4491"}],"wp:term":[{"taxonomy":"product_brand","embeddable":true,"href":"https:\/\/agricultural-gear-boxes.com\/es\/wp-json\/wp\/v2\/product_brand?post=4491"},{"taxonomy":"product_cat","embeddable":true,"href":"https:\/\/agricultural-gear-boxes.com\/es\/wp-json\/wp\/v2\/product_cat?post=4491"},{"taxonomy":"product_tag","embeddable":true,"href":"https:\/\/agricultural-gear-boxes.com\/es\/wp-json\/wp\/v2\/product_tag?post=4491"}],"curies":[{"name":"wp","href":"https:\/\/api.w.org\/{rel}","templated":true}]}}