{"id":4493,"date":"2024-09-11T07:35:16","date_gmt":"2024-09-11T07:35:16","guid":{"rendered":"https:\/\/agricultural-gear-boxes.com\/product\/quality-assurance-dump-truck-hydraulic-hoist-cylinder-4-stage-small-dump-truck-hydraulic-cylinder\/"},"modified":"2024-09-11T07:35:16","modified_gmt":"2024-09-11T07:35:16","slug":"quality-assurance-dump-truck-hydraulic-hoist-cylinder-4-stage-small-dump-truck-hydraulic-cylinder","status":"publish","type":"product","link":"https:\/\/agricultural-gear-boxes.com\/es\/product\/quality-assurance-dump-truck-hydraulic-hoist-cylinder-4-stage-small-dump-truck-hydraulic-cylinder\/","title":{"rendered":"Cilindro hidr\u00e1ulico de elevaci\u00f3n de cami\u00f3n volquete con garant\u00eda de calidad Cilindro hidr\u00e1ulico de cami\u00f3n volquete peque\u00f1o de 4 etapas"},"content":{"rendered":"<p>Todo el contenido de esta p\u00e1gina proviene de Internet y solo se utiliza como referencia para la selecci\u00f3n de productos. Nuestros productos son piezas de repuesto y no repuestos originales; no somos los propietarios de la marca registrada original del contenido. Nuestros productos solo son adecuados para repuestos posventa en lugar de repuestos originales. Nuestras piezas de repuesto pueden adaptarse perfectamente a las piezas de repuesto originales; si necesita comprar repuestos originales, comun\u00edquese con la f\u00e1brica original para comprar. Si necesita comprar repuestos originales, comun\u00edquese con el proveedor original para comprar.<\/p>\n<h2>Cilindro hidr\u00e1ulico de elevaci\u00f3n de cami\u00f3n volquete con garant\u00eda de calidad Cilindro hidr\u00e1ulico de cami\u00f3n volquete peque\u00f1o de 4 etapas<\/h2>\n<p>The Quality Assurance Dump Truck Hydraulic Hoist Cylinder 4 Stage Small Dump Truck Hydraulic Cylinder is a premium product designed for high performance and durability. It is ideal for various industries such as machinery repair shops, farms, energy &#038; mining, machinery manufacturing, and machinery factories. This hydraulic cylinder is a standard, plunger cylinder powered by hydraulic energy. With a robust steel body, it offers a maximum thrust of 3000 and a maximum pull of 20 tons. This multistage hydraulic cylinder is ISO9001:2000 certified, ensuring its quality and reliability.<\/p>\n<h3>Escenario de uso del producto<\/h3>\n<p>El cilindro hidr\u00e1ulico de 4 etapas se utiliza ampliamente en camiones volquete, gr\u00faas grandes y equipos de movimiento de tierras. Est\u00e1 dise\u00f1ado para proporcionar una cantidad significativa de fuerza que se ejercer\u00e1 a lo largo de una distancia considerable, lo que lo convierte en la soluci\u00f3n perfecta para tareas que requieren alta potencia y control preciso.<\/p>\n<p><img decoding=\"async\" src=\"https:\/\/img.jiansujichilun.com\/img\/hydrauliccylinders\/T_hydrauliccylinders-5.webp\" alt=\"Cilindro hidr\u00e1ulico\"><\/p>\n<h3>Ventajas del producto<\/h3>\n<ul>\n<li>Eficiencia energ\u00e9tica<\/li>\n<li>Rendimiento alto<\/li>\n<li>Seguridad<\/li>\n<li>Durabilidad<\/li>\n<\/ul>\n<h3>Materiales del producto<\/h3>\n<p>Nuestro cilindro hidr\u00e1ulico est\u00e1 fabricado con acero de alta calidad, lo que lo hace duradero y capaz de soportar un uso intensivo. Est\u00e1 dise\u00f1ado para soportar altas presiones y brindar un servicio confiable durante muchos a\u00f1os.<\/p>\n<h3>Instalaci\u00f3n, mantenimiento y reparaci\u00f3n<\/h3>\n<p>La instalaci\u00f3n de nuestro cilindro hidr\u00e1ulico es sencilla y directa. Le recomendamos que lea atentamente las instrucciones antes de la instalaci\u00f3n para garantizar una instalaci\u00f3n y un funcionamiento adecuados. El mantenimiento regular es esencial para que su cilindro hidr\u00e1ulico funcione correctamente. Le recomendamos que realice tareas de mantenimiento con regularidad para garantizar un rendimiento \u00f3ptimo y una larga vida \u00fatil. Si necesita reparar su cilindro hidr\u00e1ulico, le recomendamos que se ponga en contacto con un t\u00e9cnico de reparaci\u00f3n calificado para asegurarse de que la reparaci\u00f3n se realice correctamente.<\/p>\n<h3>Instrucciones de reemplazo<\/h3>\n<p>Si necesita reemplazar su cilindro hidr\u00e1ulico, le recomendamos que se comunique con nosotros para comprar una pieza de repuesto. Nuestras piezas de repuesto est\u00e1n dise\u00f1adas para adaptarse perfectamente a las piezas de repuesto originales.<\/p>\n<h3>Nuestros otros negocios de productos<\/h3>\n<p>Suministramos principalmente diversos engranajes de pl\u00e1stico para uso industrial, como cajas de engranajes agr\u00edcolas, ejes de salida de potencia, ruedas dentadas, acoplamientos hidr\u00e1ulicos, reductores de tornillo sin fin, cremalleras, cadenas desmontables, poleas y poleas, cajas de engranajes planetarios, poleas de distribuci\u00f3n, bujes, etc. Nuestros productos de alta calidad, precios preferenciales y servicios bien pensados han ganado la confianza y el apoyo de nuestros clientes. Damos la bienvenida a los clientes para personalizar con dibujos y muestras.<\/p>\n<p><img decoding=\"async\" src=\"https:\/\/images.hzpt.com\/2024\/04\/unit-type-flexo-press-factory.webp\" alt=\"Otros negocios de productos\"><\/p>\n<h2>Preguntas frecuentes<\/h2>\n<p><b>P: \u00bfCu\u00e1l es el empuje y la tracci\u00f3n m\u00e1ximos del cilindro hidr\u00e1ulico?<\/b><br \/>\nR: El empuje m\u00e1ximo es de 3000 y la tracci\u00f3n m\u00e1xima es de 20 toneladas.<\/p>\n<p><b>P: \u00bfEl cilindro hidr\u00e1ulico es energ\u00e9ticamente eficiente?<\/b><br \/>\nR: S\u00ed, el cilindro hidr\u00e1ulico est\u00e1 dise\u00f1ado para ser energ\u00e9ticamente eficiente.<\/p>\n<p><b>P: \u00bfC\u00f3mo se instala el cilindro hidr\u00e1ulico?<\/b><br \/>\nA: El cilindro hidr\u00e1ulico es sencillo y f\u00e1cil de instalar. Le recomendamos que lea atentamente las instrucciones antes de la instalaci\u00f3n para garantizar una instalaci\u00f3n y un funcionamiento correctos.<\/p>\n<p><b>P: \u00bfQu\u00e9 materiales se utilizan para fabricar el cilindro hidr\u00e1ulico?<\/b><br \/>\nA: El cilindro hidr\u00e1ulico est\u00e1 hecho de acero de alta calidad.<\/p>\n<p><b>P: \u00bfSe puede reparar el cilindro hidr\u00e1ulico?<\/b><br \/>\nR: S\u00ed, el cilindro hidr\u00e1ulico se puede reparar. Le recomendamos que se ponga en contacto con un t\u00e9cnico de reparaci\u00f3n cualificado para asegurarse de que la reparaci\u00f3n se realice correctamente.<\/p>","protected":false},"excerpt":{"rendered":"<p>All the content on this page comes from the Internet, and it is only used as a reference for product selection. Our products are replacement parts rather than original spare parts; we are not the holder of the original trademark of the content. Our products are only suitable for after-sales replacement parts rather than original [&hellip;]<\/p>","protected":false},"featured_media":4492,"template":"","meta":{"_et_pb_use_builder":"","_et_pb_old_content":"","_et_gb_content_width":""},"product_brand":[],"product_cat":[11327],"product_tag":[],"class_list":{"0":"post-4493","1":"product","2":"type-product","3":"status-publish","4":"has-post-thumbnail","6":"product_cat-telescopic-hydraulic-cylinder","8":"first","9":"instock","10":"shipping-taxable","11":"product-type-simple"},"_links":{"self":[{"href":"https:\/\/agricultural-gear-boxes.com\/es\/wp-json\/wp\/v2\/product\/4493","targetHints":{"allow":["GET"]}}],"collection":[{"href":"https:\/\/agricultural-gear-boxes.com\/es\/wp-json\/wp\/v2\/product"}],"about":[{"href":"https:\/\/agricultural-gear-boxes.com\/es\/wp-json\/wp\/v2\/types\/product"}],"wp:featuredmedia":[{"embeddable":true,"href":"https:\/\/agricultural-gear-boxes.com\/es\/wp-json\/wp\/v2\/media\/4492"}],"wp:attachment":[{"href":"https:\/\/agricultural-gear-boxes.com\/es\/wp-json\/wp\/v2\/media?parent=4493"}],"wp:term":[{"taxonomy":"product_brand","embeddable":true,"href":"https:\/\/agricultural-gear-boxes.com\/es\/wp-json\/wp\/v2\/product_brand?post=4493"},{"taxonomy":"product_cat","embeddable":true,"href":"https:\/\/agricultural-gear-boxes.com\/es\/wp-json\/wp\/v2\/product_cat?post=4493"},{"taxonomy":"product_tag","embeddable":true,"href":"https:\/\/agricultural-gear-boxes.com\/es\/wp-json\/wp\/v2\/product_tag?post=4493"}],"curies":[{"name":"wp","href":"https:\/\/api.w.org\/{rel}","templated":true}]}}