{"id":4495,"date":"2024-09-11T07:35:17","date_gmt":"2024-09-11T07:35:17","guid":{"rendered":"https:\/\/agricultural-gear-boxes.com\/product\/factory-price-multi-stage-hydraulic-cylinder-dump-truck-4-stage-hydraulic-cylinder\/"},"modified":"2024-09-11T07:35:17","modified_gmt":"2024-09-11T07:35:17","slug":"factory-price-multi-stage-hydraulic-cylinder-dump-truck-4-stage-hydraulic-cylinder","status":"publish","type":"product","link":"https:\/\/agricultural-gear-boxes.com\/es\/product\/factory-price-multi-stage-hydraulic-cylinder-dump-truck-4-stage-hydraulic-cylinder\/","title":{"rendered":"Cami\u00f3n volquete con cilindro hidr\u00e1ulico de m\u00faltiples etapas a precio de f\u00e1brica Cilindro hidr\u00e1ulico de 4 etapas"},"content":{"rendered":"<p>Todo el contenido de esta p\u00e1gina proviene de Internet y el contenido solo se utiliza como referencia para la selecci\u00f3n de productos. Nuestros productos son piezas de repuesto y no repuestos originales. No somos los propietarios de la marca registrada original del contenido. Nuestros productos solo son adecuados para repuestos posventa en lugar de repuestos originales. Nuestras piezas de repuesto pueden adaptarse perfectamente a las piezas de repuesto originales; si necesita comprar repuestos originales, comun\u00edquese con la f\u00e1brica original para comprar. Si necesita comprar repuestos originales, comun\u00edquese con el proveedor original para comprar.<\/p>\n<p><h2>Cami\u00f3n volquete con cilindro hidr\u00e1ulico de m\u00faltiples etapas a precio de f\u00e1brica Cilindro hidr\u00e1ulico de 4 etapas<\/h2><\/p>\n<p>Nuestro cilindro hidr\u00e1ulico multietapa es una soluci\u00f3n ideal para aplicaciones de trabajo pesado. Est\u00e1 dise\u00f1ado con una estructura de cilindro de \u00e9mbolo y funciona con energ\u00eda hidr\u00e1ulica para lograr la m\u00e1xima eficiencia. El cilindro hidr\u00e1ulico est\u00e1 hecho de acero duradero, lo que garantiza resistencia y durabilidad para un uso prolongado. Su empuje y tracci\u00f3n m\u00e1ximos son de 3000 y 20 toneladas respectivamente, lo que ofrece una potencia significativa para aplicaciones de trabajo pesado.<\/p>\n<p><h3>Escenarios de uso del cilindro hidr\u00e1ulico multietapa<\/h3><\/p>\n<p>Nuestro cilindro hidr\u00e1ulico multietapa es ideal para su uso en camiones volquete, talleres de reparaci\u00f3n de maquinaria, granjas, industrias de energ\u00eda y miner\u00eda y f\u00e1bricas de fabricaci\u00f3n de maquinaria. El cilindro se puede utilizar para levantar y empujar cargas pesadas, lo que lo convierte en una opci\u00f3n confiable para aplicaciones de servicio pesado. Tambi\u00e9n se puede utilizar en procesos de fabricaci\u00f3n que requieren movimientos precisos y controlados.<\/p>\n<p><img decoding=\"async\" src=\"https:\/\/img.jiansujichilun.com\/img\/hydrauliccylinders\/T_hydrauliccylinders-5.webp\" alt=\"Cilindro hidr\u00e1ulico de m\u00faltiples etapas\" \/><\/p>\n<p><h3>Ventajas del cilindro hidr\u00e1ulico multietapa<\/h3><\/p>\n<p>&#8211; Energy efficient and high performance<br \/>\n&#8211; Smooth operation and reliable performance<br \/>\n&#8211; Easy maintenance and long service life<br \/>\n&#8211; Robust construction for heavy-duty applications<\/p>\n<p><h3>Materiales del producto<\/h3><\/p>\n<p>El material del cuerpo de nuestro cilindro hidr\u00e1ulico multietapa est\u00e1 hecho de acero duradero, lo que garantiza resistencia y durabilidad para un uso prolongado. Utilizamos materiales de alta calidad para garantizar la m\u00e1xima calidad y rendimiento de nuestros productos.<\/p>\n<p><h3>Instalaci\u00f3n, mantenimiento y reparaci\u00f3n del cilindro hidr\u00e1ulico multietapa<\/h3><\/p>\n<p>To install the multi-stage hydraulic cylinder, follow the manufacturer&#8217;s instructions carefully. Regular maintenance is essential to ensure the cylinder&#8217;s long service life and optimal performance. Follow the manufacturer&#8217;s recommended maintenance schedule and procedures. In case of repair, it is recommended to contact a professional hydraulic technician.<\/p>\n<p><h3>Historial y clasificaci\u00f3n del producto<\/h3><\/p>\n<p>El cilindro hidr\u00e1ulico multietapa es un tipo de cilindro hidr\u00e1ulico que se utiliza en aplicaciones de trabajo pesado. Se ha utilizado ampliamente en diversas industrias durante muchos a\u00f1os, y su dise\u00f1o y tecnolog\u00eda se han mejorado continuamente para satisfacer las crecientes demandas de la industria. Nuestro cilindro hidr\u00e1ulico es un cilindro multietapa, lo que significa que tiene m\u00faltiples etapas para aumentar la altura de elevaci\u00f3n.<\/p>\n<p><h3>C\u00f3mo reemplazar el cilindro hidr\u00e1ulico multietapa<\/h3><\/p>\n<p>To replace the multi-stage hydraulic cylinder, first, make sure you have the correct replacement cylinder for your application. Follow the manufacturer&#8217;s instructions for removing the old cylinder and installing the new one.<\/p>\n<p><h2>Otros negocios de productos<\/h2><\/p>\n<p>Adem\u00e1s de nuestro negocio de cilindros hidr\u00e1ulicos, tambi\u00e9n suministramos varios engranajes de pl\u00e1stico para uso industrial, como cajas de engranajes agr\u00edcolas, ejes de salida de potencia, ruedas dentadas, acoplamientos hidr\u00e1ulicos, reductores de engranajes helicoidales, cremalleras, cadenas desmontables, poleas y poleas, cajas de engranajes planetarios, poleas de distribuci\u00f3n, bujes, etc. Ofrecemos productos de alta calidad, precios competitivos y un servicio excelente. Damos la bienvenida a los clientes para personalizar con dibujos y muestras.<\/p>\n<p><img decoding=\"async\" src=\"https:\/\/images.hzpt.com\/2024\/04\/unit-type-flexo-press-factory.webp\" alt=\"Engranajes de pl\u00e1stico para uso industrial\" \/><\/p>\n<p><h2>Preguntas frecuentes<\/h2><\/p>\n<p>1. P: \u00bfCu\u00e1l es el empuje y la tracci\u00f3n m\u00e1ximos del cilindro hidr\u00e1ulico multietapa?<br \/>\nR: El empuje y la tracci\u00f3n m\u00e1ximos son 3.000 y 20 toneladas respectivamente.<\/p>\n<p>2. P: \u00bfCu\u00e1les son los escenarios de uso del cilindro hidr\u00e1ulico multietapa?<br \/>\nR: El cilindro es ideal para su uso en camiones de volteo, talleres de reparaci\u00f3n de maquinaria, granjas, industrias energ\u00e9ticas y mineras y f\u00e1bricas de fabricaci\u00f3n de maquinaria.<\/p>\n<p>3. P: \u00bfCu\u00e1les son las ventajas del cilindro hidr\u00e1ulico multietapa?<br \/>\nA: Eficiencia energ\u00e9tica y alto rendimiento, funcionamiento suave y rendimiento confiable, f\u00e1cil mantenimiento y larga vida \u00fatil, construcci\u00f3n robusta para aplicaciones de servicio pesado.<\/p>\n<p>4. P: \u00bfC\u00f3mo instalar el cilindro hidr\u00e1ulico multietapa?<br \/>\nA: Follow the manufacturer&#8217;s instructions carefully.<\/p>\n<p>5. P: \u00bfQu\u00e9 otros negocios de productos ofrecen?<br \/>\nR: Tambi\u00e9n suministramos diversos engranajes de pl\u00e1stico para uso industrial, como cajas de cambios agr\u00edcolas, ejes de salida de potencia, pi\u00f1ones, acoplamientos hidr\u00e1ulicos, reductores de tornillo sin fin, cremalleras, cadenas desmontables, poleas y poleas, cajas de cambios planetarias, poleas de distribuci\u00f3n, bujes, etc.<\/p>","protected":false},"excerpt":{"rendered":"<p>All the content on this page comes from the Internet, and the content is only used as a reference for product selection. Our products are replacement parts rather than original spare parts. We are not the holder of the original trademark of the content. Our products are only suitable for after-sales replacement parts rather than [&hellip;]<\/p>","protected":false},"featured_media":4494,"template":"","meta":{"_et_pb_use_builder":"","_et_pb_old_content":"","_et_gb_content_width":""},"product_brand":[],"product_cat":[11327],"product_tag":[],"class_list":{"0":"post-4495","1":"product","2":"type-product","3":"status-publish","4":"has-post-thumbnail","6":"product_cat-telescopic-hydraulic-cylinder","8":"first","9":"instock","10":"shipping-taxable","11":"product-type-simple"},"_links":{"self":[{"href":"https:\/\/agricultural-gear-boxes.com\/es\/wp-json\/wp\/v2\/product\/4495","targetHints":{"allow":["GET"]}}],"collection":[{"href":"https:\/\/agricultural-gear-boxes.com\/es\/wp-json\/wp\/v2\/product"}],"about":[{"href":"https:\/\/agricultural-gear-boxes.com\/es\/wp-json\/wp\/v2\/types\/product"}],"wp:featuredmedia":[{"embeddable":true,"href":"https:\/\/agricultural-gear-boxes.com\/es\/wp-json\/wp\/v2\/media\/4494"}],"wp:attachment":[{"href":"https:\/\/agricultural-gear-boxes.com\/es\/wp-json\/wp\/v2\/media?parent=4495"}],"wp:term":[{"taxonomy":"product_brand","embeddable":true,"href":"https:\/\/agricultural-gear-boxes.com\/es\/wp-json\/wp\/v2\/product_brand?post=4495"},{"taxonomy":"product_cat","embeddable":true,"href":"https:\/\/agricultural-gear-boxes.com\/es\/wp-json\/wp\/v2\/product_cat?post=4495"},{"taxonomy":"product_tag","embeddable":true,"href":"https:\/\/agricultural-gear-boxes.com\/es\/wp-json\/wp\/v2\/product_tag?post=4495"}],"curies":[{"name":"wp","href":"https:\/\/api.w.org\/{rel}","templated":true}]}}