{"id":4507,"date":"2024-09-11T07:35:24","date_gmt":"2024-09-11T07:35:24","guid":{"rendered":"https:\/\/agricultural-gear-boxes.com\/product\/factory-direct-sale-3-stage-dump-truck-hydraulic-cylinder-telescopic-hydraulic-cylinder\/"},"modified":"2024-09-11T07:35:24","modified_gmt":"2024-09-11T07:35:24","slug":"factory-direct-sale-3-stage-dump-truck-hydraulic-cylinder-telescopic-hydraulic-cylinder","status":"publish","type":"product","link":"https:\/\/agricultural-gear-boxes.com\/es\/product\/factory-direct-sale-3-stage-dump-truck-hydraulic-cylinder-telescopic-hydraulic-cylinder\/","title":{"rendered":"Venta directa de f\u00e1brica de cilindro hidr\u00e1ulico telesc\u00f3pico para cami\u00f3n volquete de 3 etapas"},"content":{"rendered":"<p>Todo el contenido de esta p\u00e1gina proviene de internet y solo sirve como referencia para la selecci\u00f3n de repuestos. Nuestros productos no son repuestos originales y no somos titulares de la marca registrada original del contenido. Nuestros repuestos solo son aptos para el servicio posventa. Si necesita comprar repuestos originales, p\u00f3ngase en contacto con el proveedor original. <\/p>\n<h2>Venta directa de f\u00e1brica de cilindro hidr\u00e1ulico telesc\u00f3pico para cami\u00f3n volquete de 3 etapas<\/h2>\n<p>Nuestro cilindro hidr\u00e1ulico es un componente esencial en los camiones volquete, ya que proporciona potencia y eficiencia superiores. Est\u00e1 dise\u00f1ado para ofrecer un rendimiento excelente incluso en las condiciones m\u00e1s exigentes y se utiliza ampliamente en talleres de reparaci\u00f3n de maquinaria, granjas, industrias energ\u00e9ticas y mineras, y en la fabricaci\u00f3n y fabricaci\u00f3n de maquinaria. <\/p>\n<p><img decoding=\"async\" src=\"https:\/\/img.jiansujichilun.com\/img\/hydrauliccylinders\/T_hydrauliccylinders-5.webp\" \/><\/p>\n<h3>Historia y clasificaci\u00f3n<\/h3>\n<p>Hydraulic cylinders have been around for over a century and have evolved into a highly efficient and reliable component of hydraulic systems. Our telescopic hydraulic cylinder is a multistage hydraulic cylinder that offers maximum thrust of 3000 and a maximum pull of 20 tons. It&#8217;s made of durable steel, ensuring its longevity and reliability.<\/p>\n<h3>Ventajas y materiales del producto<\/h3>\n<p>Our hydraulic cylinder boasts impressive technical specifications, including a bore size of 2-6 inches, rod size of 1.125-4 inches, stroke size of 4-100 inches, and pin size of 0.5-2 inches. Its G\/SAE\/NPT\/M ports ensure it fits perfectly into your machine. The hydraulic cylinder is not only energy-efficient but also high-performing and safe. It&#8217;s also ISO9001:2000 certified, underscoring our commitment to manufacturing products that meet international standards. Our hydraulic cylinder is made of durable and reliable steel, ensuring longevity and reliability.<\/p>\n<h3>Instalaci\u00f3n, mantenimiento, reparaci\u00f3n y reemplazo<\/h3>\n<p>La instalaci\u00f3n, el mantenimiento, la reparaci\u00f3n y el reemplazo de nuestro cilindro hidr\u00e1ulico deben ser realizados exclusivamente por profesionales cualificados. Una instalaci\u00f3n correcta es crucial para garantizar el funcionamiento seguro del sistema hidr\u00e1ulico. El mantenimiento regular es necesario para prevenir da\u00f1os y garantizar un rendimiento \u00f3ptimo. En caso de aver\u00eda o da\u00f1o, nuestro cilindro hidr\u00e1ulico se puede reparar o reemplazar f\u00e1cilmente.<\/p>\n<h3>Otros negocios de productos<\/h3>\n<p>Adem\u00e1s de cilindros hidr\u00e1ulicos, suministramos diversos engranajes de pl\u00e1stico para uso industrial, incluyendo cajas de engranajes agr\u00edcolas, ejes de salida, ruedas dentadas, acoplamientos hidr\u00e1ulicos, reductores de tornillo sin fin, cremalleras, cadenas desmontables, poleas, reductores planetarios, poleas de distribuci\u00f3n, bujes y m\u00e1s. Ofrecemos productos de alta calidad, precios preferenciales y un servicio atento, y invitamos a nuestros clientes a personalizar sus productos con planos y muestras.<\/p>\n<p><img decoding=\"async\" src=\"https:\/\/images.hzpt.com\/2024\/04\/unit-type-flexo-press-factory.webp\" \/><\/p>\n<h2>Preguntas frecuentes<\/h2>\n<p><strong>P: \u00bfQu\u00e9 es un cilindro hidr\u00e1ulico?<\/strong><\/p>\n<p>R: Un cilindro hidr\u00e1ulico es un actuador mec\u00e1nico que convierte la potencia hidr\u00e1ulica en fuerza mec\u00e1nica o movimiento.<\/p>\n<p><strong>P: \u00bfCu\u00e1l es el empuje m\u00e1ximo del cilindro hidr\u00e1ulico telesc\u00f3pico del cilindro hidr\u00e1ulico del cami\u00f3n volquete de 3 etapas de venta directa de f\u00e1brica?<\/strong><\/p>\n<p>R: El empuje m\u00e1ximo de nuestro cilindro hidr\u00e1ulico es de 3000.<\/p>\n<p><strong>P: \u00bfDe qu\u00e9 materiales est\u00e1 hecho el cilindro hidr\u00e1ulico?<\/strong><\/p>\n<p>R: Nuestro cilindro hidr\u00e1ulico est\u00e1 hecho de acero duradero y confiable.<\/p>\n<p><strong>P: \u00bfEn qu\u00e9 industrias se utilizan los cilindros hidr\u00e1ulicos?<\/strong><\/p>\n<p>R: Los cilindros hidr\u00e1ulicos se utilizan ampliamente en talleres de reparaci\u00f3n de maquinaria, granjas, industrias energ\u00e9ticas y mineras, fabricaci\u00f3n de maquinaria y f\u00e1bricas de maquinaria.<\/p>\n<p><strong>P: \u00bfSe puede reparar o reemplazar el cilindro hidr\u00e1ulico?<\/strong><\/p>\n<p>R: S\u00ed, el cilindro hidr\u00e1ulico se puede reparar o reemplazar si presenta fallas o da\u00f1os. Esto solo debe ser realizado por profesionales cualificados.<\/p>","protected":false},"excerpt":{"rendered":"<p>All content on this page is sourced from the internet and is only intended as a reference for selecting replacement parts. Our products are not original spare parts and we are not the holder of the original trademark of the content. Our replacement parts are suitable for after-sales replacement only. If you need to purchase [&hellip;]<\/p>","protected":false},"featured_media":4506,"template":"","meta":{"_et_pb_use_builder":"","_et_pb_old_content":"","_et_gb_content_width":""},"product_brand":[],"product_cat":[11327],"product_tag":[],"class_list":{"0":"post-4507","1":"product","2":"type-product","3":"status-publish","4":"has-post-thumbnail","6":"product_cat-telescopic-hydraulic-cylinder","8":"first","9":"instock","10":"shipping-taxable","11":"product-type-simple"},"_links":{"self":[{"href":"https:\/\/agricultural-gear-boxes.com\/es\/wp-json\/wp\/v2\/product\/4507","targetHints":{"allow":["GET"]}}],"collection":[{"href":"https:\/\/agricultural-gear-boxes.com\/es\/wp-json\/wp\/v2\/product"}],"about":[{"href":"https:\/\/agricultural-gear-boxes.com\/es\/wp-json\/wp\/v2\/types\/product"}],"wp:featuredmedia":[{"embeddable":true,"href":"https:\/\/agricultural-gear-boxes.com\/es\/wp-json\/wp\/v2\/media\/4506"}],"wp:attachment":[{"href":"https:\/\/agricultural-gear-boxes.com\/es\/wp-json\/wp\/v2\/media?parent=4507"}],"wp:term":[{"taxonomy":"product_brand","embeddable":true,"href":"https:\/\/agricultural-gear-boxes.com\/es\/wp-json\/wp\/v2\/product_brand?post=4507"},{"taxonomy":"product_cat","embeddable":true,"href":"https:\/\/agricultural-gear-boxes.com\/es\/wp-json\/wp\/v2\/product_cat?post=4507"},{"taxonomy":"product_tag","embeddable":true,"href":"https:\/\/agricultural-gear-boxes.com\/es\/wp-json\/wp\/v2\/product_tag?post=4507"}],"curies":[{"name":"wp","href":"https:\/\/api.w.org\/{rel}","templated":true}]}}