{"id":4515,"date":"2024-09-11T07:35:31","date_gmt":"2024-09-11T07:35:31","guid":{"rendered":"https:\/\/agricultural-gear-boxes.com\/product\/effective-3-stage-multistage-telescopic-hydraulic-cylinder-for-sale\/"},"modified":"2024-09-11T07:35:31","modified_gmt":"2024-09-11T07:35:31","slug":"effective-3-stage-multistage-telescopic-hydraulic-cylinder-for-sale","status":"publish","type":"product","link":"https:\/\/agricultural-gear-boxes.com\/es\/product\/effective-3-stage-multistage-telescopic-hydraulic-cylinder-for-sale\/","title":{"rendered":"Cilindro hidr\u00e1ulico telesc\u00f3pico multietapa de 3 etapas eficaz a la venta"},"content":{"rendered":"<p>Todo el contenido de esta p\u00e1gina proviene de Internet y solo se utiliza como referencia para la selecci\u00f3n de productos. Nuestros productos son piezas de repuesto y no repuestos originales; no somos los propietarios de la marca registrada original del contenido. Nuestros productos solo son adecuados para repuestos posventa y no repuestos originales. Nuestras piezas de repuesto pueden adaptarse perfectamente a las piezas de repuesto originales. Si necesita comprar repuestos originales, comun\u00edquese con el proveedor original para comprar.<\/p>\n<p><h2>Presentamos el cilindro hidr\u00e1ulico telesc\u00f3pico multietapa de 3 etapas eficaz a la venta<\/h2><\/p>\n<p>El cilindro hidr\u00e1ulico telesc\u00f3pico multietapa de 3 etapas es un producto potente, eficiente y preciso que ayuda a revolucionar las operaciones de maquinaria. Es un cilindro hidr\u00e1ulico de primera categor\u00eda dise\u00f1ado con tecnolog\u00eda avanzada para brindar una soluci\u00f3n perfecta para diversas industrias.<\/p>\n<p>This product is commonly used in machinery repair shops, farms, energy &#038; mining, machinery manufacturing, machinery factories, and more for diverse applications. The hydraulic cylinder is designed to consume less energy while delivering optimal performance, making it highly efficient. With a maximum thrust of 3000 and a maximum pull of 20 tons, the cylinder is incredibly powerful. It is manufactured with high-quality steel, ensuring safety and longevity.<\/p>\n<p>The product&#8217;s unique benefits include the following:<\/p>\n<ul>\n<li>Eficiencia energ\u00e9tica: el cilindro hidr\u00e1ulico est\u00e1 dise\u00f1ado para consumir menos energ\u00eda y ofrecer un rendimiento \u00f3ptimo.<\/li>\n<li>Altamente eficiente: con un empuje m\u00e1ximo de 3000 y una tracci\u00f3n m\u00e1xima de 20 toneladas, el cilindro es incre\u00edblemente potente.<\/li>\n<li>Seguridad: Fabricado con acero de alta calidad, el cilindro hidr\u00e1ulico garantiza seguridad y longevidad.<\/li>\n<\/ul>\n<p>El cilindro hidr\u00e1ulico telesc\u00f3pico multietapa de 3 etapas Efectivo est\u00e1 disponible en diferentes materiales, incluidos aluminio, acero y lat\u00f3n. Tambi\u00e9n est\u00e1 disponible en varios tama\u00f1os con diferentes di\u00e1metros de orificio, v\u00e1stago, carrera y pasador, lo que lo hace adecuado para diferentes tipos de maquinaria.<\/p>\n<p>Al instalar el cilindro hidr\u00e1ulico, aseg\u00farese de que est\u00e9 bien lubricado para evitar la fricci\u00f3n y el desgaste. El mantenimiento y la reparaci\u00f3n regulares del cilindro hidr\u00e1ulico tambi\u00e9n son esenciales para garantizar un rendimiento \u00f3ptimo. Si es necesario reemplazarlo, aseg\u00farese de que la pieza de repuesto se ajuste perfectamente a las piezas de repuesto originales.<\/p>\n<p>A continuaci\u00f3n se presentan cinco preguntas y respuestas basadas en el contenido del art\u00edculo:<\/p>\n<p><strong>P: \u00bfCu\u00e1l es el cilindro hidr\u00e1ulico telesc\u00f3pico multietapa de 3 etapas efectivo?<\/strong><br \/>\nA: El cilindro hidr\u00e1ulico telesc\u00f3pico multietapa de 3 etapas eficaz es un producto potente, eficiente y preciso, dise\u00f1ado para generar una revoluci\u00f3n en las operaciones de su maquinaria.<\/p>\n<p><strong>P: \u00bfQu\u00e9 industrias utilizan com\u00fanmente el cilindro hidr\u00e1ulico telesc\u00f3pico multietapa de 3 etapas?<\/strong><br \/>\nA: The 3 Stage Multistage Telescopic Hydraulic Cylinder is widely used in various industries like machinery repair shops, farms, energy &#038; mining, machinery manufacturing, machinery factories, and more for diverse applications.<\/p>\n<p><strong>P: \u00bfCu\u00e1les son los beneficios del cilindro hidr\u00e1ulico?<\/strong><br \/>\nA: El cilindro hidr\u00e1ulico est\u00e1 dise\u00f1ado para consumir menos energ\u00eda y ofrecer un rendimiento \u00f3ptimo, lo que lo hace altamente eficiente. Adem\u00e1s, est\u00e1 fabricado con acero de alta calidad, lo que garantiza la seguridad y la longevidad.<\/p>\n<p><strong>P: \u00bfEn qu\u00e9 materiales est\u00e1 disponible el cilindro hidr\u00e1ulico telesc\u00f3pico multietapa de 3 etapas efectivo?<\/strong><br \/>\nA: El cilindro hidr\u00e1ulico telesc\u00f3pico multietapa de 3 etapas efectivo est\u00e1 disponible en diferentes materiales, incluidos aluminio, acero y lat\u00f3n.<\/p>\n<p><strong>P: \u00bfC\u00f3mo debo instalar el cilindro hidr\u00e1ulico?<\/strong><br \/>\nA: Al instalar el cilindro hidr\u00e1ulico, aseg\u00farese de que est\u00e9 bien lubricado para evitar la fricci\u00f3n y el desgaste. El mantenimiento y la reparaci\u00f3n regulares del cilindro hidr\u00e1ulico tambi\u00e9n son esenciales para garantizar un rendimiento \u00f3ptimo.<\/p>","protected":false},"excerpt":{"rendered":"<p>All the content on this page comes from the internet and is only used as a reference for product selection. Our products are replacement parts rather than original spare parts; we are not the holder of the original trademark of the content. Our products are only suitable for after-sales replacement parts rather than original spare [&hellip;]<\/p>","protected":false},"featured_media":4514,"template":"","meta":{"_et_pb_use_builder":"","_et_pb_old_content":"","_et_gb_content_width":""},"product_brand":[],"product_cat":[11327],"product_tag":[],"class_list":{"0":"post-4515","1":"product","2":"type-product","3":"status-publish","4":"has-post-thumbnail","6":"product_cat-telescopic-hydraulic-cylinder","8":"first","9":"instock","10":"shipping-taxable","11":"product-type-simple"},"_links":{"self":[{"href":"https:\/\/agricultural-gear-boxes.com\/es\/wp-json\/wp\/v2\/product\/4515","targetHints":{"allow":["GET"]}}],"collection":[{"href":"https:\/\/agricultural-gear-boxes.com\/es\/wp-json\/wp\/v2\/product"}],"about":[{"href":"https:\/\/agricultural-gear-boxes.com\/es\/wp-json\/wp\/v2\/types\/product"}],"wp:featuredmedia":[{"embeddable":true,"href":"https:\/\/agricultural-gear-boxes.com\/es\/wp-json\/wp\/v2\/media\/4514"}],"wp:attachment":[{"href":"https:\/\/agricultural-gear-boxes.com\/es\/wp-json\/wp\/v2\/media?parent=4515"}],"wp:term":[{"taxonomy":"product_brand","embeddable":true,"href":"https:\/\/agricultural-gear-boxes.com\/es\/wp-json\/wp\/v2\/product_brand?post=4515"},{"taxonomy":"product_cat","embeddable":true,"href":"https:\/\/agricultural-gear-boxes.com\/es\/wp-json\/wp\/v2\/product_cat?post=4515"},{"taxonomy":"product_tag","embeddable":true,"href":"https:\/\/agricultural-gear-boxes.com\/es\/wp-json\/wp\/v2\/product_tag?post=4515"}],"curies":[{"name":"wp","href":"https:\/\/api.w.org\/{rel}","templated":true}]}}