{"id":4517,"date":"2024-09-11T07:35:32","date_gmt":"2024-09-11T07:35:32","guid":{"rendered":"https:\/\/agricultural-gear-boxes.com\/product\/factory-direct-sale-3-stages-hydraulic-cylinder-double-acting-hydraulic-cylinder-for-dump-truck\/"},"modified":"2024-09-11T07:35:33","modified_gmt":"2024-09-11T07:35:33","slug":"factory-direct-sale-3-stages-hydraulic-cylinder-double-acting-hydraulic-cylinder-for-dump-truck","status":"publish","type":"product","link":"https:\/\/agricultural-gear-boxes.com\/es\/product\/factory-direct-sale-3-stages-hydraulic-cylinder-double-acting-hydraulic-cylinder-for-dump-truck\/","title":{"rendered":"Venta directa de f\u00e1brica Cilindro hidr\u00e1ulico de 3 etapas Cilindro hidr\u00e1ulico de doble efecto para cami\u00f3n volquete"},"content":{"rendered":"<p>Todo el contenido de esta p\u00e1gina proviene de Internet y solo se utiliza como referencia para la selecci\u00f3n de productos. Nuestros productos son piezas de repuesto y no repuestos originales. No somos los propietarios de la marca registrada original del contenido. Nuestros productos solo son adecuados para repuestos posventa en lugar de repuestos originales. Nuestras piezas de repuesto pueden adaptarse perfectamente a las piezas de repuesto originales. Si necesita comprar repuestos originales, comun\u00edquese con la f\u00e1brica original para comprar. Si necesita comprar repuestos originales, comun\u00edquese con el proveedor original para comprar.<br \/>\n<h2>Cilindro hidr\u00e1ulico de 3 etapas nuevo y mejorado para cami\u00f3n volquete<\/h2><\/p>\n<p>Presentamos nuestro nuevo cilindro hidr\u00e1ulico de 3 etapas mejorado, una pieza de repuesto superior dise\u00f1ada espec\u00edficamente para camiones volquete. Este cilindro hidr\u00e1ulico est\u00e1 elaborado meticulosamente con caracter\u00edsticas extraordinarias, lo que garantiza un rendimiento y una durabilidad \u00f3ptimos. Con un elegante acabado negro, no solo tiene un aspecto impresionante, sino que tambi\u00e9n funciona de manera excepcional.<\/p>\n<p><img decoding=\"async\" src=\"https:\/\/img.jiansujichilun.com\/img\/hydrauliccylinders\/T_hydrauliccylinders-5.webp\" alt=\"Escenario de uso del cilindro hidr\u00e1ulico\" \/><\/p>\n<p><h3>Escenario de uso<\/h3><\/p>\n<p>El cilindro hidr\u00e1ulico de 3 etapas se utiliza ampliamente en diversas aplicaciones, en particular en camiones volquete y otras maquinarias pesadas que exigen sistemas hidr\u00e1ulicos potentes y confiables. Su construcci\u00f3n robusta y sus materiales de alta calidad lo hacen adecuado incluso para los entornos m\u00e1s exigentes.<\/p>\n<p>Adem\u00e1s, este cilindro hidr\u00e1ulico tambi\u00e9n se puede utilizar en:<\/p>\n<ul>\n<li>Equipos de construcci\u00f3n<\/li>\n<li>Maquinaria agr\u00edcola<\/li>\n<li>Equipos de miner\u00eda<\/li>\n<li>Maquinaria de fabricaci\u00f3n<\/li>\n<li>Equipamiento de f\u00e1brica<\/li>\n<\/ul>\n<p>Con su excepcional resistencia y eficiencia, el cilindro hidr\u00e1ulico de 3 etapas es la elecci\u00f3n perfecta para industrias como talleres de reparaci\u00f3n de maquinaria, granjas, energ\u00eda y miner\u00eda, fabricaci\u00f3n de maquinaria y f\u00e1bricas de maquinaria.<\/p>\n<p><h3>Historia y clasificaci\u00f3n<\/h3><\/p>\n<p>El concepto de sistemas hidr\u00e1ulicos se remonta a siglos atr\u00e1s, con avances significativos que llevaron al desarrollo de los cilindros hidr\u00e1ulicos modernos. Con el tiempo, se han dise\u00f1ado diferentes tipos de cilindros hidr\u00e1ulicos para satisfacer necesidades espec\u00edficas. El cilindro hidr\u00e1ulico de 3 etapas se incluye en la categor\u00eda de cilindros hidr\u00e1ulicos de doble efecto, lo que proporciona una funcionalidad y versatilidad mejoradas.<\/p>\n<p><h3>Ventajas<\/h3><\/p>\n<p>Nuestro cilindro hidr\u00e1ulico de 3 etapas ofrece numerosas ventajas que lo diferencian de otras opciones del mercado:<\/p>\n<ul>\n<li>Durabilidad y longevidad excepcionales.<\/li>\n<li>Empuje m\u00e1ximo de 3000 y una tracci\u00f3n m\u00e1xima de 20 toneladas.<\/li>\n<li>Certificaci\u00f3n ISO9001:2000 para aseguramiento de la calidad<\/li>\n<li>Rendimiento altamente eficiente y confiable<\/li>\n<li>F\u00e1cil instalaci\u00f3n y mantenimiento<\/li>\n<li>Amplia gama de tama\u00f1os de orificios, v\u00e1stagos, carreras y pasadores.<\/li>\n<li>Opciones de puerto flexibles (G\/SAE\/NPT\/M)<\/li>\n<\/ul>\n<p><h3>Materiales e instalaci\u00f3n<\/h3><\/p>\n<p>Our 3 Stages Hydraulic Cylinder is constructed from robust steel, ensuring durability and long-lasting use. It is designed to be easy to install and compatible with a variety of hydraulic systems. However, it is essential to follow the manufacturer&#8217;s guidelines and recommended procedures for proper installation to ensure optimal performance and safety.<\/p>\n<p><h3>Mantenimiento, reparaci\u00f3n y reemplazo<\/h3><\/p>\n<p>Para mantener el rendimiento y la longevidad de su cilindro hidr\u00e1ulico, es fundamental realizar un mantenimiento regular. Esto incluye inspeccionar si hay fugas, verificar los niveles de l\u00edquido y garantizar una lubricaci\u00f3n adecuada. En caso de problemas o da\u00f1os, nuestros servicios integrales de reparaci\u00f3n y reemplazo est\u00e1n disponibles para garantizar que su sistema hidr\u00e1ulico funcione de manera \u00f3ptima.<\/p>\n<p><h2>Acerca de nuestra empresa<\/h2><\/p>\n<p>Adem\u00e1s de nuestros cilindros hidr\u00e1ulicos superiores, somos un reconocido proveedor de diversos engranajes pl\u00e1sticos industriales. Nuestra amplia gama de productos incluye cajas de engranajes agr\u00edcolas, ejes de salida de potencia, ruedas dentadas, acoplamientos hidr\u00e1ulicos, reductores de engranajes helicoidales, cremalleras, cadenas desmontables, poleas y poleas, cajas de engranajes planetarios, poleas de distribuci\u00f3n y bujes. Nos enorgullecemos de ofrecer productos de alta calidad, precios competitivos y un servicio al cliente excepcional. Los clientes pueden personalizar sus pedidos en funci\u00f3n de sus requisitos espec\u00edficos, proporcionando dibujos o muestras para una fabricaci\u00f3n precisa.<\/p>\n<p><img decoding=\"async\" src=\"https:\/\/images.hzpt.com\/2024\/04\/unit-type-flexo-press-factory.webp\" alt=\"Otros negocios de productos de la empresa\" \/><\/p>\n<p><h2>Preguntas frecuentes<\/h2><\/p>\n<p><q1>\u00bfSe puede utilizar el cilindro hidr\u00e1ulico de 3 etapas en equipos de construcci\u00f3n?<\/q1><br \/>\n<a1>S\u00ed, el cilindro hidr\u00e1ulico de 3 etapas es adecuado para equipos de construcci\u00f3n y proporciona potencia hidr\u00e1ulica confiable.<\/a1><\/p>\n<p><q2>\u00bfCu\u00e1l es la capacidad m\u00e1xima de empuje y tracci\u00f3n del cilindro hidr\u00e1ulico?<\/q2><br \/>\n<a2>El cilindro hidr\u00e1ulico tiene un empuje m\u00e1ximo de 3000 y una tracci\u00f3n m\u00e1xima de 20 toneladas, lo que garantiza un rendimiento excepcional.<\/a2><\/p>\n<p><q3>\u00bfEs f\u00e1cil instalar el cilindro hidr\u00e1ulico?<\/q3><br \/>\n<a3>S\u00ed, el cilindro hidr\u00e1ulico est\u00e1 dise\u00f1ado para una f\u00e1cil instalaci\u00f3n, lo que garantiza un proceso sin complicaciones.<\/a3><\/p>\n<p><q4>\u00bfQu\u00e9 materiales se utilizan en la fabricaci\u00f3n del cilindro hidr\u00e1ulico?<\/q4><br \/>\n<a4>El cilindro hidr\u00e1ulico est\u00e1 fabricado con acero robusto, lo que garantiza durabilidad y un uso duradero.<\/a4><\/p>\n<p><q5>\u00bfSe puede personalizar el cilindro hidr\u00e1ulico seg\u00fan requisitos espec\u00edficos?<\/q5><br \/>\n<a5>Yes, we offer customization options based on customers&#8217; specific requirements, providing drawings or samples for precise manufacturing.<\/a5><\/p>","protected":false},"excerpt":{"rendered":"<p>All the content on this page comes from the Internet and is only used as a reference for product selection. Our products are replacement parts rather than original spare parts. We are not the holder of the original trademark of the content. Our products are only suitable for after-sales replacement parts rather than original spare [&hellip;]<\/p>","protected":false},"featured_media":4516,"template":"","meta":{"_et_pb_use_builder":"","_et_pb_old_content":"","_et_gb_content_width":""},"product_brand":[],"product_cat":[11327],"product_tag":[],"class_list":{"0":"post-4517","1":"product","2":"type-product","3":"status-publish","4":"has-post-thumbnail","6":"product_cat-telescopic-hydraulic-cylinder","8":"first","9":"instock","10":"shipping-taxable","11":"product-type-simple"},"_links":{"self":[{"href":"https:\/\/agricultural-gear-boxes.com\/es\/wp-json\/wp\/v2\/product\/4517","targetHints":{"allow":["GET"]}}],"collection":[{"href":"https:\/\/agricultural-gear-boxes.com\/es\/wp-json\/wp\/v2\/product"}],"about":[{"href":"https:\/\/agricultural-gear-boxes.com\/es\/wp-json\/wp\/v2\/types\/product"}],"wp:featuredmedia":[{"embeddable":true,"href":"https:\/\/agricultural-gear-boxes.com\/es\/wp-json\/wp\/v2\/media\/4516"}],"wp:attachment":[{"href":"https:\/\/agricultural-gear-boxes.com\/es\/wp-json\/wp\/v2\/media?parent=4517"}],"wp:term":[{"taxonomy":"product_brand","embeddable":true,"href":"https:\/\/agricultural-gear-boxes.com\/es\/wp-json\/wp\/v2\/product_brand?post=4517"},{"taxonomy":"product_cat","embeddable":true,"href":"https:\/\/agricultural-gear-boxes.com\/es\/wp-json\/wp\/v2\/product_cat?post=4517"},{"taxonomy":"product_tag","embeddable":true,"href":"https:\/\/agricultural-gear-boxes.com\/es\/wp-json\/wp\/v2\/product_tag?post=4517"}],"curies":[{"name":"wp","href":"https:\/\/api.w.org\/{rel}","templated":true}]}}