{"id":4519,"date":"2024-09-11T07:35:33","date_gmt":"2024-09-11T07:35:33","guid":{"rendered":"https:\/\/agricultural-gear-boxes.com\/product\/premium-quality-dump-truck-hydraulic-hoist-cylinder-double-acting-hydraulic-cylinder\/"},"modified":"2024-09-11T07:35:33","modified_gmt":"2024-09-11T07:35:33","slug":"premium-quality-dump-truck-hydraulic-hoist-cylinder-double-acting-hydraulic-cylinder","status":"publish","type":"product","link":"https:\/\/agricultural-gear-boxes.com\/es\/product\/premium-quality-dump-truck-hydraulic-hoist-cylinder-double-acting-hydraulic-cylinder\/","title":{"rendered":"Cilindro hidr\u00e1ulico de elevaci\u00f3n para cami\u00f3n volquete de primera calidad, cilindro hidr\u00e1ulico de doble efecto"},"content":{"rendered":"<p>Todo el contenido de esta p\u00e1gina proviene de internet y se utiliza \u00fanicamente como referencia para la selecci\u00f3n de productos. Nuestros productos son piezas de repuesto, no repuestos originales; no somos titulares de la marca registrada original del contenido. Nuestras piezas de repuesto son compatibles con los repuestos originales; si necesita comprar repuestos originales, p\u00f3ngase en contacto con el proveedor original.<\/p>\n<h2>Cilindro hidr\u00e1ulico de elevaci\u00f3n para cami\u00f3n volquete de primera calidad, cilindro hidr\u00e1ulico de doble efecto<\/h2>\n<p>This brand-new, top-of-the-line hydraulic hoist cylinder is built to last. It&#8217;s perfect for a wide range of industries and applications, including machinery repair shops, farms, energy and mining industries, machinery manufacturing, and machinery factories. With its maximum thrust of 3000 and maximum pull of 20 tons, this versatile tool is sure to meet all your heavy lifting needs.<\/p>\n<h3>Caracter\u00edsticas y funciones<\/h3>\n<p>Our hydraulic hoist cylinder is a standard, plunger cylinder type. It operates using hydraulic power and is made from durable steel. The cylinder is multi-staged, making it adaptable for various applications. It&#8217;s ISO9001:2000 certified, proving its high standard of quality and safety.<\/p>\n<h3>Especificaciones t\u00e9cnicas<\/h3>\n<table border=\"1\">\n<tr>\n<td><i>Tama\u00f1o del orificio<\/i><\/td>\n<td>2-6 pulgadas<\/td>\n<\/tr>\n<tr>\n<td><i>Tama\u00f1o de la varilla<\/i><\/td>\n<td>1,125-4 pulgadas<\/td>\n<\/tr>\n<tr>\n<td><i>Tama\u00f1o del trazo<\/i><\/td>\n<td>4-100 pulgadas<\/td>\n<\/tr>\n<tr>\n<td><i>Tama\u00f1o del pin<\/i><\/td>\n<td>0,5-2 pulgadas<\/td>\n<\/tr>\n<tr>\n<td><i>Puertos<\/i><\/td>\n<td>G\/SAE\/NPT\/M<\/td>\n<\/tr>\n<\/table>\n<h2>Escenarios de uso<\/h2>\n<ul>\n<li>Equipos de construcci\u00f3n<\/li>\n<li>Maquinaria agr\u00edcola<\/li>\n<li>Talleres de reparaci\u00f3n de maquinaria<\/li>\n<li>Industrias mineras<\/li>\n<li>Fabricaci\u00f3n de maquinaria<\/li>\n<\/ul>\n<p><img decoding=\"async\" src=\"https:\/\/img.jiansujichilun.com\/img\/hydrauliccylinders\/T_hydrauliccylinders-5.webp\" alt=\"Escenario de uso del cilindro hidr\u00e1ulico\" \/><\/p>\n<h2>Ventajas<\/h2>\n<ul>\n<li>Dise\u00f1o energ\u00e9ticamente eficiente<\/li>\n<li>Rendimiento altamente efectivo<\/li>\n<li>Operaci\u00f3n segura y confiable<\/li>\n<li>Durable y de larga duraci\u00f3n<\/li>\n<\/ul>\n<h2>Historial y clasificaci\u00f3n del producto<\/h2>\n<p>El cilindro hidr\u00e1ulico de elevaci\u00f3n tiene una larga historia y se ha utilizado ampliamente en diversas industrias durante muchos a\u00f1os. Pertenece a la categor\u00eda de cilindros hidr\u00e1ulicos de doble efecto, lo que significa que puede generar fuerza en ambas direcciones de su carrera.<\/p>\n<h2>Materiales utilizables del producto<\/h2>\n<p>Nuestro cilindro de elevaci\u00f3n hidr\u00e1ulica est\u00e1 fabricado con acero de alta calidad, lo que garantiza resistencia y durabilidad. El \u00e9mbolo y el v\u00e1stago est\u00e1n mecanizados con precisi\u00f3n para un funcionamiento suave y un rendimiento \u00f3ptimo.<\/p>\n<h2>Instalaci\u00f3n, mantenimiento y reparaci\u00f3n<\/h2>\n<p>Installing the hydraulic hoist cylinder is relatively straightforward. It should be securely mounted to the equipment using appropriate brackets and fittings. Regular maintenance involves checking for leaks, inspecting seals and gaskets, and lubricating moving parts as necessary. In case of repair, it is recommended to consult the manufacturer&#8217;s guidelines or seek professional assistance.<\/p>\n<h2>Reemplazo de producto<\/h2>\n<p>Al reemplazar el cilindro hidr\u00e1ulico del polipasto, es fundamental elegir una pieza de repuesto compatible. Nuestros cilindros de repuesto est\u00e1n dise\u00f1ados para integrarse perfectamente con las piezas originales, garantizando una integraci\u00f3n perfecta y un rendimiento \u00f3ptimo. Sin embargo, si necesita comprar piezas originales, contacte con el proveedor original para obtener ayuda.<\/p>\n<p><img decoding=\"async\" src=\"https:\/\/www.ever-power.net\/wp-content\/uploads\/2023\/11\/telescopic-hydraulic-cylinder-11.webp\" alt=\"Cilindro hidr\u00e1ulico telesc\u00f3pico\" \/><\/p>\n<h2>Acerca de nuestra empresa<\/h2>\n<p>Nos especializamos en el suministro de una amplia gama de componentes industriales, incluyendo cilindros hidr\u00e1ulicos y unidades de potencia, as\u00ed como diversos engranajes de pl\u00e1stico. Nuestros productos son reconocidos por su alta calidad, precios competitivos y excelente servicio al cliente. Contamos con una s\u00f3lida cartera de clientes en todo el mundo y podemos realizar pedidos personalizados basados en planos o muestras. Tambi\u00e9n ofrecemos precios preferenciales y un servicio atento, y invitamos a nuestros clientes a personalizar sus pedidos.<\/p>\n<p><img decoding=\"async\" src=\"https:\/\/images.hzpt.com\/2024\/04\/unit-type-flexo-press-factory.webp\" alt=\"Componentes industriales\" \/><\/p>\n<h2>Preguntas frecuentes<\/h2>\n<p><b>P: \u00bfEs usted una empresa comercial o un fabricante?<\/b><br \/>A: Somos una f\u00e1brica.<\/p>\n<p><b>P: \u00bfCu\u00e1nto tiempo dura el env\u00edo?<\/b><br \/>R: Generalmente son entre 25 y 35 d\u00edas.<\/p>\n<p><b>P: \u00bfProporcionan muestras?<\/b><br \/>R: S\u00ed, podr\u00edamos ofrecer la muestra, pero no es gratis.<\/p>\n<p><b>P: \u00bfQu\u00e9 industrias pueden utilizar cilindros hidr\u00e1ulicos?<\/b><br \/>R: Los cilindros hidr\u00e1ulicos son componentes esenciales en una amplia gama de industrias, incluida la construcci\u00f3n, la agricultura, la miner\u00eda y la fabricaci\u00f3n.<\/p>\n<p><b>P: \u00bfSe puede personalizar su cilindro de elevaci\u00f3n hidr\u00e1ulica?<\/b><br \/>R: S\u00ed, ofrecemos servicios de personalizaci\u00f3n basados en dibujos o muestras proporcionadas por los clientes.<\/p>","protected":false},"excerpt":{"rendered":"<p>All the content on this page comes from the Internet and is only used as a reference for product selection. Our products are replacement parts rather than original spare parts; we are not the holder of the original trademark of the content. Our replacement parts can perfectly fit the original spare parts; if you need [&hellip;]<\/p>","protected":false},"featured_media":4506,"template":"","meta":{"_et_pb_use_builder":"","_et_pb_old_content":"","_et_gb_content_width":""},"product_brand":[],"product_cat":[11327],"product_tag":[],"class_list":{"0":"post-4519","1":"product","2":"type-product","3":"status-publish","4":"has-post-thumbnail","6":"product_cat-telescopic-hydraulic-cylinder","8":"first","9":"instock","10":"shipping-taxable","11":"product-type-simple"},"_links":{"self":[{"href":"https:\/\/agricultural-gear-boxes.com\/es\/wp-json\/wp\/v2\/product\/4519","targetHints":{"allow":["GET"]}}],"collection":[{"href":"https:\/\/agricultural-gear-boxes.com\/es\/wp-json\/wp\/v2\/product"}],"about":[{"href":"https:\/\/agricultural-gear-boxes.com\/es\/wp-json\/wp\/v2\/types\/product"}],"wp:featuredmedia":[{"embeddable":true,"href":"https:\/\/agricultural-gear-boxes.com\/es\/wp-json\/wp\/v2\/media\/4506"}],"wp:attachment":[{"href":"https:\/\/agricultural-gear-boxes.com\/es\/wp-json\/wp\/v2\/media?parent=4519"}],"wp:term":[{"taxonomy":"product_brand","embeddable":true,"href":"https:\/\/agricultural-gear-boxes.com\/es\/wp-json\/wp\/v2\/product_brand?post=4519"},{"taxonomy":"product_cat","embeddable":true,"href":"https:\/\/agricultural-gear-boxes.com\/es\/wp-json\/wp\/v2\/product_cat?post=4519"},{"taxonomy":"product_tag","embeddable":true,"href":"https:\/\/agricultural-gear-boxes.com\/es\/wp-json\/wp\/v2\/product_tag?post=4519"}],"curies":[{"name":"wp","href":"https:\/\/api.w.org\/{rel}","templated":true}]}}