{"id":4524,"date":"2024-09-11T07:35:36","date_gmt":"2024-09-11T07:35:36","guid":{"rendered":"https:\/\/agricultural-gear-boxes.com\/product\/professional-small-dump-truck-hydraulic-hoist-cylinder-multistage-hydraulic-cylinder\/"},"modified":"2024-09-11T07:35:36","modified_gmt":"2024-09-11T07:35:36","slug":"professional-small-dump-truck-hydraulic-hoist-cylinder-multistage-hydraulic-cylinder","status":"publish","type":"product","link":"https:\/\/agricultural-gear-boxes.com\/es\/product\/professional-small-dump-truck-hydraulic-hoist-cylinder-multistage-hydraulic-cylinder\/","title":{"rendered":"Cilindro hidr\u00e1ulico de elevaci\u00f3n para cami\u00f3n volquete peque\u00f1o profesional Cilindro hidr\u00e1ulico multietapa"},"content":{"rendered":"<h2>Cilindro hidr\u00e1ulico de elevaci\u00f3n para cami\u00f3n volquete peque\u00f1o profesional Cilindro hidr\u00e1ulico multietapa<\/h2>\n<p>Todo el contenido de esta p\u00e1gina proviene de Internet y se utiliza \u00fanicamente como referencia para la selecci\u00f3n de productos. Nuestros productos son piezas de repuesto y no repuestos originales, y no somos los propietarios de la marca registrada original del contenido. Nuestras piezas de repuesto pueden adaptarse perfectamente a las piezas de repuesto originales. Si necesita comprar repuestos originales, comun\u00edquese con la f\u00e1brica o el proveedor original.<\/p>\n<h2>Acerca del cilindro hidr\u00e1ulico de elevaci\u00f3n para camiones volquete peque\u00f1os profesionales Cilindro hidr\u00e1ulico multietapa<\/h2>\n<p>El cilindro hidr\u00e1ulico multietapa para gr\u00faas de volquete peque\u00f1as profesionales es una incorporaci\u00f3n nueva y din\u00e1mica a nuestra l\u00ednea de productos. Est\u00e1 dise\u00f1ado para usarse en volquetes peque\u00f1os y ofrece alta eficiencia y seguridad en las operaciones. El cilindro hidr\u00e1ulico multietapa ofrece m\u00e1s potencia y flexibilidad en diversas aplicaciones.<\/p>\n<p><img decoding=\"async\" src=\"https:\/\/img.jiansujichilun.com\/img\/hydrauliccylinders\/T_hydrauliccylinders-5.webp\" alt=\"Escenario de uso del producto\" \/><\/p>\n<h3>Especificaciones y caracter\u00edsticas del producto<\/h3>\n<ul>\n<li>Tama\u00f1o del orificio: 2-6 pulgadas<\/li>\n<li>Tama\u00f1o de la varilla: 1,125-4 pulgadas<\/li>\n<li>Tama\u00f1o del trazo: 4-100 pulgadas<\/li>\n<li>Tama\u00f1o del pin: 0,5-2 pulgadas<\/li>\n<li>Puertos: G\/SAE\/NPT\/M<\/li>\n<\/ul>\n<h3>Ventajas del cilindro hidr\u00e1ulico de elevaci\u00f3n para volquetes peque\u00f1os profesionales Cilindro hidr\u00e1ulico multietapa<\/h3>\n<ul>\n<li>Eficiencia energ\u00e9tica: dise\u00f1ado para un uso eficiente de la energ\u00eda, reduciendo los costos de operaci\u00f3n.<\/li>\n<li>Alta Eficiencia: Proporciona alta eficiencia en las operaciones, mejorando la productividad.<\/li>\n<li>Caracter\u00edsticas de seguridad: Dise\u00f1ado con caracter\u00edsticas de seguridad para proteger a los operadores y la maquinaria.<\/li>\n<\/ul>\n<h3>Instalaci\u00f3n, mantenimiento y reparaci\u00f3n de productos<\/h3>\n<p>El cilindro hidr\u00e1ulico multietapa para volquetes peque\u00f1os profesionales es f\u00e1cil de instalar, mantener y reparar. Siga el manual del usuario para obtener instrucciones de instalaci\u00f3n adecuadas. Se recomienda realizar un mantenimiento regular para garantizar un rendimiento \u00f3ptimo. En caso de problemas, consulte el manual del usuario para solucionarlos o comun\u00edquese con nuestro servicio de atenci\u00f3n al cliente para obtener ayuda.<\/p>\n<h3>Materiales utilizables del producto<\/h3>\n<p>El cilindro hidr\u00e1ulico de elevaci\u00f3n para camiones volquete peque\u00f1os profesionales est\u00e1 fabricado con materiales de alta calidad, lo que garantiza durabilidad y confiabilidad. Est\u00e1 dise\u00f1ado para soportar tareas exigentes y condiciones de trabajo duras.<\/p>\n<h3>Escenarios de uso<\/h3>\n<p>The Professional Small Dump Truck Hydraulic Hoist Cylinder Multistage hydraulic cylinder is perfect for various industries, including small dump trucks, machinery repair shops, farms, energy &#038; mining industries, and machinery manufacturing factories. Its robust build and high performance make it suitable for handling the most demanding tasks in these industries.<\/p>\n<p><img decoding=\"async\" src=\"https:\/\/img.jiansujichilun.com\/img\/hydrauliccylinders\/T_hydrauliccylinders-5.webp\" alt=\"Escenario de uso del producto\" \/><\/p>\n<h3>Preguntas y respuestas frecuentes<\/h3>\n<ol>\n<li><strong>P: \u00bfEste cilindro hidr\u00e1ulico es adecuado para camiones volquete peque\u00f1os?<\/strong><br \/>R: S\u00ed, el cilindro hidr\u00e1ulico multietapa para volquetes peque\u00f1os profesional est\u00e1 dise\u00f1ado espec\u00edficamente para volquetes peque\u00f1os.<\/li>\n<li><strong>P: \u00bfSe puede personalizar este cilindro hidr\u00e1ulico?<\/strong><br \/>R: S\u00ed, aceptamos personalizaciones basadas en dibujos o muestras.<\/li>\n<li><strong>P: \u00bfCu\u00e1les son los materiales del producto utilizables?<\/strong><br \/>R: El cilindro hidr\u00e1ulico est\u00e1 fabricado con materiales de alta calidad para garantizar su durabilidad y confiabilidad.<\/li>\n<li><strong>P: \u00bfC\u00f3mo instalo el cilindro hidr\u00e1ulico?<\/strong><br \/>R: Consulte el manual del usuario para obtener instrucciones de instalaci\u00f3n adecuadas.<\/li>\n<li><strong>P: \u00bfC\u00f3mo mantengo y reparo el cilindro hidr\u00e1ulico?<\/strong><br \/>R: Se recomienda realizar un mantenimiento peri\u00f3dico. En caso de problemas, consulte el manual del usuario para solucionarlos o comun\u00edquese con nuestro servicio de atenci\u00f3n al cliente para obtener ayuda.<\/li>\n<\/ol>\n<h2>Otros negocios de productos<\/h2>\n<p>Adem\u00e1s del cilindro hidr\u00e1ulico multietapa para gr\u00faas de volquete peque\u00f1as profesionales, nuestra empresa tambi\u00e9n se especializa en el suministro de diversos engranajes de pl\u00e1stico para uso industrial. Nuestra gama de productos incluye cajas de engranajes agr\u00edcolas, ejes de salida de potencia, ruedas dentadas, acoplamientos hidr\u00e1ulicos, reductores de engranajes helicoidales, cremalleras, cadenas extra\u00edbles, poleas y poleas, cajas de engranajes planetarios, poleas de distribuci\u00f3n, bujes y m\u00e1s. Ofrecemos productos de alta calidad, precios competitivos y servicios bien pensados. Los clientes pueden personalizarlos con dibujos y muestras.<\/p>\n<p><img decoding=\"async\" src=\"https:\/\/images.hzpt.com\/2024\/04\/unit-type-flexo-press-factory.webp\" alt=\"Otros negocios de productos\" \/><\/p>","protected":false},"excerpt":{"rendered":"<p>Professional Small Dump Truck Hydraulic Hoist Cylinder Multistage Hydraulic Cylinder All the content on this page comes from the Internet and is only used as a reference for product selection. Our products are replacement parts rather than original spare parts, and we are not the holder of the original trademark of the content. Our replacement [&hellip;]<\/p>","protected":false},"featured_media":4522,"template":"","meta":{"_et_pb_use_builder":"","_et_pb_old_content":"","_et_gb_content_width":""},"product_brand":[],"product_cat":[11327],"product_tag":[],"class_list":{"0":"post-4524","1":"product","2":"type-product","3":"status-publish","4":"has-post-thumbnail","6":"product_cat-telescopic-hydraulic-cylinder","8":"first","9":"instock","10":"shipping-taxable","11":"product-type-simple"},"_links":{"self":[{"href":"https:\/\/agricultural-gear-boxes.com\/es\/wp-json\/wp\/v2\/product\/4524","targetHints":{"allow":["GET"]}}],"collection":[{"href":"https:\/\/agricultural-gear-boxes.com\/es\/wp-json\/wp\/v2\/product"}],"about":[{"href":"https:\/\/agricultural-gear-boxes.com\/es\/wp-json\/wp\/v2\/types\/product"}],"wp:featuredmedia":[{"embeddable":true,"href":"https:\/\/agricultural-gear-boxes.com\/es\/wp-json\/wp\/v2\/media\/4522"}],"wp:attachment":[{"href":"https:\/\/agricultural-gear-boxes.com\/es\/wp-json\/wp\/v2\/media?parent=4524"}],"wp:term":[{"taxonomy":"product_brand","embeddable":true,"href":"https:\/\/agricultural-gear-boxes.com\/es\/wp-json\/wp\/v2\/product_brand?post=4524"},{"taxonomy":"product_cat","embeddable":true,"href":"https:\/\/agricultural-gear-boxes.com\/es\/wp-json\/wp\/v2\/product_cat?post=4524"},{"taxonomy":"product_tag","embeddable":true,"href":"https:\/\/agricultural-gear-boxes.com\/es\/wp-json\/wp\/v2\/product_tag?post=4524"}],"curies":[{"name":"wp","href":"https:\/\/api.w.org\/{rel}","templated":true}]}}