{"id":4525,"date":"2024-09-11T07:35:36","date_gmt":"2024-09-11T07:35:36","guid":{"rendered":"https:\/\/agricultural-gear-boxes.com\/product\/cost-effective-dump-truck-hydraulic-cylinder-double-acting-hydraulic-telescopic-cylinder\/"},"modified":"2024-09-11T07:35:36","modified_gmt":"2024-09-11T07:35:36","slug":"cost-effective-dump-truck-hydraulic-cylinder-double-acting-hydraulic-telescopic-cylinder","status":"publish","type":"product","link":"https:\/\/agricultural-gear-boxes.com\/es\/product\/cost-effective-dump-truck-hydraulic-cylinder-double-acting-hydraulic-telescopic-cylinder\/","title":{"rendered":"Cilindro hidr\u00e1ulico telesc\u00f3pico de doble efecto para cami\u00f3n volquete rentable"},"content":{"rendered":"<p>Todo el contenido de esta p\u00e1gina proviene de Internet y solo se utiliza como referencia para la selecci\u00f3n de productos. Nuestros productos son piezas de repuesto y no repuestos originales. No somos los propietarios de la marca registrada original del contenido. Nuestros productos solo son adecuados para repuestos posventa, no repuestos originales. Nuestras piezas de repuesto pueden adaptarse perfectamente a los repuestos originales. Si necesita comprar repuestos originales, comun\u00edquese con la f\u00e1brica original para comprar. Si necesita comprar repuestos originales, comun\u00edquese con el proveedor original para comprar.<\/p>\n<h2>Descripci\u00f3n general del producto: Cilindro hidr\u00e1ulico para cami\u00f3n volquete rentable Cilindro telesc\u00f3pico hidr\u00e1ulico de doble efecto<\/h2>\n<p><img decoding=\"async\" src=\"https:\/\/img.jiansujichilun.com\/img\/hydrauliccylinders\/T_hydrauliccylinders-5.webp\" alt=\"Cilindro hidr\u00e1ulico telesc\u00f3pico\" \/><\/p>\n<p>Introducing our highly efficient and cost-effective Dump Truck hydraulic cylinder that serves as a perfect solution for various industries such as Machinery Repair Shops, Farms, Energy &#038; Mining, Machinery Manufacturing, and Machinery Factories. This double-acting hydraulic telescopic cylinder is designed to ensure maximum productivity and durability.<\/p>\n<p>Nuestro cilindro hidr\u00e1ulico es ampliamente utilizado en camiones volquete, equipos de construcci\u00f3n, maquinaria agr\u00edcola y maquinaria industrial.<\/p>\n<p><img decoding=\"async\" src=\"https:\/\/www.ever-power.net\/wp-content\/uploads\/2023\/11\/telescopic-hydraulic-cylinder-11.webp\" alt=\"Cilindro hidr\u00e1ulico telesc\u00f3pico\" \/><\/p>\n<h2>Historial del producto<\/h2>\n<p>El desarrollo de los cilindros hidr\u00e1ulicos se remonta a finales del siglo XVIII, cuando se utilizaron por primera vez en maquinaria industrial. Con el paso de los a\u00f1os, los avances en materiales y tecnolog\u00eda han llevado a la creaci\u00f3n de cilindros hidr\u00e1ulicos altamente eficientes y duraderos como los nuestros.<\/p>\n<h2>Clasificaci\u00f3n de productos<\/h2>\n<p>Los cilindros hidr\u00e1ulicos se pueden clasificar en varios tipos seg\u00fan su dise\u00f1o y aplicaci\u00f3n. Nuestro cilindro hidr\u00e1ulico para camiones volquete se incluye en la categor\u00eda de cilindros telesc\u00f3picos hidr\u00e1ulicos de doble efecto.<\/p>\n<h2>Ventajas de nuestro cilindro hidr\u00e1ulico<\/h2>\n<ul>\n<li>Altamente eficiente y rentable<\/li>\n<li>Funcionalidad de doble efecto<\/li>\n<li>Alta capacidad m\u00e1xima de empuje y tracci\u00f3n.<\/li>\n<li>Material del cuerpo de acero duradero.<\/li>\n<li>Dise\u00f1o y estructura est\u00e1ndar<\/li>\n<\/ul>\n<h2>Materiales utilizables del producto<\/h2>\n<p>Nuestro cilindro hidr\u00e1ulico est\u00e1 fabricado con materiales de acero de alta calidad que garantizan solidez, durabilidad y resistencia al desgaste. El uso de materiales de primera calidad garantiza la longevidad del cilindro, incluso en condiciones de trabajo exigentes.<\/p>\n<h2>Instalaci\u00f3n, mantenimiento y reparaci\u00f3n<\/h2>\n<p>La instalaci\u00f3n de nuestro cilindro hidr\u00e1ulico es un proceso sencillo. Simplemente siga las instrucciones proporcionadas y aseg\u00farese de que la alineaci\u00f3n sea correcta y la fijaci\u00f3n sea segura. El mantenimiento regular, que incluye lubricaci\u00f3n e inspecci\u00f3n, ayudar\u00e1 a prolongar la vida \u00fatil del cilindro. En caso de que surja alg\u00fan problema, nuestro cilindro hidr\u00e1ulico est\u00e1 dise\u00f1ado para una f\u00e1cil reparaci\u00f3n y hay piezas de repuesto disponibles.<\/p>\n<h2>Reemplazo de producto<\/h2>\n<p>Si es necesario reemplazar el cilindro hidr\u00e1ulico, siga estos pasos:<\/p>\n<ol>\n<li>Aseg\u00farese de que la maquinaria est\u00e9 apagada de forma segura y desconectada de cualquier fuente de energ\u00eda.<\/li>\n<li>Identifique y retire todos los sujetadores que fijan el cilindro en su lugar.<\/li>\n<li>Desconecte con cuidado cualquier manguera o conexi\u00f3n hidr\u00e1ulica.<\/li>\n<li>Retire el cilindro hidr\u00e1ulico viejo de su soporte.<\/li>\n<li>Coloque el nuevo cilindro hidr\u00e1ulico en la posici\u00f3n correcta y f\u00edjelo con los sujetadores adecuados.<\/li>\n<li>Vuelva a conectar las mangueras o conexiones hidr\u00e1ulicas.<\/li>\n<li>Inspeccione si hay fugas y pruebe la funcionalidad del sistema hidr\u00e1ulico.<\/li>\n<\/ol>\n<p>Always refer to the manufacturer&#8217;s guidelines for specific instructions and safety precautions.<\/p>\n<p><img decoding=\"async\" src=\"https:\/\/images.hzpt.com\/2024\/04\/unit-type-flexo-press-factory.webp\" alt=\"Otros negocios de productos de la empresa\" \/><\/p>\n<h2>Acerca de nuestra empresa<\/h2>\n<p>Somos un proveedor l\u00edder de diversos engranajes de pl\u00e1stico para uso industrial. Nuestros productos incluyen cajas de engranajes agr\u00edcolas, ejes de salida de potencia, ruedas dentadas, acoplamientos hidr\u00e1ulicos, reductores de engranajes helicoidales, cremalleras, cadenas desmontables, poleas y poleas, cajas de engranajes planetarios, poleas de distribuci\u00f3n, bujes y m\u00e1s. Ofrecemos productos de alta calidad, precios competitivos y servicios bien pensados. Se aceptan personalizaciones con dibujos y muestras.<\/p>\n<h2>Preguntas frecuentes<\/h2>\n<p><b>P: \u00bfSus piezas de repuesto son compatibles con las piezas de repuesto originales?<\/b><\/p>\n<p>R: S\u00ed, nuestras piezas de repuesto pueden adaptarse perfectamente a los repuestos originales, garantizando una funcionalidad y rendimiento adecuados.<\/p>\n<p><b>P: \u00bfPuedo utilizar su cilindro hidr\u00e1ulico en mi maquinaria de construcci\u00f3n?<\/b><\/p>\n<p>R: \u00a1Por supuesto! Nuestro cilindro hidr\u00e1ulico est\u00e1 dise\u00f1ado para usarse en diversas industrias, incluida la maquinaria de construcci\u00f3n.<\/p>\n<p><b>P: \u00bfC\u00f3mo puedo asegurar la longevidad del cilindro hidr\u00e1ulico?<\/b><\/p>\n<p>R: El mantenimiento regular es fundamental. Aseg\u00farese de lubricar, inspeccionar y reparar oportunamente cualquier problema para maximizar la vida \u00fatil del cilindro hidr\u00e1ulico.<\/p>\n<p><b>P: \u00bfOfrecen servicios de personalizaci\u00f3n?<\/b><\/p>\n<p>R: S\u00ed, aceptamos solicitudes de personalizaci\u00f3n con dibujos y muestras. Nuestro equipo trabajar\u00e1 en estrecha colaboraci\u00f3n con usted para satisfacer sus requisitos espec\u00edficos.<\/p>\n<p><b>P: \u00bfQu\u00e9 diferencia a su empresa de otras del sector?<\/b><\/p>\n<p>A: Nos destacamos por nuestro compromiso de ofrecer productos de alta calidad, precios competitivos y un excelente servicio al cliente. Nuestra amplia gama de engranajes de pl\u00e1stico y componentes industriales satisface diversas necesidades.<\/p>","protected":false},"excerpt":{"rendered":"<p>All the content on this page comes from the Internet and is only used as a reference for product selection. Our products are replacement parts rather than original spare parts. We are not the holder of the original trademark of the content. Our products are only suitable for after-sales replacement parts, not original spare parts. [&hellip;]<\/p>","protected":false},"featured_media":4506,"template":"","meta":{"_et_pb_use_builder":"","_et_pb_old_content":"","_et_gb_content_width":""},"product_brand":[],"product_cat":[11327],"product_tag":[],"class_list":{"0":"post-4525","1":"product","2":"type-product","3":"status-publish","4":"has-post-thumbnail","6":"product_cat-telescopic-hydraulic-cylinder","8":"first","9":"instock","10":"shipping-taxable","11":"product-type-simple"},"_links":{"self":[{"href":"https:\/\/agricultural-gear-boxes.com\/es\/wp-json\/wp\/v2\/product\/4525","targetHints":{"allow":["GET"]}}],"collection":[{"href":"https:\/\/agricultural-gear-boxes.com\/es\/wp-json\/wp\/v2\/product"}],"about":[{"href":"https:\/\/agricultural-gear-boxes.com\/es\/wp-json\/wp\/v2\/types\/product"}],"wp:featuredmedia":[{"embeddable":true,"href":"https:\/\/agricultural-gear-boxes.com\/es\/wp-json\/wp\/v2\/media\/4506"}],"wp:attachment":[{"href":"https:\/\/agricultural-gear-boxes.com\/es\/wp-json\/wp\/v2\/media?parent=4525"}],"wp:term":[{"taxonomy":"product_brand","embeddable":true,"href":"https:\/\/agricultural-gear-boxes.com\/es\/wp-json\/wp\/v2\/product_brand?post=4525"},{"taxonomy":"product_cat","embeddable":true,"href":"https:\/\/agricultural-gear-boxes.com\/es\/wp-json\/wp\/v2\/product_cat?post=4525"},{"taxonomy":"product_tag","embeddable":true,"href":"https:\/\/agricultural-gear-boxes.com\/es\/wp-json\/wp\/v2\/product_tag?post=4525"}],"curies":[{"name":"wp","href":"https:\/\/api.w.org\/{rel}","templated":true}]}}