{"id":4532,"date":"2024-09-11T07:35:40","date_gmt":"2024-09-11T07:35:40","guid":{"rendered":"https:\/\/agricultural-gear-boxes.com\/product\/double-acting-telescopic-hydraulic-cylinder-for-sale\/"},"modified":"2024-09-11T07:35:40","modified_gmt":"2024-09-11T07:35:40","slug":"double-acting-telescopic-hydraulic-cylinder-for-sale","status":"publish","type":"product","link":"https:\/\/agricultural-gear-boxes.com\/es\/product\/double-acting-telescopic-hydraulic-cylinder-for-sale\/","title":{"rendered":"Cilindro hidr\u00e1ulico telesc\u00f3pico de doble efecto a la venta"},"content":{"rendered":"<p>Todo el contenido de esta p\u00e1gina proviene de Internet y se utiliza \u00fanicamente como referencia para la selecci\u00f3n de productos. Nuestros productos son piezas de repuesto y no repuestos originales; no somos los propietarios de la marca registrada original del contenido. Nuestros productos solo son adecuados para repuestos posventa en lugar de repuestos originales. Nuestras piezas de repuesto pueden adaptarse perfectamente a las piezas de repuesto originales; si necesita comprar repuestos originales, comun\u00edquese con la f\u00e1brica original para comprar. Si necesita comprar repuestos originales, comun\u00edquese con el proveedor original para comprar.<\/p>\n<h2>Cilindro hidr\u00e1ulico telesc\u00f3pico de doble efecto para uso industrial<\/h2>\n<p>El cilindro hidr\u00e1ulico telesc\u00f3pico de doble efecto es un componente del sistema hidr\u00e1ulico que convierte la energ\u00eda hidr\u00e1ulica en fuerza mec\u00e1nica. Se utiliza com\u00fanmente en maquinaria y equipos de carga pesada en industrias como la construcci\u00f3n, la miner\u00eda, la agricultura y la silvicultura. El cilindro est\u00e1 hecho de acero de alta calidad, lo que garantiza una durabilidad y confiabilidad duraderas. Es un cilindro de \u00e9mbolo est\u00e1ndar con un tipo de cilindro hidr\u00e1ulico multietapa, que cuenta con un empuje m\u00e1ximo de 3000 y una capacidad m\u00e1xima de tracci\u00f3n de 20 toneladas. El tama\u00f1o del orificio var\u00eda de 2 a 6 pulgadas, mientras que el tama\u00f1o de la varilla var\u00eda de 1,125 a 4 pulgadas. El tama\u00f1o de la carrera es de 4 a 100 pulgadas y el tama\u00f1o del pasador es de 0,5 a 2 pulgadas. Los puertos del cilindro est\u00e1n disponibles en tipos G\/SAE\/NPT\/M.<\/p>\n<p><img decoding=\"async\" src=\"https:\/\/img.jiansujichilun.com\/img\/hydrauliccylinders\/T_hydrauliccylinders-5.webp\" alt=\"Cilindro hidr\u00e1ulico telesc\u00f3pico de doble efecto\" \/><\/p>\n<h3>Historial del producto<\/h3>\n<p>El primer cilindro hidr\u00e1ulico fue inventado en 1795 por Joseph Bramah, un inventor brit\u00e1nico. Ide\u00f3 una forma de utilizar la presi\u00f3n del agua para generar energ\u00eda con su invento, la prensa hidr\u00e1ulica. Hoy en d\u00eda, los cilindros hidr\u00e1ulicos desempe\u00f1an un papel esencial en diversas industrias, proporcionando energ\u00eda confiable y soporte de control para una amplia gama de equipos industriales.<\/p>\n<h3>Clasificaci\u00f3n de productos<\/h3>\n<ul>\n<li>Cilindro de doble efecto: El pist\u00f3n puede moverse en dos direcciones, empujando y tirando.<\/li>\n<li>Cilindro de simple efecto: El pist\u00f3n solo se puede mover en una direcci\u00f3n, empujando o tirando.<\/li>\n<li>Cilindro telesc\u00f3pico: Un cilindro hidr\u00e1ulico multietapa con estructura telesc\u00f3pica.<\/li>\n<\/ul>\n<h3>Ventajas del producto<\/h3>\n<ul>\n<li>Alta capacidad de carga<\/li>\n<li>Durable y de larga duraci\u00f3n<\/li>\n<li>Eficiencia energ\u00e9tica<\/li>\n<li>Certificaci\u00f3n ISO9001:2000 de seguridad y confiabilidad<\/li>\n<\/ul>\n<h3>Materiales utilizables del producto<\/h3>\n<p>El cuerpo del cilindro est\u00e1 fabricado en acero de alta calidad, mientras que el v\u00e1stago del pist\u00f3n est\u00e1 fabricado en acero aleado o acero inoxidable. Las juntas est\u00e1n fabricadas en NBR, FKM u otros materiales, seg\u00fan los requisitos del entorno de trabajo.<\/p>\n<h3>Instalaci\u00f3n, mantenimiento y reparaci\u00f3n<\/h3>\n<ul>\n<li>Instalaci\u00f3n: El cilindro hidr\u00e1ulico debe instalarse de acuerdo con las instrucciones proporcionadas por el fabricante. Es fundamental asegurarse de que el cilindro est\u00e9 correctamente alineado y de que los pernos de montaje est\u00e9n apretados al par recomendado.<\/li>\n<li>Mantenimiento: La inspecci\u00f3n y el mantenimiento peri\u00f3dicos pueden ayudar a prolongar la vida \u00fatil del cilindro. Se recomienda revisar el cilindro peri\u00f3dicamente para detectar fugas, corrosi\u00f3n y desgaste. El cilindro tambi\u00e9n debe lubricarse peri\u00f3dicamente.<\/li>\n<li>Reparaci\u00f3n: Si el cilindro est\u00e1 da\u00f1ado o defectuoso, debe ser reparado o reemplazado por un t\u00e9cnico calificado.<\/li>\n<li>Sustituci\u00f3n: Al sustituir el cilindro es imprescindible asegurarse de que el nuevo cilindro sea compatible con el equipo y que la instalaci\u00f3n se realice correctamente.<\/li>\n<\/ul>\n<h2>Otros negocios de productos de la empresa<\/h2>\n<p>Adem\u00e1s de los cilindros hidr\u00e1ulicos, tambi\u00e9n suministramos varios engranajes de pl\u00e1stico para uso industrial, como cajas de engranajes agr\u00edcolas, ejes de salida de potencia, ruedas dentadas, acoplamientos hidr\u00e1ulicos, reductores de tornillo sin fin, cremalleras, cadenas desmontables, poleas y poleas, cajas de engranajes planetarios, poleas de distribuci\u00f3n, bujes, etc. Ofrecemos productos de alta calidad a precios preferenciales con servicios pensados. Damos la bienvenida a los clientes para personalizar con dibujos y muestras.<\/p>\n<p><img decoding=\"async\" src=\"https:\/\/images.hzpt.com\/2024\/04\/unit-type-flexo-press-factory.webp\" alt=\"Otros negocios de productos\" \/><\/p>\n<h2>Preguntas frecuentes<\/h2>\n<p><b>P: \u00bfQu\u00e9 es un cilindro hidr\u00e1ulico?<\/b><br \/>\nR: Un cilindro hidr\u00e1ulico es un componente del sistema hidr\u00e1ulico que convierte la energ\u00eda hidr\u00e1ulica en fuerza mec\u00e1nica.<\/p>\n<p><b>P: \u00bfQu\u00e9 industrias utilizan com\u00fanmente cilindros hidr\u00e1ulicos?<\/b><br \/>\nR: Los cilindros hidr\u00e1ulicos se utilizan com\u00fanmente en maquinaria y equipos que soportan cargas pesadas en industrias como la construcci\u00f3n, la miner\u00eda, la agricultura y la silvicultura.<\/p>\n<p><b>P: \u00bfCu\u00e1les son las ventajas de los cilindros hidr\u00e1ulicos?<\/b><br \/>\nR: Las ventajas de los cilindros hidr\u00e1ulicos incluyen alta capacidad de carga, durabilidad, eficiencia energ\u00e9tica y certificaci\u00f3n de seguridad y confiabilidad.<\/p>\n<p><b>P: \u00bfC\u00f3mo puedo asegurarme de que el cilindro hidr\u00e1ulico est\u00e9 instalado correctamente?<\/b><br \/>\nA: El cilindro hidr\u00e1ulico debe instalarse de acuerdo con las instrucciones proporcionadas por el fabricante. Es fundamental asegurarse de que el cilindro est\u00e9 correctamente alineado y de que los pernos de montaje est\u00e9n apretados con el par de torsi\u00f3n recomendado.<\/p>\n<p><b>P: \u00bfCon qu\u00e9 frecuencia debo lubricar el cilindro hidr\u00e1ulico?<\/b><br \/>\nA: The hydraulic cylinder should be lubricated regularly as part of its maintenance. The frequency of lubrication depends on the working environment and the manufacturer&#8217;s recommendations.<\/p>","protected":false},"excerpt":{"rendered":"<p>All content on this page is from the internet, and the content is only used as a reference for product selection. Our products are replacement parts rather than original spare parts; we are not the holder of the original trademark of the content. Our products are only suitable for after-sales replacement parts rather than original [&hellip;]<\/p>","protected":false},"featured_media":4506,"template":"","meta":{"_et_pb_use_builder":"","_et_pb_old_content":"","_et_gb_content_width":""},"product_brand":[],"product_cat":[11327],"product_tag":[],"class_list":{"0":"post-4532","1":"product","2":"type-product","3":"status-publish","4":"has-post-thumbnail","6":"product_cat-telescopic-hydraulic-cylinder","8":"first","9":"instock","10":"shipping-taxable","11":"product-type-simple"},"_links":{"self":[{"href":"https:\/\/agricultural-gear-boxes.com\/es\/wp-json\/wp\/v2\/product\/4532","targetHints":{"allow":["GET"]}}],"collection":[{"href":"https:\/\/agricultural-gear-boxes.com\/es\/wp-json\/wp\/v2\/product"}],"about":[{"href":"https:\/\/agricultural-gear-boxes.com\/es\/wp-json\/wp\/v2\/types\/product"}],"wp:featuredmedia":[{"embeddable":true,"href":"https:\/\/agricultural-gear-boxes.com\/es\/wp-json\/wp\/v2\/media\/4506"}],"wp:attachment":[{"href":"https:\/\/agricultural-gear-boxes.com\/es\/wp-json\/wp\/v2\/media?parent=4532"}],"wp:term":[{"taxonomy":"product_brand","embeddable":true,"href":"https:\/\/agricultural-gear-boxes.com\/es\/wp-json\/wp\/v2\/product_brand?post=4532"},{"taxonomy":"product_cat","embeddable":true,"href":"https:\/\/agricultural-gear-boxes.com\/es\/wp-json\/wp\/v2\/product_cat?post=4532"},{"taxonomy":"product_tag","embeddable":true,"href":"https:\/\/agricultural-gear-boxes.com\/es\/wp-json\/wp\/v2\/product_tag?post=4532"}],"curies":[{"name":"wp","href":"https:\/\/api.w.org\/{rel}","templated":true}]}}