{"id":4537,"date":"2024-09-11T07:35:41","date_gmt":"2024-09-11T07:35:41","guid":{"rendered":"https:\/\/agricultural-gear-boxes.com\/product\/small-dump-truck-4-stage-telescopic-hydraulic-cylinder\/"},"modified":"2024-09-11T07:35:41","modified_gmt":"2024-09-11T07:35:41","slug":"small-dump-truck-4-stage-telescopic-hydraulic-cylinder","status":"publish","type":"product","link":"https:\/\/agricultural-gear-boxes.com\/es\/product\/small-dump-truck-4-stage-telescopic-hydraulic-cylinder\/","title":{"rendered":"Cami\u00f3n volquete peque\u00f1o con cilindro hidr\u00e1ulico telesc\u00f3pico de 4 etapas"},"content":{"rendered":"<p>Todo el contenido de esta p\u00e1gina proviene de Internet y el contenido solo se utiliza como referencia para la selecci\u00f3n de productos. Nuestros productos son piezas de repuesto en lugar de repuestos originales; no somos los propietarios de la marca registrada original del contenido. Nuestros productos solo son adecuados para repuestos posventa en lugar de repuestos originales. Nuestras piezas de repuesto pueden adaptarse perfectamente a las piezas de repuesto originales; si necesita comprar repuestos originales, comun\u00edquese con la f\u00e1brica original para comprar. Si necesita comprar repuestos originales, comun\u00edquese con el proveedor original para comprar.<\/p>\n<p><h2>Cilindro hidr\u00e1ulico telesc\u00f3pico de 4 etapas para volquetes peque\u00f1os: una soluci\u00f3n vers\u00e1til y confiable para operaciones de servicio pesado<\/h2><\/p>\n<p>El cilindro hidr\u00e1ulico telesc\u00f3pico de 4 etapas para camiones volquete peque\u00f1os es un cilindro hidr\u00e1ulico potente y eficiente dise\u00f1ado para operaciones de servicio pesado en industrias como talleres de reparaci\u00f3n de maquinaria, agricultura, energ\u00eda y miner\u00eda, fabricaci\u00f3n de maquinaria y f\u00e1bricas. Es un cilindro hidr\u00e1ulico est\u00e1ndar de m\u00faltiples etapas que presenta una estructura de \u00e9mbolo, potencia hidr\u00e1ulica y un cuerpo de acero resistente. Sus caracter\u00edsticas \u00fanicas lo distinguen de otros cilindros hidr\u00e1ulicos disponibles en el mercado, lo que lo convierte en una soluci\u00f3n confiable y vers\u00e1til para una amplia gama de aplicaciones.<\/p>\n<p><h3>Escenarios de uso com\u00fan<\/h3><\/p>\n<p>This hydraulic cylinder is particularly useful in applications that involve moving heavy loads or performing delicate machinery operations. It is also effective for tasks that require energy efficiency and high performance. The hydraulic cylinder&#8217;s maximum thrust of 3000 and maximum pull of 20 tons make it ideal for heavy-duty operations. Its bore size ranges from 2 to 6 inches, the rod size is between 1.125 to 4 inches, and the stroke size can reach between 4 to 100 inches. The pin size varies between 0.5 to 2 inches. The hydraulic cylinder is available in a sleek black color.<\/p>\n<p><img decoding=\"async\" src=\"https:\/\/img.jiansujichilun.com\/img\/hydrauliccylinders\/T_hydrauliccylinders-5.webp\" alt=\"Cami\u00f3n volquete peque\u00f1o con cilindro hidr\u00e1ulico telesc\u00f3pico de 4 etapas\" \/><\/p>\n<p><h3>Ventajas y especificaciones<\/h3><\/p>\n<p>El cilindro hidr\u00e1ulico telesc\u00f3pico de 4 etapas para camiones volquete peque\u00f1os cuenta con numerosas caracter\u00edsticas que lo distinguen del resto del mercado. En primer lugar, ofrece eficiencia energ\u00e9tica y alto rendimiento, lo que garantiza que su trabajo se realice de manera m\u00e1s r\u00e1pida y eficiente. En segundo lugar, la seguridad es de suma importancia y nuestro producto est\u00e1 dise\u00f1ado teniendo esto en cuenta. Nuestro cilindro hidr\u00e1ulico es capaz de alcanzar un empuje m\u00e1ximo de 3000 y una tracci\u00f3n m\u00e1xima de 20 toneladas. El tama\u00f1o del orificio var\u00eda de 2 a 6 pulgadas, el tama\u00f1o de la varilla es de entre 1,125 y 4 pulgadas y el tama\u00f1o de la carrera puede alcanzar entre 4 y 100 pulgadas. El tama\u00f1o del pasador var\u00eda entre 0,5 y 2 pulgadas. El cilindro hidr\u00e1ulico est\u00e1 disponible en un elegante color negro.<\/p>\n<p><h3>Materiales del producto e instalaci\u00f3n<\/h3><\/p>\n<p>El cilindro hidr\u00e1ulico est\u00e1 fabricado con acero de alta calidad y es duradero para un uso a largo plazo. Es f\u00e1cil de instalar y se puede integrar r\u00e1pidamente en la maquinaria existente. El cilindro hidr\u00e1ulico se puede mantener y reparar con facilidad y es compatible con una amplia gama de aplicaciones.<\/p>\n<p><h3>Reemplazo y clasificaci\u00f3n<\/h3><\/p>\n<p>Nuestro cilindro hidr\u00e1ulico telesc\u00f3pico de 4 etapas para camiones volquete peque\u00f1os es una pieza de repuesto dise\u00f1ada para adaptarse perfectamente a las piezas de repuesto originales. Es diferente de las piezas de repuesto originales que vienen con la maquinaria. Nuestro cilindro hidr\u00e1ulico est\u00e1 clasificado como un cilindro hidr\u00e1ulico est\u00e1ndar de m\u00faltiples etapas que presenta una estructura de \u00e9mbolo, potencia hidr\u00e1ulica y un cuerpo de acero resistente.<\/p>\n<p><h3>Otros negocios de productos<\/h3><\/p>\n<p>Aparte de los cilindros hidr\u00e1ulicos, nuestra empresa suministra principalmente diversos engranajes de pl\u00e1stico para uso industrial, como cajas de cambios agr\u00edcolas, ejes de salida de potencia, ruedas dentadas, acoplamientos hidr\u00e1ulicos, reductores de tornillo sin fin, cremalleras, cadenas desmontables, poleas y poleas, cajas de engranajes planetarios, poleas de distribuci\u00f3n, bujes, etc. Ofrecemos productos de alta calidad a precios competitivos y ofrecemos servicios pensados para nuestros clientes. Damos la bienvenida a los clientes para que personalicen con dibujos y muestras, y nuestra mano de obra calificada garantizar\u00e1 la entrega oportuna de sus productos.<\/p>\n<p><img decoding=\"async\" src=\"https:\/\/images.hzpt.com\/2024\/04\/unit-type-flexo-press-factory.webp\" alt=\"Otros negocios de productos\" \/><\/p>\n<p><h2>Preguntas frecuentes<\/h2><\/p>\n<p><strong>P: \u00bfCu\u00e1l es el empuje y la tracci\u00f3n m\u00e1ximos del cilindro hidr\u00e1ulico telesc\u00f3pico de 4 etapas para camiones volquete peque\u00f1os?<\/strong><br \/>R: El cilindro hidr\u00e1ulico tiene una capacidad de empuje m\u00e1xima de 3000 y una tracci\u00f3n m\u00e1xima de 20 toneladas.<\/p>\n<p><strong>P: \u00bfCu\u00e1les son el tama\u00f1o del orificio, el tama\u00f1o del v\u00e1stago y el tama\u00f1o de la carrera del cilindro hidr\u00e1ulico?<\/strong><br \/>R: El tama\u00f1o del orificio var\u00eda de 2 a 6 pulgadas, el tama\u00f1o de la varilla est\u00e1 entre 1,125 y 4 pulgadas y el tama\u00f1o de la carrera puede alcanzar entre 4 y 100 pulgadas.<\/p>\n<p><strong>P: \u00bfCu\u00e1l es el color del cilindro hidr\u00e1ulico telesc\u00f3pico de 4 etapas del cami\u00f3n volquete peque\u00f1o?<\/strong><br \/>R: El cilindro hidr\u00e1ulico est\u00e1 disponible en un elegante color negro.<\/p>\n<p><strong>P: \u00bfPara qu\u00e9 industrias es adecuado el cilindro hidr\u00e1ulico?<\/strong><br \/>R: El cilindro hidr\u00e1ulico es adecuado para industrias como talleres de reparaci\u00f3n de maquinaria, agricultura, energ\u00eda y miner\u00eda, fabricaci\u00f3n de maquinaria y f\u00e1bricas.<\/p>\n<p><strong>P: \u00bfEl cilindro hidr\u00e1ulico es f\u00e1cil de instalar, mantener y reparar?<\/strong><br \/>R: S\u00ed, el cilindro hidr\u00e1ulico es f\u00e1cil de instalar, mantener y reparar, y se puede integrar r\u00e1pidamente en la maquinaria existente.<\/p>","protected":false},"excerpt":{"rendered":"<p>All the content on this page comes from the internet, and the content is only used as a reference for product selection. Our products are replacement parts rather than original spare parts; we are not the holder of the original trademark of the content. Our products are only suitable for after-sales replacement parts rather than [&hellip;]<\/p>","protected":false},"featured_media":4522,"template":"","meta":{"_et_pb_use_builder":"","_et_pb_old_content":"","_et_gb_content_width":""},"product_brand":[],"product_cat":[11327],"product_tag":[],"class_list":{"0":"post-4537","1":"product","2":"type-product","3":"status-publish","4":"has-post-thumbnail","6":"product_cat-telescopic-hydraulic-cylinder","8":"first","9":"instock","10":"shipping-taxable","11":"product-type-simple"},"_links":{"self":[{"href":"https:\/\/agricultural-gear-boxes.com\/es\/wp-json\/wp\/v2\/product\/4537","targetHints":{"allow":["GET"]}}],"collection":[{"href":"https:\/\/agricultural-gear-boxes.com\/es\/wp-json\/wp\/v2\/product"}],"about":[{"href":"https:\/\/agricultural-gear-boxes.com\/es\/wp-json\/wp\/v2\/types\/product"}],"wp:featuredmedia":[{"embeddable":true,"href":"https:\/\/agricultural-gear-boxes.com\/es\/wp-json\/wp\/v2\/media\/4522"}],"wp:attachment":[{"href":"https:\/\/agricultural-gear-boxes.com\/es\/wp-json\/wp\/v2\/media?parent=4537"}],"wp:term":[{"taxonomy":"product_brand","embeddable":true,"href":"https:\/\/agricultural-gear-boxes.com\/es\/wp-json\/wp\/v2\/product_brand?post=4537"},{"taxonomy":"product_cat","embeddable":true,"href":"https:\/\/agricultural-gear-boxes.com\/es\/wp-json\/wp\/v2\/product_cat?post=4537"},{"taxonomy":"product_tag","embeddable":true,"href":"https:\/\/agricultural-gear-boxes.com\/es\/wp-json\/wp\/v2\/product_tag?post=4537"}],"curies":[{"name":"wp","href":"https:\/\/api.w.org\/{rel}","templated":true}]}}